{"id":53571,"date":"2024-01-19T21:12:49","date_gmt":"2024-01-19T19:12:49","guid":{"rendered":"https:\/\/metaltale.com\/?post_type=product&#038;p=53571"},"modified":"2026-03-18T02:05:32","modified_gmt":"2026-03-18T00:05:32","slug":"stumdomu-duru-sistema-karo-black","status":"publish","type":"product","link":"https:\/\/metaltale.com\/lv\/produktas\/stumdomu-duru-sistema-karo-black\/","title":{"rendered":"Stumdom\u0173 dur\u0173 sistema KARO BLACK"},"content":{"rendered":"<p><strong>Med\u017eiaga<\/strong>\u00a0Metalas<br \/>\n<strong>Bendras ilgis [cm]<\/strong>\u00a0200<br \/>\n<strong>Montavimas<\/strong>\u00a0Prie sienos<br \/>\n<strong>Spalva<\/strong>\u00a0Juoda<\/p>\n<p><strong>Rinkin\u012f sudaro:<\/strong><\/p>\n<ul>\n<li>metalin\u0117 b\u0117gelio \u0161ina 200 cm (2 x 100 cm)<\/li>\n<li>dekoratyviniai guoliniai ratukai (2 vnt.)<\/li>\n<li>tarpin\u0117s \u012fvor\u0117s (5 vnt.)<\/li>\n<li>horizontal\u016bs (2 vnt.) ir vertikal\u016bs (2 vnt.) ribotuvai<\/li>\n<li>grind\u0173 vediklis (1 vnt.)<\/li>\n<li>pilnas tvirtinimo komplektas: var\u017etai, medsraig\u010diai ir pover\u017el\u0117s<\/li>\n<\/ul>\n<p><strong>Produkto savyb\u0117s:<\/strong><\/p>\n<p>pasi\u016blyme pateikiama stumdom\u0173 dur\u0173 sistema vienoms durims, montuojama ant sienos<\/p>\n<p>modelis skirtas stumdomoms medin\u0117ms durims, durims i\u0161 plok\u0161t\u0117s ar su plieno r\u0117mu, kuri\u0173 svoris nevir\u0161ija 110 kg, o storis \u2013 30\u201345 mm<\/p>\n<p>atlikti dinamin\u0117s apkrovos testai (110 kg) patvirtino auk\u0161\u010diausi\u0105 kokyb\u0119 ir saugum\u0105<\/p>\n<p>guoliuotas ratukas u\u017etikrina lengv\u0105 ir tyl\u0173 slydim\u0105<\/p>\n<p>horizontal\u016bs ribotuvai b\u0117gelio galuose, apatinis vediklis ir vertikal\u016bs ribotuvai po b\u0117geliu stabilizuoja duris bei apsaugo nuo i\u0161kritimo i\u0161 b\u0117gio<\/p>\n<p>rinkinys turi grind\u0173 vedikl\u012f su apkabomis, montuojam\u0105 prie grind\u0173, tinkant\u012f tiek su frezuotomis, tiek su nefrez. durimis<\/p>\n<p>penki montavimo ta\u0161kai garantuoja stabilum\u0105, saugum\u0105 ir sistemos ilgaam\u017ei\u0161kum\u0105<\/p>\n<p>komplekte esan\u010diais var\u017etais galima montuoti tiek prie medini\u0173 konstrukcij\u0173, tiek prie m\u016bro sien\u0173<\/p>\n<p>sistemai b\u016bdingas ypa\u010d paprastas ir intuityvus montavimas<\/p>\n<p>kruop\u0161ti siuntos patikra ir auk\u0161\u010diausios kokyb\u0117s pakavimas garantuoja pasitenkinim\u0105<\/p>\n<p><strong>Papildoma informacija:<\/strong><br \/>\nSi\u016blomos b\u0117gelio sistemos juodos spalvos, tod\u0117l pasi\u017eymi universaliu dizainu, tinkan\u010diu bet kokio tipo interjerui. Stumdom\u0173 dur\u0173 sistemos \u2013 tai modernus sprendimas, kuris kartu su tradiciniu ar stilingu interjeru sukuria harmoning\u0105 derin\u012f. Si\u016blomi b\u0117geliai \u2013 puikus pasirinkimas ne tik industrial ar lofto stiliaus gerb\u0117jams, bet ir moderni\u0173 interjer\u0173 m\u0117g\u0117jams. Produktas sujungia stabilum\u0105 ir patikimum\u0105 su paprasta, laiko patikrinta konstrukcija. Stumdom\u0173 dur\u0173 b\u0117geliai \u2013 tai prakti\u0161kumo ir \u012fsp\u016bdingo dizaino derinys.<\/p>\n","protected":false},"excerpt":{"rendered":"<p>Med\u017eiaga\u00a0Metalas Bendras ilgis [cm]\u00a0200 Montavimas\u00a0Prie sienos Spalva\u00a0Juoda Rinkin\u012f sudaro: metalin\u0117 b\u0117gelio \u0161ina 200 cm (2 x 100 cm) dekoratyviniai guoliniai<\/p>\n","protected":false},"featured_media":141988,"comment_status":"open","ping_status":"closed","template":"","meta":{"_acf_changed":false,"pmpro_default_level":""},"product_brand":[],"product_cat":[113,219],"product_tag":[],"class_list":{"0":"post-53571","1":"product","2":"type-product","3":"status-publish","4":"has-post-thumbnail","6":"product_cat-stumdomos-durys-ir-priedai","7":"product_cat-stumdomu-duru-sistemos","8":"pmpro-has-access","10":"first","11":"instock","12":"shipping-taxable","13":"purchasable","14":"product-type-simple"},"acf":[],"yoast_head":"<!-- This site is optimized with the Yoast SEO plugin v24.9 - https:\/\/yoast.com\/wordpress\/plugins\/seo\/ -->\n<title>Stumdom\u0173 dur\u0173 sistema KARO BLACK - MetalTale.com<\/title>\n<meta name=\"robots\" content=\"index, follow, max-snippet:-1, max-image-preview:large, max-video-preview:-1\" \/>\n<link rel=\"canonical\" href=\"https:\/\/metaltale.com\/lv\/produktas\/stumdomu-duru-sistema-karo-black\/\" \/>\n<meta property=\"og:locale\" content=\"lv_LV\" \/>\n<meta property=\"og:type\" content=\"article\" \/>\n<meta property=\"og:title\" content=\"Stumdom\u0173 dur\u0173 sistema KARO BLACK - MetalTale.com\" \/>\n<meta property=\"og:description\" content=\"Med\u017eiaga\u00a0Metalas Bendras ilgis [cm]\u00a0200 Montavimas\u00a0Prie sienos Spalva\u00a0Juoda Rinkin\u012f sudaro: metalin\u0117 b\u0117gelio \u0161ina 200 cm (2 x 100 cm) dekoratyviniai guoliniai\" \/>\n<meta property=\"og:url\" content=\"https:\/\/metaltale.com\/lv\/produktas\/stumdomu-duru-sistema-karo-black\/\" \/>\n<meta property=\"og:site_name\" content=\"MetalTale.com\" \/>\n<meta property=\"article:modified_time\" content=\"2026-03-18T00:05:32+00:00\" \/>\n<meta property=\"og:image\" content=\"http:\/\/metaltale.com\/wp-content\/uploads\/2024\/01\/prowadnica-do-drzwi-przesuwnych-czarna-loft-karo-ngb-8765.jpg\" \/>\n\t<meta property=\"og:image:width\" content=\"800\" \/>\n\t<meta property=\"og:image:height\" content=\"800\" \/>\n\t<meta property=\"og:image:type\" content=\"image\/jpeg\" \/>\n<meta name=\"twitter:card\" content=\"summary_large_image\" \/>\n<meta name=\"twitter:label1\" content=\"Est. reading time\" \/>\n\t<meta name=\"twitter:data1\" content=\"2 minutes\" \/>\n<script type=\"application\/ld+json\" class=\"yoast-schema-graph\">{\"@context\":\"https:\/\/schema.org\",\"@graph\":[{\"@type\":\"WebPage\",\"@id\":\"https:\/\/metaltale.com\/lv\/produktas\/stumdomu-duru-sistema-karo-black\/\",\"url\":\"https:\/\/metaltale.com\/lv\/produktas\/stumdomu-duru-sistema-karo-black\/\",\"name\":\"Stumdom\u0173 dur\u0173 sistema KARO BLACK - MetalTale.com\",\"isPartOf\":{\"@id\":\"https:\/\/metaltale.com\/lv\/#website\"},\"primaryImageOfPage\":{\"@id\":\"https:\/\/metaltale.com\/lv\/produktas\/stumdomu-duru-sistema-karo-black\/#primaryimage\"},\"image\":{\"@id\":\"https:\/\/metaltale.com\/lv\/produktas\/stumdomu-duru-sistema-karo-black\/#primaryimage\"},\"thumbnailUrl\":\"https:\/\/metaltale.com\/wp-content\/uploads\/2024\/01\/prowadnica-do-drzwi-przesuwnych-czarna-loft-karo-ngb-8765.jpg\",\"datePublished\":\"2024-01-19T19:12:49+00:00\",\"dateModified\":\"2026-03-18T00:05:32+00:00\",\"breadcrumb\":{\"@id\":\"https:\/\/metaltale.com\/lv\/produktas\/stumdomu-duru-sistema-karo-black\/#breadcrumb\"},\"inLanguage\":\"lv-LV\",\"potentialAction\":[{\"@type\":\"ReadAction\",\"target\":[\"https:\/\/metaltale.com\/lv\/produktas\/stumdomu-duru-sistema-karo-black\/\"]}]},{\"@type\":\"ImageObject\",\"inLanguage\":\"lv-LV\",\"@id\":\"https:\/\/metaltale.com\/lv\/produktas\/stumdomu-duru-sistema-karo-black\/#primaryimage\",\"url\":\"https:\/\/metaltale.com\/wp-content\/uploads\/2024\/01\/prowadnica-do-drzwi-przesuwnych-czarna-loft-karo-ngb-8765.jpg\",\"contentUrl\":\"https:\/\/metaltale.com\/wp-content\/uploads\/2024\/01\/prowadnica-do-drzwi-przesuwnych-czarna-loft-karo-ngb-8765.jpg\",\"width\":800,\"height\":800,\"caption\":\"Stumdom\u0173 dur\u0173 sistema KARO BLACK\"},{\"@type\":\"BreadcrumbList\",\"@id\":\"https:\/\/metaltale.com\/lv\/produktas\/stumdomu-duru-sistema-karo-black\/#breadcrumb\",\"itemListElement\":[{\"@type\":\"ListItem\",\"position\":1,\"name\":\"Home\",\"item\":\"https:\/\/metaltale.com\/lv\/majas\/\"},{\"@type\":\"ListItem\",\"position\":2,\"name\":\"Veikals\",\"item\":\"https:\/\/metaltale.com\/lv\/shop\/\"},{\"@type\":\"ListItem\",\"position\":3,\"name\":\"Stumdom\u0173 dur\u0173 sistema KARO BLACK\"}]},{\"@type\":\"WebSite\",\"@id\":\"https:\/\/metaltale.com\/lv\/#website\",\"url\":\"https:\/\/metaltale.com\/lv\/\",\"name\":\"Metaltale.com\",\"description\":\"\",\"potentialAction\":[{\"@type\":\"SearchAction\",\"target\":{\"@type\":\"EntryPoint\",\"urlTemplate\":\"https:\/\/metaltale.com\/lv\/?s={search_term_string}\"},\"query-input\":{\"@type\":\"PropertyValueSpecification\",\"valueRequired\":true,\"valueName\":\"search_term_string\"}}],\"inLanguage\":\"lv-LV\"}]}<\/script>\n<!-- \/ Yoast SEO plugin. -->","yoast_head_json":{"title":"Stumdom\u0173 dur\u0173 sistema KARO BLACK - MetalTale.com","robots":{"index":"index","follow":"follow","max-snippet":"max-snippet:-1","max-image-preview":"max-image-preview:large","max-video-preview":"max-video-preview:-1"},"canonical":"https:\/\/metaltale.com\/lv\/produktas\/stumdomu-duru-sistema-karo-black\/","og_locale":"lv_LV","og_type":"article","og_title":"Stumdom\u0173 dur\u0173 sistema KARO BLACK - MetalTale.com","og_description":"Med\u017eiaga\u00a0Metalas Bendras ilgis [cm]\u00a0200 Montavimas\u00a0Prie sienos Spalva\u00a0Juoda Rinkin\u012f sudaro: metalin\u0117 b\u0117gelio \u0161ina 200 cm (2 x 100 cm) dekoratyviniai guoliniai","og_url":"https:\/\/metaltale.com\/lv\/produktas\/stumdomu-duru-sistema-karo-black\/","og_site_name":"MetalTale.com","article_modified_time":"2026-03-18T00:05:32+00:00","og_image":[{"width":800,"height":800,"url":"http:\/\/metaltale.com\/wp-content\/uploads\/2024\/01\/prowadnica-do-drzwi-przesuwnych-czarna-loft-karo-ngb-8765.jpg","type":"image\/jpeg"}],"twitter_card":"summary_large_image","twitter_misc":{"Est. reading time":"2 minutes"},"schema":{"@context":"https:\/\/schema.org","@graph":[{"@type":"WebPage","@id":"https:\/\/metaltale.com\/lv\/produktas\/stumdomu-duru-sistema-karo-black\/","url":"https:\/\/metaltale.com\/lv\/produktas\/stumdomu-duru-sistema-karo-black\/","name":"Stumdom\u0173 dur\u0173 sistema KARO BLACK - MetalTale.com","isPartOf":{"@id":"https:\/\/metaltale.com\/lv\/#website"},"primaryImageOfPage":{"@id":"https:\/\/metaltale.com\/lv\/produktas\/stumdomu-duru-sistema-karo-black\/#primaryimage"},"image":{"@id":"https:\/\/metaltale.com\/lv\/produktas\/stumdomu-duru-sistema-karo-black\/#primaryimage"},"thumbnailUrl":"https:\/\/metaltale.com\/wp-content\/uploads\/2024\/01\/prowadnica-do-drzwi-przesuwnych-czarna-loft-karo-ngb-8765.jpg","datePublished":"2024-01-19T19:12:49+00:00","dateModified":"2026-03-18T00:05:32+00:00","breadcrumb":{"@id":"https:\/\/metaltale.com\/lv\/produktas\/stumdomu-duru-sistema-karo-black\/#breadcrumb"},"inLanguage":"lv-LV","potentialAction":[{"@type":"ReadAction","target":["https:\/\/metaltale.com\/lv\/produktas\/stumdomu-duru-sistema-karo-black\/"]}]},{"@type":"ImageObject","inLanguage":"lv-LV","@id":"https:\/\/metaltale.com\/lv\/produktas\/stumdomu-duru-sistema-karo-black\/#primaryimage","url":"https:\/\/metaltale.com\/wp-content\/uploads\/2024\/01\/prowadnica-do-drzwi-przesuwnych-czarna-loft-karo-ngb-8765.jpg","contentUrl":"https:\/\/metaltale.com\/wp-content\/uploads\/2024\/01\/prowadnica-do-drzwi-przesuwnych-czarna-loft-karo-ngb-8765.jpg","width":800,"height":800,"caption":"Stumdom\u0173 dur\u0173 sistema KARO BLACK"},{"@type":"BreadcrumbList","@id":"https:\/\/metaltale.com\/lv\/produktas\/stumdomu-duru-sistema-karo-black\/#breadcrumb","itemListElement":[{"@type":"ListItem","position":1,"name":"Home","item":"https:\/\/metaltale.com\/lv\/majas\/"},{"@type":"ListItem","position":2,"name":"Veikals","item":"https:\/\/metaltale.com\/lv\/shop\/"},{"@type":"ListItem","position":3,"name":"Stumdom\u0173 dur\u0173 sistema KARO BLACK"}]},{"@type":"WebSite","@id":"https:\/\/metaltale.com\/lv\/#website","url":"https:\/\/metaltale.com\/lv\/","name":"Metaltale.com","description":"","potentialAction":[{"@type":"SearchAction","target":{"@type":"EntryPoint","urlTemplate":"https:\/\/metaltale.com\/lv\/?s={search_term_string}"},"query-input":{"@type":"PropertyValueSpecification","valueRequired":true,"valueName":"search_term_string"}}],"inLanguage":"lv-LV"}]}},"_links":{"self":[{"href":"https:\/\/metaltale.com\/lv\/wp-json\/wp\/v2\/product\/53571","targetHints":{"allow":["GET"]}}],"collection":[{"href":"https:\/\/metaltale.com\/lv\/wp-json\/wp\/v2\/product"}],"about":[{"href":"https:\/\/metaltale.com\/lv\/wp-json\/wp\/v2\/types\/product"}],"replies":[{"embeddable":true,"href":"https:\/\/metaltale.com\/lv\/wp-json\/wp\/v2\/comments?post=53571"}],"version-history":[{"count":2,"href":"https:\/\/metaltale.com\/lv\/wp-json\/wp\/v2\/product\/53571\/revisions"}],"predecessor-version":[{"id":141992,"href":"https:\/\/metaltale.com\/lv\/wp-json\/wp\/v2\/product\/53571\/revisions\/141992"}],"wp:featuredmedia":[{"embeddable":true,"href":"https:\/\/metaltale.com\/lv\/wp-json\/wp\/v2\/media\/141988"}],"wp:attachment":[{"href":"https:\/\/metaltale.com\/lv\/wp-json\/wp\/v2\/media?parent=53571"}],"wp:term":[{"taxonomy":"product_brand","embeddable":true,"href":"https:\/\/metaltale.com\/lv\/wp-json\/wp\/v2\/product_brand?post=53571"},{"taxonomy":"product_cat","embeddable":true,"href":"https:\/\/metaltale.com\/lv\/wp-json\/wp\/v2\/product_cat?post=53571"},{"taxonomy":"product_tag","embeddable":true,"href":"https:\/\/metaltale.com\/lv\/wp-json\/wp\/v2\/product_tag?post=53571"}],"curies":[{"name":"wp","href":"https:\/\/api.w.org\/{rel}","templated":true}]}}