{"id":52096,"date":"2024-01-19T20:50:59","date_gmt":"2024-01-19T18:50:59","guid":{"rendered":"https:\/\/metaltale.com\/?post_type=product&#038;p=52096"},"modified":"2026-04-03T00:01:16","modified_gmt":"2026-04-02T22:01:16","slug":"stumdomuju-duru-pritraukejas-double-07","status":"publish","type":"product","link":"https:\/\/metaltale.com\/lv\/produktas\/stumdomuju-duru-pritraukejas-double-07\/","title":{"rendered":"Stumdom\u0173j\u0173 dur\u0173 pritrauk\u0117jas DOUBLE 07"},"content":{"rendered":"<p><strong>Med\u017eiaga<\/strong> Metalas, plastikas<br \/>\n<strong>Spalva<\/strong> Juodas<\/p>\n<p>Automatinis dvigubas stumdom\u0173 dur\u0173 savidarytuvas.<br \/>\n\u0160\u012f savidarytuv\u0105 montuojame tiesiogiai ant b\u0117gelio, stumdomos sistemos tako i\u0161 galo. Nereikia nieko gr\u0119\u017eti nei b\u0117gelyje, nei sienoje.<br \/>\nSavidarytuvas gali b\u016bti de\u0161ininis arba kairinis ir tinka visoms durims, kuri\u0173 svoris ne didesnis kaip 80 kg.<\/p>\n<p>Naudojant tik vien\u0105 piln\u0105 savidarytuvo sistem\u0105 galima sukurti kelis techninius variantus:<\/p>\n<p>L\u0117t\u0117jimo ir u\u017edarymo sistema vienoms durims tik u\u017edarymo pad\u0117\u010diai (naudojant tik vien\u0105 l\u0117tintuv\u0105).<\/p>\n<p>L\u0117t\u0117jimo ir u\u017edarymo sistema vienoms durims, veikian\u010dioms abiem kryptimis \u2013 tiek atidarymo, tiek u\u017edarymo pad\u0117\u010diai (naudojant du l\u0117tintuvus).<\/p>\n<p>L\u0117t\u0117jimo ir u\u017edarymo sistema dvejoms durims ant vieno b\u0117gelio tik u\u017edarymo pad\u0117\u010diai*<\/p>\n<p>L\u0117t\u0117jimo ir u\u017edarymo sistema dvejoms durims, montuojamoms ant dviej\u0173 b\u0117geli\u0173 (sistemoje \u201ebypass\u201c), tik u\u017edarymo pad\u0117\u010diai*<br \/>\n*arba atidarymo pad\u0117\u010diai<\/p>\n<p>\u0160ie savidarytuvai tinka visoms m\u016bs\u0173 sistemoms, kuriose vedimo takas yra plok\u0161\u010dias profilis.<\/p>\n<p>Sistemos komplekt\u0105 sudaro:<\/p>\n<p>1 vnt. de\u0161ininis l\u0117tintuvas<\/p>\n<p>1 vnt. kairinis l\u0117tintuvas<\/p>\n<p>2 vnt. trauk\u0117s, montuojamos ant dur\u0173<\/p>\n<p>2 komplektai montavimo var\u017et\u0173<\/p>\n","protected":false},"excerpt":{"rendered":"<p>Med\u017eiaga Metalas, plastikas Spalva Juodas Automatinis dvigubas stumdom\u0173 dur\u0173 savidarytuvas. \u0160\u012f savidarytuv\u0105 montuojame tiesiogiai ant b\u0117gelio, stumdomos sistemos tako i\u0161<\/p>\n","protected":false},"featured_media":142942,"comment_status":"open","ping_status":"closed","template":"","meta":{"_acf_changed":false,"pmpro_default_level":""},"product_brand":[],"product_cat":[22499,113],"product_tag":[],"class_list":{"0":"post-52096","1":"product","2":"type-product","3":"status-publish","4":"has-post-thumbnail","6":"product_cat-stumdomu-duru-priedai","7":"product_cat-stumdomos-durys-ir-priedai","8":"pmpro-has-access","10":"first","11":"instock","12":"shipping-taxable","13":"purchasable","14":"product-type-simple"},"acf":[],"yoast_head":"<!-- This site is optimized with the Yoast SEO plugin v24.9 - https:\/\/yoast.com\/wordpress\/plugins\/seo\/ -->\n<title>Stumdom\u0173j\u0173 dur\u0173 pritrauk\u0117jas DOUBLE 07 - MetalTale.com<\/title>\n<meta name=\"robots\" content=\"index, follow, max-snippet:-1, max-image-preview:large, max-video-preview:-1\" \/>\n<link rel=\"canonical\" href=\"https:\/\/metaltale.com\/lv\/produktas\/stumdomuju-duru-pritraukejas-double-07\/\" \/>\n<meta property=\"og:locale\" content=\"lv_LV\" \/>\n<meta property=\"og:type\" content=\"article\" \/>\n<meta property=\"og:title\" content=\"Stumdom\u0173j\u0173 dur\u0173 pritrauk\u0117jas DOUBLE 07 - MetalTale.com\" \/>\n<meta property=\"og:description\" content=\"Med\u017eiaga Metalas, plastikas Spalva Juodas Automatinis dvigubas stumdom\u0173 dur\u0173 savidarytuvas. \u0160\u012f savidarytuv\u0105 montuojame tiesiogiai ant b\u0117gelio, stumdomos sistemos tako i\u0161\" \/>\n<meta property=\"og:url\" content=\"https:\/\/metaltale.com\/lv\/produktas\/stumdomuju-duru-pritraukejas-double-07\/\" \/>\n<meta property=\"og:site_name\" content=\"MetalTale.com\" \/>\n<meta property=\"article:modified_time\" content=\"2026-04-02T22:01:16+00:00\" \/>\n<meta property=\"og:image\" content=\"http:\/\/metaltale.com\/wp-content\/uploads\/2024\/01\/samodomykacz-do-drzwi-przesuwnych-8966.jpg\" \/>\n\t<meta property=\"og:image:width\" content=\"800\" \/>\n\t<meta property=\"og:image:height\" content=\"800\" \/>\n\t<meta property=\"og:image:type\" content=\"image\/jpeg\" \/>\n<meta name=\"twitter:card\" content=\"summary_large_image\" \/>\n<meta name=\"twitter:label1\" content=\"Est. reading time\" \/>\n\t<meta name=\"twitter:data1\" content=\"2 minutes\" \/>\n<script type=\"application\/ld+json\" class=\"yoast-schema-graph\">{\"@context\":\"https:\/\/schema.org\",\"@graph\":[{\"@type\":\"WebPage\",\"@id\":\"https:\/\/metaltale.com\/lv\/produktas\/stumdomuju-duru-pritraukejas-double-07\/\",\"url\":\"https:\/\/metaltale.com\/lv\/produktas\/stumdomuju-duru-pritraukejas-double-07\/\",\"name\":\"Stumdom\u0173j\u0173 dur\u0173 pritrauk\u0117jas DOUBLE 07 - MetalTale.com\",\"isPartOf\":{\"@id\":\"https:\/\/metaltale.com\/lv\/#website\"},\"primaryImageOfPage\":{\"@id\":\"https:\/\/metaltale.com\/lv\/produktas\/stumdomuju-duru-pritraukejas-double-07\/#primaryimage\"},\"image\":{\"@id\":\"https:\/\/metaltale.com\/lv\/produktas\/stumdomuju-duru-pritraukejas-double-07\/#primaryimage\"},\"thumbnailUrl\":\"https:\/\/metaltale.com\/wp-content\/uploads\/2024\/01\/samodomykacz-do-drzwi-przesuwnych-8966.jpg\",\"datePublished\":\"2024-01-19T18:50:59+00:00\",\"dateModified\":\"2026-04-02T22:01:16+00:00\",\"breadcrumb\":{\"@id\":\"https:\/\/metaltale.com\/lv\/produktas\/stumdomuju-duru-pritraukejas-double-07\/#breadcrumb\"},\"inLanguage\":\"lv-LV\",\"potentialAction\":[{\"@type\":\"ReadAction\",\"target\":[\"https:\/\/metaltale.com\/lv\/produktas\/stumdomuju-duru-pritraukejas-double-07\/\"]}]},{\"@type\":\"ImageObject\",\"inLanguage\":\"lv-LV\",\"@id\":\"https:\/\/metaltale.com\/lv\/produktas\/stumdomuju-duru-pritraukejas-double-07\/#primaryimage\",\"url\":\"https:\/\/metaltale.com\/wp-content\/uploads\/2024\/01\/samodomykacz-do-drzwi-przesuwnych-8966.jpg\",\"contentUrl\":\"https:\/\/metaltale.com\/wp-content\/uploads\/2024\/01\/samodomykacz-do-drzwi-przesuwnych-8966.jpg\",\"width\":800,\"height\":800,\"caption\":\"Stumdom\u0173j\u0173 dur\u0173 pritrauk\u0117jas DOUBLE 07\"},{\"@type\":\"BreadcrumbList\",\"@id\":\"https:\/\/metaltale.com\/lv\/produktas\/stumdomuju-duru-pritraukejas-double-07\/#breadcrumb\",\"itemListElement\":[{\"@type\":\"ListItem\",\"position\":1,\"name\":\"Home\",\"item\":\"https:\/\/metaltale.com\/lv\/majas\/\"},{\"@type\":\"ListItem\",\"position\":2,\"name\":\"Veikals\",\"item\":\"https:\/\/metaltale.com\/lv\/shop\/\"},{\"@type\":\"ListItem\",\"position\":3,\"name\":\"Stumdom\u0173j\u0173 dur\u0173 pritrauk\u0117jas DOUBLE 07\"}]},{\"@type\":\"WebSite\",\"@id\":\"https:\/\/metaltale.com\/lv\/#website\",\"url\":\"https:\/\/metaltale.com\/lv\/\",\"name\":\"Metaltale.com\",\"description\":\"\",\"potentialAction\":[{\"@type\":\"SearchAction\",\"target\":{\"@type\":\"EntryPoint\",\"urlTemplate\":\"https:\/\/metaltale.com\/lv\/?s={search_term_string}\"},\"query-input\":{\"@type\":\"PropertyValueSpecification\",\"valueRequired\":true,\"valueName\":\"search_term_string\"}}],\"inLanguage\":\"lv-LV\"}]}<\/script>\n<!-- \/ Yoast SEO plugin. -->","yoast_head_json":{"title":"Stumdom\u0173j\u0173 dur\u0173 pritrauk\u0117jas DOUBLE 07 - MetalTale.com","robots":{"index":"index","follow":"follow","max-snippet":"max-snippet:-1","max-image-preview":"max-image-preview:large","max-video-preview":"max-video-preview:-1"},"canonical":"https:\/\/metaltale.com\/lv\/produktas\/stumdomuju-duru-pritraukejas-double-07\/","og_locale":"lv_LV","og_type":"article","og_title":"Stumdom\u0173j\u0173 dur\u0173 pritrauk\u0117jas DOUBLE 07 - MetalTale.com","og_description":"Med\u017eiaga Metalas, plastikas Spalva Juodas Automatinis dvigubas stumdom\u0173 dur\u0173 savidarytuvas. \u0160\u012f savidarytuv\u0105 montuojame tiesiogiai ant b\u0117gelio, stumdomos sistemos tako i\u0161","og_url":"https:\/\/metaltale.com\/lv\/produktas\/stumdomuju-duru-pritraukejas-double-07\/","og_site_name":"MetalTale.com","article_modified_time":"2026-04-02T22:01:16+00:00","og_image":[{"width":800,"height":800,"url":"http:\/\/metaltale.com\/wp-content\/uploads\/2024\/01\/samodomykacz-do-drzwi-przesuwnych-8966.jpg","type":"image\/jpeg"}],"twitter_card":"summary_large_image","twitter_misc":{"Est. reading time":"2 minutes"},"schema":{"@context":"https:\/\/schema.org","@graph":[{"@type":"WebPage","@id":"https:\/\/metaltale.com\/lv\/produktas\/stumdomuju-duru-pritraukejas-double-07\/","url":"https:\/\/metaltale.com\/lv\/produktas\/stumdomuju-duru-pritraukejas-double-07\/","name":"Stumdom\u0173j\u0173 dur\u0173 pritrauk\u0117jas DOUBLE 07 - MetalTale.com","isPartOf":{"@id":"https:\/\/metaltale.com\/lv\/#website"},"primaryImageOfPage":{"@id":"https:\/\/metaltale.com\/lv\/produktas\/stumdomuju-duru-pritraukejas-double-07\/#primaryimage"},"image":{"@id":"https:\/\/metaltale.com\/lv\/produktas\/stumdomuju-duru-pritraukejas-double-07\/#primaryimage"},"thumbnailUrl":"https:\/\/metaltale.com\/wp-content\/uploads\/2024\/01\/samodomykacz-do-drzwi-przesuwnych-8966.jpg","datePublished":"2024-01-19T18:50:59+00:00","dateModified":"2026-04-02T22:01:16+00:00","breadcrumb":{"@id":"https:\/\/metaltale.com\/lv\/produktas\/stumdomuju-duru-pritraukejas-double-07\/#breadcrumb"},"inLanguage":"lv-LV","potentialAction":[{"@type":"ReadAction","target":["https:\/\/metaltale.com\/lv\/produktas\/stumdomuju-duru-pritraukejas-double-07\/"]}]},{"@type":"ImageObject","inLanguage":"lv-LV","@id":"https:\/\/metaltale.com\/lv\/produktas\/stumdomuju-duru-pritraukejas-double-07\/#primaryimage","url":"https:\/\/metaltale.com\/wp-content\/uploads\/2024\/01\/samodomykacz-do-drzwi-przesuwnych-8966.jpg","contentUrl":"https:\/\/metaltale.com\/wp-content\/uploads\/2024\/01\/samodomykacz-do-drzwi-przesuwnych-8966.jpg","width":800,"height":800,"caption":"Stumdom\u0173j\u0173 dur\u0173 pritrauk\u0117jas DOUBLE 07"},{"@type":"BreadcrumbList","@id":"https:\/\/metaltale.com\/lv\/produktas\/stumdomuju-duru-pritraukejas-double-07\/#breadcrumb","itemListElement":[{"@type":"ListItem","position":1,"name":"Home","item":"https:\/\/metaltale.com\/lv\/majas\/"},{"@type":"ListItem","position":2,"name":"Veikals","item":"https:\/\/metaltale.com\/lv\/shop\/"},{"@type":"ListItem","position":3,"name":"Stumdom\u0173j\u0173 dur\u0173 pritrauk\u0117jas DOUBLE 07"}]},{"@type":"WebSite","@id":"https:\/\/metaltale.com\/lv\/#website","url":"https:\/\/metaltale.com\/lv\/","name":"Metaltale.com","description":"","potentialAction":[{"@type":"SearchAction","target":{"@type":"EntryPoint","urlTemplate":"https:\/\/metaltale.com\/lv\/?s={search_term_string}"},"query-input":{"@type":"PropertyValueSpecification","valueRequired":true,"valueName":"search_term_string"}}],"inLanguage":"lv-LV"}]}},"_links":{"self":[{"href":"https:\/\/metaltale.com\/lv\/wp-json\/wp\/v2\/product\/52096","targetHints":{"allow":["GET"]}}],"collection":[{"href":"https:\/\/metaltale.com\/lv\/wp-json\/wp\/v2\/product"}],"about":[{"href":"https:\/\/metaltale.com\/lv\/wp-json\/wp\/v2\/types\/product"}],"replies":[{"embeddable":true,"href":"https:\/\/metaltale.com\/lv\/wp-json\/wp\/v2\/comments?post=52096"}],"version-history":[{"count":2,"href":"https:\/\/metaltale.com\/lv\/wp-json\/wp\/v2\/product\/52096\/revisions"}],"predecessor-version":[{"id":142946,"href":"https:\/\/metaltale.com\/lv\/wp-json\/wp\/v2\/product\/52096\/revisions\/142946"}],"wp:featuredmedia":[{"embeddable":true,"href":"https:\/\/metaltale.com\/lv\/wp-json\/wp\/v2\/media\/142942"}],"wp:attachment":[{"href":"https:\/\/metaltale.com\/lv\/wp-json\/wp\/v2\/media?parent=52096"}],"wp:term":[{"taxonomy":"product_brand","embeddable":true,"href":"https:\/\/metaltale.com\/lv\/wp-json\/wp\/v2\/product_brand?post=52096"},{"taxonomy":"product_cat","embeddable":true,"href":"https:\/\/metaltale.com\/lv\/wp-json\/wp\/v2\/product_cat?post=52096"},{"taxonomy":"product_tag","embeddable":true,"href":"https:\/\/metaltale.com\/lv\/wp-json\/wp\/v2\/product_tag?post=52096"}],"curies":[{"name":"wp","href":"https:\/\/api.w.org\/{rel}","templated":true}]}}