{"id":52084,"date":"2024-01-19T20:50:45","date_gmt":"2024-01-19T18:50:45","guid":{"rendered":"https:\/\/metaltale.com\/?post_type=product&#038;p=52084"},"modified":"2026-03-31T01:00:22","modified_gmt":"2026-03-30T23:00:22","slug":"lubu-laikiklis-stumdomoms-durims-single","status":"publish","type":"product","link":"https:\/\/metaltale.com\/lv\/produktas\/lubu-laikiklis-stumdomoms-durims-single\/","title":{"rendered":"Lub\u0173 laikiklis stumdomoms durims SINGLE"},"content":{"rendered":"<p><strong>Med\u017eiaga<\/strong> Plienas<br \/>\n<strong>Bendras ilgis (cm)<\/strong> 8<br \/>\n<strong>Storis (cm)<\/strong> 0,5<br \/>\n<strong>Bendras auk\u0161tis (cm)<\/strong> 20<br \/>\n<strong>Bendras plotis (cm)<\/strong> 6<br \/>\n<strong>Spalva<\/strong> Juodas<br \/>\n<strong>Vienet\u0173 skai\u010dius rinkinyje<\/strong> 1 vnt.<br \/>\n<strong>Papildoma informacija<\/strong> Produktas neturi montavimo element\u0173<\/p>\n<p>&#8211; rinkinys neturi montavimo element\u0173 \u2013 var\u017et\u0173 parinkim\u0105 rekomenduojama pasikonsultuoti su specialistu<br \/>\n&#8211; 200 cm ilgio b\u0117giui rekomenduojama naudoti 5 laikiklius<br \/>\n&#8211; laikikliai leid\u017eia sukurti vienv\u0117ri\u0173 arba dviv\u0117ri\u0173 stumdom\u0173 dur\u0173 sistem\u0105 su montavimu prie lub\u0173<\/p>\n<hr \/>\n<p>Lub\u0173 laikiklis stumdom\u0173 dur\u0173 sistemai puikiai tiks tais atvejais, kai technin\u0117s s\u0105lygos neleid\u017eia sumontuoti kreipian\u010diosios vir\u0161 dur\u0173 angos (pvz., nesant s\u0105ramos).<\/p>\n","protected":false},"excerpt":{"rendered":"<p>Med\u017eiaga Plienas Bendras ilgis (cm) 8 Storis (cm) 0,5 Bendras auk\u0161tis (cm) 20 Bendras plotis (cm) 6 Spalva Juodas Vienet\u0173<\/p>\n","protected":false},"featured_media":142844,"comment_status":"open","ping_status":"closed","template":"","meta":{"_acf_changed":false,"pmpro_default_level":""},"product_brand":[],"product_cat":[22499,113],"product_tag":[],"class_list":{"0":"post-52084","1":"product","2":"type-product","3":"status-publish","4":"has-post-thumbnail","6":"product_cat-stumdomu-duru-priedai","7":"product_cat-stumdomos-durys-ir-priedai","8":"pmpro-has-access","10":"first","11":"instock","12":"shipping-taxable","13":"purchasable","14":"product-type-simple"},"acf":[],"yoast_head":"<!-- This site is optimized with the Yoast SEO plugin v24.9 - https:\/\/yoast.com\/wordpress\/plugins\/seo\/ -->\n<title>Lub\u0173 laikiklis stumdomoms durims SINGLE - MetalTale.com<\/title>\n<meta name=\"robots\" content=\"index, follow, max-snippet:-1, max-image-preview:large, max-video-preview:-1\" \/>\n<link rel=\"canonical\" href=\"https:\/\/metaltale.com\/lv\/produktas\/lubu-laikiklis-stumdomoms-durims-single\/\" \/>\n<meta property=\"og:locale\" content=\"lv_LV\" \/>\n<meta property=\"og:type\" content=\"article\" \/>\n<meta property=\"og:title\" content=\"Lub\u0173 laikiklis stumdomoms durims SINGLE - MetalTale.com\" \/>\n<meta property=\"og:description\" content=\"Med\u017eiaga Plienas Bendras ilgis (cm) 8 Storis (cm) 0,5 Bendras auk\u0161tis (cm) 20 Bendras plotis (cm) 6 Spalva Juodas Vienet\u0173\" \/>\n<meta property=\"og:url\" content=\"https:\/\/metaltale.com\/lv\/produktas\/lubu-laikiklis-stumdomoms-durims-single\/\" \/>\n<meta property=\"og:site_name\" content=\"MetalTale.com\" \/>\n<meta property=\"article:modified_time\" content=\"2026-03-30T23:00:22+00:00\" \/>\n<meta property=\"og:image\" content=\"http:\/\/metaltale.com\/wp-content\/uploads\/2024\/01\/uchwyt-lacznik-sufitowy-do-prowadnicy-741.jpg\" \/>\n\t<meta property=\"og:image:width\" content=\"800\" \/>\n\t<meta property=\"og:image:height\" content=\"800\" \/>\n\t<meta property=\"og:image:type\" content=\"image\/jpeg\" \/>\n<meta name=\"twitter:card\" content=\"summary_large_image\" \/>\n<meta name=\"twitter:label1\" content=\"Est. reading time\" \/>\n\t<meta name=\"twitter:data1\" content=\"1 minute\" \/>\n<script type=\"application\/ld+json\" class=\"yoast-schema-graph\">{\"@context\":\"https:\/\/schema.org\",\"@graph\":[{\"@type\":\"WebPage\",\"@id\":\"https:\/\/metaltale.com\/lv\/produktas\/lubu-laikiklis-stumdomoms-durims-single\/\",\"url\":\"https:\/\/metaltale.com\/lv\/produktas\/lubu-laikiklis-stumdomoms-durims-single\/\",\"name\":\"Lub\u0173 laikiklis stumdomoms durims SINGLE - MetalTale.com\",\"isPartOf\":{\"@id\":\"https:\/\/metaltale.com\/lv\/#website\"},\"primaryImageOfPage\":{\"@id\":\"https:\/\/metaltale.com\/lv\/produktas\/lubu-laikiklis-stumdomoms-durims-single\/#primaryimage\"},\"image\":{\"@id\":\"https:\/\/metaltale.com\/lv\/produktas\/lubu-laikiklis-stumdomoms-durims-single\/#primaryimage\"},\"thumbnailUrl\":\"https:\/\/metaltale.com\/wp-content\/uploads\/2024\/01\/uchwyt-lacznik-sufitowy-do-prowadnicy-741.jpg\",\"datePublished\":\"2024-01-19T18:50:45+00:00\",\"dateModified\":\"2026-03-30T23:00:22+00:00\",\"breadcrumb\":{\"@id\":\"https:\/\/metaltale.com\/lv\/produktas\/lubu-laikiklis-stumdomoms-durims-single\/#breadcrumb\"},\"inLanguage\":\"lv-LV\",\"potentialAction\":[{\"@type\":\"ReadAction\",\"target\":[\"https:\/\/metaltale.com\/lv\/produktas\/lubu-laikiklis-stumdomoms-durims-single\/\"]}]},{\"@type\":\"ImageObject\",\"inLanguage\":\"lv-LV\",\"@id\":\"https:\/\/metaltale.com\/lv\/produktas\/lubu-laikiklis-stumdomoms-durims-single\/#primaryimage\",\"url\":\"https:\/\/metaltale.com\/wp-content\/uploads\/2024\/01\/uchwyt-lacznik-sufitowy-do-prowadnicy-741.jpg\",\"contentUrl\":\"https:\/\/metaltale.com\/wp-content\/uploads\/2024\/01\/uchwyt-lacznik-sufitowy-do-prowadnicy-741.jpg\",\"width\":800,\"height\":800,\"caption\":\"Lub\u0173 laikiklis stumdomoms durims SINGLE\"},{\"@type\":\"BreadcrumbList\",\"@id\":\"https:\/\/metaltale.com\/lv\/produktas\/lubu-laikiklis-stumdomoms-durims-single\/#breadcrumb\",\"itemListElement\":[{\"@type\":\"ListItem\",\"position\":1,\"name\":\"Home\",\"item\":\"https:\/\/metaltale.com\/lv\/majas\/\"},{\"@type\":\"ListItem\",\"position\":2,\"name\":\"Veikals\",\"item\":\"https:\/\/metaltale.com\/lv\/shop\/\"},{\"@type\":\"ListItem\",\"position\":3,\"name\":\"Lub\u0173 laikiklis stumdomoms durims SINGLE\"}]},{\"@type\":\"WebSite\",\"@id\":\"https:\/\/metaltale.com\/lv\/#website\",\"url\":\"https:\/\/metaltale.com\/lv\/\",\"name\":\"Metaltale.com\",\"description\":\"\",\"potentialAction\":[{\"@type\":\"SearchAction\",\"target\":{\"@type\":\"EntryPoint\",\"urlTemplate\":\"https:\/\/metaltale.com\/lv\/?s={search_term_string}\"},\"query-input\":{\"@type\":\"PropertyValueSpecification\",\"valueRequired\":true,\"valueName\":\"search_term_string\"}}],\"inLanguage\":\"lv-LV\"}]}<\/script>\n<!-- \/ Yoast SEO plugin. -->","yoast_head_json":{"title":"Lub\u0173 laikiklis stumdomoms durims SINGLE - MetalTale.com","robots":{"index":"index","follow":"follow","max-snippet":"max-snippet:-1","max-image-preview":"max-image-preview:large","max-video-preview":"max-video-preview:-1"},"canonical":"https:\/\/metaltale.com\/lv\/produktas\/lubu-laikiklis-stumdomoms-durims-single\/","og_locale":"lv_LV","og_type":"article","og_title":"Lub\u0173 laikiklis stumdomoms durims SINGLE - MetalTale.com","og_description":"Med\u017eiaga Plienas Bendras ilgis (cm) 8 Storis (cm) 0,5 Bendras auk\u0161tis (cm) 20 Bendras plotis (cm) 6 Spalva Juodas Vienet\u0173","og_url":"https:\/\/metaltale.com\/lv\/produktas\/lubu-laikiklis-stumdomoms-durims-single\/","og_site_name":"MetalTale.com","article_modified_time":"2026-03-30T23:00:22+00:00","og_image":[{"width":800,"height":800,"url":"http:\/\/metaltale.com\/wp-content\/uploads\/2024\/01\/uchwyt-lacznik-sufitowy-do-prowadnicy-741.jpg","type":"image\/jpeg"}],"twitter_card":"summary_large_image","twitter_misc":{"Est. reading time":"1 minute"},"schema":{"@context":"https:\/\/schema.org","@graph":[{"@type":"WebPage","@id":"https:\/\/metaltale.com\/lv\/produktas\/lubu-laikiklis-stumdomoms-durims-single\/","url":"https:\/\/metaltale.com\/lv\/produktas\/lubu-laikiklis-stumdomoms-durims-single\/","name":"Lub\u0173 laikiklis stumdomoms durims SINGLE - MetalTale.com","isPartOf":{"@id":"https:\/\/metaltale.com\/lv\/#website"},"primaryImageOfPage":{"@id":"https:\/\/metaltale.com\/lv\/produktas\/lubu-laikiklis-stumdomoms-durims-single\/#primaryimage"},"image":{"@id":"https:\/\/metaltale.com\/lv\/produktas\/lubu-laikiklis-stumdomoms-durims-single\/#primaryimage"},"thumbnailUrl":"https:\/\/metaltale.com\/wp-content\/uploads\/2024\/01\/uchwyt-lacznik-sufitowy-do-prowadnicy-741.jpg","datePublished":"2024-01-19T18:50:45+00:00","dateModified":"2026-03-30T23:00:22+00:00","breadcrumb":{"@id":"https:\/\/metaltale.com\/lv\/produktas\/lubu-laikiklis-stumdomoms-durims-single\/#breadcrumb"},"inLanguage":"lv-LV","potentialAction":[{"@type":"ReadAction","target":["https:\/\/metaltale.com\/lv\/produktas\/lubu-laikiklis-stumdomoms-durims-single\/"]}]},{"@type":"ImageObject","inLanguage":"lv-LV","@id":"https:\/\/metaltale.com\/lv\/produktas\/lubu-laikiklis-stumdomoms-durims-single\/#primaryimage","url":"https:\/\/metaltale.com\/wp-content\/uploads\/2024\/01\/uchwyt-lacznik-sufitowy-do-prowadnicy-741.jpg","contentUrl":"https:\/\/metaltale.com\/wp-content\/uploads\/2024\/01\/uchwyt-lacznik-sufitowy-do-prowadnicy-741.jpg","width":800,"height":800,"caption":"Lub\u0173 laikiklis stumdomoms durims SINGLE"},{"@type":"BreadcrumbList","@id":"https:\/\/metaltale.com\/lv\/produktas\/lubu-laikiklis-stumdomoms-durims-single\/#breadcrumb","itemListElement":[{"@type":"ListItem","position":1,"name":"Home","item":"https:\/\/metaltale.com\/lv\/majas\/"},{"@type":"ListItem","position":2,"name":"Veikals","item":"https:\/\/metaltale.com\/lv\/shop\/"},{"@type":"ListItem","position":3,"name":"Lub\u0173 laikiklis stumdomoms durims SINGLE"}]},{"@type":"WebSite","@id":"https:\/\/metaltale.com\/lv\/#website","url":"https:\/\/metaltale.com\/lv\/","name":"Metaltale.com","description":"","potentialAction":[{"@type":"SearchAction","target":{"@type":"EntryPoint","urlTemplate":"https:\/\/metaltale.com\/lv\/?s={search_term_string}"},"query-input":{"@type":"PropertyValueSpecification","valueRequired":true,"valueName":"search_term_string"}}],"inLanguage":"lv-LV"}]}},"_links":{"self":[{"href":"https:\/\/metaltale.com\/lv\/wp-json\/wp\/v2\/product\/52084","targetHints":{"allow":["GET"]}}],"collection":[{"href":"https:\/\/metaltale.com\/lv\/wp-json\/wp\/v2\/product"}],"about":[{"href":"https:\/\/metaltale.com\/lv\/wp-json\/wp\/v2\/types\/product"}],"replies":[{"embeddable":true,"href":"https:\/\/metaltale.com\/lv\/wp-json\/wp\/v2\/comments?post=52084"}],"version-history":[{"count":3,"href":"https:\/\/metaltale.com\/lv\/wp-json\/wp\/v2\/product\/52084\/revisions"}],"predecessor-version":[{"id":142869,"href":"https:\/\/metaltale.com\/lv\/wp-json\/wp\/v2\/product\/52084\/revisions\/142869"}],"wp:featuredmedia":[{"embeddable":true,"href":"https:\/\/metaltale.com\/lv\/wp-json\/wp\/v2\/media\/142844"}],"wp:attachment":[{"href":"https:\/\/metaltale.com\/lv\/wp-json\/wp\/v2\/media?parent=52084"}],"wp:term":[{"taxonomy":"product_brand","embeddable":true,"href":"https:\/\/metaltale.com\/lv\/wp-json\/wp\/v2\/product_brand?post=52084"},{"taxonomy":"product_cat","embeddable":true,"href":"https:\/\/metaltale.com\/lv\/wp-json\/wp\/v2\/product_cat?post=52084"},{"taxonomy":"product_tag","embeddable":true,"href":"https:\/\/metaltale.com\/lv\/wp-json\/wp\/v2\/product_tag?post=52084"}],"curies":[{"name":"wp","href":"https:\/\/api.w.org\/{rel}","templated":true}]}}