{"id":52046,"date":"2024-01-19T20:50:08","date_gmt":"2024-01-19T18:50:08","guid":{"rendered":"https:\/\/metaltale.com\/?post_type=product&#038;p=52046"},"modified":"2026-01-01T02:00:22","modified_gmt":"2026-01-01T00:00:22","slug":"stumdomu-duru-sistema-black-juoda","status":"publish","type":"product","link":"https:\/\/metaltale.com\/lv\/produktas\/stumdomu-duru-sistema-black-juoda\/","title":{"rendered":"Stumdom\u0173 dur\u0173 sistema BLACK juoda"},"content":{"rendered":"<p><strong>Med\u017eiaga<\/strong> Metalas<br \/>\n<strong>Bendras ilgis [cm]<\/strong>\u00a0200<br \/>\n<strong>Montavimas<\/strong>\u00a0Prie sienos<br \/>\n<strong>Spalva<\/strong> Juoda<\/p>\n<p><strong>Rinkin\u012f sudaro:<\/strong><\/p>\n<ul>\n<li>metalin\u0117 b\u0117gel\u0117 200 cm (2 x 100 cm)<\/li>\n<li>dekoratyviniai guoliuoti ratukai (2 vnt.)<\/li>\n<li>tarpin\u0117s (5 vnt.)<\/li>\n<li>horizontal\u016bs ribotuvai (2 vnt.) ir vertikal\u016bs ribotuvai (2 vnt.)<\/li>\n<li>grind\u0173 vedlys (1 vnt.)<\/li>\n<li>montavimo komplektas: var\u017etai, savisriegiai ir pover\u017el\u0117s<\/li>\n<\/ul>\n<p><strong>Produkto savyb\u0117s:<\/strong><\/p>\n<p>pasi\u016blymas apima dviv\u0117ri\u0173 sulankstom\u0173 stumdom\u0173 dur\u0173 sistem\u0105, montuojam\u0105 prie sienos<\/p>\n<p>modelis skirtas stumdomoms medin\u0117ms durims, kuri\u0173 svoris nevir\u0161ija 110 kg<\/p>\n<p>atlikti dinamini\u0173 apkrov\u0173 (110 kg) testai patvirtino auk\u0161\u010diausi\u0105 kokyb\u0119 ir saugum\u0105<\/p>\n<p>guoliuotas ratukas u\u017etikrina lengv\u0105 ir tyl\u0173 stumdym\u0105<\/p>\n<p>komplekte yra apatinis vedlys, montuojamas prie grind\u0173, tinka durims su frezu arba be jo<\/p>\n<p>penki montavimo ta\u0161kai garantuoja stabilum\u0105, saugum\u0105 ir ilgaam\u017ei\u0161kum\u0105<\/p>\n<p>horizontal\u016bs ribotuvai b\u0117gelio galuose, apatinis vedlys ir vertikal\u016bs ribotuvai po b\u0117geliu stabilizuoja duris visose plok\u0161tumose ir apsaugo nuo nukritimo nuo b\u0117gelio<\/p>\n<p>komplekte yra var\u017etai, leid\u017eiantys montuoti tiek medin\u0117se konstrukcijose, tiek m\u016briniuose sienose<\/p>\n<p>sistema pasi\u017eymi itin paprastu ir intuityviu montavimu<\/p>\n<p>kruop\u0161ti siunt\u0173 kontrol\u0117 ir auk\u0161\u010diausios kokyb\u0117s pakavimas garantuoja klient\u0173 pasitenkinim\u0105<\/p>\n<p><strong>Apie produkt\u0105:<\/strong><\/p>\n<p>Juodos b\u0117geli\u0173 spalvos Rustykalneuchwyty.pl pasi\u016bloje ne tik suteikia sistemai universalum\u0105, bet ir prideda elegancijos. Derinant su klasikiniu dizainu, stumdomos dur\u0173 sistemos puikiai \u012fsilieja \u012f kabinetus, biurus, svetaines ar stilingus miegamuosius. Stumdom\u0173j\u0173 dur\u0173 sistemos \u2013 tai modernus sprendimas, kuris derinamas su tradiciniu ar stilingu interjero dizainu ir sukuria ideali\u0105 harmonij\u0105. \u0160ios b\u0117gel\u0117s tinka ne tik industrial ir loft stiliaus entuziastams, bet ir modernaus dizaino m\u0117g\u0117jams. Produktas jungia stabilum\u0105 ir tvirtum\u0105 su paprasta ir patikrinta konstrukcija. Stumdom\u0173j\u0173 dur\u0173 b\u0117geliai \u2013 tai prakti\u0161ko sprendimo ir esteti\u0161ko dizaino derinys.<\/p>\n","protected":false},"excerpt":{"rendered":"<p>Med\u017eiaga Metalas Bendras ilgis [cm]\u00a0200 Montavimas\u00a0Prie sienos Spalva Juoda Rinkin\u012f sudaro: metalin\u0117 b\u0117gel\u0117 200 cm (2 x 100 cm) dekoratyviniai<\/p>\n","protected":false},"featured_media":141608,"comment_status":"open","ping_status":"closed","template":"","meta":{"_acf_changed":false,"pmpro_default_level":""},"product_brand":[],"product_cat":[112],"product_tag":[],"class_list":{"0":"post-52046","1":"product","2":"type-product","3":"status-publish","4":"has-post-thumbnail","6":"product_cat-baldu-aksesuarai","7":"pmpro-has-access","9":"first","10":"instock","11":"shipping-taxable","12":"purchasable","13":"product-type-simple"},"acf":[],"yoast_head":"<!-- This site is optimized with the Yoast SEO plugin v24.9 - https:\/\/yoast.com\/wordpress\/plugins\/seo\/ -->\n<title>Stumdom\u0173 dur\u0173 sistema BLACK juoda - MetalTale.com<\/title>\n<meta name=\"robots\" content=\"index, follow, max-snippet:-1, max-image-preview:large, max-video-preview:-1\" \/>\n<link rel=\"canonical\" href=\"https:\/\/metaltale.com\/lv\/produktas\/stumdomu-duru-sistema-black-juoda\/\" \/>\n<meta property=\"og:locale\" content=\"lv_LV\" \/>\n<meta property=\"og:type\" content=\"article\" \/>\n<meta property=\"og:title\" content=\"Stumdom\u0173 dur\u0173 sistema BLACK juoda - MetalTale.com\" \/>\n<meta property=\"og:description\" content=\"Med\u017eiaga Metalas Bendras ilgis [cm]\u00a0200 Montavimas\u00a0Prie sienos Spalva Juoda Rinkin\u012f sudaro: metalin\u0117 b\u0117gel\u0117 200 cm (2 x 100 cm) dekoratyviniai\" \/>\n<meta property=\"og:url\" content=\"https:\/\/metaltale.com\/lv\/produktas\/stumdomu-duru-sistema-black-juoda\/\" \/>\n<meta property=\"og:site_name\" content=\"MetalTale.com\" \/>\n<meta property=\"article:modified_time\" content=\"2026-01-01T00:00:22+00:00\" \/>\n<meta property=\"og:image\" content=\"http:\/\/metaltale.com\/wp-content\/uploads\/2024\/01\/prowadnica-czarna-black-124.jpg\" \/>\n\t<meta property=\"og:image:width\" content=\"800\" \/>\n\t<meta property=\"og:image:height\" content=\"800\" \/>\n\t<meta property=\"og:image:type\" content=\"image\/jpeg\" \/>\n<meta name=\"twitter:card\" content=\"summary_large_image\" \/>\n<meta name=\"twitter:label1\" content=\"Est. reading time\" \/>\n\t<meta name=\"twitter:data1\" content=\"2 minutes\" \/>\n<script type=\"application\/ld+json\" class=\"yoast-schema-graph\">{\"@context\":\"https:\/\/schema.org\",\"@graph\":[{\"@type\":\"WebPage\",\"@id\":\"https:\/\/metaltale.com\/lv\/produktas\/stumdomu-duru-sistema-black-juoda\/\",\"url\":\"https:\/\/metaltale.com\/lv\/produktas\/stumdomu-duru-sistema-black-juoda\/\",\"name\":\"Stumdom\u0173 dur\u0173 sistema BLACK juoda - MetalTale.com\",\"isPartOf\":{\"@id\":\"https:\/\/metaltale.com\/lv\/#website\"},\"primaryImageOfPage\":{\"@id\":\"https:\/\/metaltale.com\/lv\/produktas\/stumdomu-duru-sistema-black-juoda\/#primaryimage\"},\"image\":{\"@id\":\"https:\/\/metaltale.com\/lv\/produktas\/stumdomu-duru-sistema-black-juoda\/#primaryimage\"},\"thumbnailUrl\":\"https:\/\/metaltale.com\/wp-content\/uploads\/2024\/01\/prowadnica-czarna-black-124.jpg\",\"datePublished\":\"2024-01-19T18:50:08+00:00\",\"dateModified\":\"2026-01-01T00:00:22+00:00\",\"breadcrumb\":{\"@id\":\"https:\/\/metaltale.com\/lv\/produktas\/stumdomu-duru-sistema-black-juoda\/#breadcrumb\"},\"inLanguage\":\"lv-LV\",\"potentialAction\":[{\"@type\":\"ReadAction\",\"target\":[\"https:\/\/metaltale.com\/lv\/produktas\/stumdomu-duru-sistema-black-juoda\/\"]}]},{\"@type\":\"ImageObject\",\"inLanguage\":\"lv-LV\",\"@id\":\"https:\/\/metaltale.com\/lv\/produktas\/stumdomu-duru-sistema-black-juoda\/#primaryimage\",\"url\":\"https:\/\/metaltale.com\/wp-content\/uploads\/2024\/01\/prowadnica-czarna-black-124.jpg\",\"contentUrl\":\"https:\/\/metaltale.com\/wp-content\/uploads\/2024\/01\/prowadnica-czarna-black-124.jpg\",\"width\":800,\"height\":800,\"caption\":\"Stumdom\u0173 dur\u0173 sistema BLACK juoda\"},{\"@type\":\"BreadcrumbList\",\"@id\":\"https:\/\/metaltale.com\/lv\/produktas\/stumdomu-duru-sistema-black-juoda\/#breadcrumb\",\"itemListElement\":[{\"@type\":\"ListItem\",\"position\":1,\"name\":\"Home\",\"item\":\"https:\/\/metaltale.com\/lv\/majas\/\"},{\"@type\":\"ListItem\",\"position\":2,\"name\":\"Veikals\",\"item\":\"https:\/\/metaltale.com\/lv\/shop\/\"},{\"@type\":\"ListItem\",\"position\":3,\"name\":\"Stumdom\u0173 dur\u0173 sistema BLACK juoda\"}]},{\"@type\":\"WebSite\",\"@id\":\"https:\/\/metaltale.com\/lv\/#website\",\"url\":\"https:\/\/metaltale.com\/lv\/\",\"name\":\"Metaltale.com\",\"description\":\"\",\"potentialAction\":[{\"@type\":\"SearchAction\",\"target\":{\"@type\":\"EntryPoint\",\"urlTemplate\":\"https:\/\/metaltale.com\/lv\/?s={search_term_string}\"},\"query-input\":{\"@type\":\"PropertyValueSpecification\",\"valueRequired\":true,\"valueName\":\"search_term_string\"}}],\"inLanguage\":\"lv-LV\"}]}<\/script>\n<!-- \/ Yoast SEO plugin. -->","yoast_head_json":{"title":"Stumdom\u0173 dur\u0173 sistema BLACK juoda - MetalTale.com","robots":{"index":"index","follow":"follow","max-snippet":"max-snippet:-1","max-image-preview":"max-image-preview:large","max-video-preview":"max-video-preview:-1"},"canonical":"https:\/\/metaltale.com\/lv\/produktas\/stumdomu-duru-sistema-black-juoda\/","og_locale":"lv_LV","og_type":"article","og_title":"Stumdom\u0173 dur\u0173 sistema BLACK juoda - MetalTale.com","og_description":"Med\u017eiaga Metalas Bendras ilgis [cm]\u00a0200 Montavimas\u00a0Prie sienos Spalva Juoda Rinkin\u012f sudaro: metalin\u0117 b\u0117gel\u0117 200 cm (2 x 100 cm) dekoratyviniai","og_url":"https:\/\/metaltale.com\/lv\/produktas\/stumdomu-duru-sistema-black-juoda\/","og_site_name":"MetalTale.com","article_modified_time":"2026-01-01T00:00:22+00:00","og_image":[{"width":800,"height":800,"url":"http:\/\/metaltale.com\/wp-content\/uploads\/2024\/01\/prowadnica-czarna-black-124.jpg","type":"image\/jpeg"}],"twitter_card":"summary_large_image","twitter_misc":{"Est. reading time":"2 minutes"},"schema":{"@context":"https:\/\/schema.org","@graph":[{"@type":"WebPage","@id":"https:\/\/metaltale.com\/lv\/produktas\/stumdomu-duru-sistema-black-juoda\/","url":"https:\/\/metaltale.com\/lv\/produktas\/stumdomu-duru-sistema-black-juoda\/","name":"Stumdom\u0173 dur\u0173 sistema BLACK juoda - MetalTale.com","isPartOf":{"@id":"https:\/\/metaltale.com\/lv\/#website"},"primaryImageOfPage":{"@id":"https:\/\/metaltale.com\/lv\/produktas\/stumdomu-duru-sistema-black-juoda\/#primaryimage"},"image":{"@id":"https:\/\/metaltale.com\/lv\/produktas\/stumdomu-duru-sistema-black-juoda\/#primaryimage"},"thumbnailUrl":"https:\/\/metaltale.com\/wp-content\/uploads\/2024\/01\/prowadnica-czarna-black-124.jpg","datePublished":"2024-01-19T18:50:08+00:00","dateModified":"2026-01-01T00:00:22+00:00","breadcrumb":{"@id":"https:\/\/metaltale.com\/lv\/produktas\/stumdomu-duru-sistema-black-juoda\/#breadcrumb"},"inLanguage":"lv-LV","potentialAction":[{"@type":"ReadAction","target":["https:\/\/metaltale.com\/lv\/produktas\/stumdomu-duru-sistema-black-juoda\/"]}]},{"@type":"ImageObject","inLanguage":"lv-LV","@id":"https:\/\/metaltale.com\/lv\/produktas\/stumdomu-duru-sistema-black-juoda\/#primaryimage","url":"https:\/\/metaltale.com\/wp-content\/uploads\/2024\/01\/prowadnica-czarna-black-124.jpg","contentUrl":"https:\/\/metaltale.com\/wp-content\/uploads\/2024\/01\/prowadnica-czarna-black-124.jpg","width":800,"height":800,"caption":"Stumdom\u0173 dur\u0173 sistema BLACK juoda"},{"@type":"BreadcrumbList","@id":"https:\/\/metaltale.com\/lv\/produktas\/stumdomu-duru-sistema-black-juoda\/#breadcrumb","itemListElement":[{"@type":"ListItem","position":1,"name":"Home","item":"https:\/\/metaltale.com\/lv\/majas\/"},{"@type":"ListItem","position":2,"name":"Veikals","item":"https:\/\/metaltale.com\/lv\/shop\/"},{"@type":"ListItem","position":3,"name":"Stumdom\u0173 dur\u0173 sistema BLACK juoda"}]},{"@type":"WebSite","@id":"https:\/\/metaltale.com\/lv\/#website","url":"https:\/\/metaltale.com\/lv\/","name":"Metaltale.com","description":"","potentialAction":[{"@type":"SearchAction","target":{"@type":"EntryPoint","urlTemplate":"https:\/\/metaltale.com\/lv\/?s={search_term_string}"},"query-input":{"@type":"PropertyValueSpecification","valueRequired":true,"valueName":"search_term_string"}}],"inLanguage":"lv-LV"}]}},"_links":{"self":[{"href":"https:\/\/metaltale.com\/lv\/wp-json\/wp\/v2\/product\/52046","targetHints":{"allow":["GET"]}}],"collection":[{"href":"https:\/\/metaltale.com\/lv\/wp-json\/wp\/v2\/product"}],"about":[{"href":"https:\/\/metaltale.com\/lv\/wp-json\/wp\/v2\/types\/product"}],"replies":[{"embeddable":true,"href":"https:\/\/metaltale.com\/lv\/wp-json\/wp\/v2\/comments?post=52046"}],"version-history":[{"count":2,"href":"https:\/\/metaltale.com\/lv\/wp-json\/wp\/v2\/product\/52046\/revisions"}],"predecessor-version":[{"id":141612,"href":"https:\/\/metaltale.com\/lv\/wp-json\/wp\/v2\/product\/52046\/revisions\/141612"}],"wp:featuredmedia":[{"embeddable":true,"href":"https:\/\/metaltale.com\/lv\/wp-json\/wp\/v2\/media\/141608"}],"wp:attachment":[{"href":"https:\/\/metaltale.com\/lv\/wp-json\/wp\/v2\/media?parent=52046"}],"wp:term":[{"taxonomy":"product_brand","embeddable":true,"href":"https:\/\/metaltale.com\/lv\/wp-json\/wp\/v2\/product_brand?post=52046"},{"taxonomy":"product_cat","embeddable":true,"href":"https:\/\/metaltale.com\/lv\/wp-json\/wp\/v2\/product_cat?post=52046"},{"taxonomy":"product_tag","embeddable":true,"href":"https:\/\/metaltale.com\/lv\/wp-json\/wp\/v2\/product_tag?post=52046"}],"curies":[{"name":"wp","href":"https:\/\/api.w.org\/{rel}","templated":true}]}}