{"id":51668,"date":"2024-01-17T00:00:10","date_gmt":"2024-01-16T22:00:10","guid":{"rendered":"http:\/\/metaltale.com\/?post_type=product&#038;p=51668"},"modified":"2026-02-18T01:01:46","modified_gmt":"2026-02-17T23:01:46","slug":"papildomas-begiu-rinkinys-stumdomu-duru-sistemoms-01-mtk-2x100cm","status":"publish","type":"product","link":"https:\/\/metaltale.com\/lv\/produktas\/papildomas-begiu-rinkinys-stumdomu-duru-sistemoms-01-mtk-2x100cm\/","title":{"rendered":"Papildomas b\u0117gi\u0173 rinkinys stumdom\u0173 dur\u0173 sistemoms 01-MTK 2x100cm"},"content":{"rendered":"<div class=\"prod_data\">\n<p><strong>Modelis<\/strong> SE10001(2)XZX<br \/>\n<strong>Med\u017eiaga<\/strong> Plienas<br \/>\n<strong>Bendras ilgis [cm]<\/strong> 200<br \/>\n<strong>Storis (cm)<\/strong> 0.6<br \/>\n<strong>Bendras auk\u0161tis (cm)<\/strong> 4<br \/>\n<strong>Spalva<\/strong> Juodas<\/p>\n<p>Vis\u0105 papildom\u0173 b\u0117gi\u0173 komplekt\u0105 stumdom\u0173 dur\u0173 sistemoms sudaro:<br \/>\n2 x 1m b\u0117gio kartu su vadinamuoju paspaudimu<br \/>\n5 x tarpiklio \u012fvor\u0117 nuo sienos<br \/>\n5 x plastikinis kai\u0161tis<br \/>\n5 x var\u017etas su sriegiu mediniam ar plastikiniam kai\u0161\u010diui<br \/>\n5 x Metalinis kai\u0161tis<br \/>\n5 x var\u017etas metaliniam kai\u0161\u010diui<br \/>\n5 x Pover\u017el\u0117<\/p>\n<hr \/>\n<p>Milteliniu b\u016bdu padengtas papildomas b\u0117gis, skirtas prailginti stumdom\u0173 dur\u0173 sistem\u0173 va\u017eiavimo keli\u0105. Si\u016blomame rinkinyje (1x b\u0117gis + 1x var\u017et\u0173 rinkinys) yra visi reikalingi tvirtinimo elementai.<\/p>\n<hr \/>\n<\/div>\n","protected":false},"excerpt":{"rendered":"<p>Modelis SE10001(2)XZX Med\u017eiaga Plienas Bendras ilgis [cm] 200 Storis (cm) 0.6 Bendras auk\u0161tis (cm) 4 Spalva Juodas Vis\u0105 papildom\u0173 b\u0117gi\u0173<\/p>\n","protected":false},"featured_media":51669,"comment_status":"open","ping_status":"closed","template":"","meta":{"_acf_changed":false,"pmpro_default_level":""},"product_brand":[],"product_cat":[22499,113],"product_tag":[],"class_list":{"0":"post-51668","1":"product","2":"type-product","3":"status-publish","4":"has-post-thumbnail","6":"product_cat-stumdomu-duru-priedai","7":"product_cat-stumdomos-durys-ir-priedai","8":"pmpro-has-access","10":"first","11":"instock","12":"shipping-taxable","13":"purchasable","14":"product-type-simple"},"acf":[],"yoast_head":"<!-- This site is optimized with the Yoast SEO plugin v24.9 - https:\/\/yoast.com\/wordpress\/plugins\/seo\/ -->\n<title>Papildomas b\u0117gi\u0173 rinkinys stumdom\u0173 dur\u0173 sistemoms 01-MTK 2x100cm - MetalTale.com<\/title>\n<meta name=\"robots\" content=\"index, follow, max-snippet:-1, max-image-preview:large, max-video-preview:-1\" \/>\n<link rel=\"canonical\" href=\"https:\/\/metaltale.com\/lv\/produktas\/papildomas-begiu-rinkinys-stumdomu-duru-sistemoms-01-mtk-2x100cm\/\" \/>\n<meta property=\"og:locale\" content=\"lv_LV\" \/>\n<meta property=\"og:type\" content=\"article\" \/>\n<meta property=\"og:title\" content=\"Papildomas b\u0117gi\u0173 rinkinys stumdom\u0173 dur\u0173 sistemoms 01-MTK 2x100cm - MetalTale.com\" \/>\n<meta property=\"og:description\" content=\"Modelis SE10001(2)XZX Med\u017eiaga Plienas Bendras ilgis [cm] 200 Storis (cm) 0.6 Bendras auk\u0161tis (cm) 4 Spalva Juodas Vis\u0105 papildom\u0173 b\u0117gi\u0173\" \/>\n<meta property=\"og:url\" content=\"https:\/\/metaltale.com\/lv\/produktas\/papildomas-begiu-rinkinys-stumdomu-duru-sistemoms-01-mtk-2x100cm\/\" \/>\n<meta property=\"og:site_name\" content=\"MetalTale.com\" \/>\n<meta property=\"article:modified_time\" content=\"2026-02-17T23:01:46+00:00\" \/>\n<meta property=\"og:image\" content=\"http:\/\/metaltale.com\/wp-content\/uploads\/2024\/01\/Papildomas-bx117gix173-rinkinys-stumdomx173jx173-durx173-sistemoms-01-MTK-2x100cm.jpg\" \/>\n\t<meta property=\"og:image:width\" content=\"800\" \/>\n\t<meta property=\"og:image:height\" content=\"800\" \/>\n\t<meta property=\"og:image:type\" content=\"image\/jpeg\" \/>\n<meta name=\"twitter:card\" content=\"summary_large_image\" \/>\n<meta name=\"twitter:label1\" content=\"Est. reading time\" \/>\n\t<meta name=\"twitter:data1\" content=\"1 minute\" \/>\n<script type=\"application\/ld+json\" class=\"yoast-schema-graph\">{\"@context\":\"https:\/\/schema.org\",\"@graph\":[{\"@type\":\"WebPage\",\"@id\":\"https:\/\/metaltale.com\/lv\/produktas\/papildomas-begiu-rinkinys-stumdomu-duru-sistemoms-01-mtk-2x100cm\/\",\"url\":\"https:\/\/metaltale.com\/lv\/produktas\/papildomas-begiu-rinkinys-stumdomu-duru-sistemoms-01-mtk-2x100cm\/\",\"name\":\"Papildomas b\u0117gi\u0173 rinkinys stumdom\u0173 dur\u0173 sistemoms 01-MTK 2x100cm - MetalTale.com\",\"isPartOf\":{\"@id\":\"https:\/\/metaltale.com\/lv\/#website\"},\"primaryImageOfPage\":{\"@id\":\"https:\/\/metaltale.com\/lv\/produktas\/papildomas-begiu-rinkinys-stumdomu-duru-sistemoms-01-mtk-2x100cm\/#primaryimage\"},\"image\":{\"@id\":\"https:\/\/metaltale.com\/lv\/produktas\/papildomas-begiu-rinkinys-stumdomu-duru-sistemoms-01-mtk-2x100cm\/#primaryimage\"},\"thumbnailUrl\":\"https:\/\/metaltale.com\/wp-content\/uploads\/2024\/01\/Papildomas-bx117gix173-rinkinys-stumdomx173jx173-durx173-sistemoms-01-MTK-2x100cm.jpg\",\"datePublished\":\"2024-01-16T22:00:10+00:00\",\"dateModified\":\"2026-02-17T23:01:46+00:00\",\"breadcrumb\":{\"@id\":\"https:\/\/metaltale.com\/lv\/produktas\/papildomas-begiu-rinkinys-stumdomu-duru-sistemoms-01-mtk-2x100cm\/#breadcrumb\"},\"inLanguage\":\"lv-LV\",\"potentialAction\":[{\"@type\":\"ReadAction\",\"target\":[\"https:\/\/metaltale.com\/lv\/produktas\/papildomas-begiu-rinkinys-stumdomu-duru-sistemoms-01-mtk-2x100cm\/\"]}]},{\"@type\":\"ImageObject\",\"inLanguage\":\"lv-LV\",\"@id\":\"https:\/\/metaltale.com\/lv\/produktas\/papildomas-begiu-rinkinys-stumdomu-duru-sistemoms-01-mtk-2x100cm\/#primaryimage\",\"url\":\"https:\/\/metaltale.com\/wp-content\/uploads\/2024\/01\/Papildomas-bx117gix173-rinkinys-stumdomx173jx173-durx173-sistemoms-01-MTK-2x100cm.jpg\",\"contentUrl\":\"https:\/\/metaltale.com\/wp-content\/uploads\/2024\/01\/Papildomas-bx117gix173-rinkinys-stumdomx173jx173-durx173-sistemoms-01-MTK-2x100cm.jpg\",\"width\":800,\"height\":800,\"caption\":\"Papildomas b\u0117gi\u0173 rinkinys stumdom\u0173 dur\u0173 sistemoms 01-MTK 2x100cm\"},{\"@type\":\"BreadcrumbList\",\"@id\":\"https:\/\/metaltale.com\/lv\/produktas\/papildomas-begiu-rinkinys-stumdomu-duru-sistemoms-01-mtk-2x100cm\/#breadcrumb\",\"itemListElement\":[{\"@type\":\"ListItem\",\"position\":1,\"name\":\"Home\",\"item\":\"https:\/\/metaltale.com\/lv\/majas\/\"},{\"@type\":\"ListItem\",\"position\":2,\"name\":\"Veikals\",\"item\":\"https:\/\/metaltale.com\/lv\/shop\/\"},{\"@type\":\"ListItem\",\"position\":3,\"name\":\"Papildomas b\u0117gi\u0173 rinkinys stumdom\u0173 dur\u0173 sistemoms 01-MTK 2x100cm\"}]},{\"@type\":\"WebSite\",\"@id\":\"https:\/\/metaltale.com\/lv\/#website\",\"url\":\"https:\/\/metaltale.com\/lv\/\",\"name\":\"Metaltale.com\",\"description\":\"\",\"potentialAction\":[{\"@type\":\"SearchAction\",\"target\":{\"@type\":\"EntryPoint\",\"urlTemplate\":\"https:\/\/metaltale.com\/lv\/?s={search_term_string}\"},\"query-input\":{\"@type\":\"PropertyValueSpecification\",\"valueRequired\":true,\"valueName\":\"search_term_string\"}}],\"inLanguage\":\"lv-LV\"}]}<\/script>\n<!-- \/ Yoast SEO plugin. -->","yoast_head_json":{"title":"Papildomas b\u0117gi\u0173 rinkinys stumdom\u0173 dur\u0173 sistemoms 01-MTK 2x100cm - MetalTale.com","robots":{"index":"index","follow":"follow","max-snippet":"max-snippet:-1","max-image-preview":"max-image-preview:large","max-video-preview":"max-video-preview:-1"},"canonical":"https:\/\/metaltale.com\/lv\/produktas\/papildomas-begiu-rinkinys-stumdomu-duru-sistemoms-01-mtk-2x100cm\/","og_locale":"lv_LV","og_type":"article","og_title":"Papildomas b\u0117gi\u0173 rinkinys stumdom\u0173 dur\u0173 sistemoms 01-MTK 2x100cm - MetalTale.com","og_description":"Modelis SE10001(2)XZX Med\u017eiaga Plienas Bendras ilgis [cm] 200 Storis (cm) 0.6 Bendras auk\u0161tis (cm) 4 Spalva Juodas Vis\u0105 papildom\u0173 b\u0117gi\u0173","og_url":"https:\/\/metaltale.com\/lv\/produktas\/papildomas-begiu-rinkinys-stumdomu-duru-sistemoms-01-mtk-2x100cm\/","og_site_name":"MetalTale.com","article_modified_time":"2026-02-17T23:01:46+00:00","og_image":[{"width":800,"height":800,"url":"http:\/\/metaltale.com\/wp-content\/uploads\/2024\/01\/Papildomas-bx117gix173-rinkinys-stumdomx173jx173-durx173-sistemoms-01-MTK-2x100cm.jpg","type":"image\/jpeg"}],"twitter_card":"summary_large_image","twitter_misc":{"Est. reading time":"1 minute"},"schema":{"@context":"https:\/\/schema.org","@graph":[{"@type":"WebPage","@id":"https:\/\/metaltale.com\/lv\/produktas\/papildomas-begiu-rinkinys-stumdomu-duru-sistemoms-01-mtk-2x100cm\/","url":"https:\/\/metaltale.com\/lv\/produktas\/papildomas-begiu-rinkinys-stumdomu-duru-sistemoms-01-mtk-2x100cm\/","name":"Papildomas b\u0117gi\u0173 rinkinys stumdom\u0173 dur\u0173 sistemoms 01-MTK 2x100cm - MetalTale.com","isPartOf":{"@id":"https:\/\/metaltale.com\/lv\/#website"},"primaryImageOfPage":{"@id":"https:\/\/metaltale.com\/lv\/produktas\/papildomas-begiu-rinkinys-stumdomu-duru-sistemoms-01-mtk-2x100cm\/#primaryimage"},"image":{"@id":"https:\/\/metaltale.com\/lv\/produktas\/papildomas-begiu-rinkinys-stumdomu-duru-sistemoms-01-mtk-2x100cm\/#primaryimage"},"thumbnailUrl":"https:\/\/metaltale.com\/wp-content\/uploads\/2024\/01\/Papildomas-bx117gix173-rinkinys-stumdomx173jx173-durx173-sistemoms-01-MTK-2x100cm.jpg","datePublished":"2024-01-16T22:00:10+00:00","dateModified":"2026-02-17T23:01:46+00:00","breadcrumb":{"@id":"https:\/\/metaltale.com\/lv\/produktas\/papildomas-begiu-rinkinys-stumdomu-duru-sistemoms-01-mtk-2x100cm\/#breadcrumb"},"inLanguage":"lv-LV","potentialAction":[{"@type":"ReadAction","target":["https:\/\/metaltale.com\/lv\/produktas\/papildomas-begiu-rinkinys-stumdomu-duru-sistemoms-01-mtk-2x100cm\/"]}]},{"@type":"ImageObject","inLanguage":"lv-LV","@id":"https:\/\/metaltale.com\/lv\/produktas\/papildomas-begiu-rinkinys-stumdomu-duru-sistemoms-01-mtk-2x100cm\/#primaryimage","url":"https:\/\/metaltale.com\/wp-content\/uploads\/2024\/01\/Papildomas-bx117gix173-rinkinys-stumdomx173jx173-durx173-sistemoms-01-MTK-2x100cm.jpg","contentUrl":"https:\/\/metaltale.com\/wp-content\/uploads\/2024\/01\/Papildomas-bx117gix173-rinkinys-stumdomx173jx173-durx173-sistemoms-01-MTK-2x100cm.jpg","width":800,"height":800,"caption":"Papildomas b\u0117gi\u0173 rinkinys stumdom\u0173 dur\u0173 sistemoms 01-MTK 2x100cm"},{"@type":"BreadcrumbList","@id":"https:\/\/metaltale.com\/lv\/produktas\/papildomas-begiu-rinkinys-stumdomu-duru-sistemoms-01-mtk-2x100cm\/#breadcrumb","itemListElement":[{"@type":"ListItem","position":1,"name":"Home","item":"https:\/\/metaltale.com\/lv\/majas\/"},{"@type":"ListItem","position":2,"name":"Veikals","item":"https:\/\/metaltale.com\/lv\/shop\/"},{"@type":"ListItem","position":3,"name":"Papildomas b\u0117gi\u0173 rinkinys stumdom\u0173 dur\u0173 sistemoms 01-MTK 2x100cm"}]},{"@type":"WebSite","@id":"https:\/\/metaltale.com\/lv\/#website","url":"https:\/\/metaltale.com\/lv\/","name":"Metaltale.com","description":"","potentialAction":[{"@type":"SearchAction","target":{"@type":"EntryPoint","urlTemplate":"https:\/\/metaltale.com\/lv\/?s={search_term_string}"},"query-input":{"@type":"PropertyValueSpecification","valueRequired":true,"valueName":"search_term_string"}}],"inLanguage":"lv-LV"}]}},"_links":{"self":[{"href":"https:\/\/metaltale.com\/lv\/wp-json\/wp\/v2\/product\/51668","targetHints":{"allow":["GET"]}}],"collection":[{"href":"https:\/\/metaltale.com\/lv\/wp-json\/wp\/v2\/product"}],"about":[{"href":"https:\/\/metaltale.com\/lv\/wp-json\/wp\/v2\/types\/product"}],"replies":[{"embeddable":true,"href":"https:\/\/metaltale.com\/lv\/wp-json\/wp\/v2\/comments?post=51668"}],"version-history":[{"count":3,"href":"https:\/\/metaltale.com\/lv\/wp-json\/wp\/v2\/product\/51668\/revisions"}],"predecessor-version":[{"id":142802,"href":"https:\/\/metaltale.com\/lv\/wp-json\/wp\/v2\/product\/51668\/revisions\/142802"}],"wp:featuredmedia":[{"embeddable":true,"href":"https:\/\/metaltale.com\/lv\/wp-json\/wp\/v2\/media\/51669"}],"wp:attachment":[{"href":"https:\/\/metaltale.com\/lv\/wp-json\/wp\/v2\/media?parent=51668"}],"wp:term":[{"taxonomy":"product_brand","embeddable":true,"href":"https:\/\/metaltale.com\/lv\/wp-json\/wp\/v2\/product_brand?post=51668"},{"taxonomy":"product_cat","embeddable":true,"href":"https:\/\/metaltale.com\/lv\/wp-json\/wp\/v2\/product_cat?post=51668"},{"taxonomy":"product_tag","embeddable":true,"href":"https:\/\/metaltale.com\/lv\/wp-json\/wp\/v2\/product_tag?post=51668"}],"curies":[{"name":"wp","href":"https:\/\/api.w.org\/{rel}","templated":true}]}}