{"id":140799,"date":"2024-01-19T21:11:00","date_gmt":"2024-01-19T19:11:00","guid":{"rendered":"https:\/\/metaltale.com\/produktas\/ozolkoka-galda-virsma-herringbone-lux-90x160-cm-dabiga-ella\/"},"modified":"2024-01-19T21:11:00","modified_gmt":"2024-01-19T19:11:00","slug":"ozolkoka-galda-virsma-herringbone-lux-90x160-cm-dabiga-ella","status":"publish","type":"product","link":"https:\/\/metaltale.com\/lv\/produkts\/ozolkoka-galda-virsma-herringbone-lux-90x160-cm-dabiga-ella\/","title":{"rendered":"Ozolkoka galda virsma HERRINGBONE LUX 90X160 cm, dab\u012bg\u0101 e\u013c\u013ca"},"content":{"rendered":"<p><strong>Modelis<\/strong> JOD.O-OL<br \/>\n<strong>Materi\u0101ls<\/strong> Ozols<br \/>\n<strong>Materi\u0101la biezums (cm<\/strong> ) 4<br \/>\nKr\u0101sa Koks &#8211; dab\u012bg\u0101 e\u013c\u013ca<br \/>\nApdare ar e\u013c\u013cas audumu<br \/>\nDaudzums komplekt\u0101 1 gab.<\/p>\n<p>&#8211; Ozolkoka darba virsma, format\u0113ta (visas malas nogrieztas taisn\u0101 le\u0146\u0137\u012b)<br \/>\n&#8211; impregn\u0113\u0161ana ar dab\u012bgo e\u013c\u013cu, lai aizsarg\u0101tu darba virsmas virsmu.<br \/>\n&#8211; iztur\u012bga konstrukcija, ko balsta mas\u012bvs ozolkoka r\u0101mis.<br \/>\n&#8211; divcentimetru biezu d\u0113\u013cu, kas piel\u012bm\u0113ti pie galdnieka d\u0113\u013ca, si\u013c\u0137es raksts.<br \/>\n&#8211; darba virsmas apak\u0161\u0101 ir 2 cm bieza galdnieka pl\u0101ksne.<br \/>\n&#8211; Tiek saglab\u0101ta koksnes dabisk\u0101 arhitekt\u016bra &#8211; kr\u0101sas izmai\u0146as, plaisas, mezgli un mezglu caurumi.<\/p>\n<p>\u0112damgalds &#8211; m\u0101jas sirds un katra m\u0101jinieka ikdienas sabiedrotais &#8211; ir r\u016bp\u012bgi j\u0101izv\u0113las. Augst\u0101k\u0101 kvalit\u0101te ir tikpat svar\u012bga k\u0101 m\u0113be\u013cu izm\u0113rs, forma un stils. Ja tirg\u016b nav pieejams j\u016bsu sap\u0146u koka galds, izv\u0113lieties Herringbone Lux ozolkoka galda virsmu un jebkuras pied\u0101v\u0101t\u0101s t\u0113rauda k\u0101jas. Tas rada unik\u0101lu m\u0113beli ar personisku izskatu. Klasiska raksta mas\u012bva un mas\u012bva ozolkoka darba virsma izskat\u0101s p\u0101rlaic\u012bga un viegli iederas jebkur\u0101 vid\u0113 &#8211; retro virtuv\u0113, industri\u0101l\u0101 \u0113damistab\u0101, modern\u0101 biroj\u0101. Pie galdnieka d\u0113\u013ca piel\u012bm\u0113tie ozolkoka d\u0113\u013ci ir p\u0101rkl\u0101ti ar koka karkasu, kas garant\u0113 iztur\u012bbu. E\u013c\u013cas impregn\u0113\u0161ana aizsarg\u0101 darba virsmas virsmu un izce\u013c r\u016bp\u012bgi atlas\u012bt\u0101 izejmateri\u0101la dabisk\u0101s \u012bpa\u0161\u012bbas, piem\u0113ram, nelielas plaisas, mezglus un kr\u0101sas izmai\u0146as. E\u013c\u013cu kauli\u0146u raksta retro elegance izstaro siltumu, vienlaikus radot m\u0101j\u012bgu atmosf\u0113ru, kas veicina sarunas un pusdieno\u0161anu.<\/p>\n","protected":false},"excerpt":{"rendered":"<p>Modelis JOD.O-OL Materi\u0101ls Ozols Materi\u0101la biezums (cm ) 4 Kr\u0101sa Koks &#8211; dab\u012bg\u0101 e\u013c\u013ca Apdare ar e\u013c\u013cas audumu Daudzums komplekt\u0101<\/p>\n","protected":false},"featured_media":128617,"comment_status":"open","ping_status":"closed","template":"","meta":{"_acf_changed":false,"pmpro_default_level":""},"product_brand":[],"product_cat":[24058,24132],"product_tag":[],"class_list":{"0":"post-140799","1":"product","2":"type-product","3":"status-publish","4":"has-post-thumbnail","6":"product_cat-koka-darba-virsmas","7":"product_cat-koka-galda-virsmas-galdiem-un-zurnalu-galdiniem","8":"pmpro-has-access","10":"first","11":"instock","12":"shipping-taxable","13":"purchasable","14":"product-type-simple"},"acf":[],"yoast_head":"<!-- This site is optimized with the Yoast SEO plugin v24.9 - https:\/\/yoast.com\/wordpress\/plugins\/seo\/ -->\n<title>Ozolkoka galda virsma HERRINGBONE LUX 90X160 cm, dab\u012bg\u0101 e\u013c\u013ca - MetalTale.com<\/title>\n<meta name=\"robots\" content=\"index, follow, max-snippet:-1, max-image-preview:large, max-video-preview:-1\" \/>\n<link rel=\"canonical\" href=\"https:\/\/metaltale.com\/lv\/produkts\/ozolkoka-galda-virsma-herringbone-lux-90x160-cm-dabiga-ella\/\" \/>\n<meta property=\"og:locale\" content=\"lv_LV\" \/>\n<meta property=\"og:type\" content=\"article\" \/>\n<meta property=\"og:title\" content=\"Ozolkoka galda virsma HERRINGBONE LUX 90X160 cm, dab\u012bg\u0101 e\u013c\u013ca - MetalTale.com\" \/>\n<meta property=\"og:description\" content=\"Modelis JOD.O-OL Materi\u0101ls Ozols Materi\u0101la biezums (cm ) 4 Kr\u0101sa Koks &#8211; dab\u012bg\u0101 e\u013c\u013ca Apdare ar e\u013c\u013cas audumu Daudzums komplekt\u0101\" \/>\n<meta property=\"og:url\" content=\"https:\/\/metaltale.com\/lv\/produkts\/ozolkoka-galda-virsma-herringbone-lux-90x160-cm-dabiga-ella\/\" \/>\n<meta property=\"og:site_name\" content=\"MetalTale.com\" \/>\n<meta property=\"og:image\" content=\"https:\/\/metaltale.com\/wp-content\/uploads\/2024\/01\/JOD.O-OL-90X160.jpg\" \/>\n\t<meta property=\"og:image:width\" content=\"800\" \/>\n\t<meta property=\"og:image:height\" content=\"800\" \/>\n\t<meta property=\"og:image:type\" content=\"image\/jpeg\" \/>\n<meta name=\"twitter:card\" content=\"summary_large_image\" \/>\n<meta name=\"twitter:label1\" content=\"Est. reading time\" \/>\n\t<meta name=\"twitter:data1\" content=\"1 minute\" \/>\n<script type=\"application\/ld+json\" class=\"yoast-schema-graph\">{\"@context\":\"https:\/\/schema.org\",\"@graph\":[{\"@type\":\"WebPage\",\"@id\":\"https:\/\/metaltale.com\/lv\/produkts\/ozolkoka-galda-virsma-herringbone-lux-90x160-cm-dabiga-ella\/\",\"url\":\"https:\/\/metaltale.com\/lv\/produkts\/ozolkoka-galda-virsma-herringbone-lux-90x160-cm-dabiga-ella\/\",\"name\":\"Ozolkoka galda virsma HERRINGBONE LUX 90X160 cm, dab\u012bg\u0101 e\u013c\u013ca - MetalTale.com\",\"isPartOf\":{\"@id\":\"https:\/\/metaltale.com\/lv\/#website\"},\"primaryImageOfPage\":{\"@id\":\"https:\/\/metaltale.com\/lv\/produkts\/ozolkoka-galda-virsma-herringbone-lux-90x160-cm-dabiga-ella\/#primaryimage\"},\"image\":{\"@id\":\"https:\/\/metaltale.com\/lv\/produkts\/ozolkoka-galda-virsma-herringbone-lux-90x160-cm-dabiga-ella\/#primaryimage\"},\"thumbnailUrl\":\"https:\/\/metaltale.com\/wp-content\/uploads\/2024\/01\/JOD.O-OL-90X160.jpg\",\"datePublished\":\"2024-01-19T19:11:00+00:00\",\"breadcrumb\":{\"@id\":\"https:\/\/metaltale.com\/lv\/produkts\/ozolkoka-galda-virsma-herringbone-lux-90x160-cm-dabiga-ella\/#breadcrumb\"},\"inLanguage\":\"lv-LV\",\"potentialAction\":[{\"@type\":\"ReadAction\",\"target\":[\"https:\/\/metaltale.com\/lv\/produkts\/ozolkoka-galda-virsma-herringbone-lux-90x160-cm-dabiga-ella\/\"]}]},{\"@type\":\"ImageObject\",\"inLanguage\":\"lv-LV\",\"@id\":\"https:\/\/metaltale.com\/lv\/produkts\/ozolkoka-galda-virsma-herringbone-lux-90x160-cm-dabiga-ella\/#primaryimage\",\"url\":\"https:\/\/metaltale.com\/wp-content\/uploads\/2024\/01\/JOD.O-OL-90X160.jpg\",\"contentUrl\":\"https:\/\/metaltale.com\/wp-content\/uploads\/2024\/01\/JOD.O-OL-90X160.jpg\",\"width\":800,\"height\":800},{\"@type\":\"BreadcrumbList\",\"@id\":\"https:\/\/metaltale.com\/lv\/produkts\/ozolkoka-galda-virsma-herringbone-lux-90x160-cm-dabiga-ella\/#breadcrumb\",\"itemListElement\":[{\"@type\":\"ListItem\",\"position\":1,\"name\":\"Home\",\"item\":\"https:\/\/metaltale.com\/lv\/majas\/\"},{\"@type\":\"ListItem\",\"position\":2,\"name\":\"Veikals\",\"item\":\"https:\/\/metaltale.com\/lv\/shop\/\"},{\"@type\":\"ListItem\",\"position\":3,\"name\":\"Ozolkoka galda virsma HERRINGBONE LUX 90X160 cm, dab\u012bg\u0101 e\u013c\u013ca\"}]},{\"@type\":\"WebSite\",\"@id\":\"https:\/\/metaltale.com\/lv\/#website\",\"url\":\"https:\/\/metaltale.com\/lv\/\",\"name\":\"Metaltale.com\",\"description\":\"\",\"potentialAction\":[{\"@type\":\"SearchAction\",\"target\":{\"@type\":\"EntryPoint\",\"urlTemplate\":\"https:\/\/metaltale.com\/lv\/?s={search_term_string}\"},\"query-input\":{\"@type\":\"PropertyValueSpecification\",\"valueRequired\":true,\"valueName\":\"search_term_string\"}}],\"inLanguage\":\"lv-LV\"}]}<\/script>\n<!-- \/ Yoast SEO plugin. -->","yoast_head_json":{"title":"Ozolkoka galda virsma HERRINGBONE LUX 90X160 cm, dab\u012bg\u0101 e\u013c\u013ca - MetalTale.com","robots":{"index":"index","follow":"follow","max-snippet":"max-snippet:-1","max-image-preview":"max-image-preview:large","max-video-preview":"max-video-preview:-1"},"canonical":"https:\/\/metaltale.com\/lv\/produkts\/ozolkoka-galda-virsma-herringbone-lux-90x160-cm-dabiga-ella\/","og_locale":"lv_LV","og_type":"article","og_title":"Ozolkoka galda virsma HERRINGBONE LUX 90X160 cm, dab\u012bg\u0101 e\u013c\u013ca - MetalTale.com","og_description":"Modelis JOD.O-OL Materi\u0101ls Ozols Materi\u0101la biezums (cm ) 4 Kr\u0101sa Koks &#8211; dab\u012bg\u0101 e\u013c\u013ca Apdare ar e\u013c\u013cas audumu Daudzums komplekt\u0101","og_url":"https:\/\/metaltale.com\/lv\/produkts\/ozolkoka-galda-virsma-herringbone-lux-90x160-cm-dabiga-ella\/","og_site_name":"MetalTale.com","og_image":[{"width":800,"height":800,"url":"https:\/\/metaltale.com\/wp-content\/uploads\/2024\/01\/JOD.O-OL-90X160.jpg","type":"image\/jpeg"}],"twitter_card":"summary_large_image","twitter_misc":{"Est. reading time":"1 minute"},"schema":{"@context":"https:\/\/schema.org","@graph":[{"@type":"WebPage","@id":"https:\/\/metaltale.com\/lv\/produkts\/ozolkoka-galda-virsma-herringbone-lux-90x160-cm-dabiga-ella\/","url":"https:\/\/metaltale.com\/lv\/produkts\/ozolkoka-galda-virsma-herringbone-lux-90x160-cm-dabiga-ella\/","name":"Ozolkoka galda virsma HERRINGBONE LUX 90X160 cm, dab\u012bg\u0101 e\u013c\u013ca - MetalTale.com","isPartOf":{"@id":"https:\/\/metaltale.com\/lv\/#website"},"primaryImageOfPage":{"@id":"https:\/\/metaltale.com\/lv\/produkts\/ozolkoka-galda-virsma-herringbone-lux-90x160-cm-dabiga-ella\/#primaryimage"},"image":{"@id":"https:\/\/metaltale.com\/lv\/produkts\/ozolkoka-galda-virsma-herringbone-lux-90x160-cm-dabiga-ella\/#primaryimage"},"thumbnailUrl":"https:\/\/metaltale.com\/wp-content\/uploads\/2024\/01\/JOD.O-OL-90X160.jpg","datePublished":"2024-01-19T19:11:00+00:00","breadcrumb":{"@id":"https:\/\/metaltale.com\/lv\/produkts\/ozolkoka-galda-virsma-herringbone-lux-90x160-cm-dabiga-ella\/#breadcrumb"},"inLanguage":"lv-LV","potentialAction":[{"@type":"ReadAction","target":["https:\/\/metaltale.com\/lv\/produkts\/ozolkoka-galda-virsma-herringbone-lux-90x160-cm-dabiga-ella\/"]}]},{"@type":"ImageObject","inLanguage":"lv-LV","@id":"https:\/\/metaltale.com\/lv\/produkts\/ozolkoka-galda-virsma-herringbone-lux-90x160-cm-dabiga-ella\/#primaryimage","url":"https:\/\/metaltale.com\/wp-content\/uploads\/2024\/01\/JOD.O-OL-90X160.jpg","contentUrl":"https:\/\/metaltale.com\/wp-content\/uploads\/2024\/01\/JOD.O-OL-90X160.jpg","width":800,"height":800},{"@type":"BreadcrumbList","@id":"https:\/\/metaltale.com\/lv\/produkts\/ozolkoka-galda-virsma-herringbone-lux-90x160-cm-dabiga-ella\/#breadcrumb","itemListElement":[{"@type":"ListItem","position":1,"name":"Home","item":"https:\/\/metaltale.com\/lv\/majas\/"},{"@type":"ListItem","position":2,"name":"Veikals","item":"https:\/\/metaltale.com\/lv\/shop\/"},{"@type":"ListItem","position":3,"name":"Ozolkoka galda virsma HERRINGBONE LUX 90X160 cm, dab\u012bg\u0101 e\u013c\u013ca"}]},{"@type":"WebSite","@id":"https:\/\/metaltale.com\/lv\/#website","url":"https:\/\/metaltale.com\/lv\/","name":"Metaltale.com","description":"","potentialAction":[{"@type":"SearchAction","target":{"@type":"EntryPoint","urlTemplate":"https:\/\/metaltale.com\/lv\/?s={search_term_string}"},"query-input":{"@type":"PropertyValueSpecification","valueRequired":true,"valueName":"search_term_string"}}],"inLanguage":"lv-LV"}]}},"_links":{"self":[{"href":"https:\/\/metaltale.com\/lv\/wp-json\/wp\/v2\/product\/140799","targetHints":{"allow":["GET"]}}],"collection":[{"href":"https:\/\/metaltale.com\/lv\/wp-json\/wp\/v2\/product"}],"about":[{"href":"https:\/\/metaltale.com\/lv\/wp-json\/wp\/v2\/types\/product"}],"replies":[{"embeddable":true,"href":"https:\/\/metaltale.com\/lv\/wp-json\/wp\/v2\/comments?post=140799"}],"version-history":[{"count":0,"href":"https:\/\/metaltale.com\/lv\/wp-json\/wp\/v2\/product\/140799\/revisions"}],"wp:featuredmedia":[{"embeddable":true,"href":"https:\/\/metaltale.com\/lv\/wp-json\/wp\/v2\/media\/128617"}],"wp:attachment":[{"href":"https:\/\/metaltale.com\/lv\/wp-json\/wp\/v2\/media?parent=140799"}],"wp:term":[{"taxonomy":"product_brand","embeddable":true,"href":"https:\/\/metaltale.com\/lv\/wp-json\/wp\/v2\/product_brand?post=140799"},{"taxonomy":"product_cat","embeddable":true,"href":"https:\/\/metaltale.com\/lv\/wp-json\/wp\/v2\/product_cat?post=140799"},{"taxonomy":"product_tag","embeddable":true,"href":"https:\/\/metaltale.com\/lv\/wp-json\/wp\/v2\/product_tag?post=140799"}],"curies":[{"name":"wp","href":"https:\/\/api.w.org\/{rel}","templated":true}]}}