{"id":140795,"date":"2024-01-19T20:56:05","date_gmt":"2024-01-19T18:56:05","guid":{"rendered":"https:\/\/metaltale.com\/produktas\/ozolkoka-galda-virsma-romanteka-1-80x160-cm-dabiga-ella\/"},"modified":"2024-01-19T20:56:05","modified_gmt":"2024-01-19T18:56:05","slug":"ozolkoka-galda-virsma-romanteka-1-80x160-cm-dabiga-ella","status":"publish","type":"product","link":"https:\/\/metaltale.com\/lv\/produkts\/ozolkoka-galda-virsma-romanteka-1-80x160-cm-dabiga-ella\/","title":{"rendered":"Ozolkoka galda virsma ROMANTEKA 1; 80&#215;160 cm, dab\u012bg\u0101 e\u013c\u013ca"},"content":{"rendered":"<p><strong>Modelis<\/strong> SE.BLT.SE-PRGR<br \/>\n<strong>Materi\u0101ls<\/strong> Ozols<br \/>\n<strong>Materi\u0101la biezums (cm<\/strong> ) 3,8<br \/>\nKr\u0101sa Koks &#8211; dab\u012bg\u0101 e\u013c\u013ca<br \/>\nApdare ar e\u013c\u013cas audumu<br \/>\nDaudzums komplekt\u0101 1 gab.<\/p>\n<p>&#8211; \u0161aura ozolkoka galda virsma ar div\u0101m neregul\u0101r\u0101m mal\u0101m (flan\u0161\u0113tas gar malu)<br \/>\n&#8211; Darba virsmas virsma ir aizsarg\u0101ta ar dab\u012bgo e\u013c\u013cu<br \/>\n&#8211; Minim\u0101lais platums ir \u0161aur\u0101kais platums, skatoties uz<br \/>\n&#8211; Maksim\u0101lais platums ir att\u0101lums starp gal\u0113jiem darba virsmas punktiem.<br \/>\n&#8211; R\u016bp\u012bga izv\u0113le \u013cauj izmantot l\u012bdz\u012bgas kr\u0101sas un maz\u0101k baltus materi\u0101lus.<br \/>\n&#8211; Saglab\u0101ta dabisk\u0101 koka arhitekt\u016bra &#8211; kr\u0101sas mai\u0146a, seklas plaisas, mezgli.<\/p>\n<p>ROMANTEKA ozolkoka darba virsma ir k\u0101 tilts starp mier\u012bgo dab\u012bgo koksni un drosm\u012bgo Rustwood. Izstr\u0101d\u0101juma rakstur\u012bg\u0101 iez\u012bme ir neregul\u0101ras malas, kas atspogu\u013co \u012bstu dabas darbu. Darba virsma ir izgatavota no r\u016bp\u012bgi atlas\u012bta 40 mm bieza koka. Iztur\u012bgo, p\u0113c pas\u016bt\u012bjuma izgatavoto ozolkoka galda virsmu var kombin\u0113t ar m\u016bsu pied\u0101v\u0101juma k\u0101j\u0101m, lai izveidotu rakst\u0101mgaldus, kafijas galdi\u0146us un rakst\u0101mgaldus. Ar rok\u0101m darin\u0101tas m\u0113beles garant\u0113 unikalit\u0101ti. &#8220;DIY&#8221; projekti sniedz jums br\u012bv\u012bbu izv\u0113l\u0113ties pamatni un stilu, k\u0101d\u0101 saglab\u0101t formu. Dab\u012bg\u0101 e\u013c\u013ca ir lieliska impregn\u0113\u0161anas metode, kas aizsarg\u0101 ozolkoka koksni, iek\u013c\u016bstot t\u0101s strukt\u016br\u0101 un vienlaikus pie\u0161\u0137irot tai maigu kr\u0101su.<\/p>\n","protected":false},"excerpt":{"rendered":"<p>Modelis SE.BLT.SE-PRGR Materi\u0101ls Ozols Materi\u0101la biezums (cm ) 3,8 Kr\u0101sa Koks &#8211; dab\u012bg\u0101 e\u013c\u013ca Apdare ar e\u013c\u013cas audumu Daudzums komplekt\u0101<\/p>\n","protected":false},"featured_media":132083,"comment_status":"open","ping_status":"closed","template":"","meta":{"_acf_changed":false,"pmpro_default_level":""},"product_brand":[],"product_cat":[24058,24132],"product_tag":[],"class_list":{"0":"post-140795","1":"product","2":"type-product","3":"status-publish","4":"has-post-thumbnail","6":"product_cat-koka-darba-virsmas","7":"product_cat-koka-galda-virsmas-galdiem-un-zurnalu-galdiniem","8":"pmpro-has-access","10":"first","11":"outofstock","12":"shipping-taxable","13":"purchasable","14":"product-type-simple"},"acf":[],"yoast_head":"<!-- This site is optimized with the Yoast SEO plugin v24.9 - https:\/\/yoast.com\/wordpress\/plugins\/seo\/ -->\n<title>Ozolkoka galda virsma ROMANTEKA 1; 80x160 cm, dab\u012bg\u0101 e\u013c\u013ca - MetalTale.com<\/title>\n<meta name=\"robots\" content=\"index, follow, max-snippet:-1, max-image-preview:large, max-video-preview:-1\" \/>\n<link rel=\"canonical\" href=\"https:\/\/metaltale.com\/lv\/produkts\/ozolkoka-galda-virsma-romanteka-1-80x160-cm-dabiga-ella\/\" \/>\n<meta property=\"og:locale\" content=\"lv_LV\" \/>\n<meta property=\"og:type\" content=\"article\" \/>\n<meta property=\"og:title\" content=\"Ozolkoka galda virsma ROMANTEKA 1; 80x160 cm, dab\u012bg\u0101 e\u013c\u013ca - MetalTale.com\" \/>\n<meta property=\"og:description\" content=\"Modelis SE.BLT.SE-PRGR Materi\u0101ls Ozols Materi\u0101la biezums (cm ) 3,8 Kr\u0101sa Koks &#8211; dab\u012bg\u0101 e\u013c\u013ca Apdare ar e\u013c\u013cas audumu Daudzums komplekt\u0101\" \/>\n<meta property=\"og:url\" content=\"https:\/\/metaltale.com\/lv\/produkts\/ozolkoka-galda-virsma-romanteka-1-80x160-cm-dabiga-ella\/\" \/>\n<meta property=\"og:site_name\" content=\"MetalTale.com\" \/>\n<meta property=\"og:image\" content=\"https:\/\/metaltale.com\/wp-content\/uploads\/2024\/01\/Azuolinis-stalvirsis-ROMANTEKA-1-80x160-naturali-alyva.jpg\" \/>\n\t<meta property=\"og:image:width\" content=\"800\" \/>\n\t<meta property=\"og:image:height\" content=\"800\" \/>\n\t<meta property=\"og:image:type\" content=\"image\/jpeg\" \/>\n<meta name=\"twitter:card\" content=\"summary_large_image\" \/>\n<meta name=\"twitter:label1\" content=\"Est. reading time\" \/>\n\t<meta name=\"twitter:data1\" content=\"1 minute\" \/>\n<script type=\"application\/ld+json\" class=\"yoast-schema-graph\">{\"@context\":\"https:\/\/schema.org\",\"@graph\":[{\"@type\":\"WebPage\",\"@id\":\"https:\/\/metaltale.com\/lv\/produkts\/ozolkoka-galda-virsma-romanteka-1-80x160-cm-dabiga-ella\/\",\"url\":\"https:\/\/metaltale.com\/lv\/produkts\/ozolkoka-galda-virsma-romanteka-1-80x160-cm-dabiga-ella\/\",\"name\":\"Ozolkoka galda virsma ROMANTEKA 1; 80x160 cm, dab\u012bg\u0101 e\u013c\u013ca - MetalTale.com\",\"isPartOf\":{\"@id\":\"https:\/\/metaltale.com\/lv\/#website\"},\"primaryImageOfPage\":{\"@id\":\"https:\/\/metaltale.com\/lv\/produkts\/ozolkoka-galda-virsma-romanteka-1-80x160-cm-dabiga-ella\/#primaryimage\"},\"image\":{\"@id\":\"https:\/\/metaltale.com\/lv\/produkts\/ozolkoka-galda-virsma-romanteka-1-80x160-cm-dabiga-ella\/#primaryimage\"},\"thumbnailUrl\":\"https:\/\/metaltale.com\/wp-content\/uploads\/2024\/01\/Azuolinis-stalvirsis-ROMANTEKA-1-80x160-naturali-alyva.jpg\",\"datePublished\":\"2024-01-19T18:56:05+00:00\",\"breadcrumb\":{\"@id\":\"https:\/\/metaltale.com\/lv\/produkts\/ozolkoka-galda-virsma-romanteka-1-80x160-cm-dabiga-ella\/#breadcrumb\"},\"inLanguage\":\"lv-LV\",\"potentialAction\":[{\"@type\":\"ReadAction\",\"target\":[\"https:\/\/metaltale.com\/lv\/produkts\/ozolkoka-galda-virsma-romanteka-1-80x160-cm-dabiga-ella\/\"]}]},{\"@type\":\"ImageObject\",\"inLanguage\":\"lv-LV\",\"@id\":\"https:\/\/metaltale.com\/lv\/produkts\/ozolkoka-galda-virsma-romanteka-1-80x160-cm-dabiga-ella\/#primaryimage\",\"url\":\"https:\/\/metaltale.com\/wp-content\/uploads\/2024\/01\/Azuolinis-stalvirsis-ROMANTEKA-1-80x160-naturali-alyva.jpg\",\"contentUrl\":\"https:\/\/metaltale.com\/wp-content\/uploads\/2024\/01\/Azuolinis-stalvirsis-ROMANTEKA-1-80x160-naturali-alyva.jpg\",\"width\":800,\"height\":800,\"caption\":\"Ozolkoka galda virsma ROMANTEKA 1; 80x160 dab\u012bg\u0101 e\u013c\u013ca\"},{\"@type\":\"BreadcrumbList\",\"@id\":\"https:\/\/metaltale.com\/lv\/produkts\/ozolkoka-galda-virsma-romanteka-1-80x160-cm-dabiga-ella\/#breadcrumb\",\"itemListElement\":[{\"@type\":\"ListItem\",\"position\":1,\"name\":\"Home\",\"item\":\"https:\/\/metaltale.com\/lv\/majas\/\"},{\"@type\":\"ListItem\",\"position\":2,\"name\":\"Veikals\",\"item\":\"https:\/\/metaltale.com\/lv\/shop\/\"},{\"@type\":\"ListItem\",\"position\":3,\"name\":\"Ozolkoka galda virsma ROMANTEKA 1; 80&#215;160 cm, dab\u012bg\u0101 e\u013c\u013ca\"}]},{\"@type\":\"WebSite\",\"@id\":\"https:\/\/metaltale.com\/lv\/#website\",\"url\":\"https:\/\/metaltale.com\/lv\/\",\"name\":\"Metaltale.com\",\"description\":\"\",\"potentialAction\":[{\"@type\":\"SearchAction\",\"target\":{\"@type\":\"EntryPoint\",\"urlTemplate\":\"https:\/\/metaltale.com\/lv\/?s={search_term_string}\"},\"query-input\":{\"@type\":\"PropertyValueSpecification\",\"valueRequired\":true,\"valueName\":\"search_term_string\"}}],\"inLanguage\":\"lv-LV\"}]}<\/script>\n<!-- \/ Yoast SEO plugin. -->","yoast_head_json":{"title":"Ozolkoka galda virsma ROMANTEKA 1; 80x160 cm, dab\u012bg\u0101 e\u013c\u013ca - MetalTale.com","robots":{"index":"index","follow":"follow","max-snippet":"max-snippet:-1","max-image-preview":"max-image-preview:large","max-video-preview":"max-video-preview:-1"},"canonical":"https:\/\/metaltale.com\/lv\/produkts\/ozolkoka-galda-virsma-romanteka-1-80x160-cm-dabiga-ella\/","og_locale":"lv_LV","og_type":"article","og_title":"Ozolkoka galda virsma ROMANTEKA 1; 80x160 cm, dab\u012bg\u0101 e\u013c\u013ca - MetalTale.com","og_description":"Modelis SE.BLT.SE-PRGR Materi\u0101ls Ozols Materi\u0101la biezums (cm ) 3,8 Kr\u0101sa Koks &#8211; dab\u012bg\u0101 e\u013c\u013ca Apdare ar e\u013c\u013cas audumu Daudzums komplekt\u0101","og_url":"https:\/\/metaltale.com\/lv\/produkts\/ozolkoka-galda-virsma-romanteka-1-80x160-cm-dabiga-ella\/","og_site_name":"MetalTale.com","og_image":[{"width":800,"height":800,"url":"https:\/\/metaltale.com\/wp-content\/uploads\/2024\/01\/Azuolinis-stalvirsis-ROMANTEKA-1-80x160-naturali-alyva.jpg","type":"image\/jpeg"}],"twitter_card":"summary_large_image","twitter_misc":{"Est. reading time":"1 minute"},"schema":{"@context":"https:\/\/schema.org","@graph":[{"@type":"WebPage","@id":"https:\/\/metaltale.com\/lv\/produkts\/ozolkoka-galda-virsma-romanteka-1-80x160-cm-dabiga-ella\/","url":"https:\/\/metaltale.com\/lv\/produkts\/ozolkoka-galda-virsma-romanteka-1-80x160-cm-dabiga-ella\/","name":"Ozolkoka galda virsma ROMANTEKA 1; 80x160 cm, dab\u012bg\u0101 e\u013c\u013ca - MetalTale.com","isPartOf":{"@id":"https:\/\/metaltale.com\/lv\/#website"},"primaryImageOfPage":{"@id":"https:\/\/metaltale.com\/lv\/produkts\/ozolkoka-galda-virsma-romanteka-1-80x160-cm-dabiga-ella\/#primaryimage"},"image":{"@id":"https:\/\/metaltale.com\/lv\/produkts\/ozolkoka-galda-virsma-romanteka-1-80x160-cm-dabiga-ella\/#primaryimage"},"thumbnailUrl":"https:\/\/metaltale.com\/wp-content\/uploads\/2024\/01\/Azuolinis-stalvirsis-ROMANTEKA-1-80x160-naturali-alyva.jpg","datePublished":"2024-01-19T18:56:05+00:00","breadcrumb":{"@id":"https:\/\/metaltale.com\/lv\/produkts\/ozolkoka-galda-virsma-romanteka-1-80x160-cm-dabiga-ella\/#breadcrumb"},"inLanguage":"lv-LV","potentialAction":[{"@type":"ReadAction","target":["https:\/\/metaltale.com\/lv\/produkts\/ozolkoka-galda-virsma-romanteka-1-80x160-cm-dabiga-ella\/"]}]},{"@type":"ImageObject","inLanguage":"lv-LV","@id":"https:\/\/metaltale.com\/lv\/produkts\/ozolkoka-galda-virsma-romanteka-1-80x160-cm-dabiga-ella\/#primaryimage","url":"https:\/\/metaltale.com\/wp-content\/uploads\/2024\/01\/Azuolinis-stalvirsis-ROMANTEKA-1-80x160-naturali-alyva.jpg","contentUrl":"https:\/\/metaltale.com\/wp-content\/uploads\/2024\/01\/Azuolinis-stalvirsis-ROMANTEKA-1-80x160-naturali-alyva.jpg","width":800,"height":800,"caption":"Ozolkoka galda virsma ROMANTEKA 1; 80x160 dab\u012bg\u0101 e\u013c\u013ca"},{"@type":"BreadcrumbList","@id":"https:\/\/metaltale.com\/lv\/produkts\/ozolkoka-galda-virsma-romanteka-1-80x160-cm-dabiga-ella\/#breadcrumb","itemListElement":[{"@type":"ListItem","position":1,"name":"Home","item":"https:\/\/metaltale.com\/lv\/majas\/"},{"@type":"ListItem","position":2,"name":"Veikals","item":"https:\/\/metaltale.com\/lv\/shop\/"},{"@type":"ListItem","position":3,"name":"Ozolkoka galda virsma ROMANTEKA 1; 80&#215;160 cm, dab\u012bg\u0101 e\u013c\u013ca"}]},{"@type":"WebSite","@id":"https:\/\/metaltale.com\/lv\/#website","url":"https:\/\/metaltale.com\/lv\/","name":"Metaltale.com","description":"","potentialAction":[{"@type":"SearchAction","target":{"@type":"EntryPoint","urlTemplate":"https:\/\/metaltale.com\/lv\/?s={search_term_string}"},"query-input":{"@type":"PropertyValueSpecification","valueRequired":true,"valueName":"search_term_string"}}],"inLanguage":"lv-LV"}]}},"_links":{"self":[{"href":"https:\/\/metaltale.com\/lv\/wp-json\/wp\/v2\/product\/140795","targetHints":{"allow":["GET"]}}],"collection":[{"href":"https:\/\/metaltale.com\/lv\/wp-json\/wp\/v2\/product"}],"about":[{"href":"https:\/\/metaltale.com\/lv\/wp-json\/wp\/v2\/types\/product"}],"replies":[{"embeddable":true,"href":"https:\/\/metaltale.com\/lv\/wp-json\/wp\/v2\/comments?post=140795"}],"version-history":[{"count":0,"href":"https:\/\/metaltale.com\/lv\/wp-json\/wp\/v2\/product\/140795\/revisions"}],"wp:featuredmedia":[{"embeddable":true,"href":"https:\/\/metaltale.com\/lv\/wp-json\/wp\/v2\/media\/132083"}],"wp:attachment":[{"href":"https:\/\/metaltale.com\/lv\/wp-json\/wp\/v2\/media?parent=140795"}],"wp:term":[{"taxonomy":"product_brand","embeddable":true,"href":"https:\/\/metaltale.com\/lv\/wp-json\/wp\/v2\/product_brand?post=140795"},{"taxonomy":"product_cat","embeddable":true,"href":"https:\/\/metaltale.com\/lv\/wp-json\/wp\/v2\/product_cat?post=140795"},{"taxonomy":"product_tag","embeddable":true,"href":"https:\/\/metaltale.com\/lv\/wp-json\/wp\/v2\/product_tag?post=140795"}],"curies":[{"name":"wp","href":"https:\/\/api.w.org\/{rel}","templated":true}]}}