{"id":140794,"date":"2024-01-19T21:08:48","date_gmt":"2024-01-19T19:08:48","guid":{"rendered":"https:\/\/metaltale.com\/produktas\/ozolkoka-galda-virsma-solid-90x160-cm-dabiga-ella\/"},"modified":"2024-01-19T21:08:48","modified_gmt":"2024-01-19T19:08:48","slug":"ozolkoka-galda-virsma-solid-90x160-cm-dabiga-ella","status":"publish","type":"product","link":"https:\/\/metaltale.com\/lv\/produkts\/ozolkoka-galda-virsma-solid-90x160-cm-dabiga-ella\/","title":{"rendered":"Ozolkoka galda virsma SOLID 90&#215;160 cm, dab\u012bg\u0101 e\u013c\u013ca"},"content":{"rendered":"<p>SOL-OL <strong>modelis<\/strong><br \/>\n<strong>Materi\u0101ls<\/strong> Ozols<br \/>\n<strong>Materi\u0101la biezums (cm<\/strong> ) 4,8<br \/>\nKr\u0101sa Koks &#8211; dab\u012bg\u0101 e\u013c\u013ca<br \/>\nApdare ar e\u013c\u013cas audumu<br \/>\nDaudzums komplekt\u0101 1 gab.<\/p>\n<p>&#8211; format\u0113ta ozolkoka darba virsma (visas malas nogrieztas taisn\u0101 le\u0146\u0137\u012b)<br \/>\n&#8211; darba virsmas virsma ir aizsarg\u0101ta ar dab\u012bgo e\u013c\u013cu<br \/>\n&#8211; noapa\u013cotas malas elegancei<br \/>\n&#8211; finieris \u013cauj izv\u0113l\u0113ties materi\u0101lu atbilsto\u0161i graudu lielumam.<br \/>\n&#8211; koksnes dabisk\u0101s arhitekt\u016bras saglab\u0101\u0161ana &#8211; kr\u0101sas mai\u0146a, plaisas, mezgli.<br \/>\n&#8211; nav plaisu vis\u0101 darba virsmas biezum\u0101 vai savienojumos, uzmal\u0101s un uzmal\u0101s<br \/>\n&#8211; Ar \u0161pakteli aizpild\u012btas spraugas<br \/>\n&#8211; pied\u0101v\u0101jums attiecas tikai uz galda virsmu, un tas neattiecas uz m\u0113be\u013cu k\u0101j\u0101m.<\/p>\n<p>K\u0101p\u0113c SOLID? \u0160\u012b ir mas\u012bva ozolkoka darba virsma, kas izce\u013cas ar savu biezumu. L\u012bm\u0113ta darba virsma ar mier\u012bgu raksturu, ar sekliem izgriezumiem, kas aizpild\u012bti ar \u0161pakteles masu. Ide\u0101ls modelis dizaina \u0113damgalda izveidei. Darba virsmas eleganci apliecina noapa\u013cot\u0101s malas. Perfektu apdari, cita starp\u0101, nodro\u0161ina ra\u017eo\u0161anas proces\u0101 izmantot\u0101 tehnolo\u0123ija: pied\u0101v\u0101t\u0101 darba virsma ir asfalt\u0113ts modelis, kas \u013cauj izv\u0113l\u0113ties materi\u0101la fakt\u016bru. Darba virsma ar \u010detr\u0101m taisn\u0101m mal\u0101m ir klasisks risin\u0101jums, kas lieliski iederas da\u017e\u0101dos stilos &#8211; no retro un vintage stila l\u012bdz rustik\u0101lam, b\u0113ni\u0146u un industri\u0101lam. Pied\u0101v\u0101t\u0101s darba virsmas unikalit\u0101ti ietekm\u0113 ar\u012b \u0161aur\u0101ku d\u0113\u013cu (16 vai 18 cm atkar\u012bb\u0101 no darba virsmas platuma) l\u012bm\u0113\u0161ana. Ar dab\u012bgo e\u013c\u013cu pies\u016bcin\u0101t\u0101 koka darba virsma ieg\u016bst siltu salmu kr\u0101su. \u0160is ozolkoka koksnes aizsardz\u012bbas veids izce\u013c unik\u0101lo tekst\u016bru, neatst\u0101jot redzamu vai paman\u0101mu p\u0101rkl\u0101jumu.<\/p>\n","protected":false},"excerpt":{"rendered":"<p>SOL-OL modelis Materi\u0101ls Ozols Materi\u0101la biezums (cm ) 4,8 Kr\u0101sa Koks &#8211; dab\u012bg\u0101 e\u013c\u013ca Apdare ar e\u013c\u013cas audumu Daudzums komplekt\u0101<\/p>\n","protected":false},"featured_media":132152,"comment_status":"open","ping_status":"closed","template":"","meta":{"_acf_changed":false,"pmpro_default_level":""},"product_brand":[],"product_cat":[24058,24132],"product_tag":[],"class_list":{"0":"post-140794","1":"product","2":"type-product","3":"status-publish","4":"has-post-thumbnail","6":"product_cat-koka-darba-virsmas","7":"product_cat-koka-galda-virsmas-galdiem-un-zurnalu-galdiniem","8":"pmpro-has-access","10":"first","11":"instock","12":"shipping-taxable","13":"purchasable","14":"product-type-simple"},"acf":[],"yoast_head":"<!-- This site is optimized with the Yoast SEO plugin v24.9 - https:\/\/yoast.com\/wordpress\/plugins\/seo\/ -->\n<title>Ozolkoka galda virsma SOLID 90x160 cm, dab\u012bg\u0101 e\u013c\u013ca - MetalTale.com<\/title>\n<meta name=\"robots\" content=\"index, follow, max-snippet:-1, max-image-preview:large, max-video-preview:-1\" \/>\n<link rel=\"canonical\" href=\"https:\/\/metaltale.com\/lv\/produkts\/ozolkoka-galda-virsma-solid-90x160-cm-dabiga-ella\/\" \/>\n<meta property=\"og:locale\" content=\"lv_LV\" \/>\n<meta property=\"og:type\" content=\"article\" \/>\n<meta property=\"og:title\" content=\"Ozolkoka galda virsma SOLID 90x160 cm, dab\u012bg\u0101 e\u013c\u013ca - MetalTale.com\" \/>\n<meta property=\"og:description\" content=\"SOL-OL modelis Materi\u0101ls Ozols Materi\u0101la biezums (cm ) 4,8 Kr\u0101sa Koks &#8211; dab\u012bg\u0101 e\u013c\u013ca Apdare ar e\u013c\u013cas audumu Daudzums komplekt\u0101\" \/>\n<meta property=\"og:url\" content=\"https:\/\/metaltale.com\/lv\/produkts\/ozolkoka-galda-virsma-solid-90x160-cm-dabiga-ella\/\" \/>\n<meta property=\"og:site_name\" content=\"MetalTale.com\" \/>\n<meta property=\"og:image\" content=\"https:\/\/metaltale.com\/wp-content\/uploads\/2024\/01\/Azuolinis-stalvirsis-SOLID-90x160-cm-naturali-alyva.png\" \/>\n\t<meta property=\"og:image:width\" content=\"800\" \/>\n\t<meta property=\"og:image:height\" content=\"800\" \/>\n\t<meta property=\"og:image:type\" content=\"image\/png\" \/>\n<meta name=\"twitter:card\" content=\"summary_large_image\" \/>\n<meta name=\"twitter:label1\" content=\"Est. reading time\" \/>\n\t<meta name=\"twitter:data1\" content=\"1 minute\" \/>\n<script type=\"application\/ld+json\" class=\"yoast-schema-graph\">{\"@context\":\"https:\/\/schema.org\",\"@graph\":[{\"@type\":\"WebPage\",\"@id\":\"https:\/\/metaltale.com\/lv\/produkts\/ozolkoka-galda-virsma-solid-90x160-cm-dabiga-ella\/\",\"url\":\"https:\/\/metaltale.com\/lv\/produkts\/ozolkoka-galda-virsma-solid-90x160-cm-dabiga-ella\/\",\"name\":\"Ozolkoka galda virsma SOLID 90x160 cm, dab\u012bg\u0101 e\u013c\u013ca - MetalTale.com\",\"isPartOf\":{\"@id\":\"https:\/\/metaltale.com\/lv\/#website\"},\"primaryImageOfPage\":{\"@id\":\"https:\/\/metaltale.com\/lv\/produkts\/ozolkoka-galda-virsma-solid-90x160-cm-dabiga-ella\/#primaryimage\"},\"image\":{\"@id\":\"https:\/\/metaltale.com\/lv\/produkts\/ozolkoka-galda-virsma-solid-90x160-cm-dabiga-ella\/#primaryimage\"},\"thumbnailUrl\":\"https:\/\/metaltale.com\/wp-content\/uploads\/2024\/01\/Azuolinis-stalvirsis-SOLID-90x160-cm-naturali-alyva.png\",\"datePublished\":\"2024-01-19T19:08:48+00:00\",\"breadcrumb\":{\"@id\":\"https:\/\/metaltale.com\/lv\/produkts\/ozolkoka-galda-virsma-solid-90x160-cm-dabiga-ella\/#breadcrumb\"},\"inLanguage\":\"lv-LV\",\"potentialAction\":[{\"@type\":\"ReadAction\",\"target\":[\"https:\/\/metaltale.com\/lv\/produkts\/ozolkoka-galda-virsma-solid-90x160-cm-dabiga-ella\/\"]}]},{\"@type\":\"ImageObject\",\"inLanguage\":\"lv-LV\",\"@id\":\"https:\/\/metaltale.com\/lv\/produkts\/ozolkoka-galda-virsma-solid-90x160-cm-dabiga-ella\/#primaryimage\",\"url\":\"https:\/\/metaltale.com\/wp-content\/uploads\/2024\/01\/Azuolinis-stalvirsis-SOLID-90x160-cm-naturali-alyva.png\",\"contentUrl\":\"https:\/\/metaltale.com\/wp-content\/uploads\/2024\/01\/Azuolinis-stalvirsis-SOLID-90x160-cm-naturali-alyva.png\",\"width\":800,\"height\":800,\"caption\":\"Ozolkoka galda virsma SOLID 90x160 cm, dab\u012bg\u0101 e\u013c\u013ca\"},{\"@type\":\"BreadcrumbList\",\"@id\":\"https:\/\/metaltale.com\/lv\/produkts\/ozolkoka-galda-virsma-solid-90x160-cm-dabiga-ella\/#breadcrumb\",\"itemListElement\":[{\"@type\":\"ListItem\",\"position\":1,\"name\":\"Home\",\"item\":\"https:\/\/metaltale.com\/lv\/majas\/\"},{\"@type\":\"ListItem\",\"position\":2,\"name\":\"Veikals\",\"item\":\"https:\/\/metaltale.com\/lv\/shop\/\"},{\"@type\":\"ListItem\",\"position\":3,\"name\":\"Ozolkoka galda virsma SOLID 90&#215;160 cm, dab\u012bg\u0101 e\u013c\u013ca\"}]},{\"@type\":\"WebSite\",\"@id\":\"https:\/\/metaltale.com\/lv\/#website\",\"url\":\"https:\/\/metaltale.com\/lv\/\",\"name\":\"Metaltale.com\",\"description\":\"\",\"potentialAction\":[{\"@type\":\"SearchAction\",\"target\":{\"@type\":\"EntryPoint\",\"urlTemplate\":\"https:\/\/metaltale.com\/lv\/?s={search_term_string}\"},\"query-input\":{\"@type\":\"PropertyValueSpecification\",\"valueRequired\":true,\"valueName\":\"search_term_string\"}}],\"inLanguage\":\"lv-LV\"}]}<\/script>\n<!-- \/ Yoast SEO plugin. -->","yoast_head_json":{"title":"Ozolkoka galda virsma SOLID 90x160 cm, dab\u012bg\u0101 e\u013c\u013ca - MetalTale.com","robots":{"index":"index","follow":"follow","max-snippet":"max-snippet:-1","max-image-preview":"max-image-preview:large","max-video-preview":"max-video-preview:-1"},"canonical":"https:\/\/metaltale.com\/lv\/produkts\/ozolkoka-galda-virsma-solid-90x160-cm-dabiga-ella\/","og_locale":"lv_LV","og_type":"article","og_title":"Ozolkoka galda virsma SOLID 90x160 cm, dab\u012bg\u0101 e\u013c\u013ca - MetalTale.com","og_description":"SOL-OL modelis Materi\u0101ls Ozols Materi\u0101la biezums (cm ) 4,8 Kr\u0101sa Koks &#8211; dab\u012bg\u0101 e\u013c\u013ca Apdare ar e\u013c\u013cas audumu Daudzums komplekt\u0101","og_url":"https:\/\/metaltale.com\/lv\/produkts\/ozolkoka-galda-virsma-solid-90x160-cm-dabiga-ella\/","og_site_name":"MetalTale.com","og_image":[{"width":800,"height":800,"url":"https:\/\/metaltale.com\/wp-content\/uploads\/2024\/01\/Azuolinis-stalvirsis-SOLID-90x160-cm-naturali-alyva.png","type":"image\/png"}],"twitter_card":"summary_large_image","twitter_misc":{"Est. reading time":"1 minute"},"schema":{"@context":"https:\/\/schema.org","@graph":[{"@type":"WebPage","@id":"https:\/\/metaltale.com\/lv\/produkts\/ozolkoka-galda-virsma-solid-90x160-cm-dabiga-ella\/","url":"https:\/\/metaltale.com\/lv\/produkts\/ozolkoka-galda-virsma-solid-90x160-cm-dabiga-ella\/","name":"Ozolkoka galda virsma SOLID 90x160 cm, dab\u012bg\u0101 e\u013c\u013ca - MetalTale.com","isPartOf":{"@id":"https:\/\/metaltale.com\/lv\/#website"},"primaryImageOfPage":{"@id":"https:\/\/metaltale.com\/lv\/produkts\/ozolkoka-galda-virsma-solid-90x160-cm-dabiga-ella\/#primaryimage"},"image":{"@id":"https:\/\/metaltale.com\/lv\/produkts\/ozolkoka-galda-virsma-solid-90x160-cm-dabiga-ella\/#primaryimage"},"thumbnailUrl":"https:\/\/metaltale.com\/wp-content\/uploads\/2024\/01\/Azuolinis-stalvirsis-SOLID-90x160-cm-naturali-alyva.png","datePublished":"2024-01-19T19:08:48+00:00","breadcrumb":{"@id":"https:\/\/metaltale.com\/lv\/produkts\/ozolkoka-galda-virsma-solid-90x160-cm-dabiga-ella\/#breadcrumb"},"inLanguage":"lv-LV","potentialAction":[{"@type":"ReadAction","target":["https:\/\/metaltale.com\/lv\/produkts\/ozolkoka-galda-virsma-solid-90x160-cm-dabiga-ella\/"]}]},{"@type":"ImageObject","inLanguage":"lv-LV","@id":"https:\/\/metaltale.com\/lv\/produkts\/ozolkoka-galda-virsma-solid-90x160-cm-dabiga-ella\/#primaryimage","url":"https:\/\/metaltale.com\/wp-content\/uploads\/2024\/01\/Azuolinis-stalvirsis-SOLID-90x160-cm-naturali-alyva.png","contentUrl":"https:\/\/metaltale.com\/wp-content\/uploads\/2024\/01\/Azuolinis-stalvirsis-SOLID-90x160-cm-naturali-alyva.png","width":800,"height":800,"caption":"Ozolkoka galda virsma SOLID 90x160 cm, dab\u012bg\u0101 e\u013c\u013ca"},{"@type":"BreadcrumbList","@id":"https:\/\/metaltale.com\/lv\/produkts\/ozolkoka-galda-virsma-solid-90x160-cm-dabiga-ella\/#breadcrumb","itemListElement":[{"@type":"ListItem","position":1,"name":"Home","item":"https:\/\/metaltale.com\/lv\/majas\/"},{"@type":"ListItem","position":2,"name":"Veikals","item":"https:\/\/metaltale.com\/lv\/shop\/"},{"@type":"ListItem","position":3,"name":"Ozolkoka galda virsma SOLID 90&#215;160 cm, dab\u012bg\u0101 e\u013c\u013ca"}]},{"@type":"WebSite","@id":"https:\/\/metaltale.com\/lv\/#website","url":"https:\/\/metaltale.com\/lv\/","name":"Metaltale.com","description":"","potentialAction":[{"@type":"SearchAction","target":{"@type":"EntryPoint","urlTemplate":"https:\/\/metaltale.com\/lv\/?s={search_term_string}"},"query-input":{"@type":"PropertyValueSpecification","valueRequired":true,"valueName":"search_term_string"}}],"inLanguage":"lv-LV"}]}},"_links":{"self":[{"href":"https:\/\/metaltale.com\/lv\/wp-json\/wp\/v2\/product\/140794","targetHints":{"allow":["GET"]}}],"collection":[{"href":"https:\/\/metaltale.com\/lv\/wp-json\/wp\/v2\/product"}],"about":[{"href":"https:\/\/metaltale.com\/lv\/wp-json\/wp\/v2\/types\/product"}],"replies":[{"embeddable":true,"href":"https:\/\/metaltale.com\/lv\/wp-json\/wp\/v2\/comments?post=140794"}],"version-history":[{"count":0,"href":"https:\/\/metaltale.com\/lv\/wp-json\/wp\/v2\/product\/140794\/revisions"}],"wp:featuredmedia":[{"embeddable":true,"href":"https:\/\/metaltale.com\/lv\/wp-json\/wp\/v2\/media\/132152"}],"wp:attachment":[{"href":"https:\/\/metaltale.com\/lv\/wp-json\/wp\/v2\/media?parent=140794"}],"wp:term":[{"taxonomy":"product_brand","embeddable":true,"href":"https:\/\/metaltale.com\/lv\/wp-json\/wp\/v2\/product_brand?post=140794"},{"taxonomy":"product_cat","embeddable":true,"href":"https:\/\/metaltale.com\/lv\/wp-json\/wp\/v2\/product_cat?post=140794"},{"taxonomy":"product_tag","embeddable":true,"href":"https:\/\/metaltale.com\/lv\/wp-json\/wp\/v2\/product_tag?post=140794"}],"curies":[{"name":"wp","href":"https:\/\/api.w.org\/{rel}","templated":true}]}}