{"id":140785,"date":"2024-01-17T00:04:07","date_gmt":"2024-01-16T22:04:07","guid":{"rendered":"https:\/\/metaltale.com\/produktas\/durvis-horizon-100x210-raw\/"},"modified":"2024-01-17T00:04:07","modified_gmt":"2024-01-16T22:04:07","slug":"durvis-horizon-100x210-raw","status":"publish","type":"product","link":"https:\/\/metaltale.com\/lv\/produkts\/durvis-horizon-100x210-raw\/","title":{"rendered":"Durvis HORIZON 100X210 RAW"},"content":{"rendered":"<div class=\"prod_data\"><strong>Modelis<\/strong> HOR-100&#215;210.PRGR  <br \/><strong>Materi\u0101ls<\/strong> Ozolkoka koks  <br \/>Biezums (cm ) 4 <br \/>Kop\u0113jais augstums (cm ) 210 <br \/>Kop\u0113jais platums (cm ) 100 <br \/><strong>Kr\u0101sa<\/strong> Koks &#8211; br\u016bna e\u013c\u013ca, Koks &#8211; dab\u012bg\u0101 e\u013c\u013ca, Koks &#8211; neapstr\u0101d\u0101ts  <br \/><strong>Apdare<\/strong> Neapstr\u0101d\u0101ts \/ e\u013c\u013cots  <br \/><strong>PAPILDU INFORM\u0100CIJA<\/strong> Pied\u0101v\u0101jums attiecas tikai uz durv\u012bm un neietver b\u012bd\u0101m\u0101s sist\u0113mas un citus piederumus.  <\/p>\n<p>izgatavots no augst\u0101k\u0101s kvalit\u0101tes ozolkoka, kas nodro\u0161ina \u013coti ilgu kalpo\u0161anas laiku.<\/p>\n<p>Durvju kr\u0101su izv\u0113le \u013cauj izv\u0113l\u0113ties izstr\u0101d\u0101jumu jebkuram interjeram neatkar\u012bgi no stila.<\/p>\n<p>Neapstr\u0101d\u0101t\u0101 versija \u013cauj klientam kr\u0101sot durvis pa\u0161a izv\u0113l\u0113t\u0101 kr\u0101s\u0101.<\/p>\n<p>Kokam ir dabiska arhitekt\u016bra ar plais\u0101m un mezgliem, kas pie\u0161\u0137ir durv\u012bm unik\u0101lu raksturu.<\/p>\n<hr>\n<p>&#8220;Horizon&#8221; durvis ir izgatavotas no piln\u012bgi vien\u0101diem koka d\u0113\u013ciem. Izmantojot dabisko izejmateri\u0101lu &#8211; ozolkoka koksni, durvju virsm\u0101 var nov\u0113rot mezglus un plaisas, kas ir dabiska koka \u012bpa\u0161\u012bba un padara katru izstr\u0101d\u0101jumu unik\u0101lu un \u012bpa\u0161u. Att\u0113lot\u0101s durvis ir piem\u0113rotas jebkuram interjeram &#8211; gan modernam, gan tradicion\u0101lam, gan rustik\u0101lam, gan industri\u0101lam. Papildu priek\u0161roc\u012bba ir iesp\u0113ja izv\u0113l\u0113ties neapstr\u0101d\u0101tas durvis, kas dod mums iesp\u0113ju nokr\u0101sot t\u0101s t\u0101d\u0101 kr\u0101s\u0101, kas m\u016bs interes\u0113 un atbilst m\u016bsu interjera dizainam. &#8220;Horizon durvis ir daudzpus\u012bgs produkts, kas iederas visos interjeros neatkar\u012bgi no stila.<\/p>\n<\/div>\n","protected":false},"excerpt":{"rendered":"<p>Modelis HOR-100&#215;210.PRGR Materi\u0101ls Ozolkoka koks Biezums (cm ) 4 Kop\u0113jais augstums (cm ) 210 Kop\u0113jais platums (cm ) 100 Kr\u0101sa<\/p>\n","protected":false},"featured_media":113835,"comment_status":"open","ping_status":"closed","template":"","meta":{"_acf_changed":false,"pmpro_default_level":""},"product_brand":[],"product_cat":[24059],"product_tag":[],"class_list":{"0":"post-140785","1":"product","2":"type-product","3":"status-publish","4":"has-post-thumbnail","6":"product_cat-bidamo-durvju-sistemas","7":"pmpro-has-access","9":"first","10":"instock","11":"shipping-taxable","12":"purchasable","13":"product-type-simple"},"acf":[],"yoast_head":"<!-- This site is optimized with the Yoast SEO plugin v24.9 - https:\/\/yoast.com\/wordpress\/plugins\/seo\/ -->\n<title>Durvis HORIZON 100X210 RAW - MetalTale.com<\/title>\n<meta name=\"robots\" content=\"index, follow, max-snippet:-1, max-image-preview:large, max-video-preview:-1\" \/>\n<link rel=\"canonical\" href=\"https:\/\/metaltale.com\/lv\/produkts\/durvis-horizon-100x210-raw\/\" \/>\n<meta property=\"og:locale\" content=\"lv_LV\" \/>\n<meta property=\"og:type\" content=\"article\" \/>\n<meta property=\"og:title\" content=\"Durvis HORIZON 100X210 RAW - MetalTale.com\" \/>\n<meta property=\"og:description\" content=\"Modelis HOR-100&#215;210.PRGR Materi\u0101ls Ozolkoka koks Biezums (cm ) 4 Kop\u0113jais augstums (cm ) 210 Kop\u0113jais platums (cm ) 100 Kr\u0101sa\" \/>\n<meta property=\"og:url\" content=\"https:\/\/metaltale.com\/lv\/produkts\/durvis-horizon-100x210-raw\/\" \/>\n<meta property=\"og:site_name\" content=\"MetalTale.com\" \/>\n<meta name=\"twitter:card\" content=\"summary_large_image\" \/>\n<meta name=\"twitter:label1\" content=\"Est. reading time\" \/>\n\t<meta name=\"twitter:data1\" content=\"1 minute\" \/>\n<script type=\"application\/ld+json\" class=\"yoast-schema-graph\">{\"@context\":\"https:\/\/schema.org\",\"@graph\":[{\"@type\":\"WebPage\",\"@id\":\"https:\/\/metaltale.com\/lv\/produkts\/durvis-horizon-100x210-raw\/\",\"url\":\"https:\/\/metaltale.com\/lv\/produkts\/durvis-horizon-100x210-raw\/\",\"name\":\"Durvis HORIZON 100X210 RAW - MetalTale.com\",\"isPartOf\":{\"@id\":\"https:\/\/metaltale.com\/lv\/#website\"},\"primaryImageOfPage\":{\"@id\":\"https:\/\/metaltale.com\/lv\/produkts\/durvis-horizon-100x210-raw\/#primaryimage\"},\"image\":{\"@id\":\"https:\/\/metaltale.com\/lv\/produkts\/durvis-horizon-100x210-raw\/#primaryimage\"},\"thumbnailUrl\":\"https:\/\/metaltale.com\/wp-content\/uploads\/2023\/11\/Durys-HORIZON-100X210-RAW.jpg\",\"datePublished\":\"2024-01-16T22:04:07+00:00\",\"breadcrumb\":{\"@id\":\"https:\/\/metaltale.com\/lv\/produkts\/durvis-horizon-100x210-raw\/#breadcrumb\"},\"inLanguage\":\"lv-LV\",\"potentialAction\":[{\"@type\":\"ReadAction\",\"target\":[\"https:\/\/metaltale.com\/lv\/produkts\/durvis-horizon-100x210-raw\/\"]}]},{\"@type\":\"ImageObject\",\"inLanguage\":\"lv-LV\",\"@id\":\"https:\/\/metaltale.com\/lv\/produkts\/durvis-horizon-100x210-raw\/#primaryimage\",\"url\":\"https:\/\/metaltale.com\/wp-content\/uploads\/2023\/11\/Durys-HORIZON-100X210-RAW.jpg\",\"contentUrl\":\"https:\/\/metaltale.com\/wp-content\/uploads\/2023\/11\/Durys-HORIZON-100X210-RAW.jpg\",\"width\":800,\"height\":800},{\"@type\":\"BreadcrumbList\",\"@id\":\"https:\/\/metaltale.com\/lv\/produkts\/durvis-horizon-100x210-raw\/#breadcrumb\",\"itemListElement\":[{\"@type\":\"ListItem\",\"position\":1,\"name\":\"Home\",\"item\":\"https:\/\/metaltale.com\/lv\/majas\/\"},{\"@type\":\"ListItem\",\"position\":2,\"name\":\"Veikals\",\"item\":\"https:\/\/metaltale.com\/lv\/shop\/\"},{\"@type\":\"ListItem\",\"position\":3,\"name\":\"Durvis HORIZON 100X210 RAW\"}]},{\"@type\":\"WebSite\",\"@id\":\"https:\/\/metaltale.com\/lv\/#website\",\"url\":\"https:\/\/metaltale.com\/lv\/\",\"name\":\"Metaltale.com\",\"description\":\"\",\"potentialAction\":[{\"@type\":\"SearchAction\",\"target\":{\"@type\":\"EntryPoint\",\"urlTemplate\":\"https:\/\/metaltale.com\/lv\/?s={search_term_string}\"},\"query-input\":{\"@type\":\"PropertyValueSpecification\",\"valueRequired\":true,\"valueName\":\"search_term_string\"}}],\"inLanguage\":\"lv-LV\"}]}<\/script>\n<!-- \/ Yoast SEO plugin. -->","yoast_head_json":{"title":"Durvis HORIZON 100X210 RAW - MetalTale.com","robots":{"index":"index","follow":"follow","max-snippet":"max-snippet:-1","max-image-preview":"max-image-preview:large","max-video-preview":"max-video-preview:-1"},"canonical":"https:\/\/metaltale.com\/lv\/produkts\/durvis-horizon-100x210-raw\/","og_locale":"lv_LV","og_type":"article","og_title":"Durvis HORIZON 100X210 RAW - MetalTale.com","og_description":"Modelis HOR-100&#215;210.PRGR Materi\u0101ls Ozolkoka koks Biezums (cm ) 4 Kop\u0113jais augstums (cm ) 210 Kop\u0113jais platums (cm ) 100 Kr\u0101sa","og_url":"https:\/\/metaltale.com\/lv\/produkts\/durvis-horizon-100x210-raw\/","og_site_name":"MetalTale.com","twitter_card":"summary_large_image","twitter_misc":{"Est. reading time":"1 minute"},"schema":{"@context":"https:\/\/schema.org","@graph":[{"@type":"WebPage","@id":"https:\/\/metaltale.com\/lv\/produkts\/durvis-horizon-100x210-raw\/","url":"https:\/\/metaltale.com\/lv\/produkts\/durvis-horizon-100x210-raw\/","name":"Durvis HORIZON 100X210 RAW - MetalTale.com","isPartOf":{"@id":"https:\/\/metaltale.com\/lv\/#website"},"primaryImageOfPage":{"@id":"https:\/\/metaltale.com\/lv\/produkts\/durvis-horizon-100x210-raw\/#primaryimage"},"image":{"@id":"https:\/\/metaltale.com\/lv\/produkts\/durvis-horizon-100x210-raw\/#primaryimage"},"thumbnailUrl":"https:\/\/metaltale.com\/wp-content\/uploads\/2023\/11\/Durys-HORIZON-100X210-RAW.jpg","datePublished":"2024-01-16T22:04:07+00:00","breadcrumb":{"@id":"https:\/\/metaltale.com\/lv\/produkts\/durvis-horizon-100x210-raw\/#breadcrumb"},"inLanguage":"lv-LV","potentialAction":[{"@type":"ReadAction","target":["https:\/\/metaltale.com\/lv\/produkts\/durvis-horizon-100x210-raw\/"]}]},{"@type":"ImageObject","inLanguage":"lv-LV","@id":"https:\/\/metaltale.com\/lv\/produkts\/durvis-horizon-100x210-raw\/#primaryimage","url":"https:\/\/metaltale.com\/wp-content\/uploads\/2023\/11\/Durys-HORIZON-100X210-RAW.jpg","contentUrl":"https:\/\/metaltale.com\/wp-content\/uploads\/2023\/11\/Durys-HORIZON-100X210-RAW.jpg","width":800,"height":800},{"@type":"BreadcrumbList","@id":"https:\/\/metaltale.com\/lv\/produkts\/durvis-horizon-100x210-raw\/#breadcrumb","itemListElement":[{"@type":"ListItem","position":1,"name":"Home","item":"https:\/\/metaltale.com\/lv\/majas\/"},{"@type":"ListItem","position":2,"name":"Veikals","item":"https:\/\/metaltale.com\/lv\/shop\/"},{"@type":"ListItem","position":3,"name":"Durvis HORIZON 100X210 RAW"}]},{"@type":"WebSite","@id":"https:\/\/metaltale.com\/lv\/#website","url":"https:\/\/metaltale.com\/lv\/","name":"Metaltale.com","description":"","potentialAction":[{"@type":"SearchAction","target":{"@type":"EntryPoint","urlTemplate":"https:\/\/metaltale.com\/lv\/?s={search_term_string}"},"query-input":{"@type":"PropertyValueSpecification","valueRequired":true,"valueName":"search_term_string"}}],"inLanguage":"lv-LV"}]}},"_links":{"self":[{"href":"https:\/\/metaltale.com\/lv\/wp-json\/wp\/v2\/product\/140785","targetHints":{"allow":["GET"]}}],"collection":[{"href":"https:\/\/metaltale.com\/lv\/wp-json\/wp\/v2\/product"}],"about":[{"href":"https:\/\/metaltale.com\/lv\/wp-json\/wp\/v2\/types\/product"}],"replies":[{"embeddable":true,"href":"https:\/\/metaltale.com\/lv\/wp-json\/wp\/v2\/comments?post=140785"}],"version-history":[{"count":0,"href":"https:\/\/metaltale.com\/lv\/wp-json\/wp\/v2\/product\/140785\/revisions"}],"wp:featuredmedia":[{"embeddable":true,"href":"https:\/\/metaltale.com\/lv\/wp-json\/wp\/v2\/media\/113835"}],"wp:attachment":[{"href":"https:\/\/metaltale.com\/lv\/wp-json\/wp\/v2\/media?parent=140785"}],"wp:term":[{"taxonomy":"product_brand","embeddable":true,"href":"https:\/\/metaltale.com\/lv\/wp-json\/wp\/v2\/product_brand?post=140785"},{"taxonomy":"product_cat","embeddable":true,"href":"https:\/\/metaltale.com\/lv\/wp-json\/wp\/v2\/product_cat?post=140785"},{"taxonomy":"product_tag","embeddable":true,"href":"https:\/\/metaltale.com\/lv\/wp-json\/wp\/v2\/product_tag?post=140785"}],"curies":[{"name":"wp","href":"https:\/\/api.w.org\/{rel}","templated":true}]}}