{"id":140782,"date":"2024-01-17T00:04:35","date_gmt":"2024-01-16T22:04:35","guid":{"rendered":"https:\/\/metaltale.com\/produktas\/durvis-forest-2x-100x210-neapstradats\/"},"modified":"2024-01-17T00:04:35","modified_gmt":"2024-01-16T22:04:35","slug":"durvis-forest-2x-100x210-neapstradats","status":"publish","type":"product","link":"https:\/\/metaltale.com\/lv\/produkts\/durvis-forest-2x-100x210-neapstradats\/","title":{"rendered":"Durvis FOREST-2X 100&#215;210 Neapstr\u0101d\u0101ts"},"content":{"rendered":"<div class=\"prod_data\"><strong>Materi\u0101ls<\/strong> Prie\u017eu koks  <br \/>Biezums (cm ) 4 <br \/>Kop\u0113jais augstums (cm ) 210 <br \/>Kop\u0113jais platums (cm ) 100 <br \/><strong>Svars (kg<\/strong> ) 35  <br \/>Pavir\u0161iaus tipas Lyg\u016bs <br \/>PAPILDU INFORM\u0100CIJA Pied\u0101v\u0101jums attiecas tikai uz vienu durvju paneli un neietver b\u012bd\u0101mo sist\u0113mu un citus piederumus. <br \/><strong>Modelis<\/strong> FOR.2X-100X210-WYPRZ  <br \/>Apdare Rough <\/p>\n<hr>\n<p>2X koka b\u012bd\u0101m\u0101s durvis ir pied\u0101v\u0101jums tiem, kas nov\u0113rt\u0113 vienk\u0101r\u0161\u012bbu \u012bpa\u0161\u0101 izpild\u012bjum\u0101.<\/p>\n<p>B\u012bd\u0101m\u0101s durvis 2X ir izgatavotas no priedes koksnes un veidotas no viendab\u012bgiem, viendab\u012bgiem, vertik\u0101li novietotiem mas\u012bviem d\u0113\u013ciem. Durvju \u0101rpuse ir veidota no d\u0113\u013ciem, kas r\u0101m\u012b veido divas X formas. Kopum\u0101 tas ir prec\u012bzs un izteiksm\u012bgs izk\u0101rtojums, kas iepriecin\u0101s ikvienu lietot\u0101ju. Durvju glud\u0101 virsma ar labi paman\u0101mo koka tekst\u016bru pie\u0161\u0137ir t\u0101m raksturu un iztur\u012bbu, savuk\u0101rt uz d\u0113\u013ciem redzamie ri\u0146\u0137i un mezgli izce\u013c koka dabisko tekst\u016bru.<\/p>\n<p>B\u012bd\u0101m\u0101s priedes durvis 2X pie\u0161\u0137ir interjeram unik\u0101lu un ori\u0123in\u0101lu raksturu, ir praktiskas, viegli uzst\u0101d\u0101mas un ar dekorat\u012bvu funkciju. To iztur\u012bg\u0101 konstrukcija nodro\u0161ina, ka tos var izmantot daudzus gadus.<\/p>\n<p>2X b\u012bd\u0101m\u0101s durvis ir piem\u0113rotas jebkuram interjeram &#8211; gan modernam, gan tradicion\u0101lam, gan rustik\u0101lam, industri\u0101lam vai b\u0113ni\u0146u stilam.<\/p>\n<p>Standarta durvju izm\u0113rs ir 100 cm x 210 cm, biezums &#8211; 4 cm, un t\u0101s tiek pieg\u0101d\u0101tas neapstr\u0101d\u0101tas.<br \/>2X b\u012bd\u0101mo durvju daudzpus\u012bba padara t\u0101s ide\u0101li piem\u0113rotas 70 cm, 80 cm un 90 cm gar\u0101m durv\u012bm.<\/p>\n<hr>\n<p><strong>*P\u0101rdodamo produktu, durvis ir saloc\u012btas, att\u0113los redzams faktiskais st\u0101voklis.<\/strong><br \/>**Pied\u0101v\u0101jums attiecas tikai uz durv\u012bm un neietver b\u012bd\u0101mo sist\u0113mu un citus piederumus.<\/p>\n<hr>\n<\/div>\n","protected":false},"excerpt":{"rendered":"<p>Materi\u0101ls Prie\u017eu koks Biezums (cm ) 4 Kop\u0113jais augstums (cm ) 210 Kop\u0113jais platums (cm ) 100 Svars (kg )<\/p>\n","protected":false},"featured_media":95653,"comment_status":"open","ping_status":"closed","template":"","meta":{"_acf_changed":false,"pmpro_default_level":""},"product_brand":[],"product_cat":[24077],"product_tag":[],"class_list":{"0":"post-140782","1":"product","2":"type-product","3":"status-publish","4":"has-post-thumbnail","6":"product_cat-priezu-bidamas-durvis","7":"pmpro-has-access","9":"first","10":"outofstock","11":"shipping-taxable","12":"purchasable","13":"product-type-simple"},"acf":[],"yoast_head":"<!-- This site is optimized with the Yoast SEO plugin v24.9 - https:\/\/yoast.com\/wordpress\/plugins\/seo\/ -->\n<title>Durvis FOREST-2X 100x210 Neapstr\u0101d\u0101ts - MetalTale.com<\/title>\n<meta name=\"robots\" content=\"index, follow, max-snippet:-1, max-image-preview:large, max-video-preview:-1\" \/>\n<link rel=\"canonical\" href=\"https:\/\/metaltale.com\/lv\/produkts\/durvis-forest-2x-100x210-neapstradats\/\" \/>\n<meta property=\"og:locale\" content=\"lv_LV\" \/>\n<meta property=\"og:type\" content=\"article\" \/>\n<meta property=\"og:title\" content=\"Durvis FOREST-2X 100x210 Neapstr\u0101d\u0101ts - MetalTale.com\" \/>\n<meta property=\"og:description\" content=\"Materi\u0101ls Prie\u017eu koks Biezums (cm ) 4 Kop\u0113jais augstums (cm ) 210 Kop\u0113jais platums (cm ) 100 Svars (kg )\" \/>\n<meta property=\"og:url\" content=\"https:\/\/metaltale.com\/lv\/produkts\/durvis-forest-2x-100x210-neapstradats\/\" \/>\n<meta property=\"og:site_name\" content=\"MetalTale.com\" \/>\n<meta name=\"twitter:card\" content=\"summary_large_image\" \/>\n<meta name=\"twitter:label1\" content=\"Est. reading time\" \/>\n\t<meta name=\"twitter:data1\" content=\"2 minutes\" \/>\n<script type=\"application\/ld+json\" class=\"yoast-schema-graph\">{\"@context\":\"https:\/\/schema.org\",\"@graph\":[{\"@type\":\"WebPage\",\"@id\":\"https:\/\/metaltale.com\/lv\/produkts\/durvis-forest-2x-100x210-neapstradats\/\",\"url\":\"https:\/\/metaltale.com\/lv\/produkts\/durvis-forest-2x-100x210-neapstradats\/\",\"name\":\"Durvis FOREST-2X 100x210 Neapstr\u0101d\u0101ts - MetalTale.com\",\"isPartOf\":{\"@id\":\"https:\/\/metaltale.com\/lv\/#website\"},\"primaryImageOfPage\":{\"@id\":\"https:\/\/metaltale.com\/lv\/produkts\/durvis-forest-2x-100x210-neapstradats\/#primaryimage\"},\"image\":{\"@id\":\"https:\/\/metaltale.com\/lv\/produkts\/durvis-forest-2x-100x210-neapstradats\/#primaryimage\"},\"thumbnailUrl\":\"https:\/\/metaltale.com\/wp-content\/uploads\/2023\/10\/Durys-FOREST-2X-100x210-Neapdorotas.jpg\",\"datePublished\":\"2024-01-16T22:04:35+00:00\",\"breadcrumb\":{\"@id\":\"https:\/\/metaltale.com\/lv\/produkts\/durvis-forest-2x-100x210-neapstradats\/#breadcrumb\"},\"inLanguage\":\"lv-LV\",\"potentialAction\":[{\"@type\":\"ReadAction\",\"target\":[\"https:\/\/metaltale.com\/lv\/produkts\/durvis-forest-2x-100x210-neapstradats\/\"]}]},{\"@type\":\"ImageObject\",\"inLanguage\":\"lv-LV\",\"@id\":\"https:\/\/metaltale.com\/lv\/produkts\/durvis-forest-2x-100x210-neapstradats\/#primaryimage\",\"url\":\"https:\/\/metaltale.com\/wp-content\/uploads\/2023\/10\/Durys-FOREST-2X-100x210-Neapdorotas.jpg\",\"contentUrl\":\"https:\/\/metaltale.com\/wp-content\/uploads\/2023\/10\/Durys-FOREST-2X-100x210-Neapdorotas.jpg\",\"width\":800,\"height\":800},{\"@type\":\"BreadcrumbList\",\"@id\":\"https:\/\/metaltale.com\/lv\/produkts\/durvis-forest-2x-100x210-neapstradats\/#breadcrumb\",\"itemListElement\":[{\"@type\":\"ListItem\",\"position\":1,\"name\":\"Home\",\"item\":\"https:\/\/metaltale.com\/lv\/majas\/\"},{\"@type\":\"ListItem\",\"position\":2,\"name\":\"Veikals\",\"item\":\"https:\/\/metaltale.com\/lv\/shop\/\"},{\"@type\":\"ListItem\",\"position\":3,\"name\":\"Durvis FOREST-2X 100&#215;210 Neapstr\u0101d\u0101ts\"}]},{\"@type\":\"WebSite\",\"@id\":\"https:\/\/metaltale.com\/lv\/#website\",\"url\":\"https:\/\/metaltale.com\/lv\/\",\"name\":\"Metaltale.com\",\"description\":\"\",\"potentialAction\":[{\"@type\":\"SearchAction\",\"target\":{\"@type\":\"EntryPoint\",\"urlTemplate\":\"https:\/\/metaltale.com\/lv\/?s={search_term_string}\"},\"query-input\":{\"@type\":\"PropertyValueSpecification\",\"valueRequired\":true,\"valueName\":\"search_term_string\"}}],\"inLanguage\":\"lv-LV\"}]}<\/script>\n<!-- \/ Yoast SEO plugin. -->","yoast_head_json":{"title":"Durvis FOREST-2X 100x210 Neapstr\u0101d\u0101ts - MetalTale.com","robots":{"index":"index","follow":"follow","max-snippet":"max-snippet:-1","max-image-preview":"max-image-preview:large","max-video-preview":"max-video-preview:-1"},"canonical":"https:\/\/metaltale.com\/lv\/produkts\/durvis-forest-2x-100x210-neapstradats\/","og_locale":"lv_LV","og_type":"article","og_title":"Durvis FOREST-2X 100x210 Neapstr\u0101d\u0101ts - MetalTale.com","og_description":"Materi\u0101ls Prie\u017eu koks Biezums (cm ) 4 Kop\u0113jais augstums (cm ) 210 Kop\u0113jais platums (cm ) 100 Svars (kg )","og_url":"https:\/\/metaltale.com\/lv\/produkts\/durvis-forest-2x-100x210-neapstradats\/","og_site_name":"MetalTale.com","twitter_card":"summary_large_image","twitter_misc":{"Est. reading time":"2 minutes"},"schema":{"@context":"https:\/\/schema.org","@graph":[{"@type":"WebPage","@id":"https:\/\/metaltale.com\/lv\/produkts\/durvis-forest-2x-100x210-neapstradats\/","url":"https:\/\/metaltale.com\/lv\/produkts\/durvis-forest-2x-100x210-neapstradats\/","name":"Durvis FOREST-2X 100x210 Neapstr\u0101d\u0101ts - MetalTale.com","isPartOf":{"@id":"https:\/\/metaltale.com\/lv\/#website"},"primaryImageOfPage":{"@id":"https:\/\/metaltale.com\/lv\/produkts\/durvis-forest-2x-100x210-neapstradats\/#primaryimage"},"image":{"@id":"https:\/\/metaltale.com\/lv\/produkts\/durvis-forest-2x-100x210-neapstradats\/#primaryimage"},"thumbnailUrl":"https:\/\/metaltale.com\/wp-content\/uploads\/2023\/10\/Durys-FOREST-2X-100x210-Neapdorotas.jpg","datePublished":"2024-01-16T22:04:35+00:00","breadcrumb":{"@id":"https:\/\/metaltale.com\/lv\/produkts\/durvis-forest-2x-100x210-neapstradats\/#breadcrumb"},"inLanguage":"lv-LV","potentialAction":[{"@type":"ReadAction","target":["https:\/\/metaltale.com\/lv\/produkts\/durvis-forest-2x-100x210-neapstradats\/"]}]},{"@type":"ImageObject","inLanguage":"lv-LV","@id":"https:\/\/metaltale.com\/lv\/produkts\/durvis-forest-2x-100x210-neapstradats\/#primaryimage","url":"https:\/\/metaltale.com\/wp-content\/uploads\/2023\/10\/Durys-FOREST-2X-100x210-Neapdorotas.jpg","contentUrl":"https:\/\/metaltale.com\/wp-content\/uploads\/2023\/10\/Durys-FOREST-2X-100x210-Neapdorotas.jpg","width":800,"height":800},{"@type":"BreadcrumbList","@id":"https:\/\/metaltale.com\/lv\/produkts\/durvis-forest-2x-100x210-neapstradats\/#breadcrumb","itemListElement":[{"@type":"ListItem","position":1,"name":"Home","item":"https:\/\/metaltale.com\/lv\/majas\/"},{"@type":"ListItem","position":2,"name":"Veikals","item":"https:\/\/metaltale.com\/lv\/shop\/"},{"@type":"ListItem","position":3,"name":"Durvis FOREST-2X 100&#215;210 Neapstr\u0101d\u0101ts"}]},{"@type":"WebSite","@id":"https:\/\/metaltale.com\/lv\/#website","url":"https:\/\/metaltale.com\/lv\/","name":"Metaltale.com","description":"","potentialAction":[{"@type":"SearchAction","target":{"@type":"EntryPoint","urlTemplate":"https:\/\/metaltale.com\/lv\/?s={search_term_string}"},"query-input":{"@type":"PropertyValueSpecification","valueRequired":true,"valueName":"search_term_string"}}],"inLanguage":"lv-LV"}]}},"_links":{"self":[{"href":"https:\/\/metaltale.com\/lv\/wp-json\/wp\/v2\/product\/140782","targetHints":{"allow":["GET"]}}],"collection":[{"href":"https:\/\/metaltale.com\/lv\/wp-json\/wp\/v2\/product"}],"about":[{"href":"https:\/\/metaltale.com\/lv\/wp-json\/wp\/v2\/types\/product"}],"replies":[{"embeddable":true,"href":"https:\/\/metaltale.com\/lv\/wp-json\/wp\/v2\/comments?post=140782"}],"version-history":[{"count":0,"href":"https:\/\/metaltale.com\/lv\/wp-json\/wp\/v2\/product\/140782\/revisions"}],"wp:featuredmedia":[{"embeddable":true,"href":"https:\/\/metaltale.com\/lv\/wp-json\/wp\/v2\/media\/95653"}],"wp:attachment":[{"href":"https:\/\/metaltale.com\/lv\/wp-json\/wp\/v2\/media?parent=140782"}],"wp:term":[{"taxonomy":"product_brand","embeddable":true,"href":"https:\/\/metaltale.com\/lv\/wp-json\/wp\/v2\/product_brand?post=140782"},{"taxonomy":"product_cat","embeddable":true,"href":"https:\/\/metaltale.com\/lv\/wp-json\/wp\/v2\/product_cat?post=140782"},{"taxonomy":"product_tag","embeddable":true,"href":"https:\/\/metaltale.com\/lv\/wp-json\/wp\/v2\/product_tag?post=140782"}],"curies":[{"name":"wp","href":"https:\/\/api.w.org\/{rel}","templated":true}]}}