{"id":140779,"date":"2024-01-17T00:02:41","date_gmt":"2024-01-16T22:02:41","guid":{"rendered":"https:\/\/metaltale.com\/produktas\/kalts-apgerbu-akis-130-mm-melns\/"},"modified":"2024-01-17T00:02:41","modified_gmt":"2024-01-16T22:02:41","slug":"kalts-apgerbu-akis-130-mm-melns","status":"publish","type":"product","link":"https:\/\/metaltale.com\/lv\/produkts\/kalts-apgerbu-akis-130-mm-melns\/","title":{"rendered":"Kalts ap\u0123\u0113rbu \u0101\u0137is 130 mm, melns"},"content":{"rendered":"<div class=\"prod_data\">\n<p><strong>Modelis<\/strong> 70.336.HF-PRGR<br \/>\n<strong>Materi\u0101ls<\/strong> T\u0113rauds<br \/>\n<strong>Kop\u0113jais augstums (cm<\/strong> ) 13<br \/>\n<strong>Kop\u0113jais platums (cm<\/strong> ) 6,2<br \/>\n<strong>Pamatnes izm\u0113ri (cm)<\/strong> 6 x 6,5<br \/>\n<strong>Veids<\/strong> Vienviet\u012bgs<br \/>\nMont\u0101\u017eas skr\u016bves J\u0101<br \/>\n<strong>Kr\u0101sa<\/strong> Melna<\/p>\n<p>Ar <strong>rok\u0101m kalti piekaramie \u0101\u0137i,<\/strong> kas nodro\u0161ina pareizo iztur\u012bbu un veidu, k\u0101 pan\u0101kt konkr\u0113ta interjera rustik\u0101lo noska\u0146u.<\/p>\n<p>Ierosin\u0101tais aptur\u0113\u0161anas \u0101\u0137is ir balst\u012bts uz modeli, kas ir \u013coti labi p\u0101rbaud\u012bts un labpr\u0101t tiek dubl\u0113ts. Plakan\u0101 pamatne un nogludin\u0101t\u0101 virsma atkl\u0101j t\u0113rauda dabisko kr\u0101su. Viena pakaram\u0101 <strong>stila rustik\u0101lais stils<\/strong> ir klasisks veids, k\u0101 izveidot telpu daudz\u0101s telp\u0101s, piem\u0113ram, gaiten\u012b, priek\u0161telp\u0101 vai garderob\u0113 sabiedriskaj\u0101s telp\u0101s.<\/p>\n<p>Sakar\u0101 ar manu\u0101lo ra\u017eo\u0161anu var b\u016bt nelielas at\u0161\u0137ir\u012bbas atsevi\u0161\u0137u gabalu izm\u0113ros.<\/p>\n<p>Stiprin\u0101juma skr\u016bves ir iek\u013cautas katr\u0101 komplekt\u0101.<\/p>\n<\/div>\n","protected":false},"excerpt":{"rendered":"<p>Modelis 70.336.HF-PRGR Materi\u0101ls T\u0113rauds Kop\u0113jais augstums (cm ) 13 Kop\u0113jais platums (cm ) 6,2 Pamatnes izm\u0113ri (cm) 6 x 6,5<\/p>\n","protected":false},"featured_media":129910,"comment_status":"open","ping_status":"closed","template":"","meta":{"_acf_changed":false,"pmpro_default_level":""},"product_brand":[],"product_cat":[23837,23862],"product_tag":[],"class_list":{"0":"post-140779","1":"product","2":"type-product","3":"status-publish","4":"has-post-thumbnail","6":"product_cat-mebeles-piederumi","7":"product_cat-pakabos-ir-kabliukai-lv","8":"pmpro-has-access","10":"first","11":"outofstock","12":"shipping-taxable","13":"purchasable","14":"product-type-simple"},"acf":[],"yoast_head":"<!-- This site is optimized with the Yoast SEO plugin v24.9 - https:\/\/yoast.com\/wordpress\/plugins\/seo\/ -->\n<title>Kalts ap\u0123\u0113rbu \u0101\u0137is 130 mm, melns - MetalTale.com<\/title>\n<meta name=\"robots\" content=\"index, follow, max-snippet:-1, max-image-preview:large, max-video-preview:-1\" \/>\n<link rel=\"canonical\" href=\"https:\/\/metaltale.com\/lv\/produkts\/kalts-apgerbu-akis-130-mm-melns\/\" \/>\n<meta property=\"og:locale\" content=\"lv_LV\" \/>\n<meta property=\"og:type\" content=\"article\" \/>\n<meta property=\"og:title\" content=\"Kalts ap\u0123\u0113rbu \u0101\u0137is 130 mm, melns - MetalTale.com\" \/>\n<meta property=\"og:description\" content=\"Modelis 70.336.HF-PRGR Materi\u0101ls T\u0113rauds Kop\u0113jais augstums (cm ) 13 Kop\u0113jais platums (cm ) 6,2 Pamatnes izm\u0113ri (cm) 6 x 6,5\" \/>\n<meta property=\"og:url\" content=\"https:\/\/metaltale.com\/lv\/produkts\/kalts-apgerbu-akis-130-mm-melns\/\" \/>\n<meta property=\"og:site_name\" content=\"MetalTale.com\" \/>\n<meta property=\"og:image\" content=\"https:\/\/metaltale.com\/wp-content\/uploads\/2024\/01\/Kabliukas-rubams-kaltinis-130-mm-juoda.jpg\" \/>\n\t<meta property=\"og:image:width\" content=\"774\" \/>\n\t<meta property=\"og:image:height\" content=\"800\" \/>\n\t<meta property=\"og:image:type\" content=\"image\/jpeg\" \/>\n<meta name=\"twitter:card\" content=\"summary_large_image\" \/>\n<meta name=\"twitter:label1\" content=\"Est. reading time\" \/>\n\t<meta name=\"twitter:data1\" content=\"1 minute\" \/>\n<script type=\"application\/ld+json\" class=\"yoast-schema-graph\">{\"@context\":\"https:\/\/schema.org\",\"@graph\":[{\"@type\":\"WebPage\",\"@id\":\"https:\/\/metaltale.com\/lv\/produkts\/kalts-apgerbu-akis-130-mm-melns\/\",\"url\":\"https:\/\/metaltale.com\/lv\/produkts\/kalts-apgerbu-akis-130-mm-melns\/\",\"name\":\"Kalts ap\u0123\u0113rbu \u0101\u0137is 130 mm, melns - MetalTale.com\",\"isPartOf\":{\"@id\":\"https:\/\/metaltale.com\/lv\/#website\"},\"primaryImageOfPage\":{\"@id\":\"https:\/\/metaltale.com\/lv\/produkts\/kalts-apgerbu-akis-130-mm-melns\/#primaryimage\"},\"image\":{\"@id\":\"https:\/\/metaltale.com\/lv\/produkts\/kalts-apgerbu-akis-130-mm-melns\/#primaryimage\"},\"thumbnailUrl\":\"https:\/\/metaltale.com\/wp-content\/uploads\/2024\/01\/Kabliukas-rubams-kaltinis-130-mm-juoda.jpg\",\"datePublished\":\"2024-01-16T22:02:41+00:00\",\"breadcrumb\":{\"@id\":\"https:\/\/metaltale.com\/lv\/produkts\/kalts-apgerbu-akis-130-mm-melns\/#breadcrumb\"},\"inLanguage\":\"lv-LV\",\"potentialAction\":[{\"@type\":\"ReadAction\",\"target\":[\"https:\/\/metaltale.com\/lv\/produkts\/kalts-apgerbu-akis-130-mm-melns\/\"]}]},{\"@type\":\"ImageObject\",\"inLanguage\":\"lv-LV\",\"@id\":\"https:\/\/metaltale.com\/lv\/produkts\/kalts-apgerbu-akis-130-mm-melns\/#primaryimage\",\"url\":\"https:\/\/metaltale.com\/wp-content\/uploads\/2024\/01\/Kabliukas-rubams-kaltinis-130-mm-juoda.jpg\",\"contentUrl\":\"https:\/\/metaltale.com\/wp-content\/uploads\/2024\/01\/Kabliukas-rubams-kaltinis-130-mm-juoda.jpg\",\"width\":774,\"height\":800,\"caption\":\"Kalts ap\u0123\u0113rbu \u0101\u0137is 130 mm, melns\"},{\"@type\":\"BreadcrumbList\",\"@id\":\"https:\/\/metaltale.com\/lv\/produkts\/kalts-apgerbu-akis-130-mm-melns\/#breadcrumb\",\"itemListElement\":[{\"@type\":\"ListItem\",\"position\":1,\"name\":\"Home\",\"item\":\"https:\/\/metaltale.com\/lv\/majas\/\"},{\"@type\":\"ListItem\",\"position\":2,\"name\":\"Veikals\",\"item\":\"https:\/\/metaltale.com\/lv\/shop\/\"},{\"@type\":\"ListItem\",\"position\":3,\"name\":\"Kalts ap\u0123\u0113rbu \u0101\u0137is 130 mm, melns\"}]},{\"@type\":\"WebSite\",\"@id\":\"https:\/\/metaltale.com\/lv\/#website\",\"url\":\"https:\/\/metaltale.com\/lv\/\",\"name\":\"Metaltale.com\",\"description\":\"\",\"potentialAction\":[{\"@type\":\"SearchAction\",\"target\":{\"@type\":\"EntryPoint\",\"urlTemplate\":\"https:\/\/metaltale.com\/lv\/?s={search_term_string}\"},\"query-input\":{\"@type\":\"PropertyValueSpecification\",\"valueRequired\":true,\"valueName\":\"search_term_string\"}}],\"inLanguage\":\"lv-LV\"}]}<\/script>\n<!-- \/ Yoast SEO plugin. -->","yoast_head_json":{"title":"Kalts ap\u0123\u0113rbu \u0101\u0137is 130 mm, melns - MetalTale.com","robots":{"index":"index","follow":"follow","max-snippet":"max-snippet:-1","max-image-preview":"max-image-preview:large","max-video-preview":"max-video-preview:-1"},"canonical":"https:\/\/metaltale.com\/lv\/produkts\/kalts-apgerbu-akis-130-mm-melns\/","og_locale":"lv_LV","og_type":"article","og_title":"Kalts ap\u0123\u0113rbu \u0101\u0137is 130 mm, melns - MetalTale.com","og_description":"Modelis 70.336.HF-PRGR Materi\u0101ls T\u0113rauds Kop\u0113jais augstums (cm ) 13 Kop\u0113jais platums (cm ) 6,2 Pamatnes izm\u0113ri (cm) 6 x 6,5","og_url":"https:\/\/metaltale.com\/lv\/produkts\/kalts-apgerbu-akis-130-mm-melns\/","og_site_name":"MetalTale.com","og_image":[{"width":774,"height":800,"url":"https:\/\/metaltale.com\/wp-content\/uploads\/2024\/01\/Kabliukas-rubams-kaltinis-130-mm-juoda.jpg","type":"image\/jpeg"}],"twitter_card":"summary_large_image","twitter_misc":{"Est. reading time":"1 minute"},"schema":{"@context":"https:\/\/schema.org","@graph":[{"@type":"WebPage","@id":"https:\/\/metaltale.com\/lv\/produkts\/kalts-apgerbu-akis-130-mm-melns\/","url":"https:\/\/metaltale.com\/lv\/produkts\/kalts-apgerbu-akis-130-mm-melns\/","name":"Kalts ap\u0123\u0113rbu \u0101\u0137is 130 mm, melns - MetalTale.com","isPartOf":{"@id":"https:\/\/metaltale.com\/lv\/#website"},"primaryImageOfPage":{"@id":"https:\/\/metaltale.com\/lv\/produkts\/kalts-apgerbu-akis-130-mm-melns\/#primaryimage"},"image":{"@id":"https:\/\/metaltale.com\/lv\/produkts\/kalts-apgerbu-akis-130-mm-melns\/#primaryimage"},"thumbnailUrl":"https:\/\/metaltale.com\/wp-content\/uploads\/2024\/01\/Kabliukas-rubams-kaltinis-130-mm-juoda.jpg","datePublished":"2024-01-16T22:02:41+00:00","breadcrumb":{"@id":"https:\/\/metaltale.com\/lv\/produkts\/kalts-apgerbu-akis-130-mm-melns\/#breadcrumb"},"inLanguage":"lv-LV","potentialAction":[{"@type":"ReadAction","target":["https:\/\/metaltale.com\/lv\/produkts\/kalts-apgerbu-akis-130-mm-melns\/"]}]},{"@type":"ImageObject","inLanguage":"lv-LV","@id":"https:\/\/metaltale.com\/lv\/produkts\/kalts-apgerbu-akis-130-mm-melns\/#primaryimage","url":"https:\/\/metaltale.com\/wp-content\/uploads\/2024\/01\/Kabliukas-rubams-kaltinis-130-mm-juoda.jpg","contentUrl":"https:\/\/metaltale.com\/wp-content\/uploads\/2024\/01\/Kabliukas-rubams-kaltinis-130-mm-juoda.jpg","width":774,"height":800,"caption":"Kalts ap\u0123\u0113rbu \u0101\u0137is 130 mm, melns"},{"@type":"BreadcrumbList","@id":"https:\/\/metaltale.com\/lv\/produkts\/kalts-apgerbu-akis-130-mm-melns\/#breadcrumb","itemListElement":[{"@type":"ListItem","position":1,"name":"Home","item":"https:\/\/metaltale.com\/lv\/majas\/"},{"@type":"ListItem","position":2,"name":"Veikals","item":"https:\/\/metaltale.com\/lv\/shop\/"},{"@type":"ListItem","position":3,"name":"Kalts ap\u0123\u0113rbu \u0101\u0137is 130 mm, melns"}]},{"@type":"WebSite","@id":"https:\/\/metaltale.com\/lv\/#website","url":"https:\/\/metaltale.com\/lv\/","name":"Metaltale.com","description":"","potentialAction":[{"@type":"SearchAction","target":{"@type":"EntryPoint","urlTemplate":"https:\/\/metaltale.com\/lv\/?s={search_term_string}"},"query-input":{"@type":"PropertyValueSpecification","valueRequired":true,"valueName":"search_term_string"}}],"inLanguage":"lv-LV"}]}},"_links":{"self":[{"href":"https:\/\/metaltale.com\/lv\/wp-json\/wp\/v2\/product\/140779","targetHints":{"allow":["GET"]}}],"collection":[{"href":"https:\/\/metaltale.com\/lv\/wp-json\/wp\/v2\/product"}],"about":[{"href":"https:\/\/metaltale.com\/lv\/wp-json\/wp\/v2\/types\/product"}],"replies":[{"embeddable":true,"href":"https:\/\/metaltale.com\/lv\/wp-json\/wp\/v2\/comments?post=140779"}],"version-history":[{"count":0,"href":"https:\/\/metaltale.com\/lv\/wp-json\/wp\/v2\/product\/140779\/revisions"}],"wp:featuredmedia":[{"embeddable":true,"href":"https:\/\/metaltale.com\/lv\/wp-json\/wp\/v2\/media\/129910"}],"wp:attachment":[{"href":"https:\/\/metaltale.com\/lv\/wp-json\/wp\/v2\/media?parent=140779"}],"wp:term":[{"taxonomy":"product_brand","embeddable":true,"href":"https:\/\/metaltale.com\/lv\/wp-json\/wp\/v2\/product_brand?post=140779"},{"taxonomy":"product_cat","embeddable":true,"href":"https:\/\/metaltale.com\/lv\/wp-json\/wp\/v2\/product_cat?post=140779"},{"taxonomy":"product_tag","embeddable":true,"href":"https:\/\/metaltale.com\/lv\/wp-json\/wp\/v2\/product_tag?post=140779"}],"curies":[{"name":"wp","href":"https:\/\/api.w.org\/{rel}","templated":true}]}}