{"id":140772,"date":"2024-01-12T21:12:52","date_gmt":"2024-01-12T19:12:52","guid":{"rendered":"https:\/\/metaltale.com\/produktas\/melns-dartford-1-gridas-virtuves-krans\/"},"modified":"2024-01-12T21:12:52","modified_gmt":"2024-01-12T19:12:52","slug":"melns-dartford-1-gridas-virtuves-krans","status":"publish","type":"product","link":"https:\/\/metaltale.com\/lv\/produkts\/melns-dartford-1-gridas-virtuves-krans\/","title":{"rendered":"Melns DARTFORD 1 gr\u012bdas virtuves kr\u0101ns"},"content":{"rendered":"<div class=\"prod_data\"><strong>Modelis<\/strong> WX.XT.248.BLA.1  <br \/><strong>Sav\u0101k\u0161anas<\/strong> caurules  <br \/><strong>EAN.<\/strong>  5905369900082  <br \/><strong>Izsmidzin\u0101t\u0101ja garums (cm<\/strong> ) 21  <br \/>Materi\u0101ls Misi\u0146\u0161 <br \/>Uzst\u0101d\u012b\u0161anas atveres diametrs 3,2 <br \/>Kop\u0113jais augstums (cm ) 30 <br \/>Perlators (aerators ) J\u0101 <br \/>Rot\u0113jo\u0161s izsmidzin\u0101t\u0101js J\u0101 <br \/><strong>Kr\u0101sa<\/strong> Melna  <br \/><strong>Apdare<\/strong> mat\u0113ta  <br \/>Papildus inform\u0101cija \u0160\u013c\u016btene M8x3\/8&#8243; kr\u0101na garumam 50cm <\/p>\n<p>&#8211; misi\u0146a past\u0101v\u012bgais mais\u012bt\u0101js<br \/>&#8211; groz\u0101ms izsmidzin\u0101t\u0101js<br \/>&#8211; keramikas galva &#8211; elements, kas nodro\u0161ina pareizu \u016bdens sadali. <br \/>&#8211; Aerators &#8211; \u016bdens pat\u0113ri\u0146a samazin\u0101\u0161anai<br \/>&#8211; Komplekt\u0101 ir iek\u013cautas visas uzst\u0101d\u012b\u0161anai nepiecie\u0161am\u0101s sast\u0101vda\u013cas (\u0161\u013c\u016btenes, galda skr\u016bve, skr\u016bv\u0113jam\u0101s bl\u012bves).<br \/>&#8211; viegla apkope &#8211; silts \u016bdens un PH neitr\u0101las ziepes.<br \/>&#8211; skat\u012bt. citi kolekcijas Tubes mode\u013ci<\/p>\n<hr>\n<p>Klasisk\u0101 meln\u0101 kr\u0101sa un vienk\u0101r\u0161ais dizains padara to par daudzpus\u012bgu un dro\u0161u risin\u0101jumu visda\u017e\u0101d\u0101kaj\u0101m kompoz\u012bcij\u0101m. Neapstr\u0101d\u0101ts, gandr\u012bz hidraulisks virtuves mais\u012bt\u0101js ir ide\u0101ls veids, k\u0101 izcelt industri\u0101l\u0101 interjera industri\u0101lo raksturu, bet modernam interjeram pie\u0161\u0137irt b\u0113ni\u0146u noska\u0146u. \u012apa\u0161i, ja to ieskauj pareizie virtuves piederumi, t\u0101 var ieg\u016bt fut\u016bristisku izskatu. Virtuves kr\u0101niem pirmk\u0101rt un galvenok\u0101rt j\u0101b\u016bt praktiskiem &#8211; izv\u0113loties kr\u0101nu, svar\u012bg\u0101k\u0101s iez\u012bmes ir augsts, rot\u0113jo\u0161s izsmidzin\u0101t\u0101js un iztur\u012bba. Misi\u0146a mais\u012bt\u0101js ar keramikas galvi\u0146u noteikti atbild\u012bs pat visaugst\u0101kaj\u0101m pras\u012bb\u0101m.<\/p>\n<hr>\n<\/div>\n","protected":false},"excerpt":{"rendered":"<p>Modelis WX.XT.248.BLA.1 Sav\u0101k\u0161anas caurules EAN. 5905369900082 Izsmidzin\u0101t\u0101ja garums (cm ) 21 Materi\u0101ls Misi\u0146\u0161 Uzst\u0101d\u012b\u0161anas atveres diametrs 3,2 Kop\u0113jais augstums (cm<\/p>\n","protected":false},"featured_media":97126,"comment_status":"open","ping_status":"closed","template":"","meta":{"_acf_changed":false,"pmpro_default_level":""},"product_brand":[],"product_cat":[24097],"product_tag":[],"class_list":{"0":"post-140772","1":"product","2":"type-product","3":"status-publish","4":"has-post-thumbnail","6":"product_cat-brivi-stavosi-virtuves-maisitaji","7":"pmpro-has-access","9":"first","10":"instock","11":"shipping-taxable","12":"purchasable","13":"product-type-simple"},"acf":[],"yoast_head":"<!-- This site is optimized with the Yoast SEO plugin v24.9 - https:\/\/yoast.com\/wordpress\/plugins\/seo\/ -->\n<title>Melns DARTFORD 1 gr\u012bdas virtuves kr\u0101ns - MetalTale.com<\/title>\n<meta name=\"robots\" content=\"index, follow, max-snippet:-1, max-image-preview:large, max-video-preview:-1\" \/>\n<link rel=\"canonical\" href=\"https:\/\/metaltale.com\/lv\/produkts\/melns-dartford-1-gridas-virtuves-krans\/\" \/>\n<meta property=\"og:locale\" content=\"lv_LV\" \/>\n<meta property=\"og:type\" content=\"article\" \/>\n<meta property=\"og:title\" content=\"Melns DARTFORD 1 gr\u012bdas virtuves kr\u0101ns - MetalTale.com\" \/>\n<meta property=\"og:description\" content=\"Modelis WX.XT.248.BLA.1 Sav\u0101k\u0161anas caurules EAN. 5905369900082 Izsmidzin\u0101t\u0101ja garums (cm ) 21 Materi\u0101ls Misi\u0146\u0161 Uzst\u0101d\u012b\u0161anas atveres diametrs 3,2 Kop\u0113jais augstums (cm\" \/>\n<meta property=\"og:url\" content=\"https:\/\/metaltale.com\/lv\/produkts\/melns-dartford-1-gridas-virtuves-krans\/\" \/>\n<meta property=\"og:site_name\" content=\"MetalTale.com\" \/>\n<meta name=\"twitter:card\" content=\"summary_large_image\" \/>\n<meta name=\"twitter:label1\" content=\"Est. reading time\" \/>\n\t<meta name=\"twitter:data1\" content=\"1 minute\" \/>\n<script type=\"application\/ld+json\" class=\"yoast-schema-graph\">{\"@context\":\"https:\/\/schema.org\",\"@graph\":[{\"@type\":\"WebPage\",\"@id\":\"https:\/\/metaltale.com\/lv\/produkts\/melns-dartford-1-gridas-virtuves-krans\/\",\"url\":\"https:\/\/metaltale.com\/lv\/produkts\/melns-dartford-1-gridas-virtuves-krans\/\",\"name\":\"Melns DARTFORD 1 gr\u012bdas virtuves kr\u0101ns - MetalTale.com\",\"isPartOf\":{\"@id\":\"https:\/\/metaltale.com\/lv\/#website\"},\"primaryImageOfPage\":{\"@id\":\"https:\/\/metaltale.com\/lv\/produkts\/melns-dartford-1-gridas-virtuves-krans\/#primaryimage\"},\"image\":{\"@id\":\"https:\/\/metaltale.com\/lv\/produkts\/melns-dartford-1-gridas-virtuves-krans\/#primaryimage\"},\"thumbnailUrl\":\"https:\/\/metaltale.com\/wp-content\/uploads\/2023\/11\/Laisvai-pastatomi-virtuviniai-maix161ytuvai.jpg\",\"datePublished\":\"2024-01-12T19:12:52+00:00\",\"breadcrumb\":{\"@id\":\"https:\/\/metaltale.com\/lv\/produkts\/melns-dartford-1-gridas-virtuves-krans\/#breadcrumb\"},\"inLanguage\":\"lv-LV\",\"potentialAction\":[{\"@type\":\"ReadAction\",\"target\":[\"https:\/\/metaltale.com\/lv\/produkts\/melns-dartford-1-gridas-virtuves-krans\/\"]}]},{\"@type\":\"ImageObject\",\"inLanguage\":\"lv-LV\",\"@id\":\"https:\/\/metaltale.com\/lv\/produkts\/melns-dartford-1-gridas-virtuves-krans\/#primaryimage\",\"url\":\"https:\/\/metaltale.com\/wp-content\/uploads\/2023\/11\/Laisvai-pastatomi-virtuviniai-maix161ytuvai.jpg\",\"contentUrl\":\"https:\/\/metaltale.com\/wp-content\/uploads\/2023\/11\/Laisvai-pastatomi-virtuviniai-maix161ytuvai.jpg\",\"width\":800,\"height\":800},{\"@type\":\"BreadcrumbList\",\"@id\":\"https:\/\/metaltale.com\/lv\/produkts\/melns-dartford-1-gridas-virtuves-krans\/#breadcrumb\",\"itemListElement\":[{\"@type\":\"ListItem\",\"position\":1,\"name\":\"Home\",\"item\":\"https:\/\/metaltale.com\/lv\/majas\/\"},{\"@type\":\"ListItem\",\"position\":2,\"name\":\"Veikals\",\"item\":\"https:\/\/metaltale.com\/lv\/shop\/\"},{\"@type\":\"ListItem\",\"position\":3,\"name\":\"Melns DARTFORD 1 gr\u012bdas virtuves kr\u0101ns\"}]},{\"@type\":\"WebSite\",\"@id\":\"https:\/\/metaltale.com\/lv\/#website\",\"url\":\"https:\/\/metaltale.com\/lv\/\",\"name\":\"Metaltale.com\",\"description\":\"\",\"potentialAction\":[{\"@type\":\"SearchAction\",\"target\":{\"@type\":\"EntryPoint\",\"urlTemplate\":\"https:\/\/metaltale.com\/lv\/?s={search_term_string}\"},\"query-input\":{\"@type\":\"PropertyValueSpecification\",\"valueRequired\":true,\"valueName\":\"search_term_string\"}}],\"inLanguage\":\"lv-LV\"}]}<\/script>\n<!-- \/ Yoast SEO plugin. -->","yoast_head_json":{"title":"Melns DARTFORD 1 gr\u012bdas virtuves kr\u0101ns - MetalTale.com","robots":{"index":"index","follow":"follow","max-snippet":"max-snippet:-1","max-image-preview":"max-image-preview:large","max-video-preview":"max-video-preview:-1"},"canonical":"https:\/\/metaltale.com\/lv\/produkts\/melns-dartford-1-gridas-virtuves-krans\/","og_locale":"lv_LV","og_type":"article","og_title":"Melns DARTFORD 1 gr\u012bdas virtuves kr\u0101ns - MetalTale.com","og_description":"Modelis WX.XT.248.BLA.1 Sav\u0101k\u0161anas caurules EAN. 5905369900082 Izsmidzin\u0101t\u0101ja garums (cm ) 21 Materi\u0101ls Misi\u0146\u0161 Uzst\u0101d\u012b\u0161anas atveres diametrs 3,2 Kop\u0113jais augstums (cm","og_url":"https:\/\/metaltale.com\/lv\/produkts\/melns-dartford-1-gridas-virtuves-krans\/","og_site_name":"MetalTale.com","twitter_card":"summary_large_image","twitter_misc":{"Est. reading time":"1 minute"},"schema":{"@context":"https:\/\/schema.org","@graph":[{"@type":"WebPage","@id":"https:\/\/metaltale.com\/lv\/produkts\/melns-dartford-1-gridas-virtuves-krans\/","url":"https:\/\/metaltale.com\/lv\/produkts\/melns-dartford-1-gridas-virtuves-krans\/","name":"Melns DARTFORD 1 gr\u012bdas virtuves kr\u0101ns - MetalTale.com","isPartOf":{"@id":"https:\/\/metaltale.com\/lv\/#website"},"primaryImageOfPage":{"@id":"https:\/\/metaltale.com\/lv\/produkts\/melns-dartford-1-gridas-virtuves-krans\/#primaryimage"},"image":{"@id":"https:\/\/metaltale.com\/lv\/produkts\/melns-dartford-1-gridas-virtuves-krans\/#primaryimage"},"thumbnailUrl":"https:\/\/metaltale.com\/wp-content\/uploads\/2023\/11\/Laisvai-pastatomi-virtuviniai-maix161ytuvai.jpg","datePublished":"2024-01-12T19:12:52+00:00","breadcrumb":{"@id":"https:\/\/metaltale.com\/lv\/produkts\/melns-dartford-1-gridas-virtuves-krans\/#breadcrumb"},"inLanguage":"lv-LV","potentialAction":[{"@type":"ReadAction","target":["https:\/\/metaltale.com\/lv\/produkts\/melns-dartford-1-gridas-virtuves-krans\/"]}]},{"@type":"ImageObject","inLanguage":"lv-LV","@id":"https:\/\/metaltale.com\/lv\/produkts\/melns-dartford-1-gridas-virtuves-krans\/#primaryimage","url":"https:\/\/metaltale.com\/wp-content\/uploads\/2023\/11\/Laisvai-pastatomi-virtuviniai-maix161ytuvai.jpg","contentUrl":"https:\/\/metaltale.com\/wp-content\/uploads\/2023\/11\/Laisvai-pastatomi-virtuviniai-maix161ytuvai.jpg","width":800,"height":800},{"@type":"BreadcrumbList","@id":"https:\/\/metaltale.com\/lv\/produkts\/melns-dartford-1-gridas-virtuves-krans\/#breadcrumb","itemListElement":[{"@type":"ListItem","position":1,"name":"Home","item":"https:\/\/metaltale.com\/lv\/majas\/"},{"@type":"ListItem","position":2,"name":"Veikals","item":"https:\/\/metaltale.com\/lv\/shop\/"},{"@type":"ListItem","position":3,"name":"Melns DARTFORD 1 gr\u012bdas virtuves kr\u0101ns"}]},{"@type":"WebSite","@id":"https:\/\/metaltale.com\/lv\/#website","url":"https:\/\/metaltale.com\/lv\/","name":"Metaltale.com","description":"","potentialAction":[{"@type":"SearchAction","target":{"@type":"EntryPoint","urlTemplate":"https:\/\/metaltale.com\/lv\/?s={search_term_string}"},"query-input":{"@type":"PropertyValueSpecification","valueRequired":true,"valueName":"search_term_string"}}],"inLanguage":"lv-LV"}]}},"_links":{"self":[{"href":"https:\/\/metaltale.com\/lv\/wp-json\/wp\/v2\/product\/140772","targetHints":{"allow":["GET"]}}],"collection":[{"href":"https:\/\/metaltale.com\/lv\/wp-json\/wp\/v2\/product"}],"about":[{"href":"https:\/\/metaltale.com\/lv\/wp-json\/wp\/v2\/types\/product"}],"replies":[{"embeddable":true,"href":"https:\/\/metaltale.com\/lv\/wp-json\/wp\/v2\/comments?post=140772"}],"version-history":[{"count":0,"href":"https:\/\/metaltale.com\/lv\/wp-json\/wp\/v2\/product\/140772\/revisions"}],"wp:featuredmedia":[{"embeddable":true,"href":"https:\/\/metaltale.com\/lv\/wp-json\/wp\/v2\/media\/97126"}],"wp:attachment":[{"href":"https:\/\/metaltale.com\/lv\/wp-json\/wp\/v2\/media?parent=140772"}],"wp:term":[{"taxonomy":"product_brand","embeddable":true,"href":"https:\/\/metaltale.com\/lv\/wp-json\/wp\/v2\/product_brand?post=140772"},{"taxonomy":"product_cat","embeddable":true,"href":"https:\/\/metaltale.com\/lv\/wp-json\/wp\/v2\/product_cat?post=140772"},{"taxonomy":"product_tag","embeddable":true,"href":"https:\/\/metaltale.com\/lv\/wp-json\/wp\/v2\/product_tag?post=140772"}],"curies":[{"name":"wp","href":"https:\/\/api.w.org\/{rel}","templated":true}]}}