{"id":140768,"date":"2024-01-12T21:12:58","date_gmt":"2024-01-12T19:12:58","guid":{"rendered":"https:\/\/metaltale.com\/produktas\/gwr-notice-cuguna-delis\/"},"modified":"2024-01-12T21:12:58","modified_gmt":"2024-01-12T19:12:58","slug":"gwr-notice-cuguna-delis","status":"publish","type":"product","link":"https:\/\/metaltale.com\/lv\/produkts\/gwr-notice-cuguna-delis\/","title":{"rendered":"GWR NOTICE \u010duguna d\u0113lis"},"content":{"rendered":"<div class=\"prod_data\"><strong>Modelis<\/strong> 01.342.AI.201  <br \/><strong>EAN.<\/strong>  5905369919923  <br \/><strong>Materi\u0101ls<\/strong> Ketus  <br \/>Kop\u0113jais augstums (cm ) 20,5 <br \/><strong>Kop\u0113jais platums (cm<\/strong> ) 25,7  <br \/><strong>Formos<\/strong> Sta\u010diakampio formos  <br \/>T\u0113rauda kr\u0101sa <\/p>\n<p><strong>\u0160\u012b pl\u0101ksn\u012bte<\/strong> ir veidota ar retro stila cien\u012bt\u0101jiem, un t\u0101s simbolika atg\u0101dina par dzelzce\u013ca zelta laikmetu. Skaidri un salas\u0101mi uzraksti ir rakstur\u012bgi laikposmam, kad tika rad\u012bti pirmie dizaini.<\/p>\n<p>\u0160\u012b pl\u0101ksn\u012bte ir izgatavota ar fontu, kas ir viegli salas\u0101ms pat no att\u0101luma, un ir pien\u0101c\u012bgi pies\u016bcin\u0101ta, lai nodro\u0161in\u0101tu t\u0101s iztur\u012bbu un iztur\u012bbu pret boj\u0101jumiem.<\/p>\n<\/div>\n","protected":false},"excerpt":{"rendered":"<p>Modelis 01.342.AI.201 EAN. 5905369919923 Materi\u0101ls Ketus Kop\u0113jais augstums (cm ) 20,5 Kop\u0113jais platums (cm ) 25,7 Formos Sta\u010diakampio formos T\u0113rauda<\/p>\n","protected":false},"featured_media":108200,"comment_status":"open","ping_status":"closed","template":"","meta":{"_acf_changed":false,"pmpro_default_level":""},"product_brand":[],"product_cat":[24072],"product_tag":[],"class_list":{"0":"post-140768","1":"product","2":"type-product","3":"status-publish","4":"has-post-thumbnail","6":"product_cat-cuguna-plaksnes","7":"pmpro-has-access","9":"first","10":"instock","11":"shipping-taxable","12":"purchasable","13":"product-type-simple"},"acf":[],"yoast_head":"<!-- This site is optimized with the Yoast SEO plugin v24.9 - https:\/\/yoast.com\/wordpress\/plugins\/seo\/ -->\n<title>GWR NOTICE \u010duguna d\u0113lis - MetalTale.com<\/title>\n<meta name=\"robots\" content=\"index, follow, max-snippet:-1, max-image-preview:large, max-video-preview:-1\" \/>\n<link rel=\"canonical\" href=\"https:\/\/metaltale.com\/lv\/produkts\/gwr-notice-cuguna-delis\/\" \/>\n<meta property=\"og:locale\" content=\"lv_LV\" \/>\n<meta property=\"og:type\" content=\"article\" \/>\n<meta property=\"og:title\" content=\"GWR NOTICE \u010duguna d\u0113lis - MetalTale.com\" \/>\n<meta property=\"og:description\" content=\"Modelis 01.342.AI.201 EAN. 5905369919923 Materi\u0101ls Ketus Kop\u0113jais augstums (cm ) 20,5 Kop\u0113jais platums (cm ) 25,7 Formos Sta\u010diakampio formos T\u0113rauda\" \/>\n<meta property=\"og:url\" content=\"https:\/\/metaltale.com\/lv\/produkts\/gwr-notice-cuguna-delis\/\" \/>\n<meta property=\"og:site_name\" content=\"MetalTale.com\" \/>\n<meta name=\"twitter:card\" content=\"summary_large_image\" \/>\n<script type=\"application\/ld+json\" class=\"yoast-schema-graph\">{\"@context\":\"https:\/\/schema.org\",\"@graph\":[{\"@type\":\"WebPage\",\"@id\":\"https:\/\/metaltale.com\/lv\/produkts\/gwr-notice-cuguna-delis\/\",\"url\":\"https:\/\/metaltale.com\/lv\/produkts\/gwr-notice-cuguna-delis\/\",\"name\":\"GWR NOTICE \u010duguna d\u0113lis - MetalTale.com\",\"isPartOf\":{\"@id\":\"https:\/\/metaltale.com\/lv\/#website\"},\"primaryImageOfPage\":{\"@id\":\"https:\/\/metaltale.com\/lv\/produkts\/gwr-notice-cuguna-delis\/#primaryimage\"},\"image\":{\"@id\":\"https:\/\/metaltale.com\/lv\/produkts\/gwr-notice-cuguna-delis\/#primaryimage\"},\"thumbnailUrl\":\"https:\/\/metaltale.com\/wp-content\/uploads\/2023\/11\/Ketaus-plokx161tx117s.jpg\",\"datePublished\":\"2024-01-12T19:12:58+00:00\",\"breadcrumb\":{\"@id\":\"https:\/\/metaltale.com\/lv\/produkts\/gwr-notice-cuguna-delis\/#breadcrumb\"},\"inLanguage\":\"lv-LV\",\"potentialAction\":[{\"@type\":\"ReadAction\",\"target\":[\"https:\/\/metaltale.com\/lv\/produkts\/gwr-notice-cuguna-delis\/\"]}]},{\"@type\":\"ImageObject\",\"inLanguage\":\"lv-LV\",\"@id\":\"https:\/\/metaltale.com\/lv\/produkts\/gwr-notice-cuguna-delis\/#primaryimage\",\"url\":\"https:\/\/metaltale.com\/wp-content\/uploads\/2023\/11\/Ketaus-plokx161tx117s.jpg\",\"contentUrl\":\"https:\/\/metaltale.com\/wp-content\/uploads\/2023\/11\/Ketaus-plokx161tx117s.jpg\",\"width\":800,\"height\":800},{\"@type\":\"BreadcrumbList\",\"@id\":\"https:\/\/metaltale.com\/lv\/produkts\/gwr-notice-cuguna-delis\/#breadcrumb\",\"itemListElement\":[{\"@type\":\"ListItem\",\"position\":1,\"name\":\"Home\",\"item\":\"https:\/\/metaltale.com\/lv\/majas\/\"},{\"@type\":\"ListItem\",\"position\":2,\"name\":\"Veikals\",\"item\":\"https:\/\/metaltale.com\/lv\/shop\/\"},{\"@type\":\"ListItem\",\"position\":3,\"name\":\"GWR NOTICE \u010duguna d\u0113lis\"}]},{\"@type\":\"WebSite\",\"@id\":\"https:\/\/metaltale.com\/lv\/#website\",\"url\":\"https:\/\/metaltale.com\/lv\/\",\"name\":\"Metaltale.com\",\"description\":\"\",\"potentialAction\":[{\"@type\":\"SearchAction\",\"target\":{\"@type\":\"EntryPoint\",\"urlTemplate\":\"https:\/\/metaltale.com\/lv\/?s={search_term_string}\"},\"query-input\":{\"@type\":\"PropertyValueSpecification\",\"valueRequired\":true,\"valueName\":\"search_term_string\"}}],\"inLanguage\":\"lv-LV\"}]}<\/script>\n<!-- \/ Yoast SEO plugin. -->","yoast_head_json":{"title":"GWR NOTICE \u010duguna d\u0113lis - MetalTale.com","robots":{"index":"index","follow":"follow","max-snippet":"max-snippet:-1","max-image-preview":"max-image-preview:large","max-video-preview":"max-video-preview:-1"},"canonical":"https:\/\/metaltale.com\/lv\/produkts\/gwr-notice-cuguna-delis\/","og_locale":"lv_LV","og_type":"article","og_title":"GWR NOTICE \u010duguna d\u0113lis - MetalTale.com","og_description":"Modelis 01.342.AI.201 EAN. 5905369919923 Materi\u0101ls Ketus Kop\u0113jais augstums (cm ) 20,5 Kop\u0113jais platums (cm ) 25,7 Formos Sta\u010diakampio formos T\u0113rauda","og_url":"https:\/\/metaltale.com\/lv\/produkts\/gwr-notice-cuguna-delis\/","og_site_name":"MetalTale.com","twitter_card":"summary_large_image","schema":{"@context":"https:\/\/schema.org","@graph":[{"@type":"WebPage","@id":"https:\/\/metaltale.com\/lv\/produkts\/gwr-notice-cuguna-delis\/","url":"https:\/\/metaltale.com\/lv\/produkts\/gwr-notice-cuguna-delis\/","name":"GWR NOTICE \u010duguna d\u0113lis - MetalTale.com","isPartOf":{"@id":"https:\/\/metaltale.com\/lv\/#website"},"primaryImageOfPage":{"@id":"https:\/\/metaltale.com\/lv\/produkts\/gwr-notice-cuguna-delis\/#primaryimage"},"image":{"@id":"https:\/\/metaltale.com\/lv\/produkts\/gwr-notice-cuguna-delis\/#primaryimage"},"thumbnailUrl":"https:\/\/metaltale.com\/wp-content\/uploads\/2023\/11\/Ketaus-plokx161tx117s.jpg","datePublished":"2024-01-12T19:12:58+00:00","breadcrumb":{"@id":"https:\/\/metaltale.com\/lv\/produkts\/gwr-notice-cuguna-delis\/#breadcrumb"},"inLanguage":"lv-LV","potentialAction":[{"@type":"ReadAction","target":["https:\/\/metaltale.com\/lv\/produkts\/gwr-notice-cuguna-delis\/"]}]},{"@type":"ImageObject","inLanguage":"lv-LV","@id":"https:\/\/metaltale.com\/lv\/produkts\/gwr-notice-cuguna-delis\/#primaryimage","url":"https:\/\/metaltale.com\/wp-content\/uploads\/2023\/11\/Ketaus-plokx161tx117s.jpg","contentUrl":"https:\/\/metaltale.com\/wp-content\/uploads\/2023\/11\/Ketaus-plokx161tx117s.jpg","width":800,"height":800},{"@type":"BreadcrumbList","@id":"https:\/\/metaltale.com\/lv\/produkts\/gwr-notice-cuguna-delis\/#breadcrumb","itemListElement":[{"@type":"ListItem","position":1,"name":"Home","item":"https:\/\/metaltale.com\/lv\/majas\/"},{"@type":"ListItem","position":2,"name":"Veikals","item":"https:\/\/metaltale.com\/lv\/shop\/"},{"@type":"ListItem","position":3,"name":"GWR NOTICE \u010duguna d\u0113lis"}]},{"@type":"WebSite","@id":"https:\/\/metaltale.com\/lv\/#website","url":"https:\/\/metaltale.com\/lv\/","name":"Metaltale.com","description":"","potentialAction":[{"@type":"SearchAction","target":{"@type":"EntryPoint","urlTemplate":"https:\/\/metaltale.com\/lv\/?s={search_term_string}"},"query-input":{"@type":"PropertyValueSpecification","valueRequired":true,"valueName":"search_term_string"}}],"inLanguage":"lv-LV"}]}},"_links":{"self":[{"href":"https:\/\/metaltale.com\/lv\/wp-json\/wp\/v2\/product\/140768","targetHints":{"allow":["GET"]}}],"collection":[{"href":"https:\/\/metaltale.com\/lv\/wp-json\/wp\/v2\/product"}],"about":[{"href":"https:\/\/metaltale.com\/lv\/wp-json\/wp\/v2\/types\/product"}],"replies":[{"embeddable":true,"href":"https:\/\/metaltale.com\/lv\/wp-json\/wp\/v2\/comments?post=140768"}],"version-history":[{"count":0,"href":"https:\/\/metaltale.com\/lv\/wp-json\/wp\/v2\/product\/140768\/revisions"}],"wp:featuredmedia":[{"embeddable":true,"href":"https:\/\/metaltale.com\/lv\/wp-json\/wp\/v2\/media\/108200"}],"wp:attachment":[{"href":"https:\/\/metaltale.com\/lv\/wp-json\/wp\/v2\/media?parent=140768"}],"wp:term":[{"taxonomy":"product_brand","embeddable":true,"href":"https:\/\/metaltale.com\/lv\/wp-json\/wp\/v2\/product_brand?post=140768"},{"taxonomy":"product_cat","embeddable":true,"href":"https:\/\/metaltale.com\/lv\/wp-json\/wp\/v2\/product_cat?post=140768"},{"taxonomy":"product_tag","embeddable":true,"href":"https:\/\/metaltale.com\/lv\/wp-json\/wp\/v2\/product_tag?post=140768"}],"curies":[{"name":"wp","href":"https:\/\/api.w.org\/{rel}","templated":true}]}}