{"id":140760,"date":"2024-01-12T21:12:18","date_gmt":"2024-01-12T19:12:18","guid":{"rendered":"https:\/\/metaltale.com\/produktas\/paliktnu-skapis-teraudze-3\/"},"modified":"2024-01-12T21:12:18","modified_gmt":"2024-01-12T19:12:18","slug":"paliktnu-skapis-teraudze-3","status":"publish","type":"product","link":"https:\/\/metaltale.com\/lv\/produkts\/paliktnu-skapis-teraudze-3\/","title":{"rendered":"Palikt\u0146u skapis T\u0112RAUDZE 3"},"content":{"rendered":"<div class=\"prod_data\">\n<p><strong>Modelis<\/strong> ZA.SW.S3<br \/>\nT\u0113rauda koka <strong>kolekcija<\/strong><br \/>\n<strong>EAN.<\/strong>  5905369915680<br \/>\n<strong>Materi\u0101ls<\/strong> Priede, t\u0113rauds<br \/>\n<strong>Kop\u0113jais augstums (cm<\/strong> ) 195<br \/>\n<strong>Kop\u0113jais platums (cm<\/strong> ) 150<br \/>\n<strong>Dzi\u013cums (cm<\/strong> ) 60<br \/>\n<strong>Trim<\/strong> Spotted<br \/>\n<strong>Pieg\u0101des veids<\/strong> Piln\u012bb\u0101 samont\u0113ts produkts<\/p>\n<p>&#8211; t\u0101s ra\u017eo\u0161an\u0101 izmantot\u0101 priedes koksne, kas aizsarg\u0101ta ar \u016bdens traipu.<br \/>\n&#8211; Stabila konstrukcija no diviem sl\u0113gtiem profiliem ar 2&#215;2 cm \u0161\u0137\u0113rsgriezumu.<br \/>\n&#8211; t\u0113rauda elementi tika pies\u016bcin\u0101ti ar caursp\u012bd\u012bgu sl\u0101ni.<br \/>\n&#8211; lieto\u0161anas \u0113rtumu nodro\u0161ina veramo durvju uzst\u0101d\u012b\u0161ana ar t\u0101 saukto kluso aizv\u0113r\u0161anos.<br \/>\n&#8211; atvilktnes ir apr\u012bkotas ar klus\u0101m un saudz\u012bg\u0101m lod\u012b\u0161u gult\u0146u vadotn\u0113m.<br \/>\n&#8211; ar rok\u0101m sl\u012bp\u0113ti priedes elementi saglab\u0101 koksnes dabisko strukt\u016bru.<br \/>\n&#8211; dro\u0161\u012bbu un est\u0113tiku garant\u0113 pul\u0113ti metin\u0101\u0161anas punkti.<br \/>\n&#8211; Skapim ir tr\u012bs noder\u012bgi iek\u0161pusi, katra ar \u0161\u0101diem izm\u0113riem: augstums 181 cm platums 46 cm dzi\u013cums 60 cm.<br \/>\n&#8211; skapja lab\u0101s puses modul\u0101rais raksturs \u013cauj piel\u0101got interjeru j\u016bsu individu\u0101laj\u0101m vajadz\u012bb\u0101m.<\/p>\n<hr>\n<p>STEEL WOOD m\u0113beles ir v\u0113l nebijusi koka un met\u0101la kombin\u0101cija. Abu izejmateri\u0101lu kombin\u0101cija \u013cauj kolekcijai kopum\u0101 inovat\u012bv\u0101 veid\u0101 lauzt ierastos m\u0113be\u013cu stilus. STEEL WOOD dizains apvieno m\u016bsdien\u012bgus risin\u0101jumus, piem\u0113ram, klusu durvju aizv\u0113r\u0161anu vai lod\u012b\u0161u gult\u0146u vadotnes, ar pilna korpusa b\u0113ni\u0146u dizainu. \u0160o kategoriju raksturo pla\u0161ums un funkcionalit\u0101te. Pareiz\u0101 da\u013ca \u013cauj izveidot jebkuru interjeru. \u0160\u012b segmenta plauktus var uzst\u0101d\u012bt se\u0161os da\u017e\u0101dos augstumos. Garderob\u0113 labaj\u0101 pus\u0113 ir iesp\u0113jams izmantot vienu vai divas dr\u0113bju pakaramas. Lai saglab\u0101tu konsekvenci, m\u0113beles ir apr\u012bkotas ar stil\u012bgi izv\u0113l\u0113tiem met\u0101la rokturiem. Lofti no STEEL WOOD kolekcijas ir dom\u0101ti ne tikai b\u0113ni\u0146u m\u012b\u013cot\u0101jiem, bet ar\u012b tiem, kam pat\u012bk iek\u013cauties modern\u0101 m\u0101jas, dz\u012bvok\u013ca vai biroja interjer\u0101.<\/p>\n<hr>\n<\/div>\n","protected":false},"excerpt":{"rendered":"<p>Modelis ZA.SW.S3 T\u0113rauda koka kolekcija EAN. 5905369915680 Materi\u0101ls Priede, t\u0113rauds Kop\u0113jais augstums (cm ) 195 Kop\u0113jais platums (cm ) 150<\/p>\n","protected":false},"featured_media":119647,"comment_status":"open","ping_status":"closed","template":"","meta":{"_acf_changed":false,"pmpro_default_level":""},"product_brand":[],"product_cat":[24057,24118],"product_tag":[],"class_list":{"0":"post-140760","1":"product","2":"type-product","3":"status-publish","4":"has-post-thumbnail","6":"product_cat-rupnieciskas-mebeles","7":"product_cat-skapji","8":"pmpro-has-access","10":"first","11":"instock","12":"shipping-taxable","13":"purchasable","14":"product-type-simple"},"acf":[],"yoast_head":"<!-- This site is optimized with the Yoast SEO plugin v24.9 - https:\/\/yoast.com\/wordpress\/plugins\/seo\/ -->\n<title>Palikt\u0146u skapis T\u0112RAUDZE 3 - MetalTale.com<\/title>\n<meta name=\"robots\" content=\"index, follow, max-snippet:-1, max-image-preview:large, max-video-preview:-1\" \/>\n<link rel=\"canonical\" href=\"https:\/\/metaltale.com\/lv\/produkts\/paliktnu-skapis-teraudze-3\/\" \/>\n<meta property=\"og:locale\" content=\"lv_LV\" \/>\n<meta property=\"og:type\" content=\"article\" \/>\n<meta property=\"og:title\" content=\"Palikt\u0146u skapis T\u0112RAUDZE 3 - MetalTale.com\" \/>\n<meta property=\"og:description\" content=\"Modelis ZA.SW.S3 T\u0113rauda koka kolekcija EAN. 5905369915680 Materi\u0101ls Priede, t\u0113rauds Kop\u0113jais augstums (cm ) 195 Kop\u0113jais platums (cm ) 150\" \/>\n<meta property=\"og:url\" content=\"https:\/\/metaltale.com\/lv\/produkts\/paliktnu-skapis-teraudze-3\/\" \/>\n<meta property=\"og:site_name\" content=\"MetalTale.com\" \/>\n<meta name=\"twitter:card\" content=\"summary_large_image\" \/>\n<meta name=\"twitter:label1\" content=\"Est. reading time\" \/>\n\t<meta name=\"twitter:data1\" content=\"2 minutes\" \/>\n<script type=\"application\/ld+json\" class=\"yoast-schema-graph\">{\"@context\":\"https:\/\/schema.org\",\"@graph\":[{\"@type\":\"WebPage\",\"@id\":\"https:\/\/metaltale.com\/lv\/produkts\/paliktnu-skapis-teraudze-3\/\",\"url\":\"https:\/\/metaltale.com\/lv\/produkts\/paliktnu-skapis-teraudze-3\/\",\"name\":\"Palikt\u0146u skapis T\u0112RAUDZE 3 - MetalTale.com\",\"isPartOf\":{\"@id\":\"https:\/\/metaltale.com\/lv\/#website\"},\"primaryImageOfPage\":{\"@id\":\"https:\/\/metaltale.com\/lv\/produkts\/paliktnu-skapis-teraudze-3\/#primaryimage\"},\"image\":{\"@id\":\"https:\/\/metaltale.com\/lv\/produkts\/paliktnu-skapis-teraudze-3\/#primaryimage\"},\"thumbnailUrl\":\"https:\/\/metaltale.com\/wp-content\/uploads\/2023\/12\/loft-spinta.jpg\",\"datePublished\":\"2024-01-12T19:12:18+00:00\",\"breadcrumb\":{\"@id\":\"https:\/\/metaltale.com\/lv\/produkts\/paliktnu-skapis-teraudze-3\/#breadcrumb\"},\"inLanguage\":\"lv-LV\",\"potentialAction\":[{\"@type\":\"ReadAction\",\"target\":[\"https:\/\/metaltale.com\/lv\/produkts\/paliktnu-skapis-teraudze-3\/\"]}]},{\"@type\":\"ImageObject\",\"inLanguage\":\"lv-LV\",\"@id\":\"https:\/\/metaltale.com\/lv\/produkts\/paliktnu-skapis-teraudze-3\/#primaryimage\",\"url\":\"https:\/\/metaltale.com\/wp-content\/uploads\/2023\/12\/loft-spinta.jpg\",\"contentUrl\":\"https:\/\/metaltale.com\/wp-content\/uploads\/2023\/12\/loft-spinta.jpg\",\"width\":800,\"height\":800,\"caption\":\"b\u0113ni\u0146u skapis\"},{\"@type\":\"BreadcrumbList\",\"@id\":\"https:\/\/metaltale.com\/lv\/produkts\/paliktnu-skapis-teraudze-3\/#breadcrumb\",\"itemListElement\":[{\"@type\":\"ListItem\",\"position\":1,\"name\":\"Home\",\"item\":\"https:\/\/metaltale.com\/lv\/majas\/\"},{\"@type\":\"ListItem\",\"position\":2,\"name\":\"Veikals\",\"item\":\"https:\/\/metaltale.com\/lv\/shop\/\"},{\"@type\":\"ListItem\",\"position\":3,\"name\":\"Palikt\u0146u skapis T\u0112RAUDZE 3\"}]},{\"@type\":\"WebSite\",\"@id\":\"https:\/\/metaltale.com\/lv\/#website\",\"url\":\"https:\/\/metaltale.com\/lv\/\",\"name\":\"Metaltale.com\",\"description\":\"\",\"potentialAction\":[{\"@type\":\"SearchAction\",\"target\":{\"@type\":\"EntryPoint\",\"urlTemplate\":\"https:\/\/metaltale.com\/lv\/?s={search_term_string}\"},\"query-input\":{\"@type\":\"PropertyValueSpecification\",\"valueRequired\":true,\"valueName\":\"search_term_string\"}}],\"inLanguage\":\"lv-LV\"}]}<\/script>\n<!-- \/ Yoast SEO plugin. -->","yoast_head_json":{"title":"Palikt\u0146u skapis T\u0112RAUDZE 3 - MetalTale.com","robots":{"index":"index","follow":"follow","max-snippet":"max-snippet:-1","max-image-preview":"max-image-preview:large","max-video-preview":"max-video-preview:-1"},"canonical":"https:\/\/metaltale.com\/lv\/produkts\/paliktnu-skapis-teraudze-3\/","og_locale":"lv_LV","og_type":"article","og_title":"Palikt\u0146u skapis T\u0112RAUDZE 3 - MetalTale.com","og_description":"Modelis ZA.SW.S3 T\u0113rauda koka kolekcija EAN. 5905369915680 Materi\u0101ls Priede, t\u0113rauds Kop\u0113jais augstums (cm ) 195 Kop\u0113jais platums (cm ) 150","og_url":"https:\/\/metaltale.com\/lv\/produkts\/paliktnu-skapis-teraudze-3\/","og_site_name":"MetalTale.com","twitter_card":"summary_large_image","twitter_misc":{"Est. reading time":"2 minutes"},"schema":{"@context":"https:\/\/schema.org","@graph":[{"@type":"WebPage","@id":"https:\/\/metaltale.com\/lv\/produkts\/paliktnu-skapis-teraudze-3\/","url":"https:\/\/metaltale.com\/lv\/produkts\/paliktnu-skapis-teraudze-3\/","name":"Palikt\u0146u skapis T\u0112RAUDZE 3 - MetalTale.com","isPartOf":{"@id":"https:\/\/metaltale.com\/lv\/#website"},"primaryImageOfPage":{"@id":"https:\/\/metaltale.com\/lv\/produkts\/paliktnu-skapis-teraudze-3\/#primaryimage"},"image":{"@id":"https:\/\/metaltale.com\/lv\/produkts\/paliktnu-skapis-teraudze-3\/#primaryimage"},"thumbnailUrl":"https:\/\/metaltale.com\/wp-content\/uploads\/2023\/12\/loft-spinta.jpg","datePublished":"2024-01-12T19:12:18+00:00","breadcrumb":{"@id":"https:\/\/metaltale.com\/lv\/produkts\/paliktnu-skapis-teraudze-3\/#breadcrumb"},"inLanguage":"lv-LV","potentialAction":[{"@type":"ReadAction","target":["https:\/\/metaltale.com\/lv\/produkts\/paliktnu-skapis-teraudze-3\/"]}]},{"@type":"ImageObject","inLanguage":"lv-LV","@id":"https:\/\/metaltale.com\/lv\/produkts\/paliktnu-skapis-teraudze-3\/#primaryimage","url":"https:\/\/metaltale.com\/wp-content\/uploads\/2023\/12\/loft-spinta.jpg","contentUrl":"https:\/\/metaltale.com\/wp-content\/uploads\/2023\/12\/loft-spinta.jpg","width":800,"height":800,"caption":"b\u0113ni\u0146u skapis"},{"@type":"BreadcrumbList","@id":"https:\/\/metaltale.com\/lv\/produkts\/paliktnu-skapis-teraudze-3\/#breadcrumb","itemListElement":[{"@type":"ListItem","position":1,"name":"Home","item":"https:\/\/metaltale.com\/lv\/majas\/"},{"@type":"ListItem","position":2,"name":"Veikals","item":"https:\/\/metaltale.com\/lv\/shop\/"},{"@type":"ListItem","position":3,"name":"Palikt\u0146u skapis T\u0112RAUDZE 3"}]},{"@type":"WebSite","@id":"https:\/\/metaltale.com\/lv\/#website","url":"https:\/\/metaltale.com\/lv\/","name":"Metaltale.com","description":"","potentialAction":[{"@type":"SearchAction","target":{"@type":"EntryPoint","urlTemplate":"https:\/\/metaltale.com\/lv\/?s={search_term_string}"},"query-input":{"@type":"PropertyValueSpecification","valueRequired":true,"valueName":"search_term_string"}}],"inLanguage":"lv-LV"}]}},"_links":{"self":[{"href":"https:\/\/metaltale.com\/lv\/wp-json\/wp\/v2\/product\/140760","targetHints":{"allow":["GET"]}}],"collection":[{"href":"https:\/\/metaltale.com\/lv\/wp-json\/wp\/v2\/product"}],"about":[{"href":"https:\/\/metaltale.com\/lv\/wp-json\/wp\/v2\/types\/product"}],"replies":[{"embeddable":true,"href":"https:\/\/metaltale.com\/lv\/wp-json\/wp\/v2\/comments?post=140760"}],"version-history":[{"count":0,"href":"https:\/\/metaltale.com\/lv\/wp-json\/wp\/v2\/product\/140760\/revisions"}],"wp:featuredmedia":[{"embeddable":true,"href":"https:\/\/metaltale.com\/lv\/wp-json\/wp\/v2\/media\/119647"}],"wp:attachment":[{"href":"https:\/\/metaltale.com\/lv\/wp-json\/wp\/v2\/media?parent=140760"}],"wp:term":[{"taxonomy":"product_brand","embeddable":true,"href":"https:\/\/metaltale.com\/lv\/wp-json\/wp\/v2\/product_brand?post=140760"},{"taxonomy":"product_cat","embeddable":true,"href":"https:\/\/metaltale.com\/lv\/wp-json\/wp\/v2\/product_cat?post=140760"},{"taxonomy":"product_tag","embeddable":true,"href":"https:\/\/metaltale.com\/lv\/wp-json\/wp\/v2\/product_tag?post=140760"}],"curies":[{"name":"wp","href":"https:\/\/api.w.org\/{rel}","templated":true}]}}