{"id":140757,"date":"2024-01-12T21:10:24","date_gmt":"2024-01-12T19:10:24","guid":{"rendered":"https:\/\/metaltale.com\/produktas\/bara-kresls-western-edition-melns\/"},"modified":"2024-01-12T21:10:24","modified_gmt":"2024-01-12T19:10:24","slug":"bara-kresls-western-edition-melns","status":"publish","type":"product","link":"https:\/\/metaltale.com\/lv\/produkts\/bara-kresls-western-edition-melns\/","title":{"rendered":"B\u0101ra kr\u0113sls WESTERN EDITION, melns"},"content":{"rendered":"<div class=\"prod_data\">\n<p>ZA <strong>modelis<\/strong>. T1. WE-PRGR<br \/>\n<strong>Materi\u0101ls<\/strong> Priede, t\u0113rauds<br \/>\n<strong>Kop\u0113jais augstums (cm<\/strong> ) 65-90<br \/>\n<strong>Kop\u0113jais platums (cm<\/strong> ) 40<br \/>\n<strong>Kr\u0101sa<\/strong> Melna<br \/>\nDaudzums komplekt\u0101 1 gab.<\/p>\n<p>S\u0113dek\u013ca augstuma regul\u0113\u0161ana (uzst\u0101d\u012bts uz t\u0113rauda stie\u0146a ar v\u012btni)<\/p>\n<p>&#8220;Hoker ir izgatavots no t\u0113rauda, kas garant\u0113 izstr\u0101d\u0101juma stabilit\u0101ti un iztur\u012bbu.<\/p>\n<p>s\u0113deklis izgatavots no priedes koka<\/p>\n<hr>\n<p>&#8220;Hoker Industrial Western Edition&#8221; ir par 10 cm augst\u0101ka Hoker Industrial versija. S\u0113deklis ir regul\u0113jams l\u012bdz 30 cm un maksim\u0101li l\u012bdz 95 cm. Pateicoties mas\u012bvajai konstrukcijai, taburete saglab\u0101 stabilit\u0101ti neatkar\u012bgi no pie\u0146emt\u0101 augstuma. Ierosin\u0101tais izstr\u0101d\u0101jums tiek pieg\u0101d\u0101ts no neapstr\u0101d\u0101ta t\u0113rauda (graf\u012bta ton\u012b) ar skr\u0101p\u0113jumiem metin\u0101\u0161anas viet\u0101s. 30 cm diametra s\u0113deklis nodro\u0161ina komfortu. Izgatavots no melni kr\u0101sotas priedes ar daudz skr\u0101p\u0113jumiem, lai uzsv\u0113rtu Hoker industri\u0101lo raksturu. Daudzu testu rezult\u0101t\u0101 tika noteikts, ka k\u0101ju balsts ir novietots optim\u0101l\u0101 augstum\u0101 &#8211; aptuveni 29 cm no zemes.<\/p>\n<\/div>\n","protected":false},"excerpt":{"rendered":"<p>ZA modelis. T1. WE-PRGR Materi\u0101ls Priede, t\u0113rauds Kop\u0113jais augstums (cm ) 65-90 Kop\u0113jais platums (cm ) 40 Kr\u0101sa Melna Daudzums<\/p>\n","protected":false},"featured_media":100171,"comment_status":"open","ping_status":"closed","template":"","meta":{"_acf_changed":false,"pmpro_default_level":""},"product_brand":[],"product_cat":[24114,24057],"product_tag":[],"class_list":{"0":"post-140757","1":"product","2":"type-product","3":"status-publish","4":"has-post-thumbnail","6":"product_cat-bara-kresli","7":"product_cat-rupnieciskas-mebeles","8":"pmpro-has-access","10":"first","11":"instock","12":"shipping-taxable","13":"purchasable","14":"product-type-simple"},"acf":[],"yoast_head":"<!-- This site is optimized with the Yoast SEO plugin v24.9 - https:\/\/yoast.com\/wordpress\/plugins\/seo\/ -->\n<title>B\u0101ra kr\u0113sls WESTERN EDITION, melns - MetalTale.com<\/title>\n<meta name=\"robots\" content=\"index, follow, max-snippet:-1, max-image-preview:large, max-video-preview:-1\" \/>\n<link rel=\"canonical\" href=\"https:\/\/metaltale.com\/lv\/produkts\/bara-kresls-western-edition-melns\/\" \/>\n<meta property=\"og:locale\" content=\"lv_LV\" \/>\n<meta property=\"og:type\" content=\"article\" \/>\n<meta property=\"og:title\" content=\"B\u0101ra kr\u0113sls WESTERN EDITION, melns - MetalTale.com\" \/>\n<meta property=\"og:description\" content=\"ZA modelis. T1. WE-PRGR Materi\u0101ls Priede, t\u0113rauds Kop\u0113jais augstums (cm ) 65-90 Kop\u0113jais platums (cm ) 40 Kr\u0101sa Melna Daudzums\" \/>\n<meta property=\"og:url\" content=\"https:\/\/metaltale.com\/lv\/produkts\/bara-kresls-western-edition-melns\/\" \/>\n<meta property=\"og:site_name\" content=\"MetalTale.com\" \/>\n<meta name=\"twitter:card\" content=\"summary_large_image\" \/>\n<meta name=\"twitter:label1\" content=\"Est. reading time\" \/>\n\t<meta name=\"twitter:data1\" content=\"1 minute\" \/>\n<script type=\"application\/ld+json\" class=\"yoast-schema-graph\">{\"@context\":\"https:\/\/schema.org\",\"@graph\":[{\"@type\":\"WebPage\",\"@id\":\"https:\/\/metaltale.com\/lv\/produkts\/bara-kresls-western-edition-melns\/\",\"url\":\"https:\/\/metaltale.com\/lv\/produkts\/bara-kresls-western-edition-melns\/\",\"name\":\"B\u0101ra kr\u0113sls WESTERN EDITION, melns - MetalTale.com\",\"isPartOf\":{\"@id\":\"https:\/\/metaltale.com\/lv\/#website\"},\"primaryImageOfPage\":{\"@id\":\"https:\/\/metaltale.com\/lv\/produkts\/bara-kresls-western-edition-melns\/#primaryimage\"},\"image\":{\"@id\":\"https:\/\/metaltale.com\/lv\/produkts\/bara-kresls-western-edition-melns\/#primaryimage\"},\"thumbnailUrl\":\"https:\/\/metaltale.com\/wp-content\/uploads\/2023\/11\/Hoker-WESTERN-EDITION-STALOWY.jpg\",\"datePublished\":\"2024-01-12T19:10:24+00:00\",\"breadcrumb\":{\"@id\":\"https:\/\/metaltale.com\/lv\/produkts\/bara-kresls-western-edition-melns\/#breadcrumb\"},\"inLanguage\":\"lv-LV\",\"potentialAction\":[{\"@type\":\"ReadAction\",\"target\":[\"https:\/\/metaltale.com\/lv\/produkts\/bara-kresls-western-edition-melns\/\"]}]},{\"@type\":\"ImageObject\",\"inLanguage\":\"lv-LV\",\"@id\":\"https:\/\/metaltale.com\/lv\/produkts\/bara-kresls-western-edition-melns\/#primaryimage\",\"url\":\"https:\/\/metaltale.com\/wp-content\/uploads\/2023\/11\/Hoker-WESTERN-EDITION-STALOWY.jpg\",\"contentUrl\":\"https:\/\/metaltale.com\/wp-content\/uploads\/2023\/11\/Hoker-WESTERN-EDITION-STALOWY.jpg\",\"width\":800,\"height\":800,\"caption\":\"b\u0101ra taburete\"},{\"@type\":\"BreadcrumbList\",\"@id\":\"https:\/\/metaltale.com\/lv\/produkts\/bara-kresls-western-edition-melns\/#breadcrumb\",\"itemListElement\":[{\"@type\":\"ListItem\",\"position\":1,\"name\":\"Home\",\"item\":\"https:\/\/metaltale.com\/lv\/majas\/\"},{\"@type\":\"ListItem\",\"position\":2,\"name\":\"Veikals\",\"item\":\"https:\/\/metaltale.com\/lv\/shop\/\"},{\"@type\":\"ListItem\",\"position\":3,\"name\":\"B\u0101ra kr\u0113sls WESTERN EDITION, melns\"}]},{\"@type\":\"WebSite\",\"@id\":\"https:\/\/metaltale.com\/lv\/#website\",\"url\":\"https:\/\/metaltale.com\/lv\/\",\"name\":\"Metaltale.com\",\"description\":\"\",\"potentialAction\":[{\"@type\":\"SearchAction\",\"target\":{\"@type\":\"EntryPoint\",\"urlTemplate\":\"https:\/\/metaltale.com\/lv\/?s={search_term_string}\"},\"query-input\":{\"@type\":\"PropertyValueSpecification\",\"valueRequired\":true,\"valueName\":\"search_term_string\"}}],\"inLanguage\":\"lv-LV\"}]}<\/script>\n<!-- \/ Yoast SEO plugin. -->","yoast_head_json":{"title":"B\u0101ra kr\u0113sls WESTERN EDITION, melns - MetalTale.com","robots":{"index":"index","follow":"follow","max-snippet":"max-snippet:-1","max-image-preview":"max-image-preview:large","max-video-preview":"max-video-preview:-1"},"canonical":"https:\/\/metaltale.com\/lv\/produkts\/bara-kresls-western-edition-melns\/","og_locale":"lv_LV","og_type":"article","og_title":"B\u0101ra kr\u0113sls WESTERN EDITION, melns - MetalTale.com","og_description":"ZA modelis. T1. WE-PRGR Materi\u0101ls Priede, t\u0113rauds Kop\u0113jais augstums (cm ) 65-90 Kop\u0113jais platums (cm ) 40 Kr\u0101sa Melna Daudzums","og_url":"https:\/\/metaltale.com\/lv\/produkts\/bara-kresls-western-edition-melns\/","og_site_name":"MetalTale.com","twitter_card":"summary_large_image","twitter_misc":{"Est. reading time":"1 minute"},"schema":{"@context":"https:\/\/schema.org","@graph":[{"@type":"WebPage","@id":"https:\/\/metaltale.com\/lv\/produkts\/bara-kresls-western-edition-melns\/","url":"https:\/\/metaltale.com\/lv\/produkts\/bara-kresls-western-edition-melns\/","name":"B\u0101ra kr\u0113sls WESTERN EDITION, melns - MetalTale.com","isPartOf":{"@id":"https:\/\/metaltale.com\/lv\/#website"},"primaryImageOfPage":{"@id":"https:\/\/metaltale.com\/lv\/produkts\/bara-kresls-western-edition-melns\/#primaryimage"},"image":{"@id":"https:\/\/metaltale.com\/lv\/produkts\/bara-kresls-western-edition-melns\/#primaryimage"},"thumbnailUrl":"https:\/\/metaltale.com\/wp-content\/uploads\/2023\/11\/Hoker-WESTERN-EDITION-STALOWY.jpg","datePublished":"2024-01-12T19:10:24+00:00","breadcrumb":{"@id":"https:\/\/metaltale.com\/lv\/produkts\/bara-kresls-western-edition-melns\/#breadcrumb"},"inLanguage":"lv-LV","potentialAction":[{"@type":"ReadAction","target":["https:\/\/metaltale.com\/lv\/produkts\/bara-kresls-western-edition-melns\/"]}]},{"@type":"ImageObject","inLanguage":"lv-LV","@id":"https:\/\/metaltale.com\/lv\/produkts\/bara-kresls-western-edition-melns\/#primaryimage","url":"https:\/\/metaltale.com\/wp-content\/uploads\/2023\/11\/Hoker-WESTERN-EDITION-STALOWY.jpg","contentUrl":"https:\/\/metaltale.com\/wp-content\/uploads\/2023\/11\/Hoker-WESTERN-EDITION-STALOWY.jpg","width":800,"height":800,"caption":"b\u0101ra taburete"},{"@type":"BreadcrumbList","@id":"https:\/\/metaltale.com\/lv\/produkts\/bara-kresls-western-edition-melns\/#breadcrumb","itemListElement":[{"@type":"ListItem","position":1,"name":"Home","item":"https:\/\/metaltale.com\/lv\/majas\/"},{"@type":"ListItem","position":2,"name":"Veikals","item":"https:\/\/metaltale.com\/lv\/shop\/"},{"@type":"ListItem","position":3,"name":"B\u0101ra kr\u0113sls WESTERN EDITION, melns"}]},{"@type":"WebSite","@id":"https:\/\/metaltale.com\/lv\/#website","url":"https:\/\/metaltale.com\/lv\/","name":"Metaltale.com","description":"","potentialAction":[{"@type":"SearchAction","target":{"@type":"EntryPoint","urlTemplate":"https:\/\/metaltale.com\/lv\/?s={search_term_string}"},"query-input":{"@type":"PropertyValueSpecification","valueRequired":true,"valueName":"search_term_string"}}],"inLanguage":"lv-LV"}]}},"_links":{"self":[{"href":"https:\/\/metaltale.com\/lv\/wp-json\/wp\/v2\/product\/140757","targetHints":{"allow":["GET"]}}],"collection":[{"href":"https:\/\/metaltale.com\/lv\/wp-json\/wp\/v2\/product"}],"about":[{"href":"https:\/\/metaltale.com\/lv\/wp-json\/wp\/v2\/types\/product"}],"replies":[{"embeddable":true,"href":"https:\/\/metaltale.com\/lv\/wp-json\/wp\/v2\/comments?post=140757"}],"version-history":[{"count":0,"href":"https:\/\/metaltale.com\/lv\/wp-json\/wp\/v2\/product\/140757\/revisions"}],"wp:featuredmedia":[{"embeddable":true,"href":"https:\/\/metaltale.com\/lv\/wp-json\/wp\/v2\/media\/100171"}],"wp:attachment":[{"href":"https:\/\/metaltale.com\/lv\/wp-json\/wp\/v2\/media?parent=140757"}],"wp:term":[{"taxonomy":"product_brand","embeddable":true,"href":"https:\/\/metaltale.com\/lv\/wp-json\/wp\/v2\/product_brand?post=140757"},{"taxonomy":"product_cat","embeddable":true,"href":"https:\/\/metaltale.com\/lv\/wp-json\/wp\/v2\/product_cat?post=140757"},{"taxonomy":"product_tag","embeddable":true,"href":"https:\/\/metaltale.com\/lv\/wp-json\/wp\/v2\/product_tag?post=140757"}],"curies":[{"name":"wp","href":"https:\/\/api.w.org\/{rel}","templated":true}]}}