{"id":140726,"date":"2024-01-12T21:04:55","date_gmt":"2024-01-12T19:04:55","guid":{"rendered":"https:\/\/metaltale.com\/produktas\/dekorativa-nagla-domulate-stud-15-x-15-mm\/"},"modified":"2024-01-12T21:04:55","modified_gmt":"2024-01-12T19:04:55","slug":"dekorativa-nagla-domulate-stud-15-x-15-mm","status":"publish","type":"product","link":"https:\/\/metaltale.com\/lv\/produkts\/dekorativa-nagla-domulate-stud-15-x-15-mm\/","title":{"rendered":"Dekorat\u012bv\u0101 nagla DOMULATE Stud 15 x 15 mm"},"content":{"rendered":"<div class=\"prod_data\">\n<p><strong>Modelis<\/strong> 30.643.AI.15<br \/>\n<strong>EAN.<\/strong>  5905369917349<br \/>\nMateri\u0101ls Ketus<br \/>\n<strong>Kop\u0113jais augstums (cm<\/strong> ) 3,5<br \/>\n<strong>Kop\u0113jais diametrs (cm<\/strong> ) 1,5<br \/>\nT\u0113rauda <strong>kr\u0101sa<\/strong> <\/p>\n<p>Lauku interjera atmosf\u0113ru rada ne tikai labi izv\u0113l\u0113tas m\u0113beles, bet ar\u012b \u0161\u0137ietami mazi un s\u012bki papildin\u0101jumi, kas, apvienoti harmonisk\u0101 veselum\u0101, akcent\u0113 pabeigtas telpas unik\u0101lo atmosf\u0113ru. M\u0113s zin\u0101m, cik svar\u012bgi m\u016bsu klientiem ir saglab\u0101t un bag\u0101tin\u0101t savu istabu lauku atmosf\u0113ru ar stil\u012bgiem m\u0113be\u013cu aksesu\u0101riem.<\/p>\n<p>\u0160eit redzam\u0101 <strong>dekorat\u012bv\u0101 tapa<\/strong> ir paredz\u0113ta liel\u0101kajiem lauku stila cien\u012bt\u0101jiem. Korpuss, kas veidots p\u0113c kvadr\u0101tveida pl\u0101na, atg\u0101dina piram\u012bdu un ir viegli samont\u0113jams.<\/p>\n<\/div>\n","protected":false},"excerpt":{"rendered":"<p>Modelis 30.643.AI.15 EAN. 5905369917349 Materi\u0101ls Ketus Kop\u0113jais augstums (cm ) 3,5 Kop\u0113jais diametrs (cm ) 1,5 T\u0113rauda kr\u0101sa Lauku interjera<\/p>\n","protected":false},"featured_media":69121,"comment_status":"open","ping_status":"closed","template":"","meta":{"_acf_changed":false,"pmpro_default_level":""},"product_brand":[],"product_cat":[24061,23837],"product_tag":[],"class_list":{"0":"post-140726","1":"product","2":"type-product","3":"status-publish","4":"has-post-thumbnail","6":"product_cat-naglas-un-tapas","7":"product_cat-mebeles-piederumi","8":"pmpro-has-access","10":"first","11":"instock","12":"shipping-taxable","13":"purchasable","14":"product-type-simple"},"acf":[],"yoast_head":"<!-- This site is optimized with the Yoast SEO plugin v24.9 - https:\/\/yoast.com\/wordpress\/plugins\/seo\/ -->\n<title>Dekorat\u012bv\u0101 nagla DOMULATE Stud 15 x 15 mm - MetalTale.com<\/title>\n<meta name=\"robots\" content=\"index, follow, max-snippet:-1, max-image-preview:large, max-video-preview:-1\" \/>\n<link rel=\"canonical\" href=\"https:\/\/metaltale.com\/lv\/produkts\/dekorativa-nagla-domulate-stud-15-x-15-mm\/\" \/>\n<meta property=\"og:locale\" content=\"lv_LV\" \/>\n<meta property=\"og:type\" content=\"article\" \/>\n<meta property=\"og:title\" content=\"Dekorat\u012bv\u0101 nagla DOMULATE Stud 15 x 15 mm - MetalTale.com\" \/>\n<meta property=\"og:description\" content=\"Modelis 30.643.AI.15 EAN. 5905369917349 Materi\u0101ls Ketus Kop\u0113jais augstums (cm ) 3,5 Kop\u0113jais diametrs (cm ) 1,5 T\u0113rauda kr\u0101sa Lauku interjera\" \/>\n<meta property=\"og:url\" content=\"https:\/\/metaltale.com\/lv\/produkts\/dekorativa-nagla-domulate-stud-15-x-15-mm\/\" \/>\n<meta property=\"og:site_name\" content=\"MetalTale.com\" \/>\n<meta property=\"og:image\" content=\"https:\/\/metaltale.com\/wp-content\/uploads\/2023\/09\/Kupolinis-vinis-STUD-15X15mm-plienas.jpg\" \/>\n\t<meta property=\"og:image:width\" content=\"800\" \/>\n\t<meta property=\"og:image:height\" content=\"800\" \/>\n\t<meta property=\"og:image:type\" content=\"image\/jpeg\" \/>\n<meta name=\"twitter:card\" content=\"summary_large_image\" \/>\n<meta name=\"twitter:label1\" content=\"Est. reading time\" \/>\n\t<meta name=\"twitter:data1\" content=\"1 minute\" \/>\n<script type=\"application\/ld+json\" class=\"yoast-schema-graph\">{\"@context\":\"https:\/\/schema.org\",\"@graph\":[{\"@type\":\"WebPage\",\"@id\":\"https:\/\/metaltale.com\/lv\/produkts\/dekorativa-nagla-domulate-stud-15-x-15-mm\/\",\"url\":\"https:\/\/metaltale.com\/lv\/produkts\/dekorativa-nagla-domulate-stud-15-x-15-mm\/\",\"name\":\"Dekorat\u012bv\u0101 nagla DOMULATE Stud 15 x 15 mm - MetalTale.com\",\"isPartOf\":{\"@id\":\"https:\/\/metaltale.com\/lv\/#website\"},\"primaryImageOfPage\":{\"@id\":\"https:\/\/metaltale.com\/lv\/produkts\/dekorativa-nagla-domulate-stud-15-x-15-mm\/#primaryimage\"},\"image\":{\"@id\":\"https:\/\/metaltale.com\/lv\/produkts\/dekorativa-nagla-domulate-stud-15-x-15-mm\/#primaryimage\"},\"thumbnailUrl\":\"https:\/\/metaltale.com\/wp-content\/uploads\/2023\/09\/Kupolinis-vinis-STUD-15X15mm-plienas.jpg\",\"datePublished\":\"2024-01-12T19:04:55+00:00\",\"breadcrumb\":{\"@id\":\"https:\/\/metaltale.com\/lv\/produkts\/dekorativa-nagla-domulate-stud-15-x-15-mm\/#breadcrumb\"},\"inLanguage\":\"lv-LV\",\"potentialAction\":[{\"@type\":\"ReadAction\",\"target\":[\"https:\/\/metaltale.com\/lv\/produkts\/dekorativa-nagla-domulate-stud-15-x-15-mm\/\"]}]},{\"@type\":\"ImageObject\",\"inLanguage\":\"lv-LV\",\"@id\":\"https:\/\/metaltale.com\/lv\/produkts\/dekorativa-nagla-domulate-stud-15-x-15-mm\/#primaryimage\",\"url\":\"https:\/\/metaltale.com\/wp-content\/uploads\/2023\/09\/Kupolinis-vinis-STUD-15X15mm-plienas.jpg\",\"contentUrl\":\"https:\/\/metaltale.com\/wp-content\/uploads\/2023\/09\/Kupolinis-vinis-STUD-15X15mm-plienas.jpg\",\"width\":800,\"height\":800,\"caption\":\"Dekorat\u012bv\u0101 nagla DOMULATE Stud 15 x 15 mm\"},{\"@type\":\"BreadcrumbList\",\"@id\":\"https:\/\/metaltale.com\/lv\/produkts\/dekorativa-nagla-domulate-stud-15-x-15-mm\/#breadcrumb\",\"itemListElement\":[{\"@type\":\"ListItem\",\"position\":1,\"name\":\"Home\",\"item\":\"https:\/\/metaltale.com\/lv\/majas\/\"},{\"@type\":\"ListItem\",\"position\":2,\"name\":\"Veikals\",\"item\":\"https:\/\/metaltale.com\/lv\/shop\/\"},{\"@type\":\"ListItem\",\"position\":3,\"name\":\"Dekorat\u012bv\u0101 nagla DOMULATE Stud 15 x 15 mm\"}]},{\"@type\":\"WebSite\",\"@id\":\"https:\/\/metaltale.com\/lv\/#website\",\"url\":\"https:\/\/metaltale.com\/lv\/\",\"name\":\"Metaltale.com\",\"description\":\"\",\"potentialAction\":[{\"@type\":\"SearchAction\",\"target\":{\"@type\":\"EntryPoint\",\"urlTemplate\":\"https:\/\/metaltale.com\/lv\/?s={search_term_string}\"},\"query-input\":{\"@type\":\"PropertyValueSpecification\",\"valueRequired\":true,\"valueName\":\"search_term_string\"}}],\"inLanguage\":\"lv-LV\"}]}<\/script>\n<!-- \/ Yoast SEO plugin. -->","yoast_head_json":{"title":"Dekorat\u012bv\u0101 nagla DOMULATE Stud 15 x 15 mm - MetalTale.com","robots":{"index":"index","follow":"follow","max-snippet":"max-snippet:-1","max-image-preview":"max-image-preview:large","max-video-preview":"max-video-preview:-1"},"canonical":"https:\/\/metaltale.com\/lv\/produkts\/dekorativa-nagla-domulate-stud-15-x-15-mm\/","og_locale":"lv_LV","og_type":"article","og_title":"Dekorat\u012bv\u0101 nagla DOMULATE Stud 15 x 15 mm - MetalTale.com","og_description":"Modelis 30.643.AI.15 EAN. 5905369917349 Materi\u0101ls Ketus Kop\u0113jais augstums (cm ) 3,5 Kop\u0113jais diametrs (cm ) 1,5 T\u0113rauda kr\u0101sa Lauku interjera","og_url":"https:\/\/metaltale.com\/lv\/produkts\/dekorativa-nagla-domulate-stud-15-x-15-mm\/","og_site_name":"MetalTale.com","og_image":[{"width":800,"height":800,"url":"https:\/\/metaltale.com\/wp-content\/uploads\/2023\/09\/Kupolinis-vinis-STUD-15X15mm-plienas.jpg","type":"image\/jpeg"}],"twitter_card":"summary_large_image","twitter_misc":{"Est. reading time":"1 minute"},"schema":{"@context":"https:\/\/schema.org","@graph":[{"@type":"WebPage","@id":"https:\/\/metaltale.com\/lv\/produkts\/dekorativa-nagla-domulate-stud-15-x-15-mm\/","url":"https:\/\/metaltale.com\/lv\/produkts\/dekorativa-nagla-domulate-stud-15-x-15-mm\/","name":"Dekorat\u012bv\u0101 nagla DOMULATE Stud 15 x 15 mm - MetalTale.com","isPartOf":{"@id":"https:\/\/metaltale.com\/lv\/#website"},"primaryImageOfPage":{"@id":"https:\/\/metaltale.com\/lv\/produkts\/dekorativa-nagla-domulate-stud-15-x-15-mm\/#primaryimage"},"image":{"@id":"https:\/\/metaltale.com\/lv\/produkts\/dekorativa-nagla-domulate-stud-15-x-15-mm\/#primaryimage"},"thumbnailUrl":"https:\/\/metaltale.com\/wp-content\/uploads\/2023\/09\/Kupolinis-vinis-STUD-15X15mm-plienas.jpg","datePublished":"2024-01-12T19:04:55+00:00","breadcrumb":{"@id":"https:\/\/metaltale.com\/lv\/produkts\/dekorativa-nagla-domulate-stud-15-x-15-mm\/#breadcrumb"},"inLanguage":"lv-LV","potentialAction":[{"@type":"ReadAction","target":["https:\/\/metaltale.com\/lv\/produkts\/dekorativa-nagla-domulate-stud-15-x-15-mm\/"]}]},{"@type":"ImageObject","inLanguage":"lv-LV","@id":"https:\/\/metaltale.com\/lv\/produkts\/dekorativa-nagla-domulate-stud-15-x-15-mm\/#primaryimage","url":"https:\/\/metaltale.com\/wp-content\/uploads\/2023\/09\/Kupolinis-vinis-STUD-15X15mm-plienas.jpg","contentUrl":"https:\/\/metaltale.com\/wp-content\/uploads\/2023\/09\/Kupolinis-vinis-STUD-15X15mm-plienas.jpg","width":800,"height":800,"caption":"Dekorat\u012bv\u0101 nagla DOMULATE Stud 15 x 15 mm"},{"@type":"BreadcrumbList","@id":"https:\/\/metaltale.com\/lv\/produkts\/dekorativa-nagla-domulate-stud-15-x-15-mm\/#breadcrumb","itemListElement":[{"@type":"ListItem","position":1,"name":"Home","item":"https:\/\/metaltale.com\/lv\/majas\/"},{"@type":"ListItem","position":2,"name":"Veikals","item":"https:\/\/metaltale.com\/lv\/shop\/"},{"@type":"ListItem","position":3,"name":"Dekorat\u012bv\u0101 nagla DOMULATE Stud 15 x 15 mm"}]},{"@type":"WebSite","@id":"https:\/\/metaltale.com\/lv\/#website","url":"https:\/\/metaltale.com\/lv\/","name":"Metaltale.com","description":"","potentialAction":[{"@type":"SearchAction","target":{"@type":"EntryPoint","urlTemplate":"https:\/\/metaltale.com\/lv\/?s={search_term_string}"},"query-input":{"@type":"PropertyValueSpecification","valueRequired":true,"valueName":"search_term_string"}}],"inLanguage":"lv-LV"}]}},"_links":{"self":[{"href":"https:\/\/metaltale.com\/lv\/wp-json\/wp\/v2\/product\/140726","targetHints":{"allow":["GET"]}}],"collection":[{"href":"https:\/\/metaltale.com\/lv\/wp-json\/wp\/v2\/product"}],"about":[{"href":"https:\/\/metaltale.com\/lv\/wp-json\/wp\/v2\/types\/product"}],"replies":[{"embeddable":true,"href":"https:\/\/metaltale.com\/lv\/wp-json\/wp\/v2\/comments?post=140726"}],"version-history":[{"count":0,"href":"https:\/\/metaltale.com\/lv\/wp-json\/wp\/v2\/product\/140726\/revisions"}],"wp:featuredmedia":[{"embeddable":true,"href":"https:\/\/metaltale.com\/lv\/wp-json\/wp\/v2\/media\/69121"}],"wp:attachment":[{"href":"https:\/\/metaltale.com\/lv\/wp-json\/wp\/v2\/media?parent=140726"}],"wp:term":[{"taxonomy":"product_brand","embeddable":true,"href":"https:\/\/metaltale.com\/lv\/wp-json\/wp\/v2\/product_brand?post=140726"},{"taxonomy":"product_cat","embeddable":true,"href":"https:\/\/metaltale.com\/lv\/wp-json\/wp\/v2\/product_cat?post=140726"},{"taxonomy":"product_tag","embeddable":true,"href":"https:\/\/metaltale.com\/lv\/wp-json\/wp\/v2\/product_tag?post=140726"}],"curies":[{"name":"wp","href":"https:\/\/api.w.org\/{rel}","templated":true}]}}