{"id":140718,"date":"2024-01-12T21:04:23","date_gmt":"2024-01-12T19:04:23","guid":{"rendered":"https:\/\/metaltale.com\/produktas\/kalts-apgerbu-akis-grot-40-mm-terauds\/"},"modified":"2024-01-12T21:04:23","modified_gmt":"2024-01-12T19:04:23","slug":"kalts-apgerbu-akis-grot-40-mm-terauds","status":"publish","type":"product","link":"https:\/\/metaltale.com\/lv\/produkts\/kalts-apgerbu-akis-grot-40-mm-terauds\/","title":{"rendered":"Kalts ap\u0123\u0113rbu \u0101\u0137is GROT 40 mm, t\u0113rauds"},"content":{"rendered":"<div class=\"prod_data\">\n<p><strong>Modelis<\/strong> 03.338.AI. XX<br \/>\n<strong>Materi\u0101ls<\/strong> T\u0113rauds<br \/>\n<strong>Kop\u0113jais augstums (cm<\/strong> ) 4,5<br \/>\n<strong>Veids<\/strong> Vienviet\u012bgs<br \/>\nT\u0113rauda <strong>kr\u0101sa<\/strong><br \/>\n<strong>Apdare<\/strong> Rough<\/p>\n<p>Atkar\u012bb\u0101 no izv\u0113l\u0113taj\u0101m deta\u013c\u0101m un m\u0113be\u013cu aksesu\u0101riem lauku interjeram var b\u016bt at\u0161\u0137ir\u012bga atmosf\u0113ra un raksturs. Klasiskas formas, pilnas vienk\u0101r\u0161u un praktisku risin\u0101jumu, ir retro telpu rakstur\u012bga iez\u012bme.<\/p>\n<p>\u0160eit redzamais <strong>piekaramais<\/strong> \u0101\u0137is noteikti ir viens no klasisk\u0101kajiem \u0101\u0137a veidiem. Viens kulons bija papildin\u0101ts ar p\u0101rsteidzo\u0161u \u0161\u0137\u0113pam l\u012bdz\u012bgu mot\u012bvu. Tas viss ir izgatavots no augstas kvalit\u0101tes t\u0113rauda, kas tam pie\u0161\u0137ir laikmet\u012bgu griezumu, liekot izskat\u012bties daudz vec\u0101kam, nek\u0101 tas ir paties\u012bb\u0101.<\/p>\n<p>Piestiprin\u0101ts ar div\u0101m stiprin\u0101juma skr\u016bv\u0113m.<\/p>\n<\/div>\n","protected":false},"excerpt":{"rendered":"<p>Modelis 03.338.AI. XX Materi\u0101ls T\u0113rauds Kop\u0113jais augstums (cm ) 4,5 Veids Vienviet\u012bgs T\u0113rauda kr\u0101sa Apdare Rough Atkar\u012bb\u0101 no izv\u0113l\u0113taj\u0101m deta\u013c\u0101m<\/p>\n","protected":false},"featured_media":112829,"comment_status":"open","ping_status":"closed","template":"","meta":{"_acf_changed":false,"pmpro_default_level":""},"product_brand":[],"product_cat":[23837,23862],"product_tag":[],"class_list":{"0":"post-140718","1":"product","2":"type-product","3":"status-publish","4":"has-post-thumbnail","6":"product_cat-mebeles-piederumi","7":"product_cat-pakabos-ir-kabliukai-lv","8":"pmpro-has-access","10":"first","11":"instock","12":"shipping-taxable","13":"purchasable","14":"product-type-simple"},"acf":[],"yoast_head":"<!-- This site is optimized with the Yoast SEO plugin v24.9 - https:\/\/yoast.com\/wordpress\/plugins\/seo\/ -->\n<title>Kalts ap\u0123\u0113rbu \u0101\u0137is GROT 40 mm, t\u0113rauds - MetalTale.com<\/title>\n<meta name=\"robots\" content=\"index, follow, max-snippet:-1, max-image-preview:large, max-video-preview:-1\" \/>\n<link rel=\"canonical\" href=\"https:\/\/metaltale.com\/lv\/produkts\/kalts-apgerbu-akis-grot-40-mm-terauds\/\" \/>\n<meta property=\"og:locale\" content=\"lv_LV\" \/>\n<meta property=\"og:type\" content=\"article\" \/>\n<meta property=\"og:title\" content=\"Kalts ap\u0123\u0113rbu \u0101\u0137is GROT 40 mm, t\u0113rauds - MetalTale.com\" \/>\n<meta property=\"og:description\" content=\"Modelis 03.338.AI. XX Materi\u0101ls T\u0113rauds Kop\u0113jais augstums (cm ) 4,5 Veids Vienviet\u012bgs T\u0113rauda kr\u0101sa Apdare Rough Atkar\u012bb\u0101 no izv\u0113l\u0113taj\u0101m deta\u013c\u0101m\" \/>\n<meta property=\"og:url\" content=\"https:\/\/metaltale.com\/lv\/produkts\/kalts-apgerbu-akis-grot-40-mm-terauds\/\" \/>\n<meta property=\"og:site_name\" content=\"MetalTale.com\" \/>\n<meta property=\"og:image\" content=\"https:\/\/metaltale.com\/wp-content\/uploads\/2023\/11\/Kalvystx117s-kablys-GROT-50-Juodas.jpg\" \/>\n\t<meta property=\"og:image:width\" content=\"800\" \/>\n\t<meta property=\"og:image:height\" content=\"800\" \/>\n\t<meta property=\"og:image:type\" content=\"image\/jpeg\" \/>\n<meta name=\"twitter:card\" content=\"summary_large_image\" \/>\n<meta name=\"twitter:label1\" content=\"Est. reading time\" \/>\n\t<meta name=\"twitter:data1\" content=\"1 minute\" \/>\n<script type=\"application\/ld+json\" class=\"yoast-schema-graph\">{\"@context\":\"https:\/\/schema.org\",\"@graph\":[{\"@type\":\"WebPage\",\"@id\":\"https:\/\/metaltale.com\/lv\/produkts\/kalts-apgerbu-akis-grot-40-mm-terauds\/\",\"url\":\"https:\/\/metaltale.com\/lv\/produkts\/kalts-apgerbu-akis-grot-40-mm-terauds\/\",\"name\":\"Kalts ap\u0123\u0113rbu \u0101\u0137is GROT 40 mm, t\u0113rauds - MetalTale.com\",\"isPartOf\":{\"@id\":\"https:\/\/metaltale.com\/lv\/#website\"},\"primaryImageOfPage\":{\"@id\":\"https:\/\/metaltale.com\/lv\/produkts\/kalts-apgerbu-akis-grot-40-mm-terauds\/#primaryimage\"},\"image\":{\"@id\":\"https:\/\/metaltale.com\/lv\/produkts\/kalts-apgerbu-akis-grot-40-mm-terauds\/#primaryimage\"},\"thumbnailUrl\":\"https:\/\/metaltale.com\/wp-content\/uploads\/2023\/11\/Kalvystx117s-kablys-GROT-50-Juodas.jpg\",\"datePublished\":\"2024-01-12T19:04:23+00:00\",\"breadcrumb\":{\"@id\":\"https:\/\/metaltale.com\/lv\/produkts\/kalts-apgerbu-akis-grot-40-mm-terauds\/#breadcrumb\"},\"inLanguage\":\"lv-LV\",\"potentialAction\":[{\"@type\":\"ReadAction\",\"target\":[\"https:\/\/metaltale.com\/lv\/produkts\/kalts-apgerbu-akis-grot-40-mm-terauds\/\"]}]},{\"@type\":\"ImageObject\",\"inLanguage\":\"lv-LV\",\"@id\":\"https:\/\/metaltale.com\/lv\/produkts\/kalts-apgerbu-akis-grot-40-mm-terauds\/#primaryimage\",\"url\":\"https:\/\/metaltale.com\/wp-content\/uploads\/2023\/11\/Kalvystx117s-kablys-GROT-50-Juodas.jpg\",\"contentUrl\":\"https:\/\/metaltale.com\/wp-content\/uploads\/2023\/11\/Kalvystx117s-kablys-GROT-50-Juodas.jpg\",\"width\":800,\"height\":800,\"caption\":\"Kalts ap\u0123\u0113rbu \u0101\u0137is GROT 40 mm, t\u0113rauds\"},{\"@type\":\"BreadcrumbList\",\"@id\":\"https:\/\/metaltale.com\/lv\/produkts\/kalts-apgerbu-akis-grot-40-mm-terauds\/#breadcrumb\",\"itemListElement\":[{\"@type\":\"ListItem\",\"position\":1,\"name\":\"Home\",\"item\":\"https:\/\/metaltale.com\/lv\/majas\/\"},{\"@type\":\"ListItem\",\"position\":2,\"name\":\"Veikals\",\"item\":\"https:\/\/metaltale.com\/lv\/shop\/\"},{\"@type\":\"ListItem\",\"position\":3,\"name\":\"Kalts ap\u0123\u0113rbu \u0101\u0137is GROT 40 mm, t\u0113rauds\"}]},{\"@type\":\"WebSite\",\"@id\":\"https:\/\/metaltale.com\/lv\/#website\",\"url\":\"https:\/\/metaltale.com\/lv\/\",\"name\":\"Metaltale.com\",\"description\":\"\",\"potentialAction\":[{\"@type\":\"SearchAction\",\"target\":{\"@type\":\"EntryPoint\",\"urlTemplate\":\"https:\/\/metaltale.com\/lv\/?s={search_term_string}\"},\"query-input\":{\"@type\":\"PropertyValueSpecification\",\"valueRequired\":true,\"valueName\":\"search_term_string\"}}],\"inLanguage\":\"lv-LV\"}]}<\/script>\n<!-- \/ Yoast SEO plugin. -->","yoast_head_json":{"title":"Kalts ap\u0123\u0113rbu \u0101\u0137is GROT 40 mm, t\u0113rauds - MetalTale.com","robots":{"index":"index","follow":"follow","max-snippet":"max-snippet:-1","max-image-preview":"max-image-preview:large","max-video-preview":"max-video-preview:-1"},"canonical":"https:\/\/metaltale.com\/lv\/produkts\/kalts-apgerbu-akis-grot-40-mm-terauds\/","og_locale":"lv_LV","og_type":"article","og_title":"Kalts ap\u0123\u0113rbu \u0101\u0137is GROT 40 mm, t\u0113rauds - MetalTale.com","og_description":"Modelis 03.338.AI. XX Materi\u0101ls T\u0113rauds Kop\u0113jais augstums (cm ) 4,5 Veids Vienviet\u012bgs T\u0113rauda kr\u0101sa Apdare Rough Atkar\u012bb\u0101 no izv\u0113l\u0113taj\u0101m deta\u013c\u0101m","og_url":"https:\/\/metaltale.com\/lv\/produkts\/kalts-apgerbu-akis-grot-40-mm-terauds\/","og_site_name":"MetalTale.com","og_image":[{"width":800,"height":800,"url":"https:\/\/metaltale.com\/wp-content\/uploads\/2023\/11\/Kalvystx117s-kablys-GROT-50-Juodas.jpg","type":"image\/jpeg"}],"twitter_card":"summary_large_image","twitter_misc":{"Est. reading time":"1 minute"},"schema":{"@context":"https:\/\/schema.org","@graph":[{"@type":"WebPage","@id":"https:\/\/metaltale.com\/lv\/produkts\/kalts-apgerbu-akis-grot-40-mm-terauds\/","url":"https:\/\/metaltale.com\/lv\/produkts\/kalts-apgerbu-akis-grot-40-mm-terauds\/","name":"Kalts ap\u0123\u0113rbu \u0101\u0137is GROT 40 mm, t\u0113rauds - MetalTale.com","isPartOf":{"@id":"https:\/\/metaltale.com\/lv\/#website"},"primaryImageOfPage":{"@id":"https:\/\/metaltale.com\/lv\/produkts\/kalts-apgerbu-akis-grot-40-mm-terauds\/#primaryimage"},"image":{"@id":"https:\/\/metaltale.com\/lv\/produkts\/kalts-apgerbu-akis-grot-40-mm-terauds\/#primaryimage"},"thumbnailUrl":"https:\/\/metaltale.com\/wp-content\/uploads\/2023\/11\/Kalvystx117s-kablys-GROT-50-Juodas.jpg","datePublished":"2024-01-12T19:04:23+00:00","breadcrumb":{"@id":"https:\/\/metaltale.com\/lv\/produkts\/kalts-apgerbu-akis-grot-40-mm-terauds\/#breadcrumb"},"inLanguage":"lv-LV","potentialAction":[{"@type":"ReadAction","target":["https:\/\/metaltale.com\/lv\/produkts\/kalts-apgerbu-akis-grot-40-mm-terauds\/"]}]},{"@type":"ImageObject","inLanguage":"lv-LV","@id":"https:\/\/metaltale.com\/lv\/produkts\/kalts-apgerbu-akis-grot-40-mm-terauds\/#primaryimage","url":"https:\/\/metaltale.com\/wp-content\/uploads\/2023\/11\/Kalvystx117s-kablys-GROT-50-Juodas.jpg","contentUrl":"https:\/\/metaltale.com\/wp-content\/uploads\/2023\/11\/Kalvystx117s-kablys-GROT-50-Juodas.jpg","width":800,"height":800,"caption":"Kalts ap\u0123\u0113rbu \u0101\u0137is GROT 40 mm, t\u0113rauds"},{"@type":"BreadcrumbList","@id":"https:\/\/metaltale.com\/lv\/produkts\/kalts-apgerbu-akis-grot-40-mm-terauds\/#breadcrumb","itemListElement":[{"@type":"ListItem","position":1,"name":"Home","item":"https:\/\/metaltale.com\/lv\/majas\/"},{"@type":"ListItem","position":2,"name":"Veikals","item":"https:\/\/metaltale.com\/lv\/shop\/"},{"@type":"ListItem","position":3,"name":"Kalts ap\u0123\u0113rbu \u0101\u0137is GROT 40 mm, t\u0113rauds"}]},{"@type":"WebSite","@id":"https:\/\/metaltale.com\/lv\/#website","url":"https:\/\/metaltale.com\/lv\/","name":"Metaltale.com","description":"","potentialAction":[{"@type":"SearchAction","target":{"@type":"EntryPoint","urlTemplate":"https:\/\/metaltale.com\/lv\/?s={search_term_string}"},"query-input":{"@type":"PropertyValueSpecification","valueRequired":true,"valueName":"search_term_string"}}],"inLanguage":"lv-LV"}]}},"_links":{"self":[{"href":"https:\/\/metaltale.com\/lv\/wp-json\/wp\/v2\/product\/140718","targetHints":{"allow":["GET"]}}],"collection":[{"href":"https:\/\/metaltale.com\/lv\/wp-json\/wp\/v2\/product"}],"about":[{"href":"https:\/\/metaltale.com\/lv\/wp-json\/wp\/v2\/types\/product"}],"replies":[{"embeddable":true,"href":"https:\/\/metaltale.com\/lv\/wp-json\/wp\/v2\/comments?post=140718"}],"version-history":[{"count":0,"href":"https:\/\/metaltale.com\/lv\/wp-json\/wp\/v2\/product\/140718\/revisions"}],"wp:featuredmedia":[{"embeddable":true,"href":"https:\/\/metaltale.com\/lv\/wp-json\/wp\/v2\/media\/112829"}],"wp:attachment":[{"href":"https:\/\/metaltale.com\/lv\/wp-json\/wp\/v2\/media?parent=140718"}],"wp:term":[{"taxonomy":"product_brand","embeddable":true,"href":"https:\/\/metaltale.com\/lv\/wp-json\/wp\/v2\/product_brand?post=140718"},{"taxonomy":"product_cat","embeddable":true,"href":"https:\/\/metaltale.com\/lv\/wp-json\/wp\/v2\/product_cat?post=140718"},{"taxonomy":"product_tag","embeddable":true,"href":"https:\/\/metaltale.com\/lv\/wp-json\/wp\/v2\/product_tag?post=140718"}],"curies":[{"name":"wp","href":"https:\/\/api.w.org\/{rel}","templated":true}]}}