{"id":140712,"date":"2024-01-12T21:04:23","date_gmt":"2024-01-12T19:04:23","guid":{"rendered":"https:\/\/metaltale.com\/produktas\/pakaramais-pasaga-100x30-mm\/"},"modified":"2024-01-12T21:04:23","modified_gmt":"2024-01-12T19:04:23","slug":"pakaramais-pasaga-100x30-mm","status":"publish","type":"product","link":"https:\/\/metaltale.com\/lv\/produkts\/pakaramais-pasaga-100x30-mm\/","title":{"rendered":"Pakaramais PASAGA 100&#215;30 mm"},"content":{"rendered":"<div class=\"prod_data\">\n<p><strong>Modelis<\/strong> 70.338.XX<br \/>\nMateri\u0101ls Ketus<br \/>\n<strong>Kop\u0113jais augstums (cm<\/strong> ) 100<br \/>\nKop\u0113jais platums (cm ) 70<br \/>\n<strong>Kop\u0113j\u0101 projekcija (cm<\/strong> ) 3<br \/>\n<strong>Sugas<\/strong> Dubult\u0101<br \/>\nT\u0113rauda <strong>kr\u0101sa<\/strong> <\/p>\n<p>Att\u0113l\u0101 redzamais <strong>piekaramais \u0101\u0137is<\/strong> ir prec\u012bzi izgatavots k\u0101 funkcion\u0101la lietder\u012bga priek\u0161meta un \u012bpa\u0161a lauku rotas dekora apvienojums. Pareizi izv\u0113l\u0113ti interjera aksesu\u0101ri iev\u0113rojami uzlabo to est\u0113tisko vizu\u0101lo izj\u016btu.<\/p>\n<p><strong>Ierosin\u0101tais dubultais \u0101\u0137is<\/strong> ir novietots uz pakava, kas ar savu kl\u0101tb\u016btni rada nedaudz idillisku un vieglu atmosf\u0113ru. Tas viss ir izgatavots no augstas kvalit\u0101tes t\u0113rauda sakaus\u0113jumiem, kas garant\u0113 stabilu un bezr\u016bp\u012bgu lieto\u0161anu bez iesp\u0113jamiem boj\u0101jumiem.<\/p>\n<p>Tam ir elegants pakava raksts un divi piekari\u0146i.<\/p>\n<p>Ar trim stiprin\u0101juma caurumiem un iek\u013caut\u0101m skr\u016bv\u0113m.<\/p>\n<\/div>\n","protected":false},"excerpt":{"rendered":"<p>Modelis 70.338.XX Materi\u0101ls Ketus Kop\u0113jais augstums (cm ) 100 Kop\u0113jais platums (cm ) 70 Kop\u0113j\u0101 projekcija (cm ) 3 Sugas<\/p>\n","protected":false},"featured_media":84898,"comment_status":"open","ping_status":"closed","template":"","meta":{"_acf_changed":false,"pmpro_default_level":""},"product_brand":[],"product_cat":[23837,23862],"product_tag":[],"class_list":{"0":"post-140712","1":"product","2":"type-product","3":"status-publish","4":"has-post-thumbnail","6":"product_cat-mebeles-piederumi","7":"product_cat-pakabos-ir-kabliukai-lv","8":"pmpro-has-access","10":"first","11":"outofstock","12":"shipping-taxable","13":"purchasable","14":"product-type-simple"},"acf":[],"yoast_head":"<!-- This site is optimized with the Yoast SEO plugin v24.9 - https:\/\/yoast.com\/wordpress\/plugins\/seo\/ -->\n<title>Pakaramais PASAGA 100x30 mm - MetalTale.com<\/title>\n<meta name=\"robots\" content=\"index, follow, max-snippet:-1, max-image-preview:large, max-video-preview:-1\" \/>\n<link rel=\"canonical\" href=\"https:\/\/metaltale.com\/lv\/produkts\/pakaramais-pasaga-100x30-mm\/\" \/>\n<meta property=\"og:locale\" content=\"lv_LV\" \/>\n<meta property=\"og:type\" content=\"article\" \/>\n<meta property=\"og:title\" content=\"Pakaramais PASAGA 100x30 mm - MetalTale.com\" \/>\n<meta property=\"og:description\" content=\"Modelis 70.338.XX Materi\u0101ls Ketus Kop\u0113jais augstums (cm ) 100 Kop\u0113jais platums (cm ) 70 Kop\u0113j\u0101 projekcija (cm ) 3 Sugas\" \/>\n<meta property=\"og:url\" content=\"https:\/\/metaltale.com\/lv\/produkts\/pakaramais-pasaga-100x30-mm\/\" \/>\n<meta property=\"og:site_name\" content=\"MetalTale.com\" \/>\n<meta property=\"og:image\" content=\"https:\/\/metaltale.com\/wp-content\/uploads\/2023\/10\/Pasagos-kablys-125x30-plienas.jpg\" \/>\n\t<meta property=\"og:image:width\" content=\"800\" \/>\n\t<meta property=\"og:image:height\" content=\"800\" \/>\n\t<meta property=\"og:image:type\" content=\"image\/jpeg\" \/>\n<meta name=\"twitter:card\" content=\"summary_large_image\" \/>\n<meta name=\"twitter:label1\" content=\"Est. reading time\" \/>\n\t<meta name=\"twitter:data1\" content=\"1 minute\" \/>\n<script type=\"application\/ld+json\" class=\"yoast-schema-graph\">{\"@context\":\"https:\/\/schema.org\",\"@graph\":[{\"@type\":\"WebPage\",\"@id\":\"https:\/\/metaltale.com\/lv\/produkts\/pakaramais-pasaga-100x30-mm\/\",\"url\":\"https:\/\/metaltale.com\/lv\/produkts\/pakaramais-pasaga-100x30-mm\/\",\"name\":\"Pakaramais PASAGA 100x30 mm - MetalTale.com\",\"isPartOf\":{\"@id\":\"https:\/\/metaltale.com\/lv\/#website\"},\"primaryImageOfPage\":{\"@id\":\"https:\/\/metaltale.com\/lv\/produkts\/pakaramais-pasaga-100x30-mm\/#primaryimage\"},\"image\":{\"@id\":\"https:\/\/metaltale.com\/lv\/produkts\/pakaramais-pasaga-100x30-mm\/#primaryimage\"},\"thumbnailUrl\":\"https:\/\/metaltale.com\/wp-content\/uploads\/2023\/10\/Pasagos-kablys-125x30-plienas.jpg\",\"datePublished\":\"2024-01-12T19:04:23+00:00\",\"breadcrumb\":{\"@id\":\"https:\/\/metaltale.com\/lv\/produkts\/pakaramais-pasaga-100x30-mm\/#breadcrumb\"},\"inLanguage\":\"lv-LV\",\"potentialAction\":[{\"@type\":\"ReadAction\",\"target\":[\"https:\/\/metaltale.com\/lv\/produkts\/pakaramais-pasaga-100x30-mm\/\"]}]},{\"@type\":\"ImageObject\",\"inLanguage\":\"lv-LV\",\"@id\":\"https:\/\/metaltale.com\/lv\/produkts\/pakaramais-pasaga-100x30-mm\/#primaryimage\",\"url\":\"https:\/\/metaltale.com\/wp-content\/uploads\/2023\/10\/Pasagos-kablys-125x30-plienas.jpg\",\"contentUrl\":\"https:\/\/metaltale.com\/wp-content\/uploads\/2023\/10\/Pasagos-kablys-125x30-plienas.jpg\",\"width\":800,\"height\":800,\"caption\":\"Ap\u0123\u0113rbu \u0101\u0137is PASAGA\"},{\"@type\":\"BreadcrumbList\",\"@id\":\"https:\/\/metaltale.com\/lv\/produkts\/pakaramais-pasaga-100x30-mm\/#breadcrumb\",\"itemListElement\":[{\"@type\":\"ListItem\",\"position\":1,\"name\":\"Home\",\"item\":\"https:\/\/metaltale.com\/lv\/majas\/\"},{\"@type\":\"ListItem\",\"position\":2,\"name\":\"Veikals\",\"item\":\"https:\/\/metaltale.com\/lv\/shop\/\"},{\"@type\":\"ListItem\",\"position\":3,\"name\":\"Pakaramais PASAGA 100&#215;30 mm\"}]},{\"@type\":\"WebSite\",\"@id\":\"https:\/\/metaltale.com\/lv\/#website\",\"url\":\"https:\/\/metaltale.com\/lv\/\",\"name\":\"Metaltale.com\",\"description\":\"\",\"potentialAction\":[{\"@type\":\"SearchAction\",\"target\":{\"@type\":\"EntryPoint\",\"urlTemplate\":\"https:\/\/metaltale.com\/lv\/?s={search_term_string}\"},\"query-input\":{\"@type\":\"PropertyValueSpecification\",\"valueRequired\":true,\"valueName\":\"search_term_string\"}}],\"inLanguage\":\"lv-LV\"}]}<\/script>\n<!-- \/ Yoast SEO plugin. -->","yoast_head_json":{"title":"Pakaramais PASAGA 100x30 mm - MetalTale.com","robots":{"index":"index","follow":"follow","max-snippet":"max-snippet:-1","max-image-preview":"max-image-preview:large","max-video-preview":"max-video-preview:-1"},"canonical":"https:\/\/metaltale.com\/lv\/produkts\/pakaramais-pasaga-100x30-mm\/","og_locale":"lv_LV","og_type":"article","og_title":"Pakaramais PASAGA 100x30 mm - MetalTale.com","og_description":"Modelis 70.338.XX Materi\u0101ls Ketus Kop\u0113jais augstums (cm ) 100 Kop\u0113jais platums (cm ) 70 Kop\u0113j\u0101 projekcija (cm ) 3 Sugas","og_url":"https:\/\/metaltale.com\/lv\/produkts\/pakaramais-pasaga-100x30-mm\/","og_site_name":"MetalTale.com","og_image":[{"width":800,"height":800,"url":"https:\/\/metaltale.com\/wp-content\/uploads\/2023\/10\/Pasagos-kablys-125x30-plienas.jpg","type":"image\/jpeg"}],"twitter_card":"summary_large_image","twitter_misc":{"Est. reading time":"1 minute"},"schema":{"@context":"https:\/\/schema.org","@graph":[{"@type":"WebPage","@id":"https:\/\/metaltale.com\/lv\/produkts\/pakaramais-pasaga-100x30-mm\/","url":"https:\/\/metaltale.com\/lv\/produkts\/pakaramais-pasaga-100x30-mm\/","name":"Pakaramais PASAGA 100x30 mm - MetalTale.com","isPartOf":{"@id":"https:\/\/metaltale.com\/lv\/#website"},"primaryImageOfPage":{"@id":"https:\/\/metaltale.com\/lv\/produkts\/pakaramais-pasaga-100x30-mm\/#primaryimage"},"image":{"@id":"https:\/\/metaltale.com\/lv\/produkts\/pakaramais-pasaga-100x30-mm\/#primaryimage"},"thumbnailUrl":"https:\/\/metaltale.com\/wp-content\/uploads\/2023\/10\/Pasagos-kablys-125x30-plienas.jpg","datePublished":"2024-01-12T19:04:23+00:00","breadcrumb":{"@id":"https:\/\/metaltale.com\/lv\/produkts\/pakaramais-pasaga-100x30-mm\/#breadcrumb"},"inLanguage":"lv-LV","potentialAction":[{"@type":"ReadAction","target":["https:\/\/metaltale.com\/lv\/produkts\/pakaramais-pasaga-100x30-mm\/"]}]},{"@type":"ImageObject","inLanguage":"lv-LV","@id":"https:\/\/metaltale.com\/lv\/produkts\/pakaramais-pasaga-100x30-mm\/#primaryimage","url":"https:\/\/metaltale.com\/wp-content\/uploads\/2023\/10\/Pasagos-kablys-125x30-plienas.jpg","contentUrl":"https:\/\/metaltale.com\/wp-content\/uploads\/2023\/10\/Pasagos-kablys-125x30-plienas.jpg","width":800,"height":800,"caption":"Ap\u0123\u0113rbu \u0101\u0137is PASAGA"},{"@type":"BreadcrumbList","@id":"https:\/\/metaltale.com\/lv\/produkts\/pakaramais-pasaga-100x30-mm\/#breadcrumb","itemListElement":[{"@type":"ListItem","position":1,"name":"Home","item":"https:\/\/metaltale.com\/lv\/majas\/"},{"@type":"ListItem","position":2,"name":"Veikals","item":"https:\/\/metaltale.com\/lv\/shop\/"},{"@type":"ListItem","position":3,"name":"Pakaramais PASAGA 100&#215;30 mm"}]},{"@type":"WebSite","@id":"https:\/\/metaltale.com\/lv\/#website","url":"https:\/\/metaltale.com\/lv\/","name":"Metaltale.com","description":"","potentialAction":[{"@type":"SearchAction","target":{"@type":"EntryPoint","urlTemplate":"https:\/\/metaltale.com\/lv\/?s={search_term_string}"},"query-input":{"@type":"PropertyValueSpecification","valueRequired":true,"valueName":"search_term_string"}}],"inLanguage":"lv-LV"}]}},"_links":{"self":[{"href":"https:\/\/metaltale.com\/lv\/wp-json\/wp\/v2\/product\/140712","targetHints":{"allow":["GET"]}}],"collection":[{"href":"https:\/\/metaltale.com\/lv\/wp-json\/wp\/v2\/product"}],"about":[{"href":"https:\/\/metaltale.com\/lv\/wp-json\/wp\/v2\/types\/product"}],"replies":[{"embeddable":true,"href":"https:\/\/metaltale.com\/lv\/wp-json\/wp\/v2\/comments?post=140712"}],"version-history":[{"count":0,"href":"https:\/\/metaltale.com\/lv\/wp-json\/wp\/v2\/product\/140712\/revisions"}],"wp:featuredmedia":[{"embeddable":true,"href":"https:\/\/metaltale.com\/lv\/wp-json\/wp\/v2\/media\/84898"}],"wp:attachment":[{"href":"https:\/\/metaltale.com\/lv\/wp-json\/wp\/v2\/media?parent=140712"}],"wp:term":[{"taxonomy":"product_brand","embeddable":true,"href":"https:\/\/metaltale.com\/lv\/wp-json\/wp\/v2\/product_brand?post=140712"},{"taxonomy":"product_cat","embeddable":true,"href":"https:\/\/metaltale.com\/lv\/wp-json\/wp\/v2\/product_cat?post=140712"},{"taxonomy":"product_tag","embeddable":true,"href":"https:\/\/metaltale.com\/lv\/wp-json\/wp\/v2\/product_tag?post=140712"}],"curies":[{"name":"wp","href":"https:\/\/api.w.org\/{rel}","templated":true}]}}