{"id":140697,"date":"2024-01-12T21:04:04","date_gmt":"2024-01-12T19:04:04","guid":{"rendered":"https:\/\/metaltale.com\/produktas\/mebelu-viras-krawat-350-mm-melnas-2\/"},"modified":"2024-01-12T21:04:04","modified_gmt":"2024-01-12T19:04:04","slug":"mebelu-viras-krawat-350-mm-melnas-2","status":"publish","type":"product","link":"https:\/\/metaltale.com\/lv\/produkts\/mebelu-viras-krawat-350-mm-melnas-2\/","title":{"rendered":"M\u0113be\u013cu viras KRAWAT 350 mm, melnas"},"content":{"rendered":"<div class=\"prod_data\">\n<p>49.322A <strong>modelis<\/strong>. HFB.360<br \/>\n<strong>Materi\u0101ls<\/strong> T\u0113rauds<br \/>\n<strong> [cm]Kop\u0113jais garums<\/strong> 36<strong> <\/strong><br \/>\n<strong>Kop\u0113jais augstums (cm<\/strong> ) 12,5<br \/>\n<strong>Lab\u0101s puses platums (cm<\/strong> ) 30<br \/>\n<strong>Kreis\u0101s puses platums (cm<\/strong> ) 3,6<br \/>\n<strong>Kr\u0101sa<\/strong> Melna<\/p>\n<p>Ierosin\u0101t\u0101 <strong>m\u0113be\u013cu viru<\/strong> konstrukcija ir izgatavota ar rok\u0101m no melna t\u0113rauda, un tai ir raupja virsma. Impregn\u0113\u0161anas process labi darbojas atkl\u0101t\u0101s viet\u0101s un ir iztur\u012bgs pret r\u016bsu.<\/p>\n<p>Komplekt\u0101 ir iek\u013cautas ar\u012b nepiecie\u0161am\u0101s skr\u016bves, kas garant\u0113 \u0113rtu uzst\u0101d\u012b\u0161anu.<\/p>\n<\/div>\n","protected":false},"excerpt":{"rendered":"<p>49.322A modelis. HFB.360 Materi\u0101ls T\u0113rauds [cm]Kop\u0113jais garums 36 Kop\u0113jais augstums (cm ) 12,5 Lab\u0101s puses platums (cm ) 30 Kreis\u0101s<\/p>\n","protected":false},"featured_media":113366,"comment_status":"open","ping_status":"closed","template":"","meta":{"_acf_changed":false,"pmpro_default_level":""},"product_brand":[],"product_cat":[24080,24079],"product_tag":[],"class_list":{"0":"post-140697","1":"product","2":"type-product","3":"status-publish","4":"has-post-thumbnail","6":"product_cat-mebelu-enges","7":"product_cat-viriesi","8":"pmpro-has-access","10":"first","11":"outofstock","12":"shipping-taxable","13":"purchasable","14":"product-type-simple"},"acf":[],"yoast_head":"<!-- This site is optimized with the Yoast SEO plugin v24.9 - https:\/\/yoast.com\/wordpress\/plugins\/seo\/ -->\n<title>M\u0113be\u013cu viras KRAWAT 350 mm, melnas - MetalTale.com<\/title>\n<meta name=\"robots\" content=\"index, follow, max-snippet:-1, max-image-preview:large, max-video-preview:-1\" \/>\n<link rel=\"canonical\" href=\"https:\/\/metaltale.com\/lv\/produkts\/mebelu-viras-krawat-350-mm-melnas-2\/\" \/>\n<meta property=\"og:locale\" content=\"lv_LV\" \/>\n<meta property=\"og:type\" content=\"article\" \/>\n<meta property=\"og:title\" content=\"M\u0113be\u013cu viras KRAWAT 350 mm, melnas - MetalTale.com\" \/>\n<meta property=\"og:description\" content=\"49.322A modelis. HFB.360 Materi\u0101ls T\u0113rauds [cm]Kop\u0113jais garums 36 Kop\u0113jais augstums (cm ) 12,5 Lab\u0101s puses platums (cm ) 30 Kreis\u0101s\" \/>\n<meta property=\"og:url\" content=\"https:\/\/metaltale.com\/lv\/produkts\/mebelu-viras-krawat-350-mm-melnas-2\/\" \/>\n<meta property=\"og:site_name\" content=\"MetalTale.com\" \/>\n<meta property=\"og:image\" content=\"https:\/\/metaltale.com\/wp-content\/uploads\/2023\/11\/Vyris-KRAWAT-350mm-Juoda.jpg\" \/>\n\t<meta property=\"og:image:width\" content=\"800\" \/>\n\t<meta property=\"og:image:height\" content=\"800\" \/>\n\t<meta property=\"og:image:type\" content=\"image\/jpeg\" \/>\n<meta name=\"twitter:card\" content=\"summary_large_image\" \/>\n<script type=\"application\/ld+json\" class=\"yoast-schema-graph\">{\"@context\":\"https:\/\/schema.org\",\"@graph\":[{\"@type\":\"WebPage\",\"@id\":\"https:\/\/metaltale.com\/lv\/produkts\/mebelu-viras-krawat-350-mm-melnas-2\/\",\"url\":\"https:\/\/metaltale.com\/lv\/produkts\/mebelu-viras-krawat-350-mm-melnas-2\/\",\"name\":\"M\u0113be\u013cu viras KRAWAT 350 mm, melnas - MetalTale.com\",\"isPartOf\":{\"@id\":\"https:\/\/metaltale.com\/lv\/#website\"},\"primaryImageOfPage\":{\"@id\":\"https:\/\/metaltale.com\/lv\/produkts\/mebelu-viras-krawat-350-mm-melnas-2\/#primaryimage\"},\"image\":{\"@id\":\"https:\/\/metaltale.com\/lv\/produkts\/mebelu-viras-krawat-350-mm-melnas-2\/#primaryimage\"},\"thumbnailUrl\":\"https:\/\/metaltale.com\/wp-content\/uploads\/2023\/11\/Vyris-KRAWAT-350mm-Juoda.jpg\",\"datePublished\":\"2024-01-12T19:04:04+00:00\",\"breadcrumb\":{\"@id\":\"https:\/\/metaltale.com\/lv\/produkts\/mebelu-viras-krawat-350-mm-melnas-2\/#breadcrumb\"},\"inLanguage\":\"lv-LV\",\"potentialAction\":[{\"@type\":\"ReadAction\",\"target\":[\"https:\/\/metaltale.com\/lv\/produkts\/mebelu-viras-krawat-350-mm-melnas-2\/\"]}]},{\"@type\":\"ImageObject\",\"inLanguage\":\"lv-LV\",\"@id\":\"https:\/\/metaltale.com\/lv\/produkts\/mebelu-viras-krawat-350-mm-melnas-2\/#primaryimage\",\"url\":\"https:\/\/metaltale.com\/wp-content\/uploads\/2023\/11\/Vyris-KRAWAT-350mm-Juoda.jpg\",\"contentUrl\":\"https:\/\/metaltale.com\/wp-content\/uploads\/2023\/11\/Vyris-KRAWAT-350mm-Juoda.jpg\",\"width\":800,\"height\":800,\"caption\":\"M\u0113be\u013cu viras KRAWAT 350 mm, melnas\"},{\"@type\":\"BreadcrumbList\",\"@id\":\"https:\/\/metaltale.com\/lv\/produkts\/mebelu-viras-krawat-350-mm-melnas-2\/#breadcrumb\",\"itemListElement\":[{\"@type\":\"ListItem\",\"position\":1,\"name\":\"Home\",\"item\":\"https:\/\/metaltale.com\/lv\/majas\/\"},{\"@type\":\"ListItem\",\"position\":2,\"name\":\"Veikals\",\"item\":\"https:\/\/metaltale.com\/lv\/shop\/\"},{\"@type\":\"ListItem\",\"position\":3,\"name\":\"M\u0113be\u013cu viras KRAWAT 350 mm, melnas\"}]},{\"@type\":\"WebSite\",\"@id\":\"https:\/\/metaltale.com\/lv\/#website\",\"url\":\"https:\/\/metaltale.com\/lv\/\",\"name\":\"Metaltale.com\",\"description\":\"\",\"potentialAction\":[{\"@type\":\"SearchAction\",\"target\":{\"@type\":\"EntryPoint\",\"urlTemplate\":\"https:\/\/metaltale.com\/lv\/?s={search_term_string}\"},\"query-input\":{\"@type\":\"PropertyValueSpecification\",\"valueRequired\":true,\"valueName\":\"search_term_string\"}}],\"inLanguage\":\"lv-LV\"}]}<\/script>\n<!-- \/ Yoast SEO plugin. -->","yoast_head_json":{"title":"M\u0113be\u013cu viras KRAWAT 350 mm, melnas - MetalTale.com","robots":{"index":"index","follow":"follow","max-snippet":"max-snippet:-1","max-image-preview":"max-image-preview:large","max-video-preview":"max-video-preview:-1"},"canonical":"https:\/\/metaltale.com\/lv\/produkts\/mebelu-viras-krawat-350-mm-melnas-2\/","og_locale":"lv_LV","og_type":"article","og_title":"M\u0113be\u013cu viras KRAWAT 350 mm, melnas - MetalTale.com","og_description":"49.322A modelis. HFB.360 Materi\u0101ls T\u0113rauds [cm]Kop\u0113jais garums 36 Kop\u0113jais augstums (cm ) 12,5 Lab\u0101s puses platums (cm ) 30 Kreis\u0101s","og_url":"https:\/\/metaltale.com\/lv\/produkts\/mebelu-viras-krawat-350-mm-melnas-2\/","og_site_name":"MetalTale.com","og_image":[{"width":800,"height":800,"url":"https:\/\/metaltale.com\/wp-content\/uploads\/2023\/11\/Vyris-KRAWAT-350mm-Juoda.jpg","type":"image\/jpeg"}],"twitter_card":"summary_large_image","schema":{"@context":"https:\/\/schema.org","@graph":[{"@type":"WebPage","@id":"https:\/\/metaltale.com\/lv\/produkts\/mebelu-viras-krawat-350-mm-melnas-2\/","url":"https:\/\/metaltale.com\/lv\/produkts\/mebelu-viras-krawat-350-mm-melnas-2\/","name":"M\u0113be\u013cu viras KRAWAT 350 mm, melnas - MetalTale.com","isPartOf":{"@id":"https:\/\/metaltale.com\/lv\/#website"},"primaryImageOfPage":{"@id":"https:\/\/metaltale.com\/lv\/produkts\/mebelu-viras-krawat-350-mm-melnas-2\/#primaryimage"},"image":{"@id":"https:\/\/metaltale.com\/lv\/produkts\/mebelu-viras-krawat-350-mm-melnas-2\/#primaryimage"},"thumbnailUrl":"https:\/\/metaltale.com\/wp-content\/uploads\/2023\/11\/Vyris-KRAWAT-350mm-Juoda.jpg","datePublished":"2024-01-12T19:04:04+00:00","breadcrumb":{"@id":"https:\/\/metaltale.com\/lv\/produkts\/mebelu-viras-krawat-350-mm-melnas-2\/#breadcrumb"},"inLanguage":"lv-LV","potentialAction":[{"@type":"ReadAction","target":["https:\/\/metaltale.com\/lv\/produkts\/mebelu-viras-krawat-350-mm-melnas-2\/"]}]},{"@type":"ImageObject","inLanguage":"lv-LV","@id":"https:\/\/metaltale.com\/lv\/produkts\/mebelu-viras-krawat-350-mm-melnas-2\/#primaryimage","url":"https:\/\/metaltale.com\/wp-content\/uploads\/2023\/11\/Vyris-KRAWAT-350mm-Juoda.jpg","contentUrl":"https:\/\/metaltale.com\/wp-content\/uploads\/2023\/11\/Vyris-KRAWAT-350mm-Juoda.jpg","width":800,"height":800,"caption":"M\u0113be\u013cu viras KRAWAT 350 mm, melnas"},{"@type":"BreadcrumbList","@id":"https:\/\/metaltale.com\/lv\/produkts\/mebelu-viras-krawat-350-mm-melnas-2\/#breadcrumb","itemListElement":[{"@type":"ListItem","position":1,"name":"Home","item":"https:\/\/metaltale.com\/lv\/majas\/"},{"@type":"ListItem","position":2,"name":"Veikals","item":"https:\/\/metaltale.com\/lv\/shop\/"},{"@type":"ListItem","position":3,"name":"M\u0113be\u013cu viras KRAWAT 350 mm, melnas"}]},{"@type":"WebSite","@id":"https:\/\/metaltale.com\/lv\/#website","url":"https:\/\/metaltale.com\/lv\/","name":"Metaltale.com","description":"","potentialAction":[{"@type":"SearchAction","target":{"@type":"EntryPoint","urlTemplate":"https:\/\/metaltale.com\/lv\/?s={search_term_string}"},"query-input":{"@type":"PropertyValueSpecification","valueRequired":true,"valueName":"search_term_string"}}],"inLanguage":"lv-LV"}]}},"_links":{"self":[{"href":"https:\/\/metaltale.com\/lv\/wp-json\/wp\/v2\/product\/140697","targetHints":{"allow":["GET"]}}],"collection":[{"href":"https:\/\/metaltale.com\/lv\/wp-json\/wp\/v2\/product"}],"about":[{"href":"https:\/\/metaltale.com\/lv\/wp-json\/wp\/v2\/types\/product"}],"replies":[{"embeddable":true,"href":"https:\/\/metaltale.com\/lv\/wp-json\/wp\/v2\/comments?post=140697"}],"version-history":[{"count":0,"href":"https:\/\/metaltale.com\/lv\/wp-json\/wp\/v2\/product\/140697\/revisions"}],"wp:featuredmedia":[{"embeddable":true,"href":"https:\/\/metaltale.com\/lv\/wp-json\/wp\/v2\/media\/113366"}],"wp:attachment":[{"href":"https:\/\/metaltale.com\/lv\/wp-json\/wp\/v2\/media?parent=140697"}],"wp:term":[{"taxonomy":"product_brand","embeddable":true,"href":"https:\/\/metaltale.com\/lv\/wp-json\/wp\/v2\/product_brand?post=140697"},{"taxonomy":"product_cat","embeddable":true,"href":"https:\/\/metaltale.com\/lv\/wp-json\/wp\/v2\/product_cat?post=140697"},{"taxonomy":"product_tag","embeddable":true,"href":"https:\/\/metaltale.com\/lv\/wp-json\/wp\/v2\/product_tag?post=140697"}],"curies":[{"name":"wp","href":"https:\/\/api.w.org\/{rel}","templated":true}]}}