{"id":140682,"date":"2024-01-12T20:55:55","date_gmt":"2024-01-12T18:55:55","guid":{"rendered":"https:\/\/metaltale.com\/produktas\/koja-juoda-kobylka\/"},"modified":"2024-01-12T20:55:55","modified_gmt":"2024-01-12T18:55:55","slug":"koja-juoda-kobylka","status":"publish","type":"product","link":"https:\/\/metaltale.com\/lv\/produkts\/koja-juoda-kobylka\/","title":{"rendered":"Koja JUODA KOBY\u0141KA"},"content":{"rendered":"<div class=\"prod_data\">\n<p><strong>Modelis<\/strong> FOR. N.KOB. NDS<br \/>\n<strong>Materi\u0101ls<\/strong> T\u0113rauds<br \/>\n<strong>Biezums (cm<\/strong> ) 40<br \/>\n<strong>Kop\u0113jais augstums (cm<\/strong> ) 74<br \/>\n<strong>Kop\u0113jais platums (cm<\/strong> ) 80<br \/>\n<strong>Svars (kg<\/strong> ) 19<br \/>\nMont\u0101\u017eas skr\u016bves N\u0113<br \/>\n<strong>Kr\u0101sa<\/strong> Melna, t\u0113rauda<br \/>\nDaudzums komplekt\u0101 1 gab.<\/p>\n<p>&#8211; t\u0113rauda galda k\u0101ja &#8211; stabila pamatne galda virsmai.<br \/>\n&#8211; divi kr\u0101su varianti \u013cauj izveidot galdu, kas sader ar j\u016bsu interjera dizainu.<br \/>\n&#8211; melna met\u0101la k\u0101ja ar pulverkr\u0101sas p\u0101rkl\u0101jumu, \u013coti iztur\u012bga pret skr\u0101p\u0113jumiem.<br \/>\n&#8211; t\u0113rauda versija, kas pies\u016bcin\u0101ta ar bezkr\u0101sainu laku, at\u0161\u0137iras ar redzamiem skr\u0101p\u0113jumiem un citiem noveco\u0161anas efektiem.<br \/>\n&#8211; izstr\u0101d\u0101jumu kr\u0101sa var at\u0161\u0137irties no galerij\u0101 redzamajiem att\u0113liem individu\u0101lu monitora iestat\u012bjumu un materi\u0101lu \u012bpa\u0161\u012bbu d\u0113\u013c &#8211; t\u0113rauds ir neapstr\u0101d\u0101ts materi\u0101ls, kura kr\u0101sa, tonis un tekst\u016bra var at\u0161\u0137irties no parauga uz paraugu vai no partijas uz partiju.<br \/>\n&#8211; pied\u0101v\u0101t\u0101s skr\u016bves ir paredz\u0113tas darba virsm\u0101m, kuru biezums ir 38 mm vai vair\u0101k.<br \/>\n&#8211; skatiet m\u016bsu pilno mont\u0101\u017eas skr\u016bvju kl\u0101stu<\/p>\n<hr>\n<p>Ori\u0123in\u0101la, uzkr\u012bto\u0161a un neiesp\u0113jama, Koby\u0142ka industri\u0101l\u0101 k\u0101ja ir ide\u0101ls balsts lieliem virtuves galdiem vai sal\u0101m, pla\u0161iem rakst\u0101mgaldiem vai mas\u012bviem darba galdiem. Tas ir efekt\u012bvs papildin\u0101jums viesistab\u0101m, b\u0113ni\u0146u virtuv\u0113m vai pla\u0161\u0101m modern\u0101m konferen\u010du telp\u0101m. Tas jebkuram interjeram pie\u0161\u0137ir industri\u0101lu piesk\u0101rienu, izce\u013cot vai izjaucot stilu. K\u0101ju dizains atg\u0101dina vecos, vienk\u0101r\u0161os darbgaldus, ko izmantoja m\u0101jas darbn\u012bc\u0101s. K\u0101ja ir paredz\u0113ta pa\u0161mont\u0101\u017eai, t\u0101s konstrukcija \u013cauj regul\u0113t darba virsmas augstumu, un kr\u0101su opciju pieejam\u012bba \u013cauj izv\u0113l\u0113ties interjeram piem\u0113rotu izstr\u0101d\u0101jumu. K\u0101jas formas b\u0113ni\u0146u k\u0101ja ir ide\u0101li piem\u0113rota tiem, kas mekl\u0113 \u012bstu interjera dizaina izaicin\u0101jumu.<\/p>\n<\/div>\n","protected":false},"excerpt":{"rendered":"<p>Modelis FOR. N.KOB. NDS Materi\u0101ls T\u0113rauds Biezums (cm ) 40 Kop\u0113jais augstums (cm ) 74 Kop\u0113jais platums (cm ) 80<\/p>\n","protected":false},"featured_media":76474,"comment_status":"open","ping_status":"closed","template":"","meta":{"_acf_changed":false,"pmpro_default_level":""},"product_brand":[],"product_cat":[23916],"product_tag":[],"class_list":{"0":"post-140682","1":"product","2":"type-product","3":"status-publish","4":"has-post-thumbnail","6":"product_cat-stalo-kojos-lv","7":"pmpro-has-access","9":"first","10":"outofstock","11":"shipping-taxable","12":"purchasable","13":"product-type-simple"},"acf":[],"yoast_head":"<!-- This site is optimized with the Yoast SEO plugin v24.9 - https:\/\/yoast.com\/wordpress\/plugins\/seo\/ -->\n<title>Koja JUODA KOBY\u0141KA - MetalTale.com<\/title>\n<meta name=\"robots\" content=\"index, follow, max-snippet:-1, max-image-preview:large, max-video-preview:-1\" \/>\n<link rel=\"canonical\" href=\"https:\/\/metaltale.com\/lv\/produkts\/koja-juoda-kobylka\/\" \/>\n<meta property=\"og:locale\" content=\"lv_LV\" \/>\n<meta property=\"og:type\" content=\"article\" \/>\n<meta property=\"og:title\" content=\"Koja JUODA KOBY\u0141KA - MetalTale.com\" \/>\n<meta property=\"og:description\" content=\"Modelis FOR. N.KOB. NDS Materi\u0101ls T\u0113rauds Biezums (cm ) 40 Kop\u0113jais augstums (cm ) 74 Kop\u0113jais platums (cm ) 80\" \/>\n<meta property=\"og:url\" content=\"https:\/\/metaltale.com\/lv\/produkts\/koja-juoda-kobylka\/\" \/>\n<meta property=\"og:site_name\" content=\"MetalTale.com\" \/>\n<meta property=\"og:image\" content=\"https:\/\/metaltale.com\/wp-content\/uploads\/2023\/10\/Koja-JUODA-KOBYx141KA.jpg\" \/>\n\t<meta property=\"og:image:width\" content=\"900\" \/>\n\t<meta property=\"og:image:height\" content=\"900\" \/>\n\t<meta property=\"og:image:type\" content=\"image\/jpeg\" \/>\n<meta name=\"twitter:card\" content=\"summary_large_image\" \/>\n<meta name=\"twitter:label1\" content=\"Est. reading time\" \/>\n\t<meta name=\"twitter:data1\" content=\"2 minutes\" \/>\n<script type=\"application\/ld+json\" class=\"yoast-schema-graph\">{\"@context\":\"https:\/\/schema.org\",\"@graph\":[{\"@type\":\"WebPage\",\"@id\":\"https:\/\/metaltale.com\/lv\/produkts\/koja-juoda-kobylka\/\",\"url\":\"https:\/\/metaltale.com\/lv\/produkts\/koja-juoda-kobylka\/\",\"name\":\"Koja JUODA KOBY\u0141KA - MetalTale.com\",\"isPartOf\":{\"@id\":\"https:\/\/metaltale.com\/lv\/#website\"},\"primaryImageOfPage\":{\"@id\":\"https:\/\/metaltale.com\/lv\/produkts\/koja-juoda-kobylka\/#primaryimage\"},\"image\":{\"@id\":\"https:\/\/metaltale.com\/lv\/produkts\/koja-juoda-kobylka\/#primaryimage\"},\"thumbnailUrl\":\"https:\/\/metaltale.com\/wp-content\/uploads\/2023\/10\/Koja-JUODA-KOBYx141KA.jpg\",\"datePublished\":\"2024-01-12T18:55:55+00:00\",\"breadcrumb\":{\"@id\":\"https:\/\/metaltale.com\/lv\/produkts\/koja-juoda-kobylka\/#breadcrumb\"},\"inLanguage\":\"lv-LV\",\"potentialAction\":[{\"@type\":\"ReadAction\",\"target\":[\"https:\/\/metaltale.com\/lv\/produkts\/koja-juoda-kobylka\/\"]}]},{\"@type\":\"ImageObject\",\"inLanguage\":\"lv-LV\",\"@id\":\"https:\/\/metaltale.com\/lv\/produkts\/koja-juoda-kobylka\/#primaryimage\",\"url\":\"https:\/\/metaltale.com\/wp-content\/uploads\/2023\/10\/Koja-JUODA-KOBYx141KA.jpg\",\"contentUrl\":\"https:\/\/metaltale.com\/wp-content\/uploads\/2023\/10\/Koja-JUODA-KOBYx141KA.jpg\",\"width\":900,\"height\":900},{\"@type\":\"BreadcrumbList\",\"@id\":\"https:\/\/metaltale.com\/lv\/produkts\/koja-juoda-kobylka\/#breadcrumb\",\"itemListElement\":[{\"@type\":\"ListItem\",\"position\":1,\"name\":\"Home\",\"item\":\"https:\/\/metaltale.com\/lv\/majas\/\"},{\"@type\":\"ListItem\",\"position\":2,\"name\":\"Veikals\",\"item\":\"https:\/\/metaltale.com\/lv\/shop\/\"},{\"@type\":\"ListItem\",\"position\":3,\"name\":\"Koja JUODA KOBY\u0141KA\"}]},{\"@type\":\"WebSite\",\"@id\":\"https:\/\/metaltale.com\/lv\/#website\",\"url\":\"https:\/\/metaltale.com\/lv\/\",\"name\":\"Metaltale.com\",\"description\":\"\",\"potentialAction\":[{\"@type\":\"SearchAction\",\"target\":{\"@type\":\"EntryPoint\",\"urlTemplate\":\"https:\/\/metaltale.com\/lv\/?s={search_term_string}\"},\"query-input\":{\"@type\":\"PropertyValueSpecification\",\"valueRequired\":true,\"valueName\":\"search_term_string\"}}],\"inLanguage\":\"lv-LV\"}]}<\/script>\n<!-- \/ Yoast SEO plugin. -->","yoast_head_json":{"title":"Koja JUODA KOBY\u0141KA - MetalTale.com","robots":{"index":"index","follow":"follow","max-snippet":"max-snippet:-1","max-image-preview":"max-image-preview:large","max-video-preview":"max-video-preview:-1"},"canonical":"https:\/\/metaltale.com\/lv\/produkts\/koja-juoda-kobylka\/","og_locale":"lv_LV","og_type":"article","og_title":"Koja JUODA KOBY\u0141KA - MetalTale.com","og_description":"Modelis FOR. N.KOB. NDS Materi\u0101ls T\u0113rauds Biezums (cm ) 40 Kop\u0113jais augstums (cm ) 74 Kop\u0113jais platums (cm ) 80","og_url":"https:\/\/metaltale.com\/lv\/produkts\/koja-juoda-kobylka\/","og_site_name":"MetalTale.com","og_image":[{"width":900,"height":900,"url":"https:\/\/metaltale.com\/wp-content\/uploads\/2023\/10\/Koja-JUODA-KOBYx141KA.jpg","type":"image\/jpeg"}],"twitter_card":"summary_large_image","twitter_misc":{"Est. reading time":"2 minutes"},"schema":{"@context":"https:\/\/schema.org","@graph":[{"@type":"WebPage","@id":"https:\/\/metaltale.com\/lv\/produkts\/koja-juoda-kobylka\/","url":"https:\/\/metaltale.com\/lv\/produkts\/koja-juoda-kobylka\/","name":"Koja JUODA KOBY\u0141KA - MetalTale.com","isPartOf":{"@id":"https:\/\/metaltale.com\/lv\/#website"},"primaryImageOfPage":{"@id":"https:\/\/metaltale.com\/lv\/produkts\/koja-juoda-kobylka\/#primaryimage"},"image":{"@id":"https:\/\/metaltale.com\/lv\/produkts\/koja-juoda-kobylka\/#primaryimage"},"thumbnailUrl":"https:\/\/metaltale.com\/wp-content\/uploads\/2023\/10\/Koja-JUODA-KOBYx141KA.jpg","datePublished":"2024-01-12T18:55:55+00:00","breadcrumb":{"@id":"https:\/\/metaltale.com\/lv\/produkts\/koja-juoda-kobylka\/#breadcrumb"},"inLanguage":"lv-LV","potentialAction":[{"@type":"ReadAction","target":["https:\/\/metaltale.com\/lv\/produkts\/koja-juoda-kobylka\/"]}]},{"@type":"ImageObject","inLanguage":"lv-LV","@id":"https:\/\/metaltale.com\/lv\/produkts\/koja-juoda-kobylka\/#primaryimage","url":"https:\/\/metaltale.com\/wp-content\/uploads\/2023\/10\/Koja-JUODA-KOBYx141KA.jpg","contentUrl":"https:\/\/metaltale.com\/wp-content\/uploads\/2023\/10\/Koja-JUODA-KOBYx141KA.jpg","width":900,"height":900},{"@type":"BreadcrumbList","@id":"https:\/\/metaltale.com\/lv\/produkts\/koja-juoda-kobylka\/#breadcrumb","itemListElement":[{"@type":"ListItem","position":1,"name":"Home","item":"https:\/\/metaltale.com\/lv\/majas\/"},{"@type":"ListItem","position":2,"name":"Veikals","item":"https:\/\/metaltale.com\/lv\/shop\/"},{"@type":"ListItem","position":3,"name":"Koja JUODA KOBY\u0141KA"}]},{"@type":"WebSite","@id":"https:\/\/metaltale.com\/lv\/#website","url":"https:\/\/metaltale.com\/lv\/","name":"Metaltale.com","description":"","potentialAction":[{"@type":"SearchAction","target":{"@type":"EntryPoint","urlTemplate":"https:\/\/metaltale.com\/lv\/?s={search_term_string}"},"query-input":{"@type":"PropertyValueSpecification","valueRequired":true,"valueName":"search_term_string"}}],"inLanguage":"lv-LV"}]}},"_links":{"self":[{"href":"https:\/\/metaltale.com\/lv\/wp-json\/wp\/v2\/product\/140682","targetHints":{"allow":["GET"]}}],"collection":[{"href":"https:\/\/metaltale.com\/lv\/wp-json\/wp\/v2\/product"}],"about":[{"href":"https:\/\/metaltale.com\/lv\/wp-json\/wp\/v2\/types\/product"}],"replies":[{"embeddable":true,"href":"https:\/\/metaltale.com\/lv\/wp-json\/wp\/v2\/comments?post=140682"}],"version-history":[{"count":0,"href":"https:\/\/metaltale.com\/lv\/wp-json\/wp\/v2\/product\/140682\/revisions"}],"wp:featuredmedia":[{"embeddable":true,"href":"https:\/\/metaltale.com\/lv\/wp-json\/wp\/v2\/media\/76474"}],"wp:attachment":[{"href":"https:\/\/metaltale.com\/lv\/wp-json\/wp\/v2\/media?parent=140682"}],"wp:term":[{"taxonomy":"product_brand","embeddable":true,"href":"https:\/\/metaltale.com\/lv\/wp-json\/wp\/v2\/product_brand?post=140682"},{"taxonomy":"product_cat","embeddable":true,"href":"https:\/\/metaltale.com\/lv\/wp-json\/wp\/v2\/product_cat?post=140682"},{"taxonomy":"product_tag","embeddable":true,"href":"https:\/\/metaltale.com\/lv\/wp-json\/wp\/v2\/product_tag?post=140682"}],"curies":[{"name":"wp","href":"https:\/\/api.w.org\/{rel}","templated":true}]}}