{"id":140675,"date":"2024-01-12T16:40:06","date_gmt":"2024-01-12T14:40:06","guid":{"rendered":"https:\/\/metaltale.com\/produktas\/koka-osa-bidamas-durvis-mebiletas\/"},"modified":"2024-01-12T16:40:06","modified_gmt":"2024-01-12T14:40:06","slug":"koka-osa-bidamas-durvis-mebiletas","status":"publish","type":"product","link":"https:\/\/metaltale.com\/lv\/produkts\/koka-osa-bidamas-durvis-mebiletas\/","title":{"rendered":"Koka o\u0161a b\u012bd\u0101m\u0101s durvis M\u0112BIL\u0112TAS"},"content":{"rendered":"<div class=\"prod_data\"><strong>Modelis<\/strong> OPL-100X210  <br \/><strong>Materi\u0101ls<\/strong> Ash wood  <br \/><strong>Biezums (cm<\/strong> ) 6  <br \/>Kop\u0113jais augstums (cm ) 210 <br \/>Kop\u0113jais platums (cm ) 100 <br \/><strong>Apdares apdegums<\/strong>  <br \/>PAPILDU INFORM\u0100CIJA Pied\u0101v\u0101jums attiecas tikai uz vienu durvju paneli un neietver b\u012bd\u0101mo sist\u0113mu un citus piederumus. <\/p>\n<hr>\n<hr>\n<p>&#8220;Opalane b\u012bd\u0101m\u0101s durvis ir paredz\u0113tas tiem, kam piem\u012bt raksturs un drosme.<\/p>\n<p>Opalane b\u012bd\u0101m\u0101s durvis ir izgatavotas no o\u0161a koka. B\u012bd\u0101m\u0101s durvis ir izgatavotas no mas\u012bviem, iztur\u012bgiem, vertik\u0101li novietotiem d\u0113\u013ciem, kas savienoti ar \u0161\u0137\u0113rssij\u0101m. Asimetriskais d\u0113\u013cu izk\u0101rtojums padara izstr\u0101d\u0101jumu no pirm\u0101 acu uzmetiena tipisku un standarta, ta\u010du paties\u012bb\u0101 tas rada ori\u0123in\u0101lu kompoz\u012bciju. Durvju glud\u0101 virsma ar j\u016btamu koka tekst\u016bru pie\u0161\u0137ir t\u0101m mas\u012bvuma iespaidu, savuk\u0101rt uz d\u0113\u013ciem redzamie gredzeni izce\u013c koka dabisko tekst\u016bru. Plaisas un plaisas kok\u0101 pie\u0161\u0137ir durv\u012bm unik\u0101lu raksturu un padara t\u0101s par izsmalcin\u0101tu dekorat\u012bvu elementu. B\u012bd\u0101mo durvju iek\u0161\u0113j\u0101 puse ir nedaudz smalk\u0101ka, ta\u010du saglab\u0101 to pa\u0161u pl\u0113s\u012bgo toni, kas piem\u012bt produktam.<\/p>\n<p>Pelnu b\u012bd\u0101m\u0101s durvis ir izg\u0101ju\u0161as iedeg\u0161anas procesu, kas padara t\u0101s unik\u0101las. \u0160\u012b apstr\u0101de ir izc\u0113lus un uzlabojusi koka fakt\u016bru, un rezult\u0101t\u0101 uz durvju virsmas ir izveidoju\u0161\u0101s gleznainas ainavas.<\/p>\n<p>Pelnu durvis pie\u0161\u0137ir interjeram netradicion\u0101lu un ori\u0123in\u0101lu raksturu, ir praktiskas, viegli uzst\u0101d\u0101mas un t\u0101m ir dekorat\u012bva funkcija. To iztur\u012bg\u0101 konstrukcija nodro\u0161ina, ka tos var izmantot daudzus gadus.<\/p>\n<p>Opalane b\u012bd\u0101m\u0101s durvis iederas jebkur\u0101 interjer\u0101 &#8211; gan modern\u0101, gan tradicion\u0101l\u0101 lauku, industri\u0101l\u0101 vai b\u0113ni\u0146u stil\u0101.<\/p>\n<p>Standarta durvju izm\u0113rs ir 100 cm x 210 cm, un t\u0101s tiek pieg\u0101d\u0101tas neapstr\u0101d\u0101tas. 2 cm biezais izstr\u0101d\u0101jums ir izgatavots no atlas\u012btas koksnes, bet durvis ir 4 cm biezas vai 6 cm biezas, ja izmantots tr\u012bsk\u0101r\u0161s pastiprin\u0101jums.<br \/>Pateicoties Opalane b\u012bd\u0101maj\u0101m durv\u012bm, t\u0101s ir daudzpus\u012bgas un lieliski iek\u013caujas 70 cm, 80 cm un 90 cm durvju atv\u0113rumos.<\/p>\n<hr>\n<p>*Pied\u0101v\u0101jums attiecas tikai uz durv\u012bm un neietver b\u012bd\u0101mo sist\u0113mu un citus piederumus.<\/p>\n<p><strong>Apak\u0161\u0113j\u0101s vadotnes, kas piem\u0113rotas OPALANE b\u012bd\u0101maj\u0101m durv\u012bm, skatiet t\u0101l\u0101k sada\u013c\u0101 &#8220;Saist\u012btie produkti&#8221;.<\/strong><\/p>\n<hr>\n<p><strong><\/p>\n<p><\/strong><\/p>\n<\/div>\n","protected":false},"excerpt":{"rendered":"<p>Modelis OPL-100X210 Materi\u0101ls Ash wood Biezums (cm ) 6 Kop\u0113jais augstums (cm ) 210 Kop\u0113jais platums (cm ) 100 Apdares<\/p>\n","protected":false},"featured_media":82068,"comment_status":"open","ping_status":"closed","template":"","meta":{"_acf_changed":false,"pmpro_default_level":""},"product_brand":[],"product_cat":[24064,24059,24076],"product_tag":[],"class_list":{"0":"post-140675","1":"product","2":"type-product","3":"status-publish","4":"has-post-thumbnail","6":"product_cat-bidamas-durvis-lv","7":"product_cat-bidamo-durvju-sistemas","8":"product_cat-pelnu-bidamas-durvis","9":"pmpro-has-access","11":"first","12":"instock","13":"shipping-taxable","14":"purchasable","15":"product-type-simple"},"acf":[],"yoast_head":"<!-- This site is optimized with the Yoast SEO plugin v24.9 - https:\/\/yoast.com\/wordpress\/plugins\/seo\/ -->\n<title>Koka o\u0161a b\u012bd\u0101m\u0101s durvis M\u0112BIL\u0112TAS - MetalTale.com<\/title>\n<meta name=\"robots\" content=\"index, follow, max-snippet:-1, max-image-preview:large, max-video-preview:-1\" \/>\n<link rel=\"canonical\" href=\"https:\/\/metaltale.com\/lv\/produkts\/koka-osa-bidamas-durvis-mebiletas\/\" \/>\n<meta property=\"og:locale\" content=\"lv_LV\" \/>\n<meta property=\"og:type\" content=\"article\" \/>\n<meta property=\"og:title\" content=\"Koka o\u0161a b\u012bd\u0101m\u0101s durvis M\u0112BIL\u0112TAS - MetalTale.com\" \/>\n<meta property=\"og:description\" content=\"Modelis OPL-100X210 Materi\u0101ls Ash wood Biezums (cm ) 6 Kop\u0113jais augstums (cm ) 210 Kop\u0113jais platums (cm ) 100 Apdares\" \/>\n<meta property=\"og:url\" content=\"https:\/\/metaltale.com\/lv\/produkts\/koka-osa-bidamas-durvis-mebiletas\/\" \/>\n<meta property=\"og:site_name\" content=\"MetalTale.com\" \/>\n<meta property=\"og:image\" content=\"http:\/\/metaltale.com\/wp-content\/uploads\/2023\/10\/Pelenais-kx16Brenamos-durys.jpg\" \/>\n\t<meta property=\"og:image:width\" content=\"800\" \/>\n\t<meta property=\"og:image:height\" content=\"800\" \/>\n\t<meta property=\"og:image:type\" content=\"image\/jpeg\" \/>\n<meta name=\"twitter:card\" content=\"summary_large_image\" \/>\n<meta name=\"twitter:label1\" content=\"Est. reading time\" \/>\n\t<meta name=\"twitter:data1\" content=\"2 minutes\" \/>\n<script type=\"application\/ld+json\" class=\"yoast-schema-graph\">{\"@context\":\"https:\/\/schema.org\",\"@graph\":[{\"@type\":\"WebPage\",\"@id\":\"https:\/\/metaltale.com\/lv\/produkts\/koka-osa-bidamas-durvis-mebiletas\/\",\"url\":\"https:\/\/metaltale.com\/lv\/produkts\/koka-osa-bidamas-durvis-mebiletas\/\",\"name\":\"Koka o\u0161a b\u012bd\u0101m\u0101s durvis M\u0112BIL\u0112TAS - MetalTale.com\",\"isPartOf\":{\"@id\":\"https:\/\/metaltale.com\/lv\/#website\"},\"primaryImageOfPage\":{\"@id\":\"https:\/\/metaltale.com\/lv\/produkts\/koka-osa-bidamas-durvis-mebiletas\/#primaryimage\"},\"image\":{\"@id\":\"https:\/\/metaltale.com\/lv\/produkts\/koka-osa-bidamas-durvis-mebiletas\/#primaryimage\"},\"thumbnailUrl\":\"https:\/\/metaltale.com\/wp-content\/uploads\/2023\/10\/Pelenais-kx16Brenamos-durys.jpg\",\"datePublished\":\"2024-01-12T14:40:06+00:00\",\"breadcrumb\":{\"@id\":\"https:\/\/metaltale.com\/lv\/produkts\/koka-osa-bidamas-durvis-mebiletas\/#breadcrumb\"},\"inLanguage\":\"lv-LV\",\"potentialAction\":[{\"@type\":\"ReadAction\",\"target\":[\"https:\/\/metaltale.com\/lv\/produkts\/koka-osa-bidamas-durvis-mebiletas\/\"]}]},{\"@type\":\"ImageObject\",\"inLanguage\":\"lv-LV\",\"@id\":\"https:\/\/metaltale.com\/lv\/produkts\/koka-osa-bidamas-durvis-mebiletas\/#primaryimage\",\"url\":\"https:\/\/metaltale.com\/wp-content\/uploads\/2023\/10\/Pelenais-kx16Brenamos-durys.jpg\",\"contentUrl\":\"https:\/\/metaltale.com\/wp-content\/uploads\/2023\/10\/Pelenais-kx16Brenamos-durys.jpg\",\"width\":800,\"height\":800,\"caption\":\"Medin\u0117s uosio stumdomosios durys OPALANE\"},{\"@type\":\"BreadcrumbList\",\"@id\":\"https:\/\/metaltale.com\/lv\/produkts\/koka-osa-bidamas-durvis-mebiletas\/#breadcrumb\",\"itemListElement\":[{\"@type\":\"ListItem\",\"position\":1,\"name\":\"Home\",\"item\":\"https:\/\/metaltale.com\/lv\/majas\/\"},{\"@type\":\"ListItem\",\"position\":2,\"name\":\"Veikals\",\"item\":\"https:\/\/metaltale.com\/lv\/shop\/\"},{\"@type\":\"ListItem\",\"position\":3,\"name\":\"Koka o\u0161a b\u012bd\u0101m\u0101s durvis M\u0112BIL\u0112TAS\"}]},{\"@type\":\"WebSite\",\"@id\":\"https:\/\/metaltale.com\/lv\/#website\",\"url\":\"https:\/\/metaltale.com\/lv\/\",\"name\":\"Metaltale.com\",\"description\":\"\",\"potentialAction\":[{\"@type\":\"SearchAction\",\"target\":{\"@type\":\"EntryPoint\",\"urlTemplate\":\"https:\/\/metaltale.com\/lv\/?s={search_term_string}\"},\"query-input\":{\"@type\":\"PropertyValueSpecification\",\"valueRequired\":true,\"valueName\":\"search_term_string\"}}],\"inLanguage\":\"lv-LV\"}]}<\/script>\n<!-- \/ Yoast SEO plugin. -->","yoast_head_json":{"title":"Koka o\u0161a b\u012bd\u0101m\u0101s durvis M\u0112BIL\u0112TAS - MetalTale.com","robots":{"index":"index","follow":"follow","max-snippet":"max-snippet:-1","max-image-preview":"max-image-preview:large","max-video-preview":"max-video-preview:-1"},"canonical":"https:\/\/metaltale.com\/lv\/produkts\/koka-osa-bidamas-durvis-mebiletas\/","og_locale":"lv_LV","og_type":"article","og_title":"Koka o\u0161a b\u012bd\u0101m\u0101s durvis M\u0112BIL\u0112TAS - MetalTale.com","og_description":"Modelis OPL-100X210 Materi\u0101ls Ash wood Biezums (cm ) 6 Kop\u0113jais augstums (cm ) 210 Kop\u0113jais platums (cm ) 100 Apdares","og_url":"https:\/\/metaltale.com\/lv\/produkts\/koka-osa-bidamas-durvis-mebiletas\/","og_site_name":"MetalTale.com","og_image":[{"width":800,"height":800,"url":"http:\/\/metaltale.com\/wp-content\/uploads\/2023\/10\/Pelenais-kx16Brenamos-durys.jpg","type":"image\/jpeg"}],"twitter_card":"summary_large_image","twitter_misc":{"Est. reading time":"2 minutes"},"schema":{"@context":"https:\/\/schema.org","@graph":[{"@type":"WebPage","@id":"https:\/\/metaltale.com\/lv\/produkts\/koka-osa-bidamas-durvis-mebiletas\/","url":"https:\/\/metaltale.com\/lv\/produkts\/koka-osa-bidamas-durvis-mebiletas\/","name":"Koka o\u0161a b\u012bd\u0101m\u0101s durvis M\u0112BIL\u0112TAS - MetalTale.com","isPartOf":{"@id":"https:\/\/metaltale.com\/lv\/#website"},"primaryImageOfPage":{"@id":"https:\/\/metaltale.com\/lv\/produkts\/koka-osa-bidamas-durvis-mebiletas\/#primaryimage"},"image":{"@id":"https:\/\/metaltale.com\/lv\/produkts\/koka-osa-bidamas-durvis-mebiletas\/#primaryimage"},"thumbnailUrl":"https:\/\/metaltale.com\/wp-content\/uploads\/2023\/10\/Pelenais-kx16Brenamos-durys.jpg","datePublished":"2024-01-12T14:40:06+00:00","breadcrumb":{"@id":"https:\/\/metaltale.com\/lv\/produkts\/koka-osa-bidamas-durvis-mebiletas\/#breadcrumb"},"inLanguage":"lv-LV","potentialAction":[{"@type":"ReadAction","target":["https:\/\/metaltale.com\/lv\/produkts\/koka-osa-bidamas-durvis-mebiletas\/"]}]},{"@type":"ImageObject","inLanguage":"lv-LV","@id":"https:\/\/metaltale.com\/lv\/produkts\/koka-osa-bidamas-durvis-mebiletas\/#primaryimage","url":"https:\/\/metaltale.com\/wp-content\/uploads\/2023\/10\/Pelenais-kx16Brenamos-durys.jpg","contentUrl":"https:\/\/metaltale.com\/wp-content\/uploads\/2023\/10\/Pelenais-kx16Brenamos-durys.jpg","width":800,"height":800,"caption":"Medin\u0117s uosio stumdomosios durys OPALANE"},{"@type":"BreadcrumbList","@id":"https:\/\/metaltale.com\/lv\/produkts\/koka-osa-bidamas-durvis-mebiletas\/#breadcrumb","itemListElement":[{"@type":"ListItem","position":1,"name":"Home","item":"https:\/\/metaltale.com\/lv\/majas\/"},{"@type":"ListItem","position":2,"name":"Veikals","item":"https:\/\/metaltale.com\/lv\/shop\/"},{"@type":"ListItem","position":3,"name":"Koka o\u0161a b\u012bd\u0101m\u0101s durvis M\u0112BIL\u0112TAS"}]},{"@type":"WebSite","@id":"https:\/\/metaltale.com\/lv\/#website","url":"https:\/\/metaltale.com\/lv\/","name":"Metaltale.com","description":"","potentialAction":[{"@type":"SearchAction","target":{"@type":"EntryPoint","urlTemplate":"https:\/\/metaltale.com\/lv\/?s={search_term_string}"},"query-input":{"@type":"PropertyValueSpecification","valueRequired":true,"valueName":"search_term_string"}}],"inLanguage":"lv-LV"}]}},"_links":{"self":[{"href":"https:\/\/metaltale.com\/lv\/wp-json\/wp\/v2\/product\/140675","targetHints":{"allow":["GET"]}}],"collection":[{"href":"https:\/\/metaltale.com\/lv\/wp-json\/wp\/v2\/product"}],"about":[{"href":"https:\/\/metaltale.com\/lv\/wp-json\/wp\/v2\/types\/product"}],"replies":[{"embeddable":true,"href":"https:\/\/metaltale.com\/lv\/wp-json\/wp\/v2\/comments?post=140675"}],"version-history":[{"count":0,"href":"https:\/\/metaltale.com\/lv\/wp-json\/wp\/v2\/product\/140675\/revisions"}],"wp:featuredmedia":[{"embeddable":true,"href":"https:\/\/metaltale.com\/lv\/wp-json\/wp\/v2\/media\/82068"}],"wp:attachment":[{"href":"https:\/\/metaltale.com\/lv\/wp-json\/wp\/v2\/media?parent=140675"}],"wp:term":[{"taxonomy":"product_brand","embeddable":true,"href":"https:\/\/metaltale.com\/lv\/wp-json\/wp\/v2\/product_brand?post=140675"},{"taxonomy":"product_cat","embeddable":true,"href":"https:\/\/metaltale.com\/lv\/wp-json\/wp\/v2\/product_cat?post=140675"},{"taxonomy":"product_tag","embeddable":true,"href":"https:\/\/metaltale.com\/lv\/wp-json\/wp\/v2\/product_tag?post=140675"}],"curies":[{"name":"wp","href":"https:\/\/api.w.org\/{rel}","templated":true}]}}