{"id":140671,"date":"2024-01-12T17:59:04","date_gmt":"2024-01-12T15:59:04","guid":{"rendered":"https:\/\/metaltale.com\/produktas\/industrialais-beninu-gramatu-plaukts-factory-pine-1\/"},"modified":"2024-01-12T17:59:04","modified_gmt":"2024-01-12T15:59:04","slug":"industrialais-beninu-gramatu-plaukts-factory-pine-1","status":"publish","type":"product","link":"https:\/\/metaltale.com\/lv\/produkts\/industrialais-beninu-gramatu-plaukts-factory-pine-1\/","title":{"rendered":"Industri\u0101lais b\u0113ni\u0146u gr\u0101matu plaukts FACTORY PINE 1"},"content":{"rendered":"<div class=\"prod_data\">\n<p>ZA.FAC1 <strong>modelis<\/strong><br \/>\nFACTORY PINE <strong>kolekcija<\/strong><br \/>\n<strong>EAN.<\/strong>  5905369914874<br \/>\n<strong>Materi\u0101ls<\/strong> Priede, t\u0113rauds<br \/>\n<strong>Kop\u0113jais augstums (cm<\/strong> ) 200<br \/>\n<strong>Kop\u0113jais platums (cm<\/strong> ) 80<br \/>\n<strong>Dzi\u013cums (cm<\/strong> ) 40<br \/>\n<strong>Pieg\u0101des veids<\/strong> Piln\u012bb\u0101 samont\u0113ts produkts<\/p>\n<p>&#8211; industri\u0101ls gr\u0101matu plaukts no priedes un t\u0113rauda<br \/>\n&#8211; lod\u012b\u0161u gult\u0146u sl\u012bd\u0146i \u013cauj viegli izvilkt atvilktnes<br \/>\n&#8211; B\u012bd\u0101m\u0101 plauktu priek\u0161puse &#8211; praktisks un dizaina risin\u0101jums<br \/>\n&#8211; 80&#215;20 mm sl\u0113gta profila konstrukcija nodro\u0161ina stabilit\u0101ti un iztur\u012bbu.<br \/>\n&#8211; ar bezkr\u0101sainu laku impregn\u0113ts t\u0113rauds aizsardz\u012bbai pret boj\u0101jumiem un skr\u0101p\u0113jumiem.<br \/>\n&#8211; atvilktnes izgatavotas tikai no finier\u0113tas koksnes &#8211; uzst\u0101d\u012b\u0161anas laik\u0101 tiek izmantotas redzamas naglas.<br \/>\n&#8211; starp atl\u012bm\u0113tiem d\u0113\u013ciem var rasties spraugas, kas neietekm\u0113 lieto\u0161anas \u0113rtumu.<br \/>\n&#8211; P\u0101rstr\u0101d\u0101ta priedes koksne, kas pies\u016bcin\u0101ta ar laku uz \u016bdens b\u0101zes<br \/>\n&#8211; paredz\u0113t\u0101 noveco\u0161anas ietekme izpau\u017eas k\u0101 redzami skr\u0101p\u0113jumi uz virsmas un j\u016btama koka tekst\u016bra.<br \/>\n&#8211; izstr\u0101d\u0101jumu kr\u0101sa var at\u0161\u0137irties no galerij\u0101 redzamajiem att\u0113liem individu\u0101lu monitora iestat\u012bjumu un materi\u0101lu \u012bpa\u0161\u012bbu d\u0113\u013c &#8211; t\u0113rauds un priedes koksne ir izejmateri\u0101li, kuru kr\u0101sa, tonis un tekst\u016bra var at\u0161\u0137irties no parauga uz paraugu vai no partijas uz partiju.<\/p>\n<hr>\n<p>T\u0113rauda darbn\u012bcas plaukts no kolekcijas Factory ir izgatavots no koka un p\u0101rdom\u0101ti iztur\u0113ta t\u0113rauda. Plaukt\u0101 ir skap\u012btis ar b\u012bd\u0101m\u0101m durv\u012bm uz vadotnes, divas koka atvilktnes un pieci plaukti. \u0160is modelis ir ide\u0101li piem\u0113rots skarbiem un rakstur\u012bgiem interjeriem &#8211; pat maz\u0101kiem. Tas b\u016bs ar\u012b lielisks papildin\u0101jums pla\u0161\u0101m sabiedrisk\u0101m telp\u0101m, piem\u0113ram, kafejn\u012bc\u0101m, restor\u0101niem vai stil\u012bgiem ziedu veikaliem. M\u0113beles stabilit\u0101ti nodro\u0161ina t\u0101s iztur\u012bg\u0101 t\u0113rauda konstrukcija. P\u0101rstr\u0101d\u0101tas priedes koksnes izmanto\u0161ana un t\u0101s savieno\u0161anas veids (bez l\u012bmes) atbilst nozares tendenc\u0113m. Katra s\u0113rijas Factory m\u0113bele ir izgatavota da\u017e\u0101dos t\u0113rauda vai koka to\u0146os, lai uzsv\u0113rtu s\u0113rijas autentiskumu un &#8220;naglu&#8221;, kas katru priedes plauktu padara par unik\u0101lu un p\u0101rlaic\u012bgu gabalu. FACTORY kolekcijas m\u0113beles ir \u012bsts m\u0113be\u013cu \u0161edevrs!<\/p>\n<\/div>\n","protected":false},"excerpt":{"rendered":"<p>ZA.FAC1 modelis FACTORY PINE kolekcija EAN. 5905369914874 Materi\u0101ls Priede, t\u0113rauds Kop\u0113jais augstums (cm ) 200 Kop\u0113jais platums (cm ) 80<\/p>\n","protected":false},"featured_media":119790,"comment_status":"open","ping_status":"closed","template":"","meta":{"_acf_changed":false,"pmpro_default_level":""},"product_brand":[],"product_cat":[24092,24057],"product_tag":[],"class_list":{"0":"post-140671","1":"product","2":"type-product","3":"status-publish","4":"has-post-thumbnail","6":"product_cat-plaukti","7":"product_cat-rupnieciskas-mebeles","8":"pmpro-has-access","10":"first","11":"instock","12":"shipping-taxable","13":"purchasable","14":"product-type-simple"},"acf":[],"yoast_head":"<!-- This site is optimized with the Yoast SEO plugin v24.9 - https:\/\/yoast.com\/wordpress\/plugins\/seo\/ -->\n<title>Industri\u0101lais b\u0113ni\u0146u gr\u0101matu plaukts FACTORY PINE 1 - MetalTale.com<\/title>\n<meta name=\"robots\" content=\"index, follow, max-snippet:-1, max-image-preview:large, max-video-preview:-1\" \/>\n<link rel=\"canonical\" href=\"https:\/\/metaltale.com\/lv\/produkts\/industrialais-beninu-gramatu-plaukts-factory-pine-1\/\" \/>\n<meta property=\"og:locale\" content=\"lv_LV\" \/>\n<meta property=\"og:type\" content=\"article\" \/>\n<meta property=\"og:title\" content=\"Industri\u0101lais b\u0113ni\u0146u gr\u0101matu plaukts FACTORY PINE 1 - MetalTale.com\" \/>\n<meta property=\"og:description\" content=\"ZA.FAC1 modelis FACTORY PINE kolekcija EAN. 5905369914874 Materi\u0101ls Priede, t\u0113rauds Kop\u0113jais augstums (cm ) 200 Kop\u0113jais platums (cm ) 80\" \/>\n<meta property=\"og:url\" content=\"https:\/\/metaltale.com\/lv\/produkts\/industrialais-beninu-gramatu-plaukts-factory-pine-1\/\" \/>\n<meta property=\"og:site_name\" content=\"MetalTale.com\" \/>\n<meta property=\"og:image\" content=\"https:\/\/metaltale.com\/wp-content\/uploads\/2024\/01\/Lentynos.jpg\" \/>\n\t<meta property=\"og:image:width\" content=\"800\" \/>\n\t<meta property=\"og:image:height\" content=\"800\" \/>\n\t<meta property=\"og:image:type\" content=\"image\/jpeg\" \/>\n<meta name=\"twitter:card\" content=\"summary_large_image\" \/>\n<meta name=\"twitter:label1\" content=\"Est. reading time\" \/>\n\t<meta name=\"twitter:data1\" content=\"2 minutes\" \/>\n<script type=\"application\/ld+json\" class=\"yoast-schema-graph\">{\"@context\":\"https:\/\/schema.org\",\"@graph\":[{\"@type\":\"WebPage\",\"@id\":\"https:\/\/metaltale.com\/lv\/produkts\/industrialais-beninu-gramatu-plaukts-factory-pine-1\/\",\"url\":\"https:\/\/metaltale.com\/lv\/produkts\/industrialais-beninu-gramatu-plaukts-factory-pine-1\/\",\"name\":\"Industri\u0101lais b\u0113ni\u0146u gr\u0101matu plaukts FACTORY PINE 1 - MetalTale.com\",\"isPartOf\":{\"@id\":\"https:\/\/metaltale.com\/lv\/#website\"},\"primaryImageOfPage\":{\"@id\":\"https:\/\/metaltale.com\/lv\/produkts\/industrialais-beninu-gramatu-plaukts-factory-pine-1\/#primaryimage\"},\"image\":{\"@id\":\"https:\/\/metaltale.com\/lv\/produkts\/industrialais-beninu-gramatu-plaukts-factory-pine-1\/#primaryimage\"},\"thumbnailUrl\":\"https:\/\/metaltale.com\/wp-content\/uploads\/2024\/01\/Lentynos.jpg\",\"datePublished\":\"2024-01-12T15:59:04+00:00\",\"breadcrumb\":{\"@id\":\"https:\/\/metaltale.com\/lv\/produkts\/industrialais-beninu-gramatu-plaukts-factory-pine-1\/#breadcrumb\"},\"inLanguage\":\"lv-LV\",\"potentialAction\":[{\"@type\":\"ReadAction\",\"target\":[\"https:\/\/metaltale.com\/lv\/produkts\/industrialais-beninu-gramatu-plaukts-factory-pine-1\/\"]}]},{\"@type\":\"ImageObject\",\"inLanguage\":\"lv-LV\",\"@id\":\"https:\/\/metaltale.com\/lv\/produkts\/industrialais-beninu-gramatu-plaukts-factory-pine-1\/#primaryimage\",\"url\":\"https:\/\/metaltale.com\/wp-content\/uploads\/2024\/01\/Lentynos.jpg\",\"contentUrl\":\"https:\/\/metaltale.com\/wp-content\/uploads\/2024\/01\/Lentynos.jpg\",\"width\":800,\"height\":800,\"caption\":\"plaukti\"},{\"@type\":\"BreadcrumbList\",\"@id\":\"https:\/\/metaltale.com\/lv\/produkts\/industrialais-beninu-gramatu-plaukts-factory-pine-1\/#breadcrumb\",\"itemListElement\":[{\"@type\":\"ListItem\",\"position\":1,\"name\":\"Home\",\"item\":\"https:\/\/metaltale.com\/lv\/majas\/\"},{\"@type\":\"ListItem\",\"position\":2,\"name\":\"Veikals\",\"item\":\"https:\/\/metaltale.com\/lv\/shop\/\"},{\"@type\":\"ListItem\",\"position\":3,\"name\":\"Industri\u0101lais b\u0113ni\u0146u gr\u0101matu plaukts FACTORY PINE 1\"}]},{\"@type\":\"WebSite\",\"@id\":\"https:\/\/metaltale.com\/lv\/#website\",\"url\":\"https:\/\/metaltale.com\/lv\/\",\"name\":\"Metaltale.com\",\"description\":\"\",\"potentialAction\":[{\"@type\":\"SearchAction\",\"target\":{\"@type\":\"EntryPoint\",\"urlTemplate\":\"https:\/\/metaltale.com\/lv\/?s={search_term_string}\"},\"query-input\":{\"@type\":\"PropertyValueSpecification\",\"valueRequired\":true,\"valueName\":\"search_term_string\"}}],\"inLanguage\":\"lv-LV\"}]}<\/script>\n<!-- \/ Yoast SEO plugin. -->","yoast_head_json":{"title":"Industri\u0101lais b\u0113ni\u0146u gr\u0101matu plaukts FACTORY PINE 1 - MetalTale.com","robots":{"index":"index","follow":"follow","max-snippet":"max-snippet:-1","max-image-preview":"max-image-preview:large","max-video-preview":"max-video-preview:-1"},"canonical":"https:\/\/metaltale.com\/lv\/produkts\/industrialais-beninu-gramatu-plaukts-factory-pine-1\/","og_locale":"lv_LV","og_type":"article","og_title":"Industri\u0101lais b\u0113ni\u0146u gr\u0101matu plaukts FACTORY PINE 1 - MetalTale.com","og_description":"ZA.FAC1 modelis FACTORY PINE kolekcija EAN. 5905369914874 Materi\u0101ls Priede, t\u0113rauds Kop\u0113jais augstums (cm ) 200 Kop\u0113jais platums (cm ) 80","og_url":"https:\/\/metaltale.com\/lv\/produkts\/industrialais-beninu-gramatu-plaukts-factory-pine-1\/","og_site_name":"MetalTale.com","og_image":[{"width":800,"height":800,"url":"https:\/\/metaltale.com\/wp-content\/uploads\/2024\/01\/Lentynos.jpg","type":"image\/jpeg"}],"twitter_card":"summary_large_image","twitter_misc":{"Est. reading time":"2 minutes"},"schema":{"@context":"https:\/\/schema.org","@graph":[{"@type":"WebPage","@id":"https:\/\/metaltale.com\/lv\/produkts\/industrialais-beninu-gramatu-plaukts-factory-pine-1\/","url":"https:\/\/metaltale.com\/lv\/produkts\/industrialais-beninu-gramatu-plaukts-factory-pine-1\/","name":"Industri\u0101lais b\u0113ni\u0146u gr\u0101matu plaukts FACTORY PINE 1 - MetalTale.com","isPartOf":{"@id":"https:\/\/metaltale.com\/lv\/#website"},"primaryImageOfPage":{"@id":"https:\/\/metaltale.com\/lv\/produkts\/industrialais-beninu-gramatu-plaukts-factory-pine-1\/#primaryimage"},"image":{"@id":"https:\/\/metaltale.com\/lv\/produkts\/industrialais-beninu-gramatu-plaukts-factory-pine-1\/#primaryimage"},"thumbnailUrl":"https:\/\/metaltale.com\/wp-content\/uploads\/2024\/01\/Lentynos.jpg","datePublished":"2024-01-12T15:59:04+00:00","breadcrumb":{"@id":"https:\/\/metaltale.com\/lv\/produkts\/industrialais-beninu-gramatu-plaukts-factory-pine-1\/#breadcrumb"},"inLanguage":"lv-LV","potentialAction":[{"@type":"ReadAction","target":["https:\/\/metaltale.com\/lv\/produkts\/industrialais-beninu-gramatu-plaukts-factory-pine-1\/"]}]},{"@type":"ImageObject","inLanguage":"lv-LV","@id":"https:\/\/metaltale.com\/lv\/produkts\/industrialais-beninu-gramatu-plaukts-factory-pine-1\/#primaryimage","url":"https:\/\/metaltale.com\/wp-content\/uploads\/2024\/01\/Lentynos.jpg","contentUrl":"https:\/\/metaltale.com\/wp-content\/uploads\/2024\/01\/Lentynos.jpg","width":800,"height":800,"caption":"plaukti"},{"@type":"BreadcrumbList","@id":"https:\/\/metaltale.com\/lv\/produkts\/industrialais-beninu-gramatu-plaukts-factory-pine-1\/#breadcrumb","itemListElement":[{"@type":"ListItem","position":1,"name":"Home","item":"https:\/\/metaltale.com\/lv\/majas\/"},{"@type":"ListItem","position":2,"name":"Veikals","item":"https:\/\/metaltale.com\/lv\/shop\/"},{"@type":"ListItem","position":3,"name":"Industri\u0101lais b\u0113ni\u0146u gr\u0101matu plaukts FACTORY PINE 1"}]},{"@type":"WebSite","@id":"https:\/\/metaltale.com\/lv\/#website","url":"https:\/\/metaltale.com\/lv\/","name":"Metaltale.com","description":"","potentialAction":[{"@type":"SearchAction","target":{"@type":"EntryPoint","urlTemplate":"https:\/\/metaltale.com\/lv\/?s={search_term_string}"},"query-input":{"@type":"PropertyValueSpecification","valueRequired":true,"valueName":"search_term_string"}}],"inLanguage":"lv-LV"}]}},"_links":{"self":[{"href":"https:\/\/metaltale.com\/lv\/wp-json\/wp\/v2\/product\/140671","targetHints":{"allow":["GET"]}}],"collection":[{"href":"https:\/\/metaltale.com\/lv\/wp-json\/wp\/v2\/product"}],"about":[{"href":"https:\/\/metaltale.com\/lv\/wp-json\/wp\/v2\/types\/product"}],"replies":[{"embeddable":true,"href":"https:\/\/metaltale.com\/lv\/wp-json\/wp\/v2\/comments?post=140671"}],"version-history":[{"count":0,"href":"https:\/\/metaltale.com\/lv\/wp-json\/wp\/v2\/product\/140671\/revisions"}],"wp:featuredmedia":[{"embeddable":true,"href":"https:\/\/metaltale.com\/lv\/wp-json\/wp\/v2\/media\/119790"}],"wp:attachment":[{"href":"https:\/\/metaltale.com\/lv\/wp-json\/wp\/v2\/media?parent=140671"}],"wp:term":[{"taxonomy":"product_brand","embeddable":true,"href":"https:\/\/metaltale.com\/lv\/wp-json\/wp\/v2\/product_brand?post=140671"},{"taxonomy":"product_cat","embeddable":true,"href":"https:\/\/metaltale.com\/lv\/wp-json\/wp\/v2\/product_cat?post=140671"},{"taxonomy":"product_tag","embeddable":true,"href":"https:\/\/metaltale.com\/lv\/wp-json\/wp\/v2\/product_tag?post=140671"}],"curies":[{"name":"wp","href":"https:\/\/api.w.org\/{rel}","templated":true}]}}