{"id":140670,"date":"2023-12-11T01:37:31","date_gmt":"2023-12-10T23:37:31","guid":{"rendered":"https:\/\/metaltale.com\/produktas\/apgerbu-akis-dart\/"},"modified":"2023-12-11T01:37:31","modified_gmt":"2023-12-10T23:37:31","slug":"apgerbu-akis-dart","status":"publish","type":"product","link":"https:\/\/metaltale.com\/lv\/produkts\/apgerbu-akis-dart\/","title":{"rendered":"Ap\u0123\u0113rbu \u0101\u0137is DART"},"content":{"rendered":"<div class=\"prod_data\">\n<p><strong>Modelis<\/strong> CH.4932<br \/>\n<strong>Materi\u0101ls<\/strong> T\u0113rauds<br \/>\n<strong>Kop\u0113jais augstums (cm<\/strong> ) 10,2<br \/>\n<strong>Kop\u0113jais platums (cm<\/strong> ) 3<br \/>\n<strong>Kop\u0113j\u0101 projekcija (cm<\/strong> ) 3,5<br \/>\n<strong>Veids<\/strong> Vienviet\u012bgs<br \/>\nMont\u0101\u017eas skr\u016bves J\u0101<br \/>\nT\u0113rauda <strong>kr\u0101sa<\/strong><br \/>\n<strong>Apdare<\/strong> Lakots<\/p>\n<p>tas ir izgatavots no t\u0113rauda, t\u0101p\u0113c kalpos daudzus gadus.<\/p>\n<p>ori\u0123in\u0101la, ori\u0123in\u0101la \u0101\u0137a forma ar bultas formas uzga\u013ciem.<\/p>\n<p>komplekt\u0101 ir iek\u013cauts skr\u016bvju komplekts, kas pal\u012bdz \u0101tri un bez probl\u0113m\u0101m samont\u0113t komplektu.<\/p>\n<hr>\n<p>Rustik\u0101lo m\u0113be\u013cu aksesu\u0101ri ir ori\u0123in\u0101li dekori, kas kombin\u0101cij\u0101 ar citiem elementiem pie\u0161\u0137ir interjeram unik\u0101lu atmosf\u0113ru. Rustik\u0101lajiem \u0101\u0137iem ir skaistas deta\u013cas, kas pastiprin\u0101s m\u016bsu m\u0113be\u013cu raksturu, veidojot harmonisku veselumu.<\/p>\n<p>\u0160autri\u0146u \u0101\u0137is sast\u0101v no aug\u0161\u0113j\u0101s da\u013cas ar \u0161\u0137\u0113pa formas asmeni un smalki sav\u012bta \u0101\u0137a gala. \u0160\u012b neparast\u0101 kombin\u0101cija pie\u0161\u0137ir \u0101\u0137im ori\u0123in\u0101lu izskatu un lieliski iederas lauku stil\u0101. \u0100\u0137is ir saglab\u0101jis savu neapstr\u0101d\u0101to t\u0113rauda kr\u0101su, kas tikai izce\u013c t\u0101 unik\u0101lo stilu.<\/p>\n<\/div>\n","protected":false},"excerpt":{"rendered":"<p>Modelis CH.4932 Materi\u0101ls T\u0113rauds Kop\u0113jais augstums (cm ) 10,2 Kop\u0113jais platums (cm ) 3 Kop\u0113j\u0101 projekcija (cm ) 3,5 Veids<\/p>\n","protected":false},"featured_media":116708,"comment_status":"open","ping_status":"closed","template":"","meta":{"_acf_changed":false,"pmpro_default_level":""},"product_brand":[],"product_cat":[23837,23862],"product_tag":[],"class_list":{"0":"post-140670","1":"product","2":"type-product","3":"status-publish","4":"has-post-thumbnail","6":"product_cat-mebeles-piederumi","7":"product_cat-pakabos-ir-kabliukai-lv","8":"pmpro-has-access","10":"first","11":"instock","12":"shipping-taxable","13":"purchasable","14":"product-type-simple"},"acf":[],"yoast_head":"<!-- This site is optimized with the Yoast SEO plugin v24.9 - https:\/\/yoast.com\/wordpress\/plugins\/seo\/ -->\n<title>Ap\u0123\u0113rbu \u0101\u0137is DART - MetalTale.com<\/title>\n<meta name=\"robots\" content=\"index, follow, max-snippet:-1, max-image-preview:large, max-video-preview:-1\" \/>\n<link rel=\"canonical\" href=\"https:\/\/metaltale.com\/lv\/produkts\/apgerbu-akis-dart\/\" \/>\n<meta property=\"og:locale\" content=\"lv_LV\" \/>\n<meta property=\"og:type\" content=\"article\" \/>\n<meta property=\"og:title\" content=\"Ap\u0123\u0113rbu \u0101\u0137is DART - MetalTale.com\" \/>\n<meta property=\"og:description\" content=\"Modelis CH.4932 Materi\u0101ls T\u0113rauds Kop\u0113jais augstums (cm ) 10,2 Kop\u0113jais platums (cm ) 3 Kop\u0113j\u0101 projekcija (cm ) 3,5 Veids\" \/>\n<meta property=\"og:url\" content=\"https:\/\/metaltale.com\/lv\/produkts\/apgerbu-akis-dart\/\" \/>\n<meta property=\"og:site_name\" content=\"MetalTale.com\" \/>\n<meta property=\"og:image\" content=\"https:\/\/metaltale.com\/wp-content\/uploads\/2023\/12\/DART-kablys.jpg\" \/>\n\t<meta property=\"og:image:width\" content=\"800\" \/>\n\t<meta property=\"og:image:height\" content=\"800\" \/>\n\t<meta property=\"og:image:type\" content=\"image\/jpeg\" \/>\n<meta name=\"twitter:card\" content=\"summary_large_image\" \/>\n<meta name=\"twitter:label1\" content=\"Est. reading time\" \/>\n\t<meta name=\"twitter:data1\" content=\"1 minute\" \/>\n<script type=\"application\/ld+json\" class=\"yoast-schema-graph\">{\"@context\":\"https:\/\/schema.org\",\"@graph\":[{\"@type\":\"WebPage\",\"@id\":\"https:\/\/metaltale.com\/lv\/produkts\/apgerbu-akis-dart\/\",\"url\":\"https:\/\/metaltale.com\/lv\/produkts\/apgerbu-akis-dart\/\",\"name\":\"Ap\u0123\u0113rbu \u0101\u0137is DART - MetalTale.com\",\"isPartOf\":{\"@id\":\"https:\/\/metaltale.com\/lv\/#website\"},\"primaryImageOfPage\":{\"@id\":\"https:\/\/metaltale.com\/lv\/produkts\/apgerbu-akis-dart\/#primaryimage\"},\"image\":{\"@id\":\"https:\/\/metaltale.com\/lv\/produkts\/apgerbu-akis-dart\/#primaryimage\"},\"thumbnailUrl\":\"https:\/\/metaltale.com\/wp-content\/uploads\/2023\/12\/DART-kablys.jpg\",\"datePublished\":\"2023-12-10T23:37:31+00:00\",\"breadcrumb\":{\"@id\":\"https:\/\/metaltale.com\/lv\/produkts\/apgerbu-akis-dart\/#breadcrumb\"},\"inLanguage\":\"lv-LV\",\"potentialAction\":[{\"@type\":\"ReadAction\",\"target\":[\"https:\/\/metaltale.com\/lv\/produkts\/apgerbu-akis-dart\/\"]}]},{\"@type\":\"ImageObject\",\"inLanguage\":\"lv-LV\",\"@id\":\"https:\/\/metaltale.com\/lv\/produkts\/apgerbu-akis-dart\/#primaryimage\",\"url\":\"https:\/\/metaltale.com\/wp-content\/uploads\/2023\/12\/DART-kablys.jpg\",\"contentUrl\":\"https:\/\/metaltale.com\/wp-content\/uploads\/2023\/12\/DART-kablys.jpg\",\"width\":800,\"height\":800,\"caption\":\"Ap\u0123\u0113rbu \u0101\u0137is DART\"},{\"@type\":\"BreadcrumbList\",\"@id\":\"https:\/\/metaltale.com\/lv\/produkts\/apgerbu-akis-dart\/#breadcrumb\",\"itemListElement\":[{\"@type\":\"ListItem\",\"position\":1,\"name\":\"Home\",\"item\":\"https:\/\/metaltale.com\/lv\/majas\/\"},{\"@type\":\"ListItem\",\"position\":2,\"name\":\"Veikals\",\"item\":\"https:\/\/metaltale.com\/lv\/shop\/\"},{\"@type\":\"ListItem\",\"position\":3,\"name\":\"Ap\u0123\u0113rbu \u0101\u0137is DART\"}]},{\"@type\":\"WebSite\",\"@id\":\"https:\/\/metaltale.com\/lv\/#website\",\"url\":\"https:\/\/metaltale.com\/lv\/\",\"name\":\"Metaltale.com\",\"description\":\"\",\"potentialAction\":[{\"@type\":\"SearchAction\",\"target\":{\"@type\":\"EntryPoint\",\"urlTemplate\":\"https:\/\/metaltale.com\/lv\/?s={search_term_string}\"},\"query-input\":{\"@type\":\"PropertyValueSpecification\",\"valueRequired\":true,\"valueName\":\"search_term_string\"}}],\"inLanguage\":\"lv-LV\"}]}<\/script>\n<!-- \/ Yoast SEO plugin. -->","yoast_head_json":{"title":"Ap\u0123\u0113rbu \u0101\u0137is DART - MetalTale.com","robots":{"index":"index","follow":"follow","max-snippet":"max-snippet:-1","max-image-preview":"max-image-preview:large","max-video-preview":"max-video-preview:-1"},"canonical":"https:\/\/metaltale.com\/lv\/produkts\/apgerbu-akis-dart\/","og_locale":"lv_LV","og_type":"article","og_title":"Ap\u0123\u0113rbu \u0101\u0137is DART - MetalTale.com","og_description":"Modelis CH.4932 Materi\u0101ls T\u0113rauds Kop\u0113jais augstums (cm ) 10,2 Kop\u0113jais platums (cm ) 3 Kop\u0113j\u0101 projekcija (cm ) 3,5 Veids","og_url":"https:\/\/metaltale.com\/lv\/produkts\/apgerbu-akis-dart\/","og_site_name":"MetalTale.com","og_image":[{"width":800,"height":800,"url":"https:\/\/metaltale.com\/wp-content\/uploads\/2023\/12\/DART-kablys.jpg","type":"image\/jpeg"}],"twitter_card":"summary_large_image","twitter_misc":{"Est. reading time":"1 minute"},"schema":{"@context":"https:\/\/schema.org","@graph":[{"@type":"WebPage","@id":"https:\/\/metaltale.com\/lv\/produkts\/apgerbu-akis-dart\/","url":"https:\/\/metaltale.com\/lv\/produkts\/apgerbu-akis-dart\/","name":"Ap\u0123\u0113rbu \u0101\u0137is DART - MetalTale.com","isPartOf":{"@id":"https:\/\/metaltale.com\/lv\/#website"},"primaryImageOfPage":{"@id":"https:\/\/metaltale.com\/lv\/produkts\/apgerbu-akis-dart\/#primaryimage"},"image":{"@id":"https:\/\/metaltale.com\/lv\/produkts\/apgerbu-akis-dart\/#primaryimage"},"thumbnailUrl":"https:\/\/metaltale.com\/wp-content\/uploads\/2023\/12\/DART-kablys.jpg","datePublished":"2023-12-10T23:37:31+00:00","breadcrumb":{"@id":"https:\/\/metaltale.com\/lv\/produkts\/apgerbu-akis-dart\/#breadcrumb"},"inLanguage":"lv-LV","potentialAction":[{"@type":"ReadAction","target":["https:\/\/metaltale.com\/lv\/produkts\/apgerbu-akis-dart\/"]}]},{"@type":"ImageObject","inLanguage":"lv-LV","@id":"https:\/\/metaltale.com\/lv\/produkts\/apgerbu-akis-dart\/#primaryimage","url":"https:\/\/metaltale.com\/wp-content\/uploads\/2023\/12\/DART-kablys.jpg","contentUrl":"https:\/\/metaltale.com\/wp-content\/uploads\/2023\/12\/DART-kablys.jpg","width":800,"height":800,"caption":"Ap\u0123\u0113rbu \u0101\u0137is DART"},{"@type":"BreadcrumbList","@id":"https:\/\/metaltale.com\/lv\/produkts\/apgerbu-akis-dart\/#breadcrumb","itemListElement":[{"@type":"ListItem","position":1,"name":"Home","item":"https:\/\/metaltale.com\/lv\/majas\/"},{"@type":"ListItem","position":2,"name":"Veikals","item":"https:\/\/metaltale.com\/lv\/shop\/"},{"@type":"ListItem","position":3,"name":"Ap\u0123\u0113rbu \u0101\u0137is DART"}]},{"@type":"WebSite","@id":"https:\/\/metaltale.com\/lv\/#website","url":"https:\/\/metaltale.com\/lv\/","name":"Metaltale.com","description":"","potentialAction":[{"@type":"SearchAction","target":{"@type":"EntryPoint","urlTemplate":"https:\/\/metaltale.com\/lv\/?s={search_term_string}"},"query-input":{"@type":"PropertyValueSpecification","valueRequired":true,"valueName":"search_term_string"}}],"inLanguage":"lv-LV"}]}},"_links":{"self":[{"href":"https:\/\/metaltale.com\/lv\/wp-json\/wp\/v2\/product\/140670","targetHints":{"allow":["GET"]}}],"collection":[{"href":"https:\/\/metaltale.com\/lv\/wp-json\/wp\/v2\/product"}],"about":[{"href":"https:\/\/metaltale.com\/lv\/wp-json\/wp\/v2\/types\/product"}],"replies":[{"embeddable":true,"href":"https:\/\/metaltale.com\/lv\/wp-json\/wp\/v2\/comments?post=140670"}],"version-history":[{"count":0,"href":"https:\/\/metaltale.com\/lv\/wp-json\/wp\/v2\/product\/140670\/revisions"}],"wp:featuredmedia":[{"embeddable":true,"href":"https:\/\/metaltale.com\/lv\/wp-json\/wp\/v2\/media\/116708"}],"wp:attachment":[{"href":"https:\/\/metaltale.com\/lv\/wp-json\/wp\/v2\/media?parent=140670"}],"wp:term":[{"taxonomy":"product_brand","embeddable":true,"href":"https:\/\/metaltale.com\/lv\/wp-json\/wp\/v2\/product_brand?post=140670"},{"taxonomy":"product_cat","embeddable":true,"href":"https:\/\/metaltale.com\/lv\/wp-json\/wp\/v2\/product_cat?post=140670"},{"taxonomy":"product_tag","embeddable":true,"href":"https:\/\/metaltale.com\/lv\/wp-json\/wp\/v2\/product_tag?post=140670"}],"curies":[{"name":"wp","href":"https:\/\/api.w.org\/{rel}","templated":true}]}}