{"id":140660,"date":"2023-12-11T01:19:58","date_gmt":"2023-12-10T23:19:58","guid":{"rendered":"https:\/\/metaltale.com\/produktas\/dekorativa-metala-plaksnite-wear-a-face-cake\/"},"modified":"2023-12-11T01:19:58","modified_gmt":"2023-12-10T23:19:58","slug":"dekorativa-metala-plaksnite-wear-a-face-cake","status":"publish","type":"product","link":"https:\/\/metaltale.com\/lv\/produkts\/dekorativa-metala-plaksnite-wear-a-face-cake\/","title":{"rendered":"Dekorat\u012bva met\u0101la pl\u0101ksn\u012bte WEAR A FACE CAKE"},"content":{"rendered":"<div class=\"prod_data\"><strong>Modelis<\/strong> IN.30721  <br \/><strong>EAN.<\/strong>  5905369931123  <br \/><strong>Orient\u0101cija<\/strong> Vertik\u0101l\u0101  <br \/><strong>Numurs<\/strong> B\u0101rs, kafejn\u012bca, restor\u0101ns, friz\u0113tava  <br \/>Inform\u0101cija par <strong>mot\u012bviem<\/strong>  <br \/><strong>Materi\u0101ls<\/strong> T\u0113rauds  <br \/><strong>Platums (cm<\/strong> ) 20  <br \/><strong>Augstums (cm<\/strong> ) 30  <br \/><strong>Formos<\/strong> Sta\u010diakampio formos  <\/p>\n<p>Dekorat\u012bvais panelis bija taisnst\u016bra formas. Plak\u0101ts ir izgatavots, izmantojot visaugst\u0101k\u0101s kvalit\u0101tes metodi, un papildus aizsarg\u0101ts ar pret nodilumu aizsarg\u0101jo\u0161u laku. Noapa\u013coti st\u016bri nodro\u0161ina dro\u0161u lieto\u0161anu. Pateicoties izmantotaj\u0101m kr\u0101s\u0101m un redzamajiem noveco\u0161anas efektiem, kas izpau\u017eas k\u0101 r\u016bsas un kr\u0101sas mai\u0146as p\u0113das, kas ir labi saskat\u0101mas, panelis ir saglab\u0101ts retro stil\u0101. Ar smalkiem stiprin\u0101juma caurumiem izstr\u0101d\u0101jumu var nostiprin\u0101t.<\/p>\n<p>Uz produkta ir att\u0113lota fig\u016bri\u0146a mask\u0101 un uzraksts &#8220;N\u0113s\u0101 sejas masku&#8221;.<\/p>\n<p>Met\u0101la plak\u0101ts b\u016bs lielisks interjera rot\u0101jums vintage un retro stil\u0101. Tas noder\u0113s ar\u012b k\u0101 ori\u0123in\u0101la d\u0101vin\u0101juma ideja.<\/p>\n<\/div>\n","protected":false},"excerpt":{"rendered":"<p>Modelis IN.30721 EAN. 5905369931123 Orient\u0101cija Vertik\u0101l\u0101 Numurs B\u0101rs, kafejn\u012bca, restor\u0101ns, friz\u0113tava Inform\u0101cija par mot\u012bviem Materi\u0101ls T\u0113rauds Platums (cm ) 20<\/p>\n","protected":false},"featured_media":95044,"comment_status":"open","ping_status":"closed","template":"","meta":{"_acf_changed":false,"pmpro_default_level":""},"product_brand":[],"product_cat":[24085],"product_tag":[],"class_list":{"0":"post-140660","1":"product","2":"type-product","3":"status-publish","4":"has-post-thumbnail","6":"product_cat-metala-dekorativas-plaksnes","7":"pmpro-has-access","9":"first","10":"instock","11":"shipping-taxable","12":"purchasable","13":"product-type-simple"},"acf":[],"yoast_head":"<!-- This site is optimized with the Yoast SEO plugin v24.9 - https:\/\/yoast.com\/wordpress\/plugins\/seo\/ -->\n<title>Dekorat\u012bva met\u0101la pl\u0101ksn\u012bte WEAR A FACE CAKE - MetalTale.com<\/title>\n<meta name=\"robots\" content=\"index, follow, max-snippet:-1, max-image-preview:large, max-video-preview:-1\" \/>\n<link rel=\"canonical\" href=\"https:\/\/metaltale.com\/lv\/produkts\/dekorativa-metala-plaksnite-wear-a-face-cake\/\" \/>\n<meta property=\"og:locale\" content=\"lv_LV\" \/>\n<meta property=\"og:type\" content=\"article\" \/>\n<meta property=\"og:title\" content=\"Dekorat\u012bva met\u0101la pl\u0101ksn\u012bte WEAR A FACE CAKE - MetalTale.com\" \/>\n<meta property=\"og:description\" content=\"Modelis IN.30721 EAN. 5905369931123 Orient\u0101cija Vertik\u0101l\u0101 Numurs B\u0101rs, kafejn\u012bca, restor\u0101ns, friz\u0113tava Inform\u0101cija par mot\u012bviem Materi\u0101ls T\u0113rauds Platums (cm ) 20\" \/>\n<meta property=\"og:url\" content=\"https:\/\/metaltale.com\/lv\/produkts\/dekorativa-metala-plaksnite-wear-a-face-cake\/\" \/>\n<meta property=\"og:site_name\" content=\"MetalTale.com\" \/>\n<meta name=\"twitter:card\" content=\"summary_large_image\" \/>\n<meta name=\"twitter:label1\" content=\"Est. reading time\" \/>\n\t<meta name=\"twitter:data1\" content=\"1 minute\" \/>\n<script type=\"application\/ld+json\" class=\"yoast-schema-graph\">{\"@context\":\"https:\/\/schema.org\",\"@graph\":[{\"@type\":\"WebPage\",\"@id\":\"https:\/\/metaltale.com\/lv\/produkts\/dekorativa-metala-plaksnite-wear-a-face-cake\/\",\"url\":\"https:\/\/metaltale.com\/lv\/produkts\/dekorativa-metala-plaksnite-wear-a-face-cake\/\",\"name\":\"Dekorat\u012bva met\u0101la pl\u0101ksn\u012bte WEAR A FACE CAKE - MetalTale.com\",\"isPartOf\":{\"@id\":\"https:\/\/metaltale.com\/lv\/#website\"},\"primaryImageOfPage\":{\"@id\":\"https:\/\/metaltale.com\/lv\/produkts\/dekorativa-metala-plaksnite-wear-a-face-cake\/#primaryimage\"},\"image\":{\"@id\":\"https:\/\/metaltale.com\/lv\/produkts\/dekorativa-metala-plaksnite-wear-a-face-cake\/#primaryimage\"},\"thumbnailUrl\":\"https:\/\/metaltale.com\/wp-content\/uploads\/2023\/10\/Dekoratyvinx117-metalinx117-plokx161tx117-Dx116Vx116KITE-VEIDO-KAUKx118.jpg\",\"datePublished\":\"2023-12-10T23:19:58+00:00\",\"breadcrumb\":{\"@id\":\"https:\/\/metaltale.com\/lv\/produkts\/dekorativa-metala-plaksnite-wear-a-face-cake\/#breadcrumb\"},\"inLanguage\":\"lv-LV\",\"potentialAction\":[{\"@type\":\"ReadAction\",\"target\":[\"https:\/\/metaltale.com\/lv\/produkts\/dekorativa-metala-plaksnite-wear-a-face-cake\/\"]}]},{\"@type\":\"ImageObject\",\"inLanguage\":\"lv-LV\",\"@id\":\"https:\/\/metaltale.com\/lv\/produkts\/dekorativa-metala-plaksnite-wear-a-face-cake\/#primaryimage\",\"url\":\"https:\/\/metaltale.com\/wp-content\/uploads\/2023\/10\/Dekoratyvinx117-metalinx117-plokx161tx117-Dx116Vx116KITE-VEIDO-KAUKx118.jpg\",\"contentUrl\":\"https:\/\/metaltale.com\/wp-content\/uploads\/2023\/10\/Dekoratyvinx117-metalinx117-plokx161tx117-Dx116Vx116KITE-VEIDO-KAUKx118.jpg\",\"width\":800,\"height\":800},{\"@type\":\"BreadcrumbList\",\"@id\":\"https:\/\/metaltale.com\/lv\/produkts\/dekorativa-metala-plaksnite-wear-a-face-cake\/#breadcrumb\",\"itemListElement\":[{\"@type\":\"ListItem\",\"position\":1,\"name\":\"Home\",\"item\":\"https:\/\/metaltale.com\/lv\/majas\/\"},{\"@type\":\"ListItem\",\"position\":2,\"name\":\"Veikals\",\"item\":\"https:\/\/metaltale.com\/lv\/shop\/\"},{\"@type\":\"ListItem\",\"position\":3,\"name\":\"Dekorat\u012bva met\u0101la pl\u0101ksn\u012bte WEAR A FACE CAKE\"}]},{\"@type\":\"WebSite\",\"@id\":\"https:\/\/metaltale.com\/lv\/#website\",\"url\":\"https:\/\/metaltale.com\/lv\/\",\"name\":\"Metaltale.com\",\"description\":\"\",\"potentialAction\":[{\"@type\":\"SearchAction\",\"target\":{\"@type\":\"EntryPoint\",\"urlTemplate\":\"https:\/\/metaltale.com\/lv\/?s={search_term_string}\"},\"query-input\":{\"@type\":\"PropertyValueSpecification\",\"valueRequired\":true,\"valueName\":\"search_term_string\"}}],\"inLanguage\":\"lv-LV\"}]}<\/script>\n<!-- \/ Yoast SEO plugin. -->","yoast_head_json":{"title":"Dekorat\u012bva met\u0101la pl\u0101ksn\u012bte WEAR A FACE CAKE - MetalTale.com","robots":{"index":"index","follow":"follow","max-snippet":"max-snippet:-1","max-image-preview":"max-image-preview:large","max-video-preview":"max-video-preview:-1"},"canonical":"https:\/\/metaltale.com\/lv\/produkts\/dekorativa-metala-plaksnite-wear-a-face-cake\/","og_locale":"lv_LV","og_type":"article","og_title":"Dekorat\u012bva met\u0101la pl\u0101ksn\u012bte WEAR A FACE CAKE - MetalTale.com","og_description":"Modelis IN.30721 EAN. 5905369931123 Orient\u0101cija Vertik\u0101l\u0101 Numurs B\u0101rs, kafejn\u012bca, restor\u0101ns, friz\u0113tava Inform\u0101cija par mot\u012bviem Materi\u0101ls T\u0113rauds Platums (cm ) 20","og_url":"https:\/\/metaltale.com\/lv\/produkts\/dekorativa-metala-plaksnite-wear-a-face-cake\/","og_site_name":"MetalTale.com","twitter_card":"summary_large_image","twitter_misc":{"Est. reading time":"1 minute"},"schema":{"@context":"https:\/\/schema.org","@graph":[{"@type":"WebPage","@id":"https:\/\/metaltale.com\/lv\/produkts\/dekorativa-metala-plaksnite-wear-a-face-cake\/","url":"https:\/\/metaltale.com\/lv\/produkts\/dekorativa-metala-plaksnite-wear-a-face-cake\/","name":"Dekorat\u012bva met\u0101la pl\u0101ksn\u012bte WEAR A FACE CAKE - MetalTale.com","isPartOf":{"@id":"https:\/\/metaltale.com\/lv\/#website"},"primaryImageOfPage":{"@id":"https:\/\/metaltale.com\/lv\/produkts\/dekorativa-metala-plaksnite-wear-a-face-cake\/#primaryimage"},"image":{"@id":"https:\/\/metaltale.com\/lv\/produkts\/dekorativa-metala-plaksnite-wear-a-face-cake\/#primaryimage"},"thumbnailUrl":"https:\/\/metaltale.com\/wp-content\/uploads\/2023\/10\/Dekoratyvinx117-metalinx117-plokx161tx117-Dx116Vx116KITE-VEIDO-KAUKx118.jpg","datePublished":"2023-12-10T23:19:58+00:00","breadcrumb":{"@id":"https:\/\/metaltale.com\/lv\/produkts\/dekorativa-metala-plaksnite-wear-a-face-cake\/#breadcrumb"},"inLanguage":"lv-LV","potentialAction":[{"@type":"ReadAction","target":["https:\/\/metaltale.com\/lv\/produkts\/dekorativa-metala-plaksnite-wear-a-face-cake\/"]}]},{"@type":"ImageObject","inLanguage":"lv-LV","@id":"https:\/\/metaltale.com\/lv\/produkts\/dekorativa-metala-plaksnite-wear-a-face-cake\/#primaryimage","url":"https:\/\/metaltale.com\/wp-content\/uploads\/2023\/10\/Dekoratyvinx117-metalinx117-plokx161tx117-Dx116Vx116KITE-VEIDO-KAUKx118.jpg","contentUrl":"https:\/\/metaltale.com\/wp-content\/uploads\/2023\/10\/Dekoratyvinx117-metalinx117-plokx161tx117-Dx116Vx116KITE-VEIDO-KAUKx118.jpg","width":800,"height":800},{"@type":"BreadcrumbList","@id":"https:\/\/metaltale.com\/lv\/produkts\/dekorativa-metala-plaksnite-wear-a-face-cake\/#breadcrumb","itemListElement":[{"@type":"ListItem","position":1,"name":"Home","item":"https:\/\/metaltale.com\/lv\/majas\/"},{"@type":"ListItem","position":2,"name":"Veikals","item":"https:\/\/metaltale.com\/lv\/shop\/"},{"@type":"ListItem","position":3,"name":"Dekorat\u012bva met\u0101la pl\u0101ksn\u012bte WEAR A FACE CAKE"}]},{"@type":"WebSite","@id":"https:\/\/metaltale.com\/lv\/#website","url":"https:\/\/metaltale.com\/lv\/","name":"Metaltale.com","description":"","potentialAction":[{"@type":"SearchAction","target":{"@type":"EntryPoint","urlTemplate":"https:\/\/metaltale.com\/lv\/?s={search_term_string}"},"query-input":{"@type":"PropertyValueSpecification","valueRequired":true,"valueName":"search_term_string"}}],"inLanguage":"lv-LV"}]}},"_links":{"self":[{"href":"https:\/\/metaltale.com\/lv\/wp-json\/wp\/v2\/product\/140660","targetHints":{"allow":["GET"]}}],"collection":[{"href":"https:\/\/metaltale.com\/lv\/wp-json\/wp\/v2\/product"}],"about":[{"href":"https:\/\/metaltale.com\/lv\/wp-json\/wp\/v2\/types\/product"}],"replies":[{"embeddable":true,"href":"https:\/\/metaltale.com\/lv\/wp-json\/wp\/v2\/comments?post=140660"}],"version-history":[{"count":0,"href":"https:\/\/metaltale.com\/lv\/wp-json\/wp\/v2\/product\/140660\/revisions"}],"wp:featuredmedia":[{"embeddable":true,"href":"https:\/\/metaltale.com\/lv\/wp-json\/wp\/v2\/media\/95044"}],"wp:attachment":[{"href":"https:\/\/metaltale.com\/lv\/wp-json\/wp\/v2\/media?parent=140660"}],"wp:term":[{"taxonomy":"product_brand","embeddable":true,"href":"https:\/\/metaltale.com\/lv\/wp-json\/wp\/v2\/product_brand?post=140660"},{"taxonomy":"product_cat","embeddable":true,"href":"https:\/\/metaltale.com\/lv\/wp-json\/wp\/v2\/product_cat?post=140660"},{"taxonomy":"product_tag","embeddable":true,"href":"https:\/\/metaltale.com\/lv\/wp-json\/wp\/v2\/product_tag?post=140660"}],"curies":[{"name":"wp","href":"https:\/\/api.w.org\/{rel}","templated":true}]}}