{"id":140659,"date":"2023-12-11T01:21:04","date_gmt":"2023-12-10T23:21:04","guid":{"rendered":"https:\/\/metaltale.com\/produktas\/bristol-sendinta-rokturis-ar-72-mm-ieliktni\/"},"modified":"2023-12-11T01:21:04","modified_gmt":"2023-12-10T23:21:04","slug":"bristol-sendinta-rokturis-ar-72-mm-ieliktni","status":"publish","type":"product","link":"https:\/\/metaltale.com\/lv\/produkts\/bristol-sendinta-rokturis-ar-72-mm-ieliktni\/","title":{"rendered":"BRISTOL SENDINTA rokturis ar 72 mm ieliktni"},"content":{"rendered":"<div class=\"prod_data\">\n<p><strong>Modelis<\/strong> B.BL. RD. PRGR<br \/>\n<strong>Materi\u0101ls<\/strong> T\u0113rauds<br \/>\n<strong>Kop\u0113jais augstums (cm<\/strong> ) 24<br \/>\n<strong>Kop\u0113jais platums (cm<\/strong> ) 14<br \/>\n<strong>Kop\u0113j\u0101 projekcija (cm<\/strong> ) 7<br \/>\n<strong>Pamatnes izm\u0113ri (cm)<\/strong> 4&#215;24<br \/>\n<strong>Att\u0101lums starp<\/strong> caurumiem (<strong>cm<\/strong> ) 19,5<br \/>\n<strong>Att\u0101lums starp rokturi un atsl\u0113gas caurumu (mm<\/strong> ) 72 mm<br \/>\n<strong>Pal\u012bdz\u012bba<\/strong> N\u0113<br \/>\nMont\u0101\u017eas skr\u016bves J\u0101<br \/>\n<strong>Kr\u0101sa<\/strong> Vec\u0101ka, sar\u016bs\u0113jusi<br \/>\n<strong>Skaits komplekt\u0101<\/strong> 2 x rokturis\/rokturis + serde + stiprin\u0101juma skr\u016bves<\/p>\n<p>Komplekt\u0101 ietilpst divi rokturi (l\u012bdz 1 durvju v\u0113rtnei), serde un mont\u0101\u017eas elementi.<\/p>\n<p>Izstr\u0101d\u0101jumu var izmantot iek\u0161durv\u012bm un \u0101rdurv\u012bm.<\/p>\n<p>nav roktura atspie\u0161an\u0101s meh\u0101nisma<\/p>\n<hr>\n<p>Rokturi ar z\u012bmi ir lieliska izv\u0113le visiem lauku atmosf\u0113ras cien\u012bt\u0101jiem. Rokturi ir izgatavoti no t\u0113rauda ori\u0123in\u0101laj\u0101 novecoju\u0161aj\u0101 melnaj\u0101 kr\u0101s\u0101, t. i., ar r\u016bsas p\u0113d\u0101m, kas pie\u0161\u0137ir raksturu un ori\u0123in\u0101lu dizainu. Bristol vecin\u0101tie rokturi papildin\u0101s jebkuru interjera iek\u0101rtojumu, skaisti izce\u013cot katras durvju v\u0113rtnes stilu. Modelis ir pieejams vair\u0101k\u0101s versij\u0101s &#8211; ar tualetes z\u012bmi, ieliktni un atsl\u0113gu. BRISTOL kolekcijas rokturiem ir vienk\u0101r\u0161a, ta\u010du eleganta forma, kas tos padara ide\u0101li piem\u0113rotus da\u017e\u0101diem interjera dizaina stiliem. To var viegli uzst\u0101d\u012bt uz da\u017e\u0101da veida durv\u012bm, un t\u0101 iztur\u012bg\u0101 konstrukcija nodro\u0161ina ilggad\u0113ju lieto\u0161anu.<\/p>\n<\/div>\n","protected":false},"excerpt":{"rendered":"<p>Modelis B.BL. RD. PRGR Materi\u0101ls T\u0113rauds Kop\u0113jais augstums (cm ) 24 Kop\u0113jais platums (cm ) 14 Kop\u0113j\u0101 projekcija (cm )<\/p>\n","protected":false},"featured_media":131011,"comment_status":"open","ping_status":"closed","template":"","meta":{"_acf_changed":false,"pmpro_default_level":""},"product_brand":[],"product_cat":[24134,24081,23837],"product_tag":[],"class_list":{"0":"post-140659","1":"product","2":"type-product","3":"status-publish","4":"has-post-thumbnail","6":"product_cat-durvju-rokturi","7":"product_cat-rokturi","8":"product_cat-mebeles-piederumi","9":"pmpro-has-access","11":"first","12":"instock","13":"shipping-taxable","14":"purchasable","15":"product-type-simple"},"acf":[],"yoast_head":"<!-- This site is optimized with the Yoast SEO plugin v24.9 - https:\/\/yoast.com\/wordpress\/plugins\/seo\/ -->\n<title>BRISTOL SENDINTA rokturis ar 72 mm ieliktni - MetalTale.com<\/title>\n<meta name=\"robots\" content=\"index, follow, max-snippet:-1, max-image-preview:large, max-video-preview:-1\" \/>\n<link rel=\"canonical\" href=\"https:\/\/metaltale.com\/lv\/produkts\/bristol-sendinta-rokturis-ar-72-mm-ieliktni\/\" \/>\n<meta property=\"og:locale\" content=\"lv_LV\" \/>\n<meta property=\"og:type\" content=\"article\" \/>\n<meta property=\"og:title\" content=\"BRISTOL SENDINTA rokturis ar 72 mm ieliktni - MetalTale.com\" \/>\n<meta property=\"og:description\" content=\"Modelis B.BL. RD. PRGR Materi\u0101ls T\u0113rauds Kop\u0113jais augstums (cm ) 24 Kop\u0113jais platums (cm ) 14 Kop\u0113j\u0101 projekcija (cm )\" \/>\n<meta property=\"og:url\" content=\"https:\/\/metaltale.com\/lv\/produkts\/bristol-sendinta-rokturis-ar-72-mm-ieliktni\/\" \/>\n<meta property=\"og:site_name\" content=\"MetalTale.com\" \/>\n<meta property=\"og:image\" content=\"https:\/\/metaltale.com\/wp-content\/uploads\/2023\/12\/BRISTOL-SENDINTA-rankena-su-72-mm-ideklu.jpg\" \/>\n\t<meta property=\"og:image:width\" content=\"800\" \/>\n\t<meta property=\"og:image:height\" content=\"800\" \/>\n\t<meta property=\"og:image:type\" content=\"image\/jpeg\" \/>\n<meta name=\"twitter:card\" content=\"summary_large_image\" \/>\n<meta name=\"twitter:label1\" content=\"Est. reading time\" \/>\n\t<meta name=\"twitter:data1\" content=\"1 minute\" \/>\n<script type=\"application\/ld+json\" class=\"yoast-schema-graph\">{\"@context\":\"https:\/\/schema.org\",\"@graph\":[{\"@type\":\"WebPage\",\"@id\":\"https:\/\/metaltale.com\/lv\/produkts\/bristol-sendinta-rokturis-ar-72-mm-ieliktni\/\",\"url\":\"https:\/\/metaltale.com\/lv\/produkts\/bristol-sendinta-rokturis-ar-72-mm-ieliktni\/\",\"name\":\"BRISTOL SENDINTA rokturis ar 72 mm ieliktni - MetalTale.com\",\"isPartOf\":{\"@id\":\"https:\/\/metaltale.com\/lv\/#website\"},\"primaryImageOfPage\":{\"@id\":\"https:\/\/metaltale.com\/lv\/produkts\/bristol-sendinta-rokturis-ar-72-mm-ieliktni\/#primaryimage\"},\"image\":{\"@id\":\"https:\/\/metaltale.com\/lv\/produkts\/bristol-sendinta-rokturis-ar-72-mm-ieliktni\/#primaryimage\"},\"thumbnailUrl\":\"https:\/\/metaltale.com\/wp-content\/uploads\/2023\/12\/BRISTOL-SENDINTA-rankena-su-72-mm-ideklu.jpg\",\"datePublished\":\"2023-12-10T23:21:04+00:00\",\"breadcrumb\":{\"@id\":\"https:\/\/metaltale.com\/lv\/produkts\/bristol-sendinta-rokturis-ar-72-mm-ieliktni\/#breadcrumb\"},\"inLanguage\":\"lv-LV\",\"potentialAction\":[{\"@type\":\"ReadAction\",\"target\":[\"https:\/\/metaltale.com\/lv\/produkts\/bristol-sendinta-rokturis-ar-72-mm-ieliktni\/\"]}]},{\"@type\":\"ImageObject\",\"inLanguage\":\"lv-LV\",\"@id\":\"https:\/\/metaltale.com\/lv\/produkts\/bristol-sendinta-rokturis-ar-72-mm-ieliktni\/#primaryimage\",\"url\":\"https:\/\/metaltale.com\/wp-content\/uploads\/2023\/12\/BRISTOL-SENDINTA-rankena-su-72-mm-ideklu.jpg\",\"contentUrl\":\"https:\/\/metaltale.com\/wp-content\/uploads\/2023\/12\/BRISTOL-SENDINTA-rankena-su-72-mm-ideklu.jpg\",\"width\":800,\"height\":800,\"caption\":\"BRISTOL SENDINTA rokturis ar 72 mm ieliktni\"},{\"@type\":\"BreadcrumbList\",\"@id\":\"https:\/\/metaltale.com\/lv\/produkts\/bristol-sendinta-rokturis-ar-72-mm-ieliktni\/#breadcrumb\",\"itemListElement\":[{\"@type\":\"ListItem\",\"position\":1,\"name\":\"Home\",\"item\":\"https:\/\/metaltale.com\/lv\/majas\/\"},{\"@type\":\"ListItem\",\"position\":2,\"name\":\"Veikals\",\"item\":\"https:\/\/metaltale.com\/lv\/shop\/\"},{\"@type\":\"ListItem\",\"position\":3,\"name\":\"BRISTOL SENDINTA rokturis ar 72 mm ieliktni\"}]},{\"@type\":\"WebSite\",\"@id\":\"https:\/\/metaltale.com\/lv\/#website\",\"url\":\"https:\/\/metaltale.com\/lv\/\",\"name\":\"Metaltale.com\",\"description\":\"\",\"potentialAction\":[{\"@type\":\"SearchAction\",\"target\":{\"@type\":\"EntryPoint\",\"urlTemplate\":\"https:\/\/metaltale.com\/lv\/?s={search_term_string}\"},\"query-input\":{\"@type\":\"PropertyValueSpecification\",\"valueRequired\":true,\"valueName\":\"search_term_string\"}}],\"inLanguage\":\"lv-LV\"}]}<\/script>\n<!-- \/ Yoast SEO plugin. -->","yoast_head_json":{"title":"BRISTOL SENDINTA rokturis ar 72 mm ieliktni - MetalTale.com","robots":{"index":"index","follow":"follow","max-snippet":"max-snippet:-1","max-image-preview":"max-image-preview:large","max-video-preview":"max-video-preview:-1"},"canonical":"https:\/\/metaltale.com\/lv\/produkts\/bristol-sendinta-rokturis-ar-72-mm-ieliktni\/","og_locale":"lv_LV","og_type":"article","og_title":"BRISTOL SENDINTA rokturis ar 72 mm ieliktni - MetalTale.com","og_description":"Modelis B.BL. RD. PRGR Materi\u0101ls T\u0113rauds Kop\u0113jais augstums (cm ) 24 Kop\u0113jais platums (cm ) 14 Kop\u0113j\u0101 projekcija (cm )","og_url":"https:\/\/metaltale.com\/lv\/produkts\/bristol-sendinta-rokturis-ar-72-mm-ieliktni\/","og_site_name":"MetalTale.com","og_image":[{"width":800,"height":800,"url":"https:\/\/metaltale.com\/wp-content\/uploads\/2023\/12\/BRISTOL-SENDINTA-rankena-su-72-mm-ideklu.jpg","type":"image\/jpeg"}],"twitter_card":"summary_large_image","twitter_misc":{"Est. reading time":"1 minute"},"schema":{"@context":"https:\/\/schema.org","@graph":[{"@type":"WebPage","@id":"https:\/\/metaltale.com\/lv\/produkts\/bristol-sendinta-rokturis-ar-72-mm-ieliktni\/","url":"https:\/\/metaltale.com\/lv\/produkts\/bristol-sendinta-rokturis-ar-72-mm-ieliktni\/","name":"BRISTOL SENDINTA rokturis ar 72 mm ieliktni - MetalTale.com","isPartOf":{"@id":"https:\/\/metaltale.com\/lv\/#website"},"primaryImageOfPage":{"@id":"https:\/\/metaltale.com\/lv\/produkts\/bristol-sendinta-rokturis-ar-72-mm-ieliktni\/#primaryimage"},"image":{"@id":"https:\/\/metaltale.com\/lv\/produkts\/bristol-sendinta-rokturis-ar-72-mm-ieliktni\/#primaryimage"},"thumbnailUrl":"https:\/\/metaltale.com\/wp-content\/uploads\/2023\/12\/BRISTOL-SENDINTA-rankena-su-72-mm-ideklu.jpg","datePublished":"2023-12-10T23:21:04+00:00","breadcrumb":{"@id":"https:\/\/metaltale.com\/lv\/produkts\/bristol-sendinta-rokturis-ar-72-mm-ieliktni\/#breadcrumb"},"inLanguage":"lv-LV","potentialAction":[{"@type":"ReadAction","target":["https:\/\/metaltale.com\/lv\/produkts\/bristol-sendinta-rokturis-ar-72-mm-ieliktni\/"]}]},{"@type":"ImageObject","inLanguage":"lv-LV","@id":"https:\/\/metaltale.com\/lv\/produkts\/bristol-sendinta-rokturis-ar-72-mm-ieliktni\/#primaryimage","url":"https:\/\/metaltale.com\/wp-content\/uploads\/2023\/12\/BRISTOL-SENDINTA-rankena-su-72-mm-ideklu.jpg","contentUrl":"https:\/\/metaltale.com\/wp-content\/uploads\/2023\/12\/BRISTOL-SENDINTA-rankena-su-72-mm-ideklu.jpg","width":800,"height":800,"caption":"BRISTOL SENDINTA rokturis ar 72 mm ieliktni"},{"@type":"BreadcrumbList","@id":"https:\/\/metaltale.com\/lv\/produkts\/bristol-sendinta-rokturis-ar-72-mm-ieliktni\/#breadcrumb","itemListElement":[{"@type":"ListItem","position":1,"name":"Home","item":"https:\/\/metaltale.com\/lv\/majas\/"},{"@type":"ListItem","position":2,"name":"Veikals","item":"https:\/\/metaltale.com\/lv\/shop\/"},{"@type":"ListItem","position":3,"name":"BRISTOL SENDINTA rokturis ar 72 mm ieliktni"}]},{"@type":"WebSite","@id":"https:\/\/metaltale.com\/lv\/#website","url":"https:\/\/metaltale.com\/lv\/","name":"Metaltale.com","description":"","potentialAction":[{"@type":"SearchAction","target":{"@type":"EntryPoint","urlTemplate":"https:\/\/metaltale.com\/lv\/?s={search_term_string}"},"query-input":{"@type":"PropertyValueSpecification","valueRequired":true,"valueName":"search_term_string"}}],"inLanguage":"lv-LV"}]}},"_links":{"self":[{"href":"https:\/\/metaltale.com\/lv\/wp-json\/wp\/v2\/product\/140659","targetHints":{"allow":["GET"]}}],"collection":[{"href":"https:\/\/metaltale.com\/lv\/wp-json\/wp\/v2\/product"}],"about":[{"href":"https:\/\/metaltale.com\/lv\/wp-json\/wp\/v2\/types\/product"}],"replies":[{"embeddable":true,"href":"https:\/\/metaltale.com\/lv\/wp-json\/wp\/v2\/comments?post=140659"}],"version-history":[{"count":0,"href":"https:\/\/metaltale.com\/lv\/wp-json\/wp\/v2\/product\/140659\/revisions"}],"wp:featuredmedia":[{"embeddable":true,"href":"https:\/\/metaltale.com\/lv\/wp-json\/wp\/v2\/media\/131011"}],"wp:attachment":[{"href":"https:\/\/metaltale.com\/lv\/wp-json\/wp\/v2\/media?parent=140659"}],"wp:term":[{"taxonomy":"product_brand","embeddable":true,"href":"https:\/\/metaltale.com\/lv\/wp-json\/wp\/v2\/product_brand?post=140659"},{"taxonomy":"product_cat","embeddable":true,"href":"https:\/\/metaltale.com\/lv\/wp-json\/wp\/v2\/product_cat?post=140659"},{"taxonomy":"product_tag","embeddable":true,"href":"https:\/\/metaltale.com\/lv\/wp-json\/wp\/v2\/product_tag?post=140659"}],"curies":[{"name":"wp","href":"https:\/\/api.w.org\/{rel}","templated":true}]}}