{"id":140633,"date":"2024-01-12T21:02:40","date_gmt":"2024-01-12T19:02:40","guid":{"rendered":"https:\/\/metaltale.com\/produktas\/masivas-koka-bidamas-durvis-ar-terauda-ramjiem\/"},"modified":"2024-01-12T21:02:40","modified_gmt":"2024-01-12T19:02:40","slug":"masivas-koka-bidamas-durvis-ar-terauda-ramjiem","status":"publish","type":"product","link":"https:\/\/metaltale.com\/lv\/produkts\/masivas-koka-bidamas-durvis-ar-terauda-ramjiem\/","title":{"rendered":"Mas\u012bvas koka b\u012bd\u0101m\u0101s durvis ar t\u0113rauda r\u0101mjiem"},"content":{"rendered":"<div class=\"prod_data\"><strong>Modelis<\/strong> FOR. DRZ.1XD  <br \/>Materi\u0101ls Priede, t\u0113rauds <br \/>Biezums (cm ) 4 <br \/>Kop\u0113jais augstums (cm ) 210 <br \/>Kop\u0113jais platums (cm ) 100 <br \/><strong>Apdare<\/strong> Neapstr\u0101d\u0101ts \/ e\u013c\u013cots  <br \/>PAPILDU INFORM\u0100CIJA Pied\u0101v\u0101jums attiecas tikai uz vienu durvju paneli un neietver b\u012bd\u0101mo sist\u0113mu un citus piederumus. <\/p>\n<hr>\n<p>&#8220;Mas\u012bvas b\u012bd\u0101m\u0101s durvis ir pied\u0101v\u0101jums tiem, kas nov\u0113rt\u0113 vienk\u0101r\u0161\u012bbu beton\u0101.<\/p>\n<p>Mas\u012bv\u0101s b\u012bd\u0101m\u0101s durvis ir izgatavotas no priedes, ar vertik\u0101li izk\u0101rtotiem mas\u012bviem d\u0113\u013ciem un X formas r\u0101mi \u0101r\u0113j\u0101 pus\u0113. Tas viss kop\u0101 veido prec\u012bzu un izl\u0113m\u012bgu izk\u0101rtojumu, kas j\u016bs p\u0101rsteigs. Durvju virsma ar j\u016btamu koka fakt\u016bru pie\u0161\u0137ir t\u0101m raksturu un mas\u012bvumu, savuk\u0101rt d\u0113\u013cos redzamie gredzeni un mezgli izce\u013c koka dabisko tekst\u016bru.<\/p>\n<p>B\u012bd\u0101m\u0101s durvis Massive ir izgatavotas ar t\u0113rauda r\u0101mi no sl\u0113gta 20&#215;20 mm profila. B\u012bd\u0101mo durvju iek\u0161\u0113j\u0101 puse ir nostiprin\u0101ta ar plakaniem stie\u0146iem ar redzam\u0101m \u0161uv\u0113m un knied\u0113m, lai vienotu konstrukciju. Turkl\u0101t r\u0101mim ir redzams sl\u012bp\u0113jums, kas pie\u0161\u0137ir durv\u012bm ori\u0123in\u0101lu un unik\u0101lu izskatu. Atsevi\u0161\u0137u elementu izvietojums nov\u0113r\u0161 durvju deform\u0113\u0161anos.<\/p>\n<p>Mas\u012bv\u0101s koka b\u012bd\u0101m\u0101s durvis pie\u0161\u0137ir interjeram unik\u0101lu un ori\u0123in\u0101lu akcentu, ir praktiskas, viegli uzst\u0101d\u0101mas un t\u0101m ir dekorat\u012bva funkcija. To iztur\u012bg\u0101 konstrukcija nodro\u0161ina, ka tos var izmantot daudzus gadus.<\/p>\n<p>Mas\u012bvas koka durvis var ieder\u0113ties jebkur\u0101 interjer\u0101 &#8211; modern\u0101, tradicion\u0101l\u0101, rustik\u0101l\u0101, industri\u0101l\u0101 vai b\u0113ni\u0146u stil\u0101.<\/p>\n<p>Standarta durvju izm\u0113rs ir 100 cm x 210 cm, biezums &#8211; 4 cm, un t\u0101s ir pieejamas pel\u0113k\u0101, viskija vai rupji br\u016bn\u0101 kr\u0101s\u0101.<br \/>Pateicoties daudzpus\u012bbai, b\u012bd\u0101m\u0101s durvis Massive lieliski iek\u013caujas 70 cm, 80 cm un 90 cm gar\u0101s durvju ail\u0113s.<\/p>\n<p>Par apak\u0161\u0113j\u0101m vadotn\u0113m, kas piem\u0113rotas b\u012bd\u0101maj\u0101m durv\u012bm MASSIVE, skatiet saist\u012bto produktu sada\u013cu zem\u0101k.<\/p>\n<hr>\n<p>*Pied\u0101v\u0101jums attiecas tikai uz durv\u012bm, un tas neattiecas uz b\u012bd\u0101mo sist\u0113mu un citiem piederumiem.<br \/>** L\u016bdzu, \u0146emiet v\u0113r\u0101, ka \u0161o modeli nevar izmantot ar veram\u0101m b\u012bd\u0101mo durvju sist\u0113m\u0101m (&#8220;Vintage&#8221;, &#8220;Wheel On Hanger&#8221;).<\/p>\n<hr>\n<\/div>\n","protected":false},"excerpt":{"rendered":"<p>Modelis FOR. DRZ.1XD Materi\u0101ls Priede, t\u0113rauds Biezums (cm ) 4 Kop\u0113jais augstums (cm ) 210 Kop\u0113jais platums (cm ) 100<\/p>\n","protected":false},"featured_media":101005,"comment_status":"open","ping_status":"closed","template":"","meta":{"_acf_changed":false,"pmpro_default_level":""},"product_brand":[],"product_cat":[24075],"product_tag":[],"class_list":{"0":"post-140633","1":"product","2":"type-product","3":"status-publish","4":"has-post-thumbnail","6":"product_cat-bidamas-durvis-metala-rami","7":"pmpro-has-access","9":"first","10":"outofstock","11":"shipping-taxable","12":"purchasable","13":"product-type-simple"},"acf":[],"yoast_head":"<!-- This site is optimized with the Yoast SEO plugin v24.9 - https:\/\/yoast.com\/wordpress\/plugins\/seo\/ -->\n<title>Mas\u012bvas koka b\u012bd\u0101m\u0101s durvis ar t\u0113rauda r\u0101mjiem - MetalTale.com<\/title>\n<meta name=\"robots\" content=\"index, follow, max-snippet:-1, max-image-preview:large, max-video-preview:-1\" \/>\n<link rel=\"canonical\" href=\"https:\/\/metaltale.com\/lv\/produkts\/masivas-koka-bidamas-durvis-ar-terauda-ramjiem\/\" \/>\n<meta property=\"og:locale\" content=\"lv_LV\" \/>\n<meta property=\"og:type\" content=\"article\" \/>\n<meta property=\"og:title\" content=\"Mas\u012bvas koka b\u012bd\u0101m\u0101s durvis ar t\u0113rauda r\u0101mjiem - MetalTale.com\" \/>\n<meta property=\"og:description\" content=\"Modelis FOR. DRZ.1XD Materi\u0101ls Priede, t\u0113rauds Biezums (cm ) 4 Kop\u0113jais augstums (cm ) 210 Kop\u0113jais platums (cm ) 100\" \/>\n<meta property=\"og:url\" content=\"https:\/\/metaltale.com\/lv\/produkts\/masivas-koka-bidamas-durvis-ar-terauda-ramjiem\/\" \/>\n<meta property=\"og:site_name\" content=\"MetalTale.com\" \/>\n<meta name=\"twitter:card\" content=\"summary_large_image\" \/>\n<meta name=\"twitter:label1\" content=\"Est. reading time\" \/>\n\t<meta name=\"twitter:data1\" content=\"2 minutes\" \/>\n<script type=\"application\/ld+json\" class=\"yoast-schema-graph\">{\"@context\":\"https:\/\/schema.org\",\"@graph\":[{\"@type\":\"WebPage\",\"@id\":\"https:\/\/metaltale.com\/lv\/produkts\/masivas-koka-bidamas-durvis-ar-terauda-ramjiem\/\",\"url\":\"https:\/\/metaltale.com\/lv\/produkts\/masivas-koka-bidamas-durvis-ar-terauda-ramjiem\/\",\"name\":\"Mas\u012bvas koka b\u012bd\u0101m\u0101s durvis ar t\u0113rauda r\u0101mjiem - MetalTale.com\",\"isPartOf\":{\"@id\":\"https:\/\/metaltale.com\/lv\/#website\"},\"primaryImageOfPage\":{\"@id\":\"https:\/\/metaltale.com\/lv\/produkts\/masivas-koka-bidamas-durvis-ar-terauda-ramjiem\/#primaryimage\"},\"image\":{\"@id\":\"https:\/\/metaltale.com\/lv\/produkts\/masivas-koka-bidamas-durvis-ar-terauda-ramjiem\/#primaryimage\"},\"thumbnailUrl\":\"https:\/\/metaltale.com\/wp-content\/uploads\/2023\/11\/Durys-MASYVIOS-100x210-pilkos.jpg\",\"datePublished\":\"2024-01-12T19:02:40+00:00\",\"breadcrumb\":{\"@id\":\"https:\/\/metaltale.com\/lv\/produkts\/masivas-koka-bidamas-durvis-ar-terauda-ramjiem\/#breadcrumb\"},\"inLanguage\":\"lv-LV\",\"potentialAction\":[{\"@type\":\"ReadAction\",\"target\":[\"https:\/\/metaltale.com\/lv\/produkts\/masivas-koka-bidamas-durvis-ar-terauda-ramjiem\/\"]}]},{\"@type\":\"ImageObject\",\"inLanguage\":\"lv-LV\",\"@id\":\"https:\/\/metaltale.com\/lv\/produkts\/masivas-koka-bidamas-durvis-ar-terauda-ramjiem\/#primaryimage\",\"url\":\"https:\/\/metaltale.com\/wp-content\/uploads\/2023\/11\/Durys-MASYVIOS-100x210-pilkos.jpg\",\"contentUrl\":\"https:\/\/metaltale.com\/wp-content\/uploads\/2023\/11\/Durys-MASYVIOS-100x210-pilkos.jpg\",\"width\":800,\"height\":800},{\"@type\":\"BreadcrumbList\",\"@id\":\"https:\/\/metaltale.com\/lv\/produkts\/masivas-koka-bidamas-durvis-ar-terauda-ramjiem\/#breadcrumb\",\"itemListElement\":[{\"@type\":\"ListItem\",\"position\":1,\"name\":\"Home\",\"item\":\"https:\/\/metaltale.com\/lv\/majas\/\"},{\"@type\":\"ListItem\",\"position\":2,\"name\":\"Veikals\",\"item\":\"https:\/\/metaltale.com\/lv\/shop\/\"},{\"@type\":\"ListItem\",\"position\":3,\"name\":\"Mas\u012bvas koka b\u012bd\u0101m\u0101s durvis ar t\u0113rauda r\u0101mjiem\"}]},{\"@type\":\"WebSite\",\"@id\":\"https:\/\/metaltale.com\/lv\/#website\",\"url\":\"https:\/\/metaltale.com\/lv\/\",\"name\":\"Metaltale.com\",\"description\":\"\",\"potentialAction\":[{\"@type\":\"SearchAction\",\"target\":{\"@type\":\"EntryPoint\",\"urlTemplate\":\"https:\/\/metaltale.com\/lv\/?s={search_term_string}\"},\"query-input\":{\"@type\":\"PropertyValueSpecification\",\"valueRequired\":true,\"valueName\":\"search_term_string\"}}],\"inLanguage\":\"lv-LV\"}]}<\/script>\n<!-- \/ Yoast SEO plugin. -->","yoast_head_json":{"title":"Mas\u012bvas koka b\u012bd\u0101m\u0101s durvis ar t\u0113rauda r\u0101mjiem - MetalTale.com","robots":{"index":"index","follow":"follow","max-snippet":"max-snippet:-1","max-image-preview":"max-image-preview:large","max-video-preview":"max-video-preview:-1"},"canonical":"https:\/\/metaltale.com\/lv\/produkts\/masivas-koka-bidamas-durvis-ar-terauda-ramjiem\/","og_locale":"lv_LV","og_type":"article","og_title":"Mas\u012bvas koka b\u012bd\u0101m\u0101s durvis ar t\u0113rauda r\u0101mjiem - MetalTale.com","og_description":"Modelis FOR. DRZ.1XD Materi\u0101ls Priede, t\u0113rauds Biezums (cm ) 4 Kop\u0113jais augstums (cm ) 210 Kop\u0113jais platums (cm ) 100","og_url":"https:\/\/metaltale.com\/lv\/produkts\/masivas-koka-bidamas-durvis-ar-terauda-ramjiem\/","og_site_name":"MetalTale.com","twitter_card":"summary_large_image","twitter_misc":{"Est. reading time":"2 minutes"},"schema":{"@context":"https:\/\/schema.org","@graph":[{"@type":"WebPage","@id":"https:\/\/metaltale.com\/lv\/produkts\/masivas-koka-bidamas-durvis-ar-terauda-ramjiem\/","url":"https:\/\/metaltale.com\/lv\/produkts\/masivas-koka-bidamas-durvis-ar-terauda-ramjiem\/","name":"Mas\u012bvas koka b\u012bd\u0101m\u0101s durvis ar t\u0113rauda r\u0101mjiem - MetalTale.com","isPartOf":{"@id":"https:\/\/metaltale.com\/lv\/#website"},"primaryImageOfPage":{"@id":"https:\/\/metaltale.com\/lv\/produkts\/masivas-koka-bidamas-durvis-ar-terauda-ramjiem\/#primaryimage"},"image":{"@id":"https:\/\/metaltale.com\/lv\/produkts\/masivas-koka-bidamas-durvis-ar-terauda-ramjiem\/#primaryimage"},"thumbnailUrl":"https:\/\/metaltale.com\/wp-content\/uploads\/2023\/11\/Durys-MASYVIOS-100x210-pilkos.jpg","datePublished":"2024-01-12T19:02:40+00:00","breadcrumb":{"@id":"https:\/\/metaltale.com\/lv\/produkts\/masivas-koka-bidamas-durvis-ar-terauda-ramjiem\/#breadcrumb"},"inLanguage":"lv-LV","potentialAction":[{"@type":"ReadAction","target":["https:\/\/metaltale.com\/lv\/produkts\/masivas-koka-bidamas-durvis-ar-terauda-ramjiem\/"]}]},{"@type":"ImageObject","inLanguage":"lv-LV","@id":"https:\/\/metaltale.com\/lv\/produkts\/masivas-koka-bidamas-durvis-ar-terauda-ramjiem\/#primaryimage","url":"https:\/\/metaltale.com\/wp-content\/uploads\/2023\/11\/Durys-MASYVIOS-100x210-pilkos.jpg","contentUrl":"https:\/\/metaltale.com\/wp-content\/uploads\/2023\/11\/Durys-MASYVIOS-100x210-pilkos.jpg","width":800,"height":800},{"@type":"BreadcrumbList","@id":"https:\/\/metaltale.com\/lv\/produkts\/masivas-koka-bidamas-durvis-ar-terauda-ramjiem\/#breadcrumb","itemListElement":[{"@type":"ListItem","position":1,"name":"Home","item":"https:\/\/metaltale.com\/lv\/majas\/"},{"@type":"ListItem","position":2,"name":"Veikals","item":"https:\/\/metaltale.com\/lv\/shop\/"},{"@type":"ListItem","position":3,"name":"Mas\u012bvas koka b\u012bd\u0101m\u0101s durvis ar t\u0113rauda r\u0101mjiem"}]},{"@type":"WebSite","@id":"https:\/\/metaltale.com\/lv\/#website","url":"https:\/\/metaltale.com\/lv\/","name":"Metaltale.com","description":"","potentialAction":[{"@type":"SearchAction","target":{"@type":"EntryPoint","urlTemplate":"https:\/\/metaltale.com\/lv\/?s={search_term_string}"},"query-input":{"@type":"PropertyValueSpecification","valueRequired":true,"valueName":"search_term_string"}}],"inLanguage":"lv-LV"}]}},"_links":{"self":[{"href":"https:\/\/metaltale.com\/lv\/wp-json\/wp\/v2\/product\/140633","targetHints":{"allow":["GET"]}}],"collection":[{"href":"https:\/\/metaltale.com\/lv\/wp-json\/wp\/v2\/product"}],"about":[{"href":"https:\/\/metaltale.com\/lv\/wp-json\/wp\/v2\/types\/product"}],"replies":[{"embeddable":true,"href":"https:\/\/metaltale.com\/lv\/wp-json\/wp\/v2\/comments?post=140633"}],"version-history":[{"count":0,"href":"https:\/\/metaltale.com\/lv\/wp-json\/wp\/v2\/product\/140633\/revisions"}],"wp:featuredmedia":[{"embeddable":true,"href":"https:\/\/metaltale.com\/lv\/wp-json\/wp\/v2\/media\/101005"}],"wp:attachment":[{"href":"https:\/\/metaltale.com\/lv\/wp-json\/wp\/v2\/media?parent=140633"}],"wp:term":[{"taxonomy":"product_brand","embeddable":true,"href":"https:\/\/metaltale.com\/lv\/wp-json\/wp\/v2\/product_brand?post=140633"},{"taxonomy":"product_cat","embeddable":true,"href":"https:\/\/metaltale.com\/lv\/wp-json\/wp\/v2\/product_cat?post=140633"},{"taxonomy":"product_tag","embeddable":true,"href":"https:\/\/metaltale.com\/lv\/wp-json\/wp\/v2\/product_tag?post=140633"}],"curies":[{"name":"wp","href":"https:\/\/api.w.org\/{rel}","templated":true}]}}