{"id":140615,"date":"2024-01-24T00:37:38","date_gmt":"2024-01-23T22:37:38","guid":{"rendered":"https:\/\/metaltale.com\/produktas\/industrial-duo-divpusejas-metala-bidamas-durvis\/"},"modified":"2024-01-24T00:37:38","modified_gmt":"2024-01-23T22:37:38","slug":"industrial-duo-divpusejas-metala-bidamas-durvis","status":"publish","type":"product","link":"https:\/\/metaltale.com\/lv\/produkts\/industrial-duo-divpusejas-metala-bidamas-durvis\/","title":{"rendered":"INDUSTRIAL DUO divpus\u0113j\u0101s met\u0101la b\u012bd\u0101m\u0101s durvis"},"content":{"rendered":"<div class=\"prod_data\"><strong>Modelis<\/strong>..IND. D-100X210  <br \/><strong>EAN.<\/strong>  5905369913693  <br \/><strong>Materi\u0101ls<\/strong> T\u0113rauds  <br \/><strong>Biezums (cm<\/strong> ) 3  <br \/>Kop\u0113jais augstums (cm ) 210 <br \/>Kop\u0113jais platums (cm ) 100 <br \/>T\u0113rauda kr\u0101sa <br \/>PAPILDU INFORM\u0100CIJA Pied\u0101v\u0101jums attiecas tikai uz vienu durvju paneli un neietver b\u012bd\u0101mo sist\u0113mu un citus piederumus. <\/p>\n<hr>\n<p>&#8220;Industrial Duo ir dom\u0101ts cilv\u0113kiem, kas m\u012bl piedz\u012bvojumus un nov\u0113rt\u0113 ori\u0123inalit\u0101ti un individualit\u0101ti.<\/p>\n<p>Industrial Duo b\u012bd\u0101mo durvju galvenais mot\u012bvs ir vienk\u0101r\u0161a met\u0101la loksne standarta ton\u012b. Kniedes, kas savieno met\u0101la loksnes, ir apzin\u0101ti atkl\u0101tas, lai uzsv\u0113rtu durvju r\u016bpniecisko raksturu. B\u012bd\u0101mo durvju nel\u012bdzenumu pasv\u012btro redzamie skr\u0101p\u0113jumi un \u0161uves. Lok\u0161\u0146u met\u0101la loksnes ir sl\u012bp\u0113tas un aizsarg\u0101tas pret boj\u0101jumiem, ar viegli noapa\u013cot\u0101m mal\u0101m dro\u0161\u012bbai un komfortam.<\/p>\n<p>Durvis ir izgatavotas no t\u0113rauda r\u0101mja, kas izgatavots no sl\u0113gtiem profiliem. Ar knied\u0113m nostiprin\u0101tais padzi\u013cin\u0101tais rokturis pie\u0161\u0137ir tam nosl\u0113pumainu izskatu. Durvju met\u0101la da\u013cas ir sat\u012bna apdares un nav kr\u0101sotas.<\/p>\n<p>Industrial Duo durv\u012bm no ab\u0101m pus\u0113m ir met\u0101la virsma. M\u0113s pied\u0101v\u0101jam ar\u012b r\u016bpniecisk\u0101s b\u012bd\u0101m\u0101s durvis ar priedes iek\u0161\u0113jo pusi.<\/p>\n<p>Industrial Duo b\u012bd\u0101m\u0101s durvis izskat\u0101s vienk\u0101r\u0161as, ta\u010du, uzst\u0101d\u012btas interjer\u0101, t\u0101s pie\u0161\u0137ir tam b\u0113ni\u0146u, industri\u0101lu raksturu.<\/p>\n<p>\u0160im durvju modelim m\u0113s iesak\u0101m izmantot t\u0113rauda sliedes LOFT, KRAWAT STALOWA, OLD STALOWA vai BARN DOORS.<\/p>\n<hr>\n<p>*Industrial Duo durvis nevar izmantot kop\u0101 ar \u0161arn\u012brveida b\u012bd\u0101mo durvju sist\u0113m\u0101m (Vintage, Kolo na Wieszaku).<br \/>*Pied\u0101v\u0101jums attiecas tikai uz durv\u012bm un neietver b\u012bd\u0101mo sist\u0113mu un citus piederumus.<\/p>\n<hr>\n<\/div>\n","protected":false},"excerpt":{"rendered":"<p>Modelis..IND. D-100X210 EAN. 5905369913693 Materi\u0101ls T\u0113rauds Biezums (cm ) 3 Kop\u0113jais augstums (cm ) 210 Kop\u0113jais platums (cm ) 100<\/p>\n","protected":false},"featured_media":82188,"comment_status":"open","ping_status":"closed","template":"","meta":{"_acf_changed":false,"pmpro_default_level":""},"product_brand":[],"product_cat":[24064,24059,24078],"product_tag":[],"class_list":{"0":"post-140615","1":"product","2":"type-product","3":"status-publish","4":"has-post-thumbnail","6":"product_cat-bidamas-durvis-lv","7":"product_cat-bidamo-durvju-sistemas","8":"product_cat-metala-bidamas-durvis","9":"pmpro-has-access","11":"first","12":"instock","13":"shipping-taxable","14":"purchasable","15":"product-type-simple"},"acf":[],"yoast_head":"<!-- This site is optimized with the Yoast SEO plugin v24.9 - https:\/\/yoast.com\/wordpress\/plugins\/seo\/ -->\n<title>INDUSTRIAL DUO divpus\u0113j\u0101s met\u0101la b\u012bd\u0101m\u0101s durvis - MetalTale.com<\/title>\n<meta name=\"robots\" content=\"index, follow, max-snippet:-1, max-image-preview:large, max-video-preview:-1\" \/>\n<link rel=\"canonical\" href=\"https:\/\/metaltale.com\/lv\/produkts\/industrial-duo-divpusejas-metala-bidamas-durvis\/\" \/>\n<meta property=\"og:locale\" content=\"lv_LV\" \/>\n<meta property=\"og:type\" content=\"article\" \/>\n<meta property=\"og:title\" content=\"INDUSTRIAL DUO divpus\u0113j\u0101s met\u0101la b\u012bd\u0101m\u0101s durvis - MetalTale.com\" \/>\n<meta property=\"og:description\" content=\"Modelis..IND. D-100X210 EAN. 5905369913693 Materi\u0101ls T\u0113rauds Biezums (cm ) 3 Kop\u0113jais augstums (cm ) 210 Kop\u0113jais platums (cm ) 100\" \/>\n<meta property=\"og:url\" content=\"https:\/\/metaltale.com\/lv\/produkts\/industrial-duo-divpusejas-metala-bidamas-durvis\/\" \/>\n<meta property=\"og:site_name\" content=\"MetalTale.com\" \/>\n<meta property=\"og:image\" content=\"http:\/\/metaltale.com\/wp-content\/uploads\/2023\/10\/Durys-INDUSTRIAL-DUO-100x210-1.jpg\" \/>\n\t<meta property=\"og:image:width\" content=\"800\" \/>\n\t<meta property=\"og:image:height\" content=\"800\" \/>\n\t<meta property=\"og:image:type\" content=\"image\/jpeg\" \/>\n<meta name=\"twitter:card\" content=\"summary_large_image\" \/>\n<meta name=\"twitter:label1\" content=\"Est. reading time\" \/>\n\t<meta name=\"twitter:data1\" content=\"2 minutes\" \/>\n<script type=\"application\/ld+json\" class=\"yoast-schema-graph\">{\"@context\":\"https:\/\/schema.org\",\"@graph\":[{\"@type\":\"WebPage\",\"@id\":\"https:\/\/metaltale.com\/lv\/produkts\/industrial-duo-divpusejas-metala-bidamas-durvis\/\",\"url\":\"https:\/\/metaltale.com\/lv\/produkts\/industrial-duo-divpusejas-metala-bidamas-durvis\/\",\"name\":\"INDUSTRIAL DUO divpus\u0113j\u0101s met\u0101la b\u012bd\u0101m\u0101s durvis - MetalTale.com\",\"isPartOf\":{\"@id\":\"https:\/\/metaltale.com\/lv\/#website\"},\"primaryImageOfPage\":{\"@id\":\"https:\/\/metaltale.com\/lv\/produkts\/industrial-duo-divpusejas-metala-bidamas-durvis\/#primaryimage\"},\"image\":{\"@id\":\"https:\/\/metaltale.com\/lv\/produkts\/industrial-duo-divpusejas-metala-bidamas-durvis\/#primaryimage\"},\"thumbnailUrl\":\"https:\/\/metaltale.com\/wp-content\/uploads\/2023\/10\/Durys-INDUSTRIAL-DUO-100x210-1.jpg\",\"datePublished\":\"2024-01-23T22:37:38+00:00\",\"breadcrumb\":{\"@id\":\"https:\/\/metaltale.com\/lv\/produkts\/industrial-duo-divpusejas-metala-bidamas-durvis\/#breadcrumb\"},\"inLanguage\":\"lv-LV\",\"potentialAction\":[{\"@type\":\"ReadAction\",\"target\":[\"https:\/\/metaltale.com\/lv\/produkts\/industrial-duo-divpusejas-metala-bidamas-durvis\/\"]}]},{\"@type\":\"ImageObject\",\"inLanguage\":\"lv-LV\",\"@id\":\"https:\/\/metaltale.com\/lv\/produkts\/industrial-duo-divpusejas-metala-bidamas-durvis\/#primaryimage\",\"url\":\"https:\/\/metaltale.com\/wp-content\/uploads\/2023\/10\/Durys-INDUSTRIAL-DUO-100x210-1.jpg\",\"contentUrl\":\"https:\/\/metaltale.com\/wp-content\/uploads\/2023\/10\/Durys-INDUSTRIAL-DUO-100x210-1.jpg\",\"width\":800,\"height\":800,\"caption\":\"Metalin\u0117s stumdomosios durys INDUSTRIAL DUO\"},{\"@type\":\"BreadcrumbList\",\"@id\":\"https:\/\/metaltale.com\/lv\/produkts\/industrial-duo-divpusejas-metala-bidamas-durvis\/#breadcrumb\",\"itemListElement\":[{\"@type\":\"ListItem\",\"position\":1,\"name\":\"Home\",\"item\":\"https:\/\/metaltale.com\/lv\/majas\/\"},{\"@type\":\"ListItem\",\"position\":2,\"name\":\"Veikals\",\"item\":\"https:\/\/metaltale.com\/lv\/shop\/\"},{\"@type\":\"ListItem\",\"position\":3,\"name\":\"INDUSTRIAL DUO divpus\u0113j\u0101s met\u0101la b\u012bd\u0101m\u0101s durvis\"}]},{\"@type\":\"WebSite\",\"@id\":\"https:\/\/metaltale.com\/lv\/#website\",\"url\":\"https:\/\/metaltale.com\/lv\/\",\"name\":\"Metaltale.com\",\"description\":\"\",\"potentialAction\":[{\"@type\":\"SearchAction\",\"target\":{\"@type\":\"EntryPoint\",\"urlTemplate\":\"https:\/\/metaltale.com\/lv\/?s={search_term_string}\"},\"query-input\":{\"@type\":\"PropertyValueSpecification\",\"valueRequired\":true,\"valueName\":\"search_term_string\"}}],\"inLanguage\":\"lv-LV\"}]}<\/script>\n<!-- \/ Yoast SEO plugin. -->","yoast_head_json":{"title":"INDUSTRIAL DUO divpus\u0113j\u0101s met\u0101la b\u012bd\u0101m\u0101s durvis - MetalTale.com","robots":{"index":"index","follow":"follow","max-snippet":"max-snippet:-1","max-image-preview":"max-image-preview:large","max-video-preview":"max-video-preview:-1"},"canonical":"https:\/\/metaltale.com\/lv\/produkts\/industrial-duo-divpusejas-metala-bidamas-durvis\/","og_locale":"lv_LV","og_type":"article","og_title":"INDUSTRIAL DUO divpus\u0113j\u0101s met\u0101la b\u012bd\u0101m\u0101s durvis - MetalTale.com","og_description":"Modelis..IND. D-100X210 EAN. 5905369913693 Materi\u0101ls T\u0113rauds Biezums (cm ) 3 Kop\u0113jais augstums (cm ) 210 Kop\u0113jais platums (cm ) 100","og_url":"https:\/\/metaltale.com\/lv\/produkts\/industrial-duo-divpusejas-metala-bidamas-durvis\/","og_site_name":"MetalTale.com","og_image":[{"width":800,"height":800,"url":"http:\/\/metaltale.com\/wp-content\/uploads\/2023\/10\/Durys-INDUSTRIAL-DUO-100x210-1.jpg","type":"image\/jpeg"}],"twitter_card":"summary_large_image","twitter_misc":{"Est. reading time":"2 minutes"},"schema":{"@context":"https:\/\/schema.org","@graph":[{"@type":"WebPage","@id":"https:\/\/metaltale.com\/lv\/produkts\/industrial-duo-divpusejas-metala-bidamas-durvis\/","url":"https:\/\/metaltale.com\/lv\/produkts\/industrial-duo-divpusejas-metala-bidamas-durvis\/","name":"INDUSTRIAL DUO divpus\u0113j\u0101s met\u0101la b\u012bd\u0101m\u0101s durvis - MetalTale.com","isPartOf":{"@id":"https:\/\/metaltale.com\/lv\/#website"},"primaryImageOfPage":{"@id":"https:\/\/metaltale.com\/lv\/produkts\/industrial-duo-divpusejas-metala-bidamas-durvis\/#primaryimage"},"image":{"@id":"https:\/\/metaltale.com\/lv\/produkts\/industrial-duo-divpusejas-metala-bidamas-durvis\/#primaryimage"},"thumbnailUrl":"https:\/\/metaltale.com\/wp-content\/uploads\/2023\/10\/Durys-INDUSTRIAL-DUO-100x210-1.jpg","datePublished":"2024-01-23T22:37:38+00:00","breadcrumb":{"@id":"https:\/\/metaltale.com\/lv\/produkts\/industrial-duo-divpusejas-metala-bidamas-durvis\/#breadcrumb"},"inLanguage":"lv-LV","potentialAction":[{"@type":"ReadAction","target":["https:\/\/metaltale.com\/lv\/produkts\/industrial-duo-divpusejas-metala-bidamas-durvis\/"]}]},{"@type":"ImageObject","inLanguage":"lv-LV","@id":"https:\/\/metaltale.com\/lv\/produkts\/industrial-duo-divpusejas-metala-bidamas-durvis\/#primaryimage","url":"https:\/\/metaltale.com\/wp-content\/uploads\/2023\/10\/Durys-INDUSTRIAL-DUO-100x210-1.jpg","contentUrl":"https:\/\/metaltale.com\/wp-content\/uploads\/2023\/10\/Durys-INDUSTRIAL-DUO-100x210-1.jpg","width":800,"height":800,"caption":"Metalin\u0117s stumdomosios durys INDUSTRIAL DUO"},{"@type":"BreadcrumbList","@id":"https:\/\/metaltale.com\/lv\/produkts\/industrial-duo-divpusejas-metala-bidamas-durvis\/#breadcrumb","itemListElement":[{"@type":"ListItem","position":1,"name":"Home","item":"https:\/\/metaltale.com\/lv\/majas\/"},{"@type":"ListItem","position":2,"name":"Veikals","item":"https:\/\/metaltale.com\/lv\/shop\/"},{"@type":"ListItem","position":3,"name":"INDUSTRIAL DUO divpus\u0113j\u0101s met\u0101la b\u012bd\u0101m\u0101s durvis"}]},{"@type":"WebSite","@id":"https:\/\/metaltale.com\/lv\/#website","url":"https:\/\/metaltale.com\/lv\/","name":"Metaltale.com","description":"","potentialAction":[{"@type":"SearchAction","target":{"@type":"EntryPoint","urlTemplate":"https:\/\/metaltale.com\/lv\/?s={search_term_string}"},"query-input":{"@type":"PropertyValueSpecification","valueRequired":true,"valueName":"search_term_string"}}],"inLanguage":"lv-LV"}]}},"_links":{"self":[{"href":"https:\/\/metaltale.com\/lv\/wp-json\/wp\/v2\/product\/140615","targetHints":{"allow":["GET"]}}],"collection":[{"href":"https:\/\/metaltale.com\/lv\/wp-json\/wp\/v2\/product"}],"about":[{"href":"https:\/\/metaltale.com\/lv\/wp-json\/wp\/v2\/types\/product"}],"replies":[{"embeddable":true,"href":"https:\/\/metaltale.com\/lv\/wp-json\/wp\/v2\/comments?post=140615"}],"version-history":[{"count":0,"href":"https:\/\/metaltale.com\/lv\/wp-json\/wp\/v2\/product\/140615\/revisions"}],"wp:featuredmedia":[{"embeddable":true,"href":"https:\/\/metaltale.com\/lv\/wp-json\/wp\/v2\/media\/82188"}],"wp:attachment":[{"href":"https:\/\/metaltale.com\/lv\/wp-json\/wp\/v2\/media?parent=140615"}],"wp:term":[{"taxonomy":"product_brand","embeddable":true,"href":"https:\/\/metaltale.com\/lv\/wp-json\/wp\/v2\/product_brand?post=140615"},{"taxonomy":"product_cat","embeddable":true,"href":"https:\/\/metaltale.com\/lv\/wp-json\/wp\/v2\/product_cat?post=140615"},{"taxonomy":"product_tag","embeddable":true,"href":"https:\/\/metaltale.com\/lv\/wp-json\/wp\/v2\/product_tag?post=140615"}],"curies":[{"name":"wp","href":"https:\/\/api.w.org\/{rel}","templated":true}]}}