{"id":140600,"date":"2024-01-24T01:57:38","date_gmt":"2024-01-23T23:57:38","guid":{"rendered":"https:\/\/metaltale.com\/produktas\/mebelu-rokturis-rounded-forged-250-mm-melns\/"},"modified":"2024-01-24T01:57:38","modified_gmt":"2024-01-23T23:57:38","slug":"mebelu-rokturis-rounded-forged-250-mm-melns","status":"publish","type":"product","link":"https:\/\/metaltale.com\/lv\/produkts\/mebelu-rokturis-rounded-forged-250-mm-melns\/","title":{"rendered":"M\u0113be\u013cu rokturis ROUNDED FORGED 250 mm melns"},"content":{"rendered":"<div class=\"prod_data\">\n<p><strong>Modelis<\/strong> 49.082.HFB<br \/>\n<strong>Materi\u0101ls<\/strong> T\u0113rauds<br \/>\nKr\u0101sa Melna<br \/>\n<strong>Apdares<\/strong> vaska <strong>apdare<\/strong> <\/p>\n<p>&#8211; rokturis ir izgatavots no augst\u0101k\u0101s kvalit\u0101tes t\u0113rauda, kas garant\u0113 mums apstr\u0101des kvalit\u0101ti un izstr\u0101d\u0101juma iztur\u012bbu.<br \/>\n&#8211; t\u0101s praktisk\u0101 forma \u013cauj efekt\u012bvi un viegli atv\u0113rt<br \/>\n&#8211; rokturiem ir stiprin\u0101juma caurumi \u0101trai un vienk\u0101r\u0161ai mont\u0101\u017eai.<\/p>\n<hr>\n<p>Ar rok\u0101m darin\u0101ti m\u0113be\u013cu rokturi ir b\u016btisks retro interjera modifik\u0101cijas elements. Tie ne tikai \u013cauj piek\u013c\u016bt skapju, atvilkt\u0146u vai kumodu saturam, bet ar\u012b iev\u0113rojami uzlabo vizu\u0101lo saj\u016btu visda\u017e\u0101d\u0101kaj\u0101s telp\u0101s.<\/p>\n<p>Ierosin\u0101tais m\u0113be\u013cu rokturis ir izstr\u0101d\u0101ts, pamatojoties uz popul\u0101ru un p\u0101rbaud\u012btu dizainu. Ar rok\u0101m kalts no augstas kvalit\u0101tes t\u0113rauda, tas ir ieguvis pietiekamu iztur\u012bbu un virs vid\u0113j\u0101 l\u012bme\u0146a izskatu, lai apmierin\u0101tu pat viskaisl\u012bg\u0101kos rustik\u0101l\u0101 stila cien\u012bt\u0101jus.<\/p>\n<p>Tam ir 4 stiprin\u0101juma atveres, un taj\u0101 ir iek\u013cautas stiprin\u0101juma skr\u016bves.<\/p>\n<p>Pieejami da\u017e\u0101di izm\u0113ri.<\/p>\n<table style=\"width: 100%;\" border=\"0\" align=\"center\">\n<tbody>\n<tr>\n<td>V\u0101rds, uzv\u0101rds, amats<\/td>\n<td>\n<div>Platums*<\/div>\n<\/td>\n<td>Augstums*<\/td>\n<td>Att\u0101lums no sienas**<\/td>\n<td>Vertik\u0101lais att\u0101lums starp caurumiem***<\/td>\n<td>Horizont\u0101lais att\u0101lums starp caurumiem***<\/td>\n<\/tr>\n<tr>\n<td><\/td>\n<td style=\"text-align: center;\"><\/td>\n<td style=\"text-align: center;\"><\/td>\n<td style=\"text-align: center;\"><\/td>\n<td style=\"text-align: center;\"><\/td>\n<td style=\"text-align: center;\"><\/td>\n<\/tr>\n<tr>\n<td><\/td>\n<td style=\"text-align: center;\"><\/td>\n<td style=\"text-align: center;\"><\/td>\n<td style=\"text-align: center;\"><\/td>\n<td style=\"text-align: center;\"><\/td>\n<td style=\"text-align: center;\"><\/td>\n<\/tr>\n<tr>\n<td><\/td>\n<td style=\"text-align: center;\"><\/td>\n<td style=\"text-align: center;\"><\/td>\n<td style=\"text-align: center;\"><\/td>\n<td style=\"text-align: center;\"><\/td>\n<td style=\"text-align: center;\"><\/td>\n<\/tr>\n<tr>\n<td><\/td>\n<td style=\"text-align: center;\"><\/td>\n<td style=\"text-align: center;\"><\/td>\n<td style=\"text-align: center;\"><\/td>\n<td style=\"text-align: center;\"><\/td>\n<td style=\"text-align: center;\"><\/td>\n<\/tr>\n<tr>\n<td><\/td>\n<td style=\"text-align: center;\"><\/td>\n<td style=\"text-align: center;\"><\/td>\n<td style=\"text-align: center;\"><\/td>\n<td style=\"text-align: center;\"><\/td>\n<td style=\"text-align: center;\"><\/td>\n<\/tr>\n<tr>\n<td><\/td>\n<td style=\"text-align: center;\"><\/td>\n<td style=\"text-align: center;\"><\/td>\n<td style=\"text-align: center;\"><\/td>\n<td style=\"text-align: center;\"><\/td>\n<td style=\"text-align: center;\"><\/td>\n<\/tr>\n<tr>\n<td>Tur\u0113t\u0101js 250 mm<\/td>\n<td style=\"text-align: center;\">250<\/td>\n<td style=\"text-align: center;\">50<\/td>\n<td style=\"text-align: center;\">60<\/td>\n<td style=\"text-align: center;\">30<\/td>\n<td style=\"text-align: center;\">215<\/td>\n<\/tr>\n<tr>\n<td><\/td>\n<td style=\"text-align: center;\"><\/td>\n<td style=\"text-align: center;\"><\/td>\n<td style=\"text-align: center;\"><\/td>\n<td style=\"text-align: center;\"><\/td>\n<td style=\"text-align: center;\"><\/td>\n<\/tr>\n<tr>\n<td><\/td>\n<td style=\"text-align: center;\"><\/td>\n<td style=\"text-align: center;\"><\/td>\n<td style=\"text-align: center;\"><\/td>\n<td style=\"text-align: center;\"><\/td>\n<td style=\"text-align: center;\"><\/td>\n<\/tr>\n<\/tbody>\n<\/table>\n<p><span style=\"font-size: small;\">  * T\u0101 k\u0101 izstr\u0101d\u0101jums ir roku darbs, j\u0101\u0146em v\u0113r\u0101 pielaide +\/- 10 mm.<\/span><\/p>\n<p><span style=\"font-size: small;\">** T\u0101 k\u0101 tas ir ar rok\u0101m darin\u0101ts izstr\u0101d\u0101jums, j\u0101\u0146em v\u0113r\u0101, ka lieces r\u0101diuss un l\u012bdz ar to ar\u012b att\u0101lums no sienas var at\u0161\u0137irties atkar\u012bb\u0101 no roktura.<\/span><\/p>\n<p><span style=\"font-size: small;\">T\u0101 k\u0101 tas ir ar rok\u0101m darin\u0101ts izstr\u0101d\u0101jums, j\u0101\u0146em v\u0113r\u0101, ka caurumu atstarpes starp atsevi\u0161\u0137\u0101m deta\u013c\u0101m var at\u0161\u0137irties.<\/span><\/p>\n<\/div>\n","protected":false},"excerpt":{"rendered":"<p>Modelis 49.082.HFB Materi\u0101ls T\u0113rauds Kr\u0101sa Melna Apdares vaska apdare &#8211; rokturis ir izgatavots no augst\u0101k\u0101s kvalit\u0101tes t\u0113rauda, kas garant\u0113 mums<\/p>\n","protected":false},"featured_media":130787,"comment_status":"open","ping_status":"closed","template":"","meta":{"_acf_changed":false,"pmpro_default_level":""},"product_brand":[],"product_cat":[23837,23838,23843],"product_tag":[],"class_list":{"0":"post-140600","1":"product","2":"type-product","3":"status-publish","4":"has-post-thumbnail","6":"product_cat-mebeles-piederumi","7":"product_cat-mebelu-rokturi","8":"product_cat-skapju-rokturi","9":"pmpro-has-access","11":"first","12":"instock","13":"shipping-taxable","14":"purchasable","15":"product-type-simple"},"acf":[],"yoast_head":"<!-- This site is optimized with the Yoast SEO plugin v24.9 - https:\/\/yoast.com\/wordpress\/plugins\/seo\/ -->\n<title>M\u0113be\u013cu rokturis ROUNDED FORGED 250 mm melns - MetalTale.com<\/title>\n<meta name=\"robots\" content=\"index, follow, max-snippet:-1, max-image-preview:large, max-video-preview:-1\" \/>\n<link rel=\"canonical\" href=\"https:\/\/metaltale.com\/lv\/produkts\/mebelu-rokturis-rounded-forged-250-mm-melns\/\" \/>\n<meta property=\"og:locale\" content=\"lv_LV\" \/>\n<meta property=\"og:type\" content=\"article\" \/>\n<meta property=\"og:title\" content=\"M\u0113be\u013cu rokturis ROUNDED FORGED 250 mm melns - MetalTale.com\" \/>\n<meta property=\"og:description\" content=\"Modelis 49.082.HFB Materi\u0101ls T\u0113rauds Kr\u0101sa Melna Apdares vaska apdare &#8211; rokturis ir izgatavots no augst\u0101k\u0101s kvalit\u0101tes t\u0113rauda, kas garant\u0113 mums\" \/>\n<meta property=\"og:url\" content=\"https:\/\/metaltale.com\/lv\/produkts\/mebelu-rokturis-rounded-forged-250-mm-melns\/\" \/>\n<meta property=\"og:site_name\" content=\"MetalTale.com\" \/>\n<meta property=\"og:image\" content=\"https:\/\/metaltale.com\/wp-content\/uploads\/2024\/01\/Baldu-rankena-ROUNDED-FORGED-250mm-juoda.jpg\" \/>\n\t<meta property=\"og:image:width\" content=\"800\" \/>\n\t<meta property=\"og:image:height\" content=\"800\" \/>\n\t<meta property=\"og:image:type\" content=\"image\/jpeg\" \/>\n<meta name=\"twitter:card\" content=\"summary_large_image\" \/>\n<meta name=\"twitter:label1\" content=\"Est. reading time\" \/>\n\t<meta name=\"twitter:data1\" content=\"1 minute\" \/>\n<script type=\"application\/ld+json\" class=\"yoast-schema-graph\">{\"@context\":\"https:\/\/schema.org\",\"@graph\":[{\"@type\":\"WebPage\",\"@id\":\"https:\/\/metaltale.com\/lv\/produkts\/mebelu-rokturis-rounded-forged-250-mm-melns\/\",\"url\":\"https:\/\/metaltale.com\/lv\/produkts\/mebelu-rokturis-rounded-forged-250-mm-melns\/\",\"name\":\"M\u0113be\u013cu rokturis ROUNDED FORGED 250 mm melns - MetalTale.com\",\"isPartOf\":{\"@id\":\"https:\/\/metaltale.com\/lv\/#website\"},\"primaryImageOfPage\":{\"@id\":\"https:\/\/metaltale.com\/lv\/produkts\/mebelu-rokturis-rounded-forged-250-mm-melns\/#primaryimage\"},\"image\":{\"@id\":\"https:\/\/metaltale.com\/lv\/produkts\/mebelu-rokturis-rounded-forged-250-mm-melns\/#primaryimage\"},\"thumbnailUrl\":\"https:\/\/metaltale.com\/wp-content\/uploads\/2024\/01\/Baldu-rankena-ROUNDED-FORGED-250mm-juoda.jpg\",\"datePublished\":\"2024-01-23T23:57:38+00:00\",\"breadcrumb\":{\"@id\":\"https:\/\/metaltale.com\/lv\/produkts\/mebelu-rokturis-rounded-forged-250-mm-melns\/#breadcrumb\"},\"inLanguage\":\"lv-LV\",\"potentialAction\":[{\"@type\":\"ReadAction\",\"target\":[\"https:\/\/metaltale.com\/lv\/produkts\/mebelu-rokturis-rounded-forged-250-mm-melns\/\"]}]},{\"@type\":\"ImageObject\",\"inLanguage\":\"lv-LV\",\"@id\":\"https:\/\/metaltale.com\/lv\/produkts\/mebelu-rokturis-rounded-forged-250-mm-melns\/#primaryimage\",\"url\":\"https:\/\/metaltale.com\/wp-content\/uploads\/2024\/01\/Baldu-rankena-ROUNDED-FORGED-250mm-juoda.jpg\",\"contentUrl\":\"https:\/\/metaltale.com\/wp-content\/uploads\/2024\/01\/Baldu-rankena-ROUNDED-FORGED-250mm-juoda.jpg\",\"width\":800,\"height\":800,\"caption\":\"M\u0113be\u013cu rokturis ROUNDED FORGED 250 mm melns\"},{\"@type\":\"BreadcrumbList\",\"@id\":\"https:\/\/metaltale.com\/lv\/produkts\/mebelu-rokturis-rounded-forged-250-mm-melns\/#breadcrumb\",\"itemListElement\":[{\"@type\":\"ListItem\",\"position\":1,\"name\":\"Home\",\"item\":\"https:\/\/metaltale.com\/lv\/majas\/\"},{\"@type\":\"ListItem\",\"position\":2,\"name\":\"Veikals\",\"item\":\"https:\/\/metaltale.com\/lv\/shop\/\"},{\"@type\":\"ListItem\",\"position\":3,\"name\":\"M\u0113be\u013cu rokturis ROUNDED FORGED 250 mm melns\"}]},{\"@type\":\"WebSite\",\"@id\":\"https:\/\/metaltale.com\/lv\/#website\",\"url\":\"https:\/\/metaltale.com\/lv\/\",\"name\":\"Metaltale.com\",\"description\":\"\",\"potentialAction\":[{\"@type\":\"SearchAction\",\"target\":{\"@type\":\"EntryPoint\",\"urlTemplate\":\"https:\/\/metaltale.com\/lv\/?s={search_term_string}\"},\"query-input\":{\"@type\":\"PropertyValueSpecification\",\"valueRequired\":true,\"valueName\":\"search_term_string\"}}],\"inLanguage\":\"lv-LV\"}]}<\/script>\n<!-- \/ Yoast SEO plugin. -->","yoast_head_json":{"title":"M\u0113be\u013cu rokturis ROUNDED FORGED 250 mm melns - MetalTale.com","robots":{"index":"index","follow":"follow","max-snippet":"max-snippet:-1","max-image-preview":"max-image-preview:large","max-video-preview":"max-video-preview:-1"},"canonical":"https:\/\/metaltale.com\/lv\/produkts\/mebelu-rokturis-rounded-forged-250-mm-melns\/","og_locale":"lv_LV","og_type":"article","og_title":"M\u0113be\u013cu rokturis ROUNDED FORGED 250 mm melns - MetalTale.com","og_description":"Modelis 49.082.HFB Materi\u0101ls T\u0113rauds Kr\u0101sa Melna Apdares vaska apdare &#8211; rokturis ir izgatavots no augst\u0101k\u0101s kvalit\u0101tes t\u0113rauda, kas garant\u0113 mums","og_url":"https:\/\/metaltale.com\/lv\/produkts\/mebelu-rokturis-rounded-forged-250-mm-melns\/","og_site_name":"MetalTale.com","og_image":[{"width":800,"height":800,"url":"https:\/\/metaltale.com\/wp-content\/uploads\/2024\/01\/Baldu-rankena-ROUNDED-FORGED-250mm-juoda.jpg","type":"image\/jpeg"}],"twitter_card":"summary_large_image","twitter_misc":{"Est. reading time":"1 minute"},"schema":{"@context":"https:\/\/schema.org","@graph":[{"@type":"WebPage","@id":"https:\/\/metaltale.com\/lv\/produkts\/mebelu-rokturis-rounded-forged-250-mm-melns\/","url":"https:\/\/metaltale.com\/lv\/produkts\/mebelu-rokturis-rounded-forged-250-mm-melns\/","name":"M\u0113be\u013cu rokturis ROUNDED FORGED 250 mm melns - MetalTale.com","isPartOf":{"@id":"https:\/\/metaltale.com\/lv\/#website"},"primaryImageOfPage":{"@id":"https:\/\/metaltale.com\/lv\/produkts\/mebelu-rokturis-rounded-forged-250-mm-melns\/#primaryimage"},"image":{"@id":"https:\/\/metaltale.com\/lv\/produkts\/mebelu-rokturis-rounded-forged-250-mm-melns\/#primaryimage"},"thumbnailUrl":"https:\/\/metaltale.com\/wp-content\/uploads\/2024\/01\/Baldu-rankena-ROUNDED-FORGED-250mm-juoda.jpg","datePublished":"2024-01-23T23:57:38+00:00","breadcrumb":{"@id":"https:\/\/metaltale.com\/lv\/produkts\/mebelu-rokturis-rounded-forged-250-mm-melns\/#breadcrumb"},"inLanguage":"lv-LV","potentialAction":[{"@type":"ReadAction","target":["https:\/\/metaltale.com\/lv\/produkts\/mebelu-rokturis-rounded-forged-250-mm-melns\/"]}]},{"@type":"ImageObject","inLanguage":"lv-LV","@id":"https:\/\/metaltale.com\/lv\/produkts\/mebelu-rokturis-rounded-forged-250-mm-melns\/#primaryimage","url":"https:\/\/metaltale.com\/wp-content\/uploads\/2024\/01\/Baldu-rankena-ROUNDED-FORGED-250mm-juoda.jpg","contentUrl":"https:\/\/metaltale.com\/wp-content\/uploads\/2024\/01\/Baldu-rankena-ROUNDED-FORGED-250mm-juoda.jpg","width":800,"height":800,"caption":"M\u0113be\u013cu rokturis ROUNDED FORGED 250 mm melns"},{"@type":"BreadcrumbList","@id":"https:\/\/metaltale.com\/lv\/produkts\/mebelu-rokturis-rounded-forged-250-mm-melns\/#breadcrumb","itemListElement":[{"@type":"ListItem","position":1,"name":"Home","item":"https:\/\/metaltale.com\/lv\/majas\/"},{"@type":"ListItem","position":2,"name":"Veikals","item":"https:\/\/metaltale.com\/lv\/shop\/"},{"@type":"ListItem","position":3,"name":"M\u0113be\u013cu rokturis ROUNDED FORGED 250 mm melns"}]},{"@type":"WebSite","@id":"https:\/\/metaltale.com\/lv\/#website","url":"https:\/\/metaltale.com\/lv\/","name":"Metaltale.com","description":"","potentialAction":[{"@type":"SearchAction","target":{"@type":"EntryPoint","urlTemplate":"https:\/\/metaltale.com\/lv\/?s={search_term_string}"},"query-input":{"@type":"PropertyValueSpecification","valueRequired":true,"valueName":"search_term_string"}}],"inLanguage":"lv-LV"}]}},"_links":{"self":[{"href":"https:\/\/metaltale.com\/lv\/wp-json\/wp\/v2\/product\/140600","targetHints":{"allow":["GET"]}}],"collection":[{"href":"https:\/\/metaltale.com\/lv\/wp-json\/wp\/v2\/product"}],"about":[{"href":"https:\/\/metaltale.com\/lv\/wp-json\/wp\/v2\/types\/product"}],"replies":[{"embeddable":true,"href":"https:\/\/metaltale.com\/lv\/wp-json\/wp\/v2\/comments?post=140600"}],"version-history":[{"count":0,"href":"https:\/\/metaltale.com\/lv\/wp-json\/wp\/v2\/product\/140600\/revisions"}],"wp:featuredmedia":[{"embeddable":true,"href":"https:\/\/metaltale.com\/lv\/wp-json\/wp\/v2\/media\/130787"}],"wp:attachment":[{"href":"https:\/\/metaltale.com\/lv\/wp-json\/wp\/v2\/media?parent=140600"}],"wp:term":[{"taxonomy":"product_brand","embeddable":true,"href":"https:\/\/metaltale.com\/lv\/wp-json\/wp\/v2\/product_brand?post=140600"},{"taxonomy":"product_cat","embeddable":true,"href":"https:\/\/metaltale.com\/lv\/wp-json\/wp\/v2\/product_cat?post=140600"},{"taxonomy":"product_tag","embeddable":true,"href":"https:\/\/metaltale.com\/lv\/wp-json\/wp\/v2\/product_tag?post=140600"}],"curies":[{"name":"wp","href":"https:\/\/api.w.org\/{rel}","templated":true}]}}