{"id":140596,"date":"2024-01-24T01:01:43","date_gmt":"2024-01-23T23:01:43","guid":{"rendered":"https:\/\/metaltale.com\/produktas\/akis-spirala\/"},"modified":"2024-01-24T01:01:43","modified_gmt":"2024-01-23T23:01:43","slug":"akis-spirala","status":"publish","type":"product","link":"https:\/\/metaltale.com\/lv\/produkts\/akis-spirala\/","title":{"rendered":"\u0100\u0137is SPIRALA"},"content":{"rendered":"<div class=\"prod_data\">\n<p>49 336E <strong>modelis<\/strong>. AI.100<br \/>\n<strong>EAN.<\/strong>  5905369917394<br \/>\nMateri\u0101ls Ketus<br \/>\nKop\u0113jais augstums (cm ) 8,5<br \/>\n<strong>Kop\u0113j\u0101 projekcija (cm<\/strong> ) 7,6<br \/>\n<strong>Pamatnes izm\u0113ri (cm)<\/strong> 3,2 x 3,8<br \/>\n<strong>Sugas<\/strong> Dubult\u0101<br \/>\nT\u0113rauda <strong>kr\u0101sa<\/strong> <\/p>\n<p><strong>Lauku stila m\u0113be\u013cu aksesu\u0101ri<\/strong> ir iemantoju\u0161i neatsl\u0101bsto\u0161u popularit\u0101ti. To p\u0101rlaic\u012bgais raksturs padara tos lieliski sader\u012bgus ar citiem aksesu\u0101riem un piederumiem, k\u0101 ar\u012b retro stilu.<\/p>\n<p>M\u016bsu pied\u0101v\u0101jum\u0101 eso\u0161ais <strong>pakaramais \u0101\u0137is<\/strong> p\u0101rsteidz ar savu vienk\u0101r\u0161o formu un klasisko formu. Kopumu papildina izst\u0101d\u012bt\u0101 neapstr\u0101d\u0101t\u0101 t\u0113rauda dabisk\u0101 kr\u0101sa un tekst\u016bra, kas ir r\u016bp\u012bgas dzelzs lie\u0161anas rezult\u0101ts. Uz \u0101\u0137a ir divi pakaramie, kas balst\u0101s uz taisnst\u016brveida mont\u0101\u017eas pamatnes.<\/p>\n<p>Tam ir \u010detri stiprin\u0101juma caurumi, skr\u016bves ir iek\u013cautas komplekt\u0101.<\/p>\n<\/div>\n","protected":false},"excerpt":{"rendered":"<p>49 336E modelis. AI.100 EAN. 5905369917394 Materi\u0101ls Ketus Kop\u0113jais augstums (cm ) 8,5 Kop\u0113j\u0101 projekcija (cm ) 7,6 Pamatnes izm\u0113ri<\/p>\n","protected":false},"featured_media":88009,"comment_status":"open","ping_status":"closed","template":"","meta":{"_acf_changed":false,"pmpro_default_level":""},"product_brand":[],"product_cat":[23837,23862],"product_tag":[],"class_list":{"0":"post-140596","1":"product","2":"type-product","3":"status-publish","4":"has-post-thumbnail","6":"product_cat-mebeles-piederumi","7":"product_cat-pakabos-ir-kabliukai-lv","8":"pmpro-has-access","10":"first","11":"instock","12":"shipping-taxable","13":"purchasable","14":"product-type-simple"},"acf":[],"yoast_head":"<!-- This site is optimized with the Yoast SEO plugin v24.9 - https:\/\/yoast.com\/wordpress\/plugins\/seo\/ -->\n<title>\u0100\u0137is SPIRALA - MetalTale.com<\/title>\n<meta name=\"robots\" content=\"index, follow, max-snippet:-1, max-image-preview:large, max-video-preview:-1\" \/>\n<link rel=\"canonical\" href=\"https:\/\/metaltale.com\/lv\/produkts\/akis-spirala\/\" \/>\n<meta property=\"og:locale\" content=\"lv_LV\" \/>\n<meta property=\"og:type\" content=\"article\" \/>\n<meta property=\"og:title\" content=\"\u0100\u0137is SPIRALA - MetalTale.com\" \/>\n<meta property=\"og:description\" content=\"49 336E modelis. AI.100 EAN. 5905369917394 Materi\u0101ls Ketus Kop\u0113jais augstums (cm ) 8,5 Kop\u0113j\u0101 projekcija (cm ) 7,6 Pamatnes izm\u0113ri\" \/>\n<meta property=\"og:url\" content=\"https:\/\/metaltale.com\/lv\/produkts\/akis-spirala\/\" \/>\n<meta property=\"og:site_name\" content=\"MetalTale.com\" \/>\n<meta name=\"twitter:card\" content=\"summary_large_image\" \/>\n<meta name=\"twitter:label1\" content=\"Est. reading time\" \/>\n\t<meta name=\"twitter:data1\" content=\"1 minute\" \/>\n<script type=\"application\/ld+json\" class=\"yoast-schema-graph\">{\"@context\":\"https:\/\/schema.org\",\"@graph\":[{\"@type\":\"WebPage\",\"@id\":\"https:\/\/metaltale.com\/lv\/produkts\/akis-spirala\/\",\"url\":\"https:\/\/metaltale.com\/lv\/produkts\/akis-spirala\/\",\"name\":\"\u0100\u0137is SPIRALA - MetalTale.com\",\"isPartOf\":{\"@id\":\"https:\/\/metaltale.com\/lv\/#website\"},\"primaryImageOfPage\":{\"@id\":\"https:\/\/metaltale.com\/lv\/produkts\/akis-spirala\/#primaryimage\"},\"image\":{\"@id\":\"https:\/\/metaltale.com\/lv\/produkts\/akis-spirala\/#primaryimage\"},\"thumbnailUrl\":\"https:\/\/metaltale.com\/wp-content\/uploads\/2023\/10\/Kablys-SPIRALx116.jpg\",\"datePublished\":\"2024-01-23T23:01:43+00:00\",\"breadcrumb\":{\"@id\":\"https:\/\/metaltale.com\/lv\/produkts\/akis-spirala\/#breadcrumb\"},\"inLanguage\":\"lv-LV\",\"potentialAction\":[{\"@type\":\"ReadAction\",\"target\":[\"https:\/\/metaltale.com\/lv\/produkts\/akis-spirala\/\"]}]},{\"@type\":\"ImageObject\",\"inLanguage\":\"lv-LV\",\"@id\":\"https:\/\/metaltale.com\/lv\/produkts\/akis-spirala\/#primaryimage\",\"url\":\"https:\/\/metaltale.com\/wp-content\/uploads\/2023\/10\/Kablys-SPIRALx116.jpg\",\"contentUrl\":\"https:\/\/metaltale.com\/wp-content\/uploads\/2023\/10\/Kablys-SPIRALx116.jpg\",\"width\":800,\"height\":800,\"caption\":\"Dr\u0113bju \u0101\u0137is\"},{\"@type\":\"BreadcrumbList\",\"@id\":\"https:\/\/metaltale.com\/lv\/produkts\/akis-spirala\/#breadcrumb\",\"itemListElement\":[{\"@type\":\"ListItem\",\"position\":1,\"name\":\"Home\",\"item\":\"https:\/\/metaltale.com\/lv\/majas\/\"},{\"@type\":\"ListItem\",\"position\":2,\"name\":\"Veikals\",\"item\":\"https:\/\/metaltale.com\/lv\/shop\/\"},{\"@type\":\"ListItem\",\"position\":3,\"name\":\"\u0100\u0137is SPIRALA\"}]},{\"@type\":\"WebSite\",\"@id\":\"https:\/\/metaltale.com\/lv\/#website\",\"url\":\"https:\/\/metaltale.com\/lv\/\",\"name\":\"Metaltale.com\",\"description\":\"\",\"potentialAction\":[{\"@type\":\"SearchAction\",\"target\":{\"@type\":\"EntryPoint\",\"urlTemplate\":\"https:\/\/metaltale.com\/lv\/?s={search_term_string}\"},\"query-input\":{\"@type\":\"PropertyValueSpecification\",\"valueRequired\":true,\"valueName\":\"search_term_string\"}}],\"inLanguage\":\"lv-LV\"}]}<\/script>\n<!-- \/ Yoast SEO plugin. -->","yoast_head_json":{"title":"\u0100\u0137is SPIRALA - MetalTale.com","robots":{"index":"index","follow":"follow","max-snippet":"max-snippet:-1","max-image-preview":"max-image-preview:large","max-video-preview":"max-video-preview:-1"},"canonical":"https:\/\/metaltale.com\/lv\/produkts\/akis-spirala\/","og_locale":"lv_LV","og_type":"article","og_title":"\u0100\u0137is SPIRALA - MetalTale.com","og_description":"49 336E modelis. AI.100 EAN. 5905369917394 Materi\u0101ls Ketus Kop\u0113jais augstums (cm ) 8,5 Kop\u0113j\u0101 projekcija (cm ) 7,6 Pamatnes izm\u0113ri","og_url":"https:\/\/metaltale.com\/lv\/produkts\/akis-spirala\/","og_site_name":"MetalTale.com","twitter_card":"summary_large_image","twitter_misc":{"Est. reading time":"1 minute"},"schema":{"@context":"https:\/\/schema.org","@graph":[{"@type":"WebPage","@id":"https:\/\/metaltale.com\/lv\/produkts\/akis-spirala\/","url":"https:\/\/metaltale.com\/lv\/produkts\/akis-spirala\/","name":"\u0100\u0137is SPIRALA - MetalTale.com","isPartOf":{"@id":"https:\/\/metaltale.com\/lv\/#website"},"primaryImageOfPage":{"@id":"https:\/\/metaltale.com\/lv\/produkts\/akis-spirala\/#primaryimage"},"image":{"@id":"https:\/\/metaltale.com\/lv\/produkts\/akis-spirala\/#primaryimage"},"thumbnailUrl":"https:\/\/metaltale.com\/wp-content\/uploads\/2023\/10\/Kablys-SPIRALx116.jpg","datePublished":"2024-01-23T23:01:43+00:00","breadcrumb":{"@id":"https:\/\/metaltale.com\/lv\/produkts\/akis-spirala\/#breadcrumb"},"inLanguage":"lv-LV","potentialAction":[{"@type":"ReadAction","target":["https:\/\/metaltale.com\/lv\/produkts\/akis-spirala\/"]}]},{"@type":"ImageObject","inLanguage":"lv-LV","@id":"https:\/\/metaltale.com\/lv\/produkts\/akis-spirala\/#primaryimage","url":"https:\/\/metaltale.com\/wp-content\/uploads\/2023\/10\/Kablys-SPIRALx116.jpg","contentUrl":"https:\/\/metaltale.com\/wp-content\/uploads\/2023\/10\/Kablys-SPIRALx116.jpg","width":800,"height":800,"caption":"Dr\u0113bju \u0101\u0137is"},{"@type":"BreadcrumbList","@id":"https:\/\/metaltale.com\/lv\/produkts\/akis-spirala\/#breadcrumb","itemListElement":[{"@type":"ListItem","position":1,"name":"Home","item":"https:\/\/metaltale.com\/lv\/majas\/"},{"@type":"ListItem","position":2,"name":"Veikals","item":"https:\/\/metaltale.com\/lv\/shop\/"},{"@type":"ListItem","position":3,"name":"\u0100\u0137is SPIRALA"}]},{"@type":"WebSite","@id":"https:\/\/metaltale.com\/lv\/#website","url":"https:\/\/metaltale.com\/lv\/","name":"Metaltale.com","description":"","potentialAction":[{"@type":"SearchAction","target":{"@type":"EntryPoint","urlTemplate":"https:\/\/metaltale.com\/lv\/?s={search_term_string}"},"query-input":{"@type":"PropertyValueSpecification","valueRequired":true,"valueName":"search_term_string"}}],"inLanguage":"lv-LV"}]}},"_links":{"self":[{"href":"https:\/\/metaltale.com\/lv\/wp-json\/wp\/v2\/product\/140596","targetHints":{"allow":["GET"]}}],"collection":[{"href":"https:\/\/metaltale.com\/lv\/wp-json\/wp\/v2\/product"}],"about":[{"href":"https:\/\/metaltale.com\/lv\/wp-json\/wp\/v2\/types\/product"}],"replies":[{"embeddable":true,"href":"https:\/\/metaltale.com\/lv\/wp-json\/wp\/v2\/comments?post=140596"}],"version-history":[{"count":0,"href":"https:\/\/metaltale.com\/lv\/wp-json\/wp\/v2\/product\/140596\/revisions"}],"wp:featuredmedia":[{"embeddable":true,"href":"https:\/\/metaltale.com\/lv\/wp-json\/wp\/v2\/media\/88009"}],"wp:attachment":[{"href":"https:\/\/metaltale.com\/lv\/wp-json\/wp\/v2\/media?parent=140596"}],"wp:term":[{"taxonomy":"product_brand","embeddable":true,"href":"https:\/\/metaltale.com\/lv\/wp-json\/wp\/v2\/product_brand?post=140596"},{"taxonomy":"product_cat","embeddable":true,"href":"https:\/\/metaltale.com\/lv\/wp-json\/wp\/v2\/product_cat?post=140596"},{"taxonomy":"product_tag","embeddable":true,"href":"https:\/\/metaltale.com\/lv\/wp-json\/wp\/v2\/product_tag?post=140596"}],"curies":[{"name":"wp","href":"https:\/\/api.w.org\/{rel}","templated":true}]}}