{"id":140592,"date":"2024-01-24T01:01:43","date_gmt":"2024-01-23T23:01:43","guid":{"rendered":"https:\/\/metaltale.com\/produktas\/apgerbu-akis-englishman\/"},"modified":"2024-01-24T01:01:43","modified_gmt":"2024-01-23T23:01:43","slug":"apgerbu-akis-englishman","status":"publish","type":"product","link":"https:\/\/metaltale.com\/lv\/produkts\/apgerbu-akis-englishman\/","title":{"rendered":"Ap\u0123\u0113rbu \u0101\u0137is ENGLISHMAN"},"content":{"rendered":"<div class=\"prod_data\">\n<p><strong>Modelis<\/strong> 70.336H. AI.175<br \/>\n<strong>EAN.<\/strong>  5905369918360<br \/>\nMateri\u0101ls Ketus<br \/>\n<strong>Kop\u0113jais augstums (cm<\/strong> ) 14,5<br \/>\n<strong>Kop\u0113j\u0101 projekcija (cm<\/strong> ) 6,5<br \/>\n<strong>Pamatnes izm\u0113ri (cm)<\/strong> 3,7 x 5,5<br \/>\n<strong>Sugas<\/strong> Dubult\u0101<br \/>\nT\u0113rauda <strong>kr\u0101sa<\/strong> <\/p>\n<p>Senlaic\u012bga \u010duguna interjera apdare ir noz\u012bm\u012bgs veids, k\u0101 visai telpai pie\u0161\u0137irt unik\u0101lu lauku noska\u0146u. Izstr\u0101d\u0101jumiem no \u0161\u0101da veida materi\u0101la ir augsta iztur\u012bbas pak\u0101pe, un, kombin\u0113jot tos ar labi izv\u0113l\u0113tiem m\u0113be\u013cu aksesu\u0101riem, tie veido harmonisku veselumu.<\/p>\n<p>\u0160eit redzamais <strong>piekaramais \u0101\u0137is<\/strong> papildina m\u016bsu tie\u0161saistes veikala kl\u0101stu ar klasiskiem un p\u0101rbaud\u012btiem stiprin\u0101jumu dizainiem, kas sp\u0113c\u012bgi uzsver to lauku izcelsmi. \u0100\u0137is tika izgatavots no augstas kvalit\u0101tes \u010duguna un p\u0113c tam apstr\u0101d\u0101ts ar impregn\u0113\u0161anas l\u012bdzekli.<\/p>\n<p>Komplekt\u0101 ietilpst skr\u016bvju komplekts.<\/p>\n<\/div>\n","protected":false},"excerpt":{"rendered":"<p>Modelis 70.336H. AI.175 EAN. 5905369918360 Materi\u0101ls Ketus Kop\u0113jais augstums (cm ) 14,5 Kop\u0113j\u0101 projekcija (cm ) 6,5 Pamatnes izm\u0113ri (cm)<\/p>\n","protected":false},"featured_media":113465,"comment_status":"open","ping_status":"closed","template":"","meta":{"_acf_changed":false,"pmpro_default_level":""},"product_brand":[],"product_cat":[23837,23862],"product_tag":[],"class_list":{"0":"post-140592","1":"product","2":"type-product","3":"status-publish","4":"has-post-thumbnail","6":"product_cat-mebeles-piederumi","7":"product_cat-pakabos-ir-kabliukai-lv","8":"pmpro-has-access","10":"first","11":"instock","12":"shipping-taxable","13":"purchasable","14":"product-type-simple"},"acf":[],"yoast_head":"<!-- This site is optimized with the Yoast SEO plugin v24.9 - https:\/\/yoast.com\/wordpress\/plugins\/seo\/ -->\n<title>Ap\u0123\u0113rbu \u0101\u0137is ENGLISHMAN - MetalTale.com<\/title>\n<meta name=\"robots\" content=\"index, follow, max-snippet:-1, max-image-preview:large, max-video-preview:-1\" \/>\n<link rel=\"canonical\" href=\"https:\/\/metaltale.com\/lv\/produkts\/apgerbu-akis-englishman\/\" \/>\n<meta property=\"og:locale\" content=\"lv_LV\" \/>\n<meta property=\"og:type\" content=\"article\" \/>\n<meta property=\"og:title\" content=\"Ap\u0123\u0113rbu \u0101\u0137is ENGLISHMAN - MetalTale.com\" \/>\n<meta property=\"og:description\" content=\"Modelis 70.336H. AI.175 EAN. 5905369918360 Materi\u0101ls Ketus Kop\u0113jais augstums (cm ) 14,5 Kop\u0113j\u0101 projekcija (cm ) 6,5 Pamatnes izm\u0113ri (cm)\" \/>\n<meta property=\"og:url\" content=\"https:\/\/metaltale.com\/lv\/produkts\/apgerbu-akis-englishman\/\" \/>\n<meta property=\"og:site_name\" content=\"MetalTale.com\" \/>\n<meta name=\"twitter:card\" content=\"summary_large_image\" \/>\n<meta name=\"twitter:label1\" content=\"Est. reading time\" \/>\n\t<meta name=\"twitter:data1\" content=\"1 minute\" \/>\n<script type=\"application\/ld+json\" class=\"yoast-schema-graph\">{\"@context\":\"https:\/\/schema.org\",\"@graph\":[{\"@type\":\"WebPage\",\"@id\":\"https:\/\/metaltale.com\/lv\/produkts\/apgerbu-akis-englishman\/\",\"url\":\"https:\/\/metaltale.com\/lv\/produkts\/apgerbu-akis-englishman\/\",\"name\":\"Ap\u0123\u0113rbu \u0101\u0137is ENGLISHMAN - MetalTale.com\",\"isPartOf\":{\"@id\":\"https:\/\/metaltale.com\/lv\/#website\"},\"primaryImageOfPage\":{\"@id\":\"https:\/\/metaltale.com\/lv\/produkts\/apgerbu-akis-englishman\/#primaryimage\"},\"image\":{\"@id\":\"https:\/\/metaltale.com\/lv\/produkts\/apgerbu-akis-englishman\/#primaryimage\"},\"thumbnailUrl\":\"https:\/\/metaltale.com\/wp-content\/uploads\/2023\/11\/Kablys-ANGLAS.jpg\",\"datePublished\":\"2024-01-23T23:01:43+00:00\",\"breadcrumb\":{\"@id\":\"https:\/\/metaltale.com\/lv\/produkts\/apgerbu-akis-englishman\/#breadcrumb\"},\"inLanguage\":\"lv-LV\",\"potentialAction\":[{\"@type\":\"ReadAction\",\"target\":[\"https:\/\/metaltale.com\/lv\/produkts\/apgerbu-akis-englishman\/\"]}]},{\"@type\":\"ImageObject\",\"inLanguage\":\"lv-LV\",\"@id\":\"https:\/\/metaltale.com\/lv\/produkts\/apgerbu-akis-englishman\/#primaryimage\",\"url\":\"https:\/\/metaltale.com\/wp-content\/uploads\/2023\/11\/Kablys-ANGLAS.jpg\",\"contentUrl\":\"https:\/\/metaltale.com\/wp-content\/uploads\/2023\/11\/Kablys-ANGLAS.jpg\",\"width\":800,\"height\":800,\"caption\":\"Ap\u0123\u0113rbu \u0101\u0137is ENGLISHMAN\"},{\"@type\":\"BreadcrumbList\",\"@id\":\"https:\/\/metaltale.com\/lv\/produkts\/apgerbu-akis-englishman\/#breadcrumb\",\"itemListElement\":[{\"@type\":\"ListItem\",\"position\":1,\"name\":\"Home\",\"item\":\"https:\/\/metaltale.com\/lv\/majas\/\"},{\"@type\":\"ListItem\",\"position\":2,\"name\":\"Veikals\",\"item\":\"https:\/\/metaltale.com\/lv\/shop\/\"},{\"@type\":\"ListItem\",\"position\":3,\"name\":\"Ap\u0123\u0113rbu \u0101\u0137is ENGLISHMAN\"}]},{\"@type\":\"WebSite\",\"@id\":\"https:\/\/metaltale.com\/lv\/#website\",\"url\":\"https:\/\/metaltale.com\/lv\/\",\"name\":\"Metaltale.com\",\"description\":\"\",\"potentialAction\":[{\"@type\":\"SearchAction\",\"target\":{\"@type\":\"EntryPoint\",\"urlTemplate\":\"https:\/\/metaltale.com\/lv\/?s={search_term_string}\"},\"query-input\":{\"@type\":\"PropertyValueSpecification\",\"valueRequired\":true,\"valueName\":\"search_term_string\"}}],\"inLanguage\":\"lv-LV\"}]}<\/script>\n<!-- \/ Yoast SEO plugin. -->","yoast_head_json":{"title":"Ap\u0123\u0113rbu \u0101\u0137is ENGLISHMAN - MetalTale.com","robots":{"index":"index","follow":"follow","max-snippet":"max-snippet:-1","max-image-preview":"max-image-preview:large","max-video-preview":"max-video-preview:-1"},"canonical":"https:\/\/metaltale.com\/lv\/produkts\/apgerbu-akis-englishman\/","og_locale":"lv_LV","og_type":"article","og_title":"Ap\u0123\u0113rbu \u0101\u0137is ENGLISHMAN - MetalTale.com","og_description":"Modelis 70.336H. AI.175 EAN. 5905369918360 Materi\u0101ls Ketus Kop\u0113jais augstums (cm ) 14,5 Kop\u0113j\u0101 projekcija (cm ) 6,5 Pamatnes izm\u0113ri (cm)","og_url":"https:\/\/metaltale.com\/lv\/produkts\/apgerbu-akis-englishman\/","og_site_name":"MetalTale.com","twitter_card":"summary_large_image","twitter_misc":{"Est. reading time":"1 minute"},"schema":{"@context":"https:\/\/schema.org","@graph":[{"@type":"WebPage","@id":"https:\/\/metaltale.com\/lv\/produkts\/apgerbu-akis-englishman\/","url":"https:\/\/metaltale.com\/lv\/produkts\/apgerbu-akis-englishman\/","name":"Ap\u0123\u0113rbu \u0101\u0137is ENGLISHMAN - MetalTale.com","isPartOf":{"@id":"https:\/\/metaltale.com\/lv\/#website"},"primaryImageOfPage":{"@id":"https:\/\/metaltale.com\/lv\/produkts\/apgerbu-akis-englishman\/#primaryimage"},"image":{"@id":"https:\/\/metaltale.com\/lv\/produkts\/apgerbu-akis-englishman\/#primaryimage"},"thumbnailUrl":"https:\/\/metaltale.com\/wp-content\/uploads\/2023\/11\/Kablys-ANGLAS.jpg","datePublished":"2024-01-23T23:01:43+00:00","breadcrumb":{"@id":"https:\/\/metaltale.com\/lv\/produkts\/apgerbu-akis-englishman\/#breadcrumb"},"inLanguage":"lv-LV","potentialAction":[{"@type":"ReadAction","target":["https:\/\/metaltale.com\/lv\/produkts\/apgerbu-akis-englishman\/"]}]},{"@type":"ImageObject","inLanguage":"lv-LV","@id":"https:\/\/metaltale.com\/lv\/produkts\/apgerbu-akis-englishman\/#primaryimage","url":"https:\/\/metaltale.com\/wp-content\/uploads\/2023\/11\/Kablys-ANGLAS.jpg","contentUrl":"https:\/\/metaltale.com\/wp-content\/uploads\/2023\/11\/Kablys-ANGLAS.jpg","width":800,"height":800,"caption":"Ap\u0123\u0113rbu \u0101\u0137is ENGLISHMAN"},{"@type":"BreadcrumbList","@id":"https:\/\/metaltale.com\/lv\/produkts\/apgerbu-akis-englishman\/#breadcrumb","itemListElement":[{"@type":"ListItem","position":1,"name":"Home","item":"https:\/\/metaltale.com\/lv\/majas\/"},{"@type":"ListItem","position":2,"name":"Veikals","item":"https:\/\/metaltale.com\/lv\/shop\/"},{"@type":"ListItem","position":3,"name":"Ap\u0123\u0113rbu \u0101\u0137is ENGLISHMAN"}]},{"@type":"WebSite","@id":"https:\/\/metaltale.com\/lv\/#website","url":"https:\/\/metaltale.com\/lv\/","name":"Metaltale.com","description":"","potentialAction":[{"@type":"SearchAction","target":{"@type":"EntryPoint","urlTemplate":"https:\/\/metaltale.com\/lv\/?s={search_term_string}"},"query-input":{"@type":"PropertyValueSpecification","valueRequired":true,"valueName":"search_term_string"}}],"inLanguage":"lv-LV"}]}},"_links":{"self":[{"href":"https:\/\/metaltale.com\/lv\/wp-json\/wp\/v2\/product\/140592","targetHints":{"allow":["GET"]}}],"collection":[{"href":"https:\/\/metaltale.com\/lv\/wp-json\/wp\/v2\/product"}],"about":[{"href":"https:\/\/metaltale.com\/lv\/wp-json\/wp\/v2\/types\/product"}],"replies":[{"embeddable":true,"href":"https:\/\/metaltale.com\/lv\/wp-json\/wp\/v2\/comments?post=140592"}],"version-history":[{"count":0,"href":"https:\/\/metaltale.com\/lv\/wp-json\/wp\/v2\/product\/140592\/revisions"}],"wp:featuredmedia":[{"embeddable":true,"href":"https:\/\/metaltale.com\/lv\/wp-json\/wp\/v2\/media\/113465"}],"wp:attachment":[{"href":"https:\/\/metaltale.com\/lv\/wp-json\/wp\/v2\/media?parent=140592"}],"wp:term":[{"taxonomy":"product_brand","embeddable":true,"href":"https:\/\/metaltale.com\/lv\/wp-json\/wp\/v2\/product_brand?post=140592"},{"taxonomy":"product_cat","embeddable":true,"href":"https:\/\/metaltale.com\/lv\/wp-json\/wp\/v2\/product_cat?post=140592"},{"taxonomy":"product_tag","embeddable":true,"href":"https:\/\/metaltale.com\/lv\/wp-json\/wp\/v2\/product_tag?post=140592"}],"curies":[{"name":"wp","href":"https:\/\/api.w.org\/{rel}","templated":true}]}}