{"id":140590,"date":"2024-01-24T00:55:36","date_gmt":"2024-01-23T22:55:36","guid":{"rendered":"https:\/\/metaltale.com\/produktas\/preston-durvju-rokturi-bez-sledzenes\/"},"modified":"2024-01-24T00:55:36","modified_gmt":"2024-01-23T22:55:36","slug":"preston-durvju-rokturi-bez-sledzenes","status":"publish","type":"product","link":"https:\/\/metaltale.com\/lv\/produkts\/preston-durvju-rokturi-bez-sledzenes\/","title":{"rendered":"PRESTON durvju rokturi bez sl\u0113dzenes"},"content":{"rendered":"<div class=\"prod_data\">\n<p><strong>Modelis<\/strong> B.PN. PRGR<br \/>\n<strong>Materi\u0101ls<\/strong> T\u0113rauds<br \/>\n<strong>Kop\u0113jais augstums (cm<\/strong> ) 24<br \/>\n<strong>Kop\u0113jais platums (cm<\/strong> ) 11,5<br \/>\n<strong>Kop\u0113j\u0101 projekcija (cm<\/strong> ) 5<br \/>\n<strong>Pal\u012bdz\u012bba<\/strong> N\u0113<br \/>\nMont\u0101\u017eas skr\u016bves J\u0101<br \/>\nKr\u0101sa Melna<br \/>\n<strong>Apdare<\/strong> M\u012bksta, sat\u012bna efekts<br \/>\n<strong>Pavir\u0161iaus tipas<\/strong> Lyg\u016bs<br \/>\n<strong>Skaits komplekt\u0101<\/strong> 2 x rokturis\/rokturis + serde + stiprin\u0101juma skr\u016bves<\/p>\n<p>&#8211; Komplekt\u0101 ietilpst divi rokturi (l\u012bdz 1 durvju v\u0113rtnei), serde un mont\u0101\u017eas elementi.<br \/>\n&#8211; izstr\u0101d\u0101jumu var izmantot iek\u0161durv\u012bm un \u0101rdurv\u012bm.<\/p>\n<hr>\n<p>&#8220;Preston t\u0113rauda rokturi meln\u0101, da\u013c\u0113ji mat\u0113t\u0101 kr\u0101s\u0101 ir funkcionalit\u0101tes un est\u0113tikas apvienojums. Pateicoties sav\u012btajam rokturim, \u0161is modelis rot\u0101 ar\u012b m\u016bsu durvis. \u0160aj\u0101 pied\u0101v\u0101jum\u0101 m\u0113s pied\u0101v\u0101jam vair\u0101kus &#8220;Preston&#8221; rokturu mode\u013cus: piem\u0113ram, ar z\u012bmi ar ielikt\u0146a vai atsl\u0113gas izv\u0113li, ar tualetes aizv\u0113r\u0161anas z\u012bmi, ar pilnu z\u012bmi vai ar pa\u0161u rokturi. Iesp\u0113ju ir tik daudz, ka \u0161o roktura modeli patie\u0161\u0101m var izmantot vis\u0101m m\u0101jas vai dz\u012bvok\u013ca durv\u012bm.<\/p>\n<hr>\n<\/div>\n","protected":false},"excerpt":{"rendered":"<p>Modelis B.PN. PRGR Materi\u0101ls T\u0113rauds Kop\u0113jais augstums (cm ) 24 Kop\u0113jais platums (cm ) 11,5 Kop\u0113j\u0101 projekcija (cm ) 5<\/p>\n","protected":false},"featured_media":131111,"comment_status":"open","ping_status":"closed","template":"","meta":{"_acf_changed":false,"pmpro_default_level":""},"product_brand":[],"product_cat":[24134,24081,23837],"product_tag":[],"class_list":{"0":"post-140590","1":"product","2":"type-product","3":"status-publish","4":"has-post-thumbnail","6":"product_cat-durvju-rokturi","7":"product_cat-rokturi","8":"product_cat-mebeles-piederumi","9":"pmpro-has-access","11":"first","12":"instock","13":"shipping-taxable","14":"purchasable","15":"product-type-simple"},"acf":[],"yoast_head":"<!-- This site is optimized with the Yoast SEO plugin v24.9 - https:\/\/yoast.com\/wordpress\/plugins\/seo\/ -->\n<title>PRESTON durvju rokturi bez sl\u0113dzenes - MetalTale.com<\/title>\n<meta name=\"robots\" content=\"index, follow, max-snippet:-1, max-image-preview:large, max-video-preview:-1\" \/>\n<link rel=\"canonical\" href=\"https:\/\/metaltale.com\/lv\/produkts\/preston-durvju-rokturi-bez-sledzenes\/\" \/>\n<meta property=\"og:locale\" content=\"lv_LV\" \/>\n<meta property=\"og:type\" content=\"article\" \/>\n<meta property=\"og:title\" content=\"PRESTON durvju rokturi bez sl\u0113dzenes - MetalTale.com\" \/>\n<meta property=\"og:description\" content=\"Modelis B.PN. PRGR Materi\u0101ls T\u0113rauds Kop\u0113jais augstums (cm ) 24 Kop\u0113jais platums (cm ) 11,5 Kop\u0113j\u0101 projekcija (cm ) 5\" \/>\n<meta property=\"og:url\" content=\"https:\/\/metaltale.com\/lv\/produkts\/preston-durvju-rokturi-bez-sledzenes\/\" \/>\n<meta property=\"og:site_name\" content=\"MetalTale.com\" \/>\n<meta property=\"og:image\" content=\"https:\/\/metaltale.com\/wp-content\/uploads\/2024\/01\/Duru-rankenos-PRESTON-be-uzrakto.jpg\" \/>\n\t<meta property=\"og:image:width\" content=\"800\" \/>\n\t<meta property=\"og:image:height\" content=\"800\" \/>\n\t<meta property=\"og:image:type\" content=\"image\/jpeg\" \/>\n<meta name=\"twitter:card\" content=\"summary_large_image\" \/>\n<meta name=\"twitter:label1\" content=\"Est. reading time\" \/>\n\t<meta name=\"twitter:data1\" content=\"1 minute\" \/>\n<script type=\"application\/ld+json\" class=\"yoast-schema-graph\">{\"@context\":\"https:\/\/schema.org\",\"@graph\":[{\"@type\":\"WebPage\",\"@id\":\"https:\/\/metaltale.com\/lv\/produkts\/preston-durvju-rokturi-bez-sledzenes\/\",\"url\":\"https:\/\/metaltale.com\/lv\/produkts\/preston-durvju-rokturi-bez-sledzenes\/\",\"name\":\"PRESTON durvju rokturi bez sl\u0113dzenes - MetalTale.com\",\"isPartOf\":{\"@id\":\"https:\/\/metaltale.com\/lv\/#website\"},\"primaryImageOfPage\":{\"@id\":\"https:\/\/metaltale.com\/lv\/produkts\/preston-durvju-rokturi-bez-sledzenes\/#primaryimage\"},\"image\":{\"@id\":\"https:\/\/metaltale.com\/lv\/produkts\/preston-durvju-rokturi-bez-sledzenes\/#primaryimage\"},\"thumbnailUrl\":\"https:\/\/metaltale.com\/wp-content\/uploads\/2024\/01\/Duru-rankenos-PRESTON-be-uzrakto.jpg\",\"datePublished\":\"2024-01-23T22:55:36+00:00\",\"breadcrumb\":{\"@id\":\"https:\/\/metaltale.com\/lv\/produkts\/preston-durvju-rokturi-bez-sledzenes\/#breadcrumb\"},\"inLanguage\":\"lv-LV\",\"potentialAction\":[{\"@type\":\"ReadAction\",\"target\":[\"https:\/\/metaltale.com\/lv\/produkts\/preston-durvju-rokturi-bez-sledzenes\/\"]}]},{\"@type\":\"ImageObject\",\"inLanguage\":\"lv-LV\",\"@id\":\"https:\/\/metaltale.com\/lv\/produkts\/preston-durvju-rokturi-bez-sledzenes\/#primaryimage\",\"url\":\"https:\/\/metaltale.com\/wp-content\/uploads\/2024\/01\/Duru-rankenos-PRESTON-be-uzrakto.jpg\",\"contentUrl\":\"https:\/\/metaltale.com\/wp-content\/uploads\/2024\/01\/Duru-rankenos-PRESTON-be-uzrakto.jpg\",\"width\":800,\"height\":800,\"caption\":\"PRESTON durvju rokturi bez sl\u0113dzenes\"},{\"@type\":\"BreadcrumbList\",\"@id\":\"https:\/\/metaltale.com\/lv\/produkts\/preston-durvju-rokturi-bez-sledzenes\/#breadcrumb\",\"itemListElement\":[{\"@type\":\"ListItem\",\"position\":1,\"name\":\"Home\",\"item\":\"https:\/\/metaltale.com\/lv\/majas\/\"},{\"@type\":\"ListItem\",\"position\":2,\"name\":\"Veikals\",\"item\":\"https:\/\/metaltale.com\/lv\/shop\/\"},{\"@type\":\"ListItem\",\"position\":3,\"name\":\"PRESTON durvju rokturi bez sl\u0113dzenes\"}]},{\"@type\":\"WebSite\",\"@id\":\"https:\/\/metaltale.com\/lv\/#website\",\"url\":\"https:\/\/metaltale.com\/lv\/\",\"name\":\"Metaltale.com\",\"description\":\"\",\"potentialAction\":[{\"@type\":\"SearchAction\",\"target\":{\"@type\":\"EntryPoint\",\"urlTemplate\":\"https:\/\/metaltale.com\/lv\/?s={search_term_string}\"},\"query-input\":{\"@type\":\"PropertyValueSpecification\",\"valueRequired\":true,\"valueName\":\"search_term_string\"}}],\"inLanguage\":\"lv-LV\"}]}<\/script>\n<!-- \/ Yoast SEO plugin. -->","yoast_head_json":{"title":"PRESTON durvju rokturi bez sl\u0113dzenes - MetalTale.com","robots":{"index":"index","follow":"follow","max-snippet":"max-snippet:-1","max-image-preview":"max-image-preview:large","max-video-preview":"max-video-preview:-1"},"canonical":"https:\/\/metaltale.com\/lv\/produkts\/preston-durvju-rokturi-bez-sledzenes\/","og_locale":"lv_LV","og_type":"article","og_title":"PRESTON durvju rokturi bez sl\u0113dzenes - MetalTale.com","og_description":"Modelis B.PN. PRGR Materi\u0101ls T\u0113rauds Kop\u0113jais augstums (cm ) 24 Kop\u0113jais platums (cm ) 11,5 Kop\u0113j\u0101 projekcija (cm ) 5","og_url":"https:\/\/metaltale.com\/lv\/produkts\/preston-durvju-rokturi-bez-sledzenes\/","og_site_name":"MetalTale.com","og_image":[{"width":800,"height":800,"url":"https:\/\/metaltale.com\/wp-content\/uploads\/2024\/01\/Duru-rankenos-PRESTON-be-uzrakto.jpg","type":"image\/jpeg"}],"twitter_card":"summary_large_image","twitter_misc":{"Est. reading time":"1 minute"},"schema":{"@context":"https:\/\/schema.org","@graph":[{"@type":"WebPage","@id":"https:\/\/metaltale.com\/lv\/produkts\/preston-durvju-rokturi-bez-sledzenes\/","url":"https:\/\/metaltale.com\/lv\/produkts\/preston-durvju-rokturi-bez-sledzenes\/","name":"PRESTON durvju rokturi bez sl\u0113dzenes - MetalTale.com","isPartOf":{"@id":"https:\/\/metaltale.com\/lv\/#website"},"primaryImageOfPage":{"@id":"https:\/\/metaltale.com\/lv\/produkts\/preston-durvju-rokturi-bez-sledzenes\/#primaryimage"},"image":{"@id":"https:\/\/metaltale.com\/lv\/produkts\/preston-durvju-rokturi-bez-sledzenes\/#primaryimage"},"thumbnailUrl":"https:\/\/metaltale.com\/wp-content\/uploads\/2024\/01\/Duru-rankenos-PRESTON-be-uzrakto.jpg","datePublished":"2024-01-23T22:55:36+00:00","breadcrumb":{"@id":"https:\/\/metaltale.com\/lv\/produkts\/preston-durvju-rokturi-bez-sledzenes\/#breadcrumb"},"inLanguage":"lv-LV","potentialAction":[{"@type":"ReadAction","target":["https:\/\/metaltale.com\/lv\/produkts\/preston-durvju-rokturi-bez-sledzenes\/"]}]},{"@type":"ImageObject","inLanguage":"lv-LV","@id":"https:\/\/metaltale.com\/lv\/produkts\/preston-durvju-rokturi-bez-sledzenes\/#primaryimage","url":"https:\/\/metaltale.com\/wp-content\/uploads\/2024\/01\/Duru-rankenos-PRESTON-be-uzrakto.jpg","contentUrl":"https:\/\/metaltale.com\/wp-content\/uploads\/2024\/01\/Duru-rankenos-PRESTON-be-uzrakto.jpg","width":800,"height":800,"caption":"PRESTON durvju rokturi bez sl\u0113dzenes"},{"@type":"BreadcrumbList","@id":"https:\/\/metaltale.com\/lv\/produkts\/preston-durvju-rokturi-bez-sledzenes\/#breadcrumb","itemListElement":[{"@type":"ListItem","position":1,"name":"Home","item":"https:\/\/metaltale.com\/lv\/majas\/"},{"@type":"ListItem","position":2,"name":"Veikals","item":"https:\/\/metaltale.com\/lv\/shop\/"},{"@type":"ListItem","position":3,"name":"PRESTON durvju rokturi bez sl\u0113dzenes"}]},{"@type":"WebSite","@id":"https:\/\/metaltale.com\/lv\/#website","url":"https:\/\/metaltale.com\/lv\/","name":"Metaltale.com","description":"","potentialAction":[{"@type":"SearchAction","target":{"@type":"EntryPoint","urlTemplate":"https:\/\/metaltale.com\/lv\/?s={search_term_string}"},"query-input":{"@type":"PropertyValueSpecification","valueRequired":true,"valueName":"search_term_string"}}],"inLanguage":"lv-LV"}]}},"_links":{"self":[{"href":"https:\/\/metaltale.com\/lv\/wp-json\/wp\/v2\/product\/140590","targetHints":{"allow":["GET"]}}],"collection":[{"href":"https:\/\/metaltale.com\/lv\/wp-json\/wp\/v2\/product"}],"about":[{"href":"https:\/\/metaltale.com\/lv\/wp-json\/wp\/v2\/types\/product"}],"replies":[{"embeddable":true,"href":"https:\/\/metaltale.com\/lv\/wp-json\/wp\/v2\/comments?post=140590"}],"version-history":[{"count":0,"href":"https:\/\/metaltale.com\/lv\/wp-json\/wp\/v2\/product\/140590\/revisions"}],"wp:featuredmedia":[{"embeddable":true,"href":"https:\/\/metaltale.com\/lv\/wp-json\/wp\/v2\/media\/131111"}],"wp:attachment":[{"href":"https:\/\/metaltale.com\/lv\/wp-json\/wp\/v2\/media?parent=140590"}],"wp:term":[{"taxonomy":"product_brand","embeddable":true,"href":"https:\/\/metaltale.com\/lv\/wp-json\/wp\/v2\/product_brand?post=140590"},{"taxonomy":"product_cat","embeddable":true,"href":"https:\/\/metaltale.com\/lv\/wp-json\/wp\/v2\/product_cat?post=140590"},{"taxonomy":"product_tag","embeddable":true,"href":"https:\/\/metaltale.com\/lv\/wp-json\/wp\/v2\/product_tag?post=140590"}],"curies":[{"name":"wp","href":"https:\/\/api.w.org\/{rel}","templated":true}]}}