{"id":140588,"date":"2024-01-24T00:43:45","date_gmt":"2024-01-23T22:43:45","guid":{"rendered":"https:\/\/metaltale.com\/produktas\/puku-turetaji-liliana-150x125-mm\/"},"modified":"2024-01-24T00:43:45","modified_gmt":"2024-01-23T22:43:45","slug":"puku-turetaji-liliana-150x125-mm","status":"publish","type":"product","link":"https:\/\/metaltale.com\/lv\/produkts\/puku-turetaji-liliana-150x125-mm\/","title":{"rendered":"Pu\u0137u tur\u0113t\u0101ji LILIANA 150&#215;125 mm"},"content":{"rendered":"<div class=\"prod_data\">\n<p><strong>Modelis<\/strong> 70.070A. PRGR<br \/>\nMateri\u0101ls Ketus<br \/>\n<strong>Kop\u0113jais augstums (cm<\/strong> )<br \/>\nMont\u0101\u017eas skr\u016bves J\u0101<br \/>\nT\u0113rauda <strong>kr\u0101sa<\/strong><br \/>\nDaudzums komplekt\u0101 1 gab.<\/p>\n<p><span style=\"font-size: medium;\">&#8211; ziedu balsts izgatavots no augst\u0101k\u0101s kvalit\u0101tes \u010duguna<\/span><br \/>\n<span style=\"font-size: medium;\">&#8211; zhitty stiprin\u0101juma caurumi \u013cauj skr\u016bv\u0113m b\u016bt vien\u0101 l\u012bmen\u012b ar kron\u0161teina virsmu, nodro\u0161inot viendab\u012bgu virsmu.<\/span><br \/>\n<span style=\"font-size: medium;\">&#8211; noapa\u013cot\u0101m mal\u0101m ir est\u0113tiska funkcija un t\u0101s ietekm\u0113 izstr\u0101d\u0101juma dro\u0161\u012bbu.<\/span><br \/>\n<span style=\"font-size: medium;\">&#8211; pildspalva izce\u013cas ar prec\u012bzi atlietu kolonnveida profil\u0113jumu ar rom\u0101\u0146u ark\u0101m.<\/span><\/p>\n<hr>\n<p><span style=\"font-size: medium;\">LILIANA tur\u0113t\u0101js ir izstr\u0101d\u0101jums, kas p\u0101rvar da\u017e\u0101dus laikmetus. Uz t\u0101 piek\u0101rti ziedi main\u012bs jebkura interjera raksturu. Tas ir lielisks papildin\u0101jums akmens vai \u0137ie\u0123e\u013cu apdarei. Ar glud\u0101m sien\u0101m un m\u016bsdien\u012bgu pl\u0101nojumu t\u0101 neuzkr\u012bto\u0161i pie\u0161\u0137irs nedaudz romantiska stila.<\/span><\/p>\n<hr>\n<p style=\"text-align: left;\">* Plauktu kron\u0161teini ir izgatavoti ar rok\u0101m, t\u0101p\u0113c var b\u016bt neliela nob\u012bde (ne prec\u012bzi 90\u00b0).<\/p>\n<\/div>\n","protected":false},"excerpt":{"rendered":"<p>Modelis 70.070A. PRGR Materi\u0101ls Ketus Kop\u0113jais augstums (cm ) Mont\u0101\u017eas skr\u016bves J\u0101 T\u0113rauda kr\u0101sa Daudzums komplekt\u0101 1 gab. &#8211; ziedu<\/p>\n","protected":false},"featured_media":83777,"comment_status":"open","ping_status":"closed","template":"","meta":{"_acf_changed":false,"pmpro_default_level":""},"product_brand":[],"product_cat":[23861,23837],"product_tag":[],"class_list":{"0":"post-140588","1":"product","2":"type-product","3":"status-publish","4":"has-post-thumbnail","6":"product_cat-lentynu-laikikliai-lv","7":"product_cat-mebeles-piederumi","8":"pmpro-has-access","10":"first","11":"instock","12":"shipping-taxable","13":"purchasable","14":"product-type-simple"},"acf":[],"yoast_head":"<!-- This site is optimized with the Yoast SEO plugin v24.9 - https:\/\/yoast.com\/wordpress\/plugins\/seo\/ -->\n<title>Pu\u0137u tur\u0113t\u0101ji LILIANA 150x125 mm - MetalTale.com<\/title>\n<meta name=\"robots\" content=\"index, follow, max-snippet:-1, max-image-preview:large, max-video-preview:-1\" \/>\n<link rel=\"canonical\" href=\"https:\/\/metaltale.com\/lv\/produkts\/puku-turetaji-liliana-150x125-mm\/\" \/>\n<meta property=\"og:locale\" content=\"lv_LV\" \/>\n<meta property=\"og:type\" content=\"article\" \/>\n<meta property=\"og:title\" content=\"Pu\u0137u tur\u0113t\u0101ji LILIANA 150x125 mm - MetalTale.com\" \/>\n<meta property=\"og:description\" content=\"Modelis 70.070A. PRGR Materi\u0101ls Ketus Kop\u0113jais augstums (cm ) Mont\u0101\u017eas skr\u016bves J\u0101 T\u0113rauda kr\u0101sa Daudzums komplekt\u0101 1 gab. &#8211; ziedu\" \/>\n<meta property=\"og:url\" content=\"https:\/\/metaltale.com\/lv\/produkts\/puku-turetaji-liliana-150x125-mm\/\" \/>\n<meta property=\"og:site_name\" content=\"MetalTale.com\" \/>\n<meta property=\"og:image\" content=\"https:\/\/metaltale.com\/wp-content\/uploads\/2023\/10\/Laikiklis-LILIANA-150x125-plienas.jpg\" \/>\n\t<meta property=\"og:image:width\" content=\"800\" \/>\n\t<meta property=\"og:image:height\" content=\"800\" \/>\n\t<meta property=\"og:image:type\" content=\"image\/jpeg\" \/>\n<meta name=\"twitter:card\" content=\"summary_large_image\" \/>\n<meta name=\"twitter:label1\" content=\"Est. reading time\" \/>\n\t<meta name=\"twitter:data1\" content=\"1 minute\" \/>\n<script type=\"application\/ld+json\" class=\"yoast-schema-graph\">{\"@context\":\"https:\/\/schema.org\",\"@graph\":[{\"@type\":\"WebPage\",\"@id\":\"https:\/\/metaltale.com\/lv\/produkts\/puku-turetaji-liliana-150x125-mm\/\",\"url\":\"https:\/\/metaltale.com\/lv\/produkts\/puku-turetaji-liliana-150x125-mm\/\",\"name\":\"Pu\u0137u tur\u0113t\u0101ji LILIANA 150x125 mm - MetalTale.com\",\"isPartOf\":{\"@id\":\"https:\/\/metaltale.com\/lv\/#website\"},\"primaryImageOfPage\":{\"@id\":\"https:\/\/metaltale.com\/lv\/produkts\/puku-turetaji-liliana-150x125-mm\/#primaryimage\"},\"image\":{\"@id\":\"https:\/\/metaltale.com\/lv\/produkts\/puku-turetaji-liliana-150x125-mm\/#primaryimage\"},\"thumbnailUrl\":\"https:\/\/metaltale.com\/wp-content\/uploads\/2023\/10\/Laikiklis-LILIANA-150x125-plienas.jpg\",\"datePublished\":\"2024-01-23T22:43:45+00:00\",\"breadcrumb\":{\"@id\":\"https:\/\/metaltale.com\/lv\/produkts\/puku-turetaji-liliana-150x125-mm\/#breadcrumb\"},\"inLanguage\":\"lv-LV\",\"potentialAction\":[{\"@type\":\"ReadAction\",\"target\":[\"https:\/\/metaltale.com\/lv\/produkts\/puku-turetaji-liliana-150x125-mm\/\"]}]},{\"@type\":\"ImageObject\",\"inLanguage\":\"lv-LV\",\"@id\":\"https:\/\/metaltale.com\/lv\/produkts\/puku-turetaji-liliana-150x125-mm\/#primaryimage\",\"url\":\"https:\/\/metaltale.com\/wp-content\/uploads\/2023\/10\/Laikiklis-LILIANA-150x125-plienas.jpg\",\"contentUrl\":\"https:\/\/metaltale.com\/wp-content\/uploads\/2023\/10\/Laikiklis-LILIANA-150x125-plienas.jpg\",\"width\":800,\"height\":800,\"caption\":\"Pu\u0137u tur\u0113t\u0101ji LILIANA 150x125 mm\"},{\"@type\":\"BreadcrumbList\",\"@id\":\"https:\/\/metaltale.com\/lv\/produkts\/puku-turetaji-liliana-150x125-mm\/#breadcrumb\",\"itemListElement\":[{\"@type\":\"ListItem\",\"position\":1,\"name\":\"Home\",\"item\":\"https:\/\/metaltale.com\/lv\/majas\/\"},{\"@type\":\"ListItem\",\"position\":2,\"name\":\"Veikals\",\"item\":\"https:\/\/metaltale.com\/lv\/shop\/\"},{\"@type\":\"ListItem\",\"position\":3,\"name\":\"Pu\u0137u tur\u0113t\u0101ji LILIANA 150&#215;125 mm\"}]},{\"@type\":\"WebSite\",\"@id\":\"https:\/\/metaltale.com\/lv\/#website\",\"url\":\"https:\/\/metaltale.com\/lv\/\",\"name\":\"Metaltale.com\",\"description\":\"\",\"potentialAction\":[{\"@type\":\"SearchAction\",\"target\":{\"@type\":\"EntryPoint\",\"urlTemplate\":\"https:\/\/metaltale.com\/lv\/?s={search_term_string}\"},\"query-input\":{\"@type\":\"PropertyValueSpecification\",\"valueRequired\":true,\"valueName\":\"search_term_string\"}}],\"inLanguage\":\"lv-LV\"}]}<\/script>\n<!-- \/ Yoast SEO plugin. -->","yoast_head_json":{"title":"Pu\u0137u tur\u0113t\u0101ji LILIANA 150x125 mm - MetalTale.com","robots":{"index":"index","follow":"follow","max-snippet":"max-snippet:-1","max-image-preview":"max-image-preview:large","max-video-preview":"max-video-preview:-1"},"canonical":"https:\/\/metaltale.com\/lv\/produkts\/puku-turetaji-liliana-150x125-mm\/","og_locale":"lv_LV","og_type":"article","og_title":"Pu\u0137u tur\u0113t\u0101ji LILIANA 150x125 mm - MetalTale.com","og_description":"Modelis 70.070A. PRGR Materi\u0101ls Ketus Kop\u0113jais augstums (cm ) Mont\u0101\u017eas skr\u016bves J\u0101 T\u0113rauda kr\u0101sa Daudzums komplekt\u0101 1 gab. &#8211; ziedu","og_url":"https:\/\/metaltale.com\/lv\/produkts\/puku-turetaji-liliana-150x125-mm\/","og_site_name":"MetalTale.com","og_image":[{"width":800,"height":800,"url":"https:\/\/metaltale.com\/wp-content\/uploads\/2023\/10\/Laikiklis-LILIANA-150x125-plienas.jpg","type":"image\/jpeg"}],"twitter_card":"summary_large_image","twitter_misc":{"Est. reading time":"1 minute"},"schema":{"@context":"https:\/\/schema.org","@graph":[{"@type":"WebPage","@id":"https:\/\/metaltale.com\/lv\/produkts\/puku-turetaji-liliana-150x125-mm\/","url":"https:\/\/metaltale.com\/lv\/produkts\/puku-turetaji-liliana-150x125-mm\/","name":"Pu\u0137u tur\u0113t\u0101ji LILIANA 150x125 mm - MetalTale.com","isPartOf":{"@id":"https:\/\/metaltale.com\/lv\/#website"},"primaryImageOfPage":{"@id":"https:\/\/metaltale.com\/lv\/produkts\/puku-turetaji-liliana-150x125-mm\/#primaryimage"},"image":{"@id":"https:\/\/metaltale.com\/lv\/produkts\/puku-turetaji-liliana-150x125-mm\/#primaryimage"},"thumbnailUrl":"https:\/\/metaltale.com\/wp-content\/uploads\/2023\/10\/Laikiklis-LILIANA-150x125-plienas.jpg","datePublished":"2024-01-23T22:43:45+00:00","breadcrumb":{"@id":"https:\/\/metaltale.com\/lv\/produkts\/puku-turetaji-liliana-150x125-mm\/#breadcrumb"},"inLanguage":"lv-LV","potentialAction":[{"@type":"ReadAction","target":["https:\/\/metaltale.com\/lv\/produkts\/puku-turetaji-liliana-150x125-mm\/"]}]},{"@type":"ImageObject","inLanguage":"lv-LV","@id":"https:\/\/metaltale.com\/lv\/produkts\/puku-turetaji-liliana-150x125-mm\/#primaryimage","url":"https:\/\/metaltale.com\/wp-content\/uploads\/2023\/10\/Laikiklis-LILIANA-150x125-plienas.jpg","contentUrl":"https:\/\/metaltale.com\/wp-content\/uploads\/2023\/10\/Laikiklis-LILIANA-150x125-plienas.jpg","width":800,"height":800,"caption":"Pu\u0137u tur\u0113t\u0101ji LILIANA 150x125 mm"},{"@type":"BreadcrumbList","@id":"https:\/\/metaltale.com\/lv\/produkts\/puku-turetaji-liliana-150x125-mm\/#breadcrumb","itemListElement":[{"@type":"ListItem","position":1,"name":"Home","item":"https:\/\/metaltale.com\/lv\/majas\/"},{"@type":"ListItem","position":2,"name":"Veikals","item":"https:\/\/metaltale.com\/lv\/shop\/"},{"@type":"ListItem","position":3,"name":"Pu\u0137u tur\u0113t\u0101ji LILIANA 150&#215;125 mm"}]},{"@type":"WebSite","@id":"https:\/\/metaltale.com\/lv\/#website","url":"https:\/\/metaltale.com\/lv\/","name":"Metaltale.com","description":"","potentialAction":[{"@type":"SearchAction","target":{"@type":"EntryPoint","urlTemplate":"https:\/\/metaltale.com\/lv\/?s={search_term_string}"},"query-input":{"@type":"PropertyValueSpecification","valueRequired":true,"valueName":"search_term_string"}}],"inLanguage":"lv-LV"}]}},"_links":{"self":[{"href":"https:\/\/metaltale.com\/lv\/wp-json\/wp\/v2\/product\/140588","targetHints":{"allow":["GET"]}}],"collection":[{"href":"https:\/\/metaltale.com\/lv\/wp-json\/wp\/v2\/product"}],"about":[{"href":"https:\/\/metaltale.com\/lv\/wp-json\/wp\/v2\/types\/product"}],"replies":[{"embeddable":true,"href":"https:\/\/metaltale.com\/lv\/wp-json\/wp\/v2\/comments?post=140588"}],"version-history":[{"count":0,"href":"https:\/\/metaltale.com\/lv\/wp-json\/wp\/v2\/product\/140588\/revisions"}],"wp:featuredmedia":[{"embeddable":true,"href":"https:\/\/metaltale.com\/lv\/wp-json\/wp\/v2\/media\/83777"}],"wp:attachment":[{"href":"https:\/\/metaltale.com\/lv\/wp-json\/wp\/v2\/media?parent=140588"}],"wp:term":[{"taxonomy":"product_brand","embeddable":true,"href":"https:\/\/metaltale.com\/lv\/wp-json\/wp\/v2\/product_brand?post=140588"},{"taxonomy":"product_cat","embeddable":true,"href":"https:\/\/metaltale.com\/lv\/wp-json\/wp\/v2\/product_cat?post=140588"},{"taxonomy":"product_tag","embeddable":true,"href":"https:\/\/metaltale.com\/lv\/wp-json\/wp\/v2\/product_tag?post=140588"}],"curies":[{"name":"wp","href":"https:\/\/api.w.org\/{rel}","templated":true}]}}