{"id":140563,"date":"2024-01-19T21:16:53","date_gmt":"2024-01-19T19:16:53","guid":{"rendered":"https:\/\/metaltale.com\/produktas\/ozolkoka-galda-virsma-frame-90x140-cm-dabiga-ella\/"},"modified":"2024-01-19T21:16:53","modified_gmt":"2024-01-19T19:16:53","slug":"ozolkoka-galda-virsma-frame-90x140-cm-dabiga-ella","status":"publish","type":"product","link":"https:\/\/metaltale.com\/lv\/produkts\/ozolkoka-galda-virsma-frame-90x140-cm-dabiga-ella\/","title":{"rendered":"Ozolkoka galda virsma FRAME 90&#215;140 cm, dab\u012bg\u0101 e\u013c\u013ca"},"content":{"rendered":"<p>FRM-OL <strong>modelis <\/strong><strong><br \/>\n<\/strong><strong>Materi\u0101ls<\/strong> Ozols, t\u0113rauds<br \/>\nMateri\u0101la biezums (cm ) 3<br \/>\nKr\u0101sa Koks &#8211; dab\u012bg\u0101 e\u013c\u013ca<br \/>\nApdare ar e\u013c\u013cas audumu<br \/>\nDaudzums komplekt\u0101 1 gab.<\/p>\n<p>-ozolkoka virsma 5 cm plat\u0101 t\u0113rauda r\u0101m\u012b<\/p>\n<p>-darba virsmas virsma ir aizsarg\u0101ta ar dab\u012bgo e\u013c\u013cu<\/p>\n<p>-neizveido astes vai plaisas vis\u0101 materi\u0101la biezum\u0101.<\/p>\n<p>-r\u016bp\u012bga izv\u0113le \u013cauj izmantot l\u012bdz\u012bgas kr\u0101sas un maz\u0101k baltus materi\u0101lus.<\/p>\n<p>-main\u012bgs graudu izk\u0101rtojums garant\u0113 darba virsmas ilgm\u016b\u017e\u012bbu<\/p>\n<p>-saglab\u0101ta dab\u012bg\u0101 koka arhitekt\u016bra<\/p>\n<p>-kr\u0101sas izmai\u0146as, plaisas, mezgli<\/p>\n<p>-Pap\u0113\u017ea aug\u0161da\u013ca ir pastiprin\u0101ta apak\u0161da\u013c\u0101, kas nodro\u0161ina visas konstrukcijas stabilit\u0101ti.<\/p>\n<p>-Pied\u0101v\u0101jums attiecas tikai uz darba virsmu, un tas neattiecas uz m\u0113be\u013cu k\u0101j\u0101m.<\/p>\n<p>3 cm biezais FRAME ozolkoka darba virsma ir iestr\u0101d\u0101ta t\u0113rauda r\u0101m\u012b ar pulverkr\u0101sas p\u0101rkl\u0101jumu, kas to padara notur\u012bgu pret skr\u0101p\u0113jumiem. Koka virsmas un t\u0113rauda r\u0101mja malas veido vienotu, gludu virsmu. Redzamie mezgli un plaisas ir dabiska koka \u012bpa\u0161\u012bba, kas padara katru darba virsmu unik\u0101lu un vienreiz\u0113ju. Dab\u012bgo e\u013c\u013cu izmanto\u0161ana pie\u0161\u0137ir darba virsmai siltu un maigu kr\u0101su un ir lielisks impregn\u0113\u0161anas veids. Virsma kop\u0101 ar melnaj\u0101m met\u0101la k\u0101j\u0101m veido modernu b\u0113ni\u0146u stila galdu. \u0160\u0101d\u0101 veid\u0101 m\u0113beles iepriecin\u0101s visus ori\u0123in\u0101lu risin\u0101jumu cien\u012bt\u0101jus. Aicin\u0101m apl\u016bkot m\u016bsu veikal\u0101 pieejamo pla\u0161o met\u0101la un koka k\u0101ju kl\u0101stu.<\/p>\n","protected":false},"excerpt":{"rendered":"<p>FRM-OL modelis Materi\u0101ls Ozols, t\u0113rauds Materi\u0101la biezums (cm ) 3 Kr\u0101sa Koks &#8211; dab\u012bg\u0101 e\u013c\u013ca Apdare ar e\u013c\u013cas audumu Daudzums<\/p>\n","protected":false},"featured_media":129655,"comment_status":"open","ping_status":"closed","template":"","meta":{"_acf_changed":false,"pmpro_default_level":""},"product_brand":[],"product_cat":[24058,24132],"product_tag":[],"class_list":{"0":"post-140563","1":"product","2":"type-product","3":"status-publish","4":"has-post-thumbnail","6":"product_cat-koka-darba-virsmas","7":"product_cat-koka-galda-virsmas-galdiem-un-zurnalu-galdiniem","8":"pmpro-has-access","10":"first","11":"outofstock","12":"shipping-taxable","13":"purchasable","14":"product-type-simple"},"acf":[],"yoast_head":"<!-- This site is optimized with the Yoast SEO plugin v24.9 - https:\/\/yoast.com\/wordpress\/plugins\/seo\/ -->\n<title>Ozolkoka galda virsma FRAME 90x140 cm, dab\u012bg\u0101 e\u013c\u013ca - MetalTale.com<\/title>\n<meta name=\"robots\" content=\"index, follow, max-snippet:-1, max-image-preview:large, max-video-preview:-1\" \/>\n<link rel=\"canonical\" href=\"https:\/\/metaltale.com\/lv\/produkts\/ozolkoka-galda-virsma-frame-90x140-cm-dabiga-ella\/\" \/>\n<meta property=\"og:locale\" content=\"lv_LV\" \/>\n<meta property=\"og:type\" content=\"article\" \/>\n<meta property=\"og:title\" content=\"Ozolkoka galda virsma FRAME 90x140 cm, dab\u012bg\u0101 e\u013c\u013ca - MetalTale.com\" \/>\n<meta property=\"og:description\" content=\"FRM-OL modelis Materi\u0101ls Ozols, t\u0113rauds Materi\u0101la biezums (cm ) 3 Kr\u0101sa Koks &#8211; dab\u012bg\u0101 e\u013c\u013ca Apdare ar e\u013c\u013cas audumu Daudzums\" \/>\n<meta property=\"og:url\" content=\"https:\/\/metaltale.com\/lv\/produkts\/ozolkoka-galda-virsma-frame-90x140-cm-dabiga-ella\/\" \/>\n<meta property=\"og:site_name\" content=\"MetalTale.com\" \/>\n<meta property=\"og:image\" content=\"https:\/\/metaltale.com\/wp-content\/uploads\/2024\/01\/FRM-OL-90x140-1.jpg\" \/>\n\t<meta property=\"og:image:width\" content=\"800\" \/>\n\t<meta property=\"og:image:height\" content=\"800\" \/>\n\t<meta property=\"og:image:type\" content=\"image\/jpeg\" \/>\n<meta name=\"twitter:card\" content=\"summary_large_image\" \/>\n<meta name=\"twitter:label1\" content=\"Est. reading time\" \/>\n\t<meta name=\"twitter:data1\" content=\"1 minute\" \/>\n<script type=\"application\/ld+json\" class=\"yoast-schema-graph\">{\"@context\":\"https:\/\/schema.org\",\"@graph\":[{\"@type\":\"WebPage\",\"@id\":\"https:\/\/metaltale.com\/lv\/produkts\/ozolkoka-galda-virsma-frame-90x140-cm-dabiga-ella\/\",\"url\":\"https:\/\/metaltale.com\/lv\/produkts\/ozolkoka-galda-virsma-frame-90x140-cm-dabiga-ella\/\",\"name\":\"Ozolkoka galda virsma FRAME 90x140 cm, dab\u012bg\u0101 e\u013c\u013ca - MetalTale.com\",\"isPartOf\":{\"@id\":\"https:\/\/metaltale.com\/lv\/#website\"},\"primaryImageOfPage\":{\"@id\":\"https:\/\/metaltale.com\/lv\/produkts\/ozolkoka-galda-virsma-frame-90x140-cm-dabiga-ella\/#primaryimage\"},\"image\":{\"@id\":\"https:\/\/metaltale.com\/lv\/produkts\/ozolkoka-galda-virsma-frame-90x140-cm-dabiga-ella\/#primaryimage\"},\"thumbnailUrl\":\"https:\/\/metaltale.com\/wp-content\/uploads\/2024\/01\/FRM-OL-90x140-1.jpg\",\"datePublished\":\"2024-01-19T19:16:53+00:00\",\"breadcrumb\":{\"@id\":\"https:\/\/metaltale.com\/lv\/produkts\/ozolkoka-galda-virsma-frame-90x140-cm-dabiga-ella\/#breadcrumb\"},\"inLanguage\":\"lv-LV\",\"potentialAction\":[{\"@type\":\"ReadAction\",\"target\":[\"https:\/\/metaltale.com\/lv\/produkts\/ozolkoka-galda-virsma-frame-90x140-cm-dabiga-ella\/\"]}]},{\"@type\":\"ImageObject\",\"inLanguage\":\"lv-LV\",\"@id\":\"https:\/\/metaltale.com\/lv\/produkts\/ozolkoka-galda-virsma-frame-90x140-cm-dabiga-ella\/#primaryimage\",\"url\":\"https:\/\/metaltale.com\/wp-content\/uploads\/2024\/01\/FRM-OL-90x140-1.jpg\",\"contentUrl\":\"https:\/\/metaltale.com\/wp-content\/uploads\/2024\/01\/FRM-OL-90x140-1.jpg\",\"width\":800,\"height\":800,\"caption\":\"Ozolkoka galda virsma FRAME 90x140 cm, dab\u012bg\u0101 e\u013c\u013ca\"},{\"@type\":\"BreadcrumbList\",\"@id\":\"https:\/\/metaltale.com\/lv\/produkts\/ozolkoka-galda-virsma-frame-90x140-cm-dabiga-ella\/#breadcrumb\",\"itemListElement\":[{\"@type\":\"ListItem\",\"position\":1,\"name\":\"Home\",\"item\":\"https:\/\/metaltale.com\/lv\/majas\/\"},{\"@type\":\"ListItem\",\"position\":2,\"name\":\"Veikals\",\"item\":\"https:\/\/metaltale.com\/lv\/shop\/\"},{\"@type\":\"ListItem\",\"position\":3,\"name\":\"Ozolkoka galda virsma FRAME 90&#215;140 cm, dab\u012bg\u0101 e\u013c\u013ca\"}]},{\"@type\":\"WebSite\",\"@id\":\"https:\/\/metaltale.com\/lv\/#website\",\"url\":\"https:\/\/metaltale.com\/lv\/\",\"name\":\"Metaltale.com\",\"description\":\"\",\"potentialAction\":[{\"@type\":\"SearchAction\",\"target\":{\"@type\":\"EntryPoint\",\"urlTemplate\":\"https:\/\/metaltale.com\/lv\/?s={search_term_string}\"},\"query-input\":{\"@type\":\"PropertyValueSpecification\",\"valueRequired\":true,\"valueName\":\"search_term_string\"}}],\"inLanguage\":\"lv-LV\"}]}<\/script>\n<!-- \/ Yoast SEO plugin. -->","yoast_head_json":{"title":"Ozolkoka galda virsma FRAME 90x140 cm, dab\u012bg\u0101 e\u013c\u013ca - MetalTale.com","robots":{"index":"index","follow":"follow","max-snippet":"max-snippet:-1","max-image-preview":"max-image-preview:large","max-video-preview":"max-video-preview:-1"},"canonical":"https:\/\/metaltale.com\/lv\/produkts\/ozolkoka-galda-virsma-frame-90x140-cm-dabiga-ella\/","og_locale":"lv_LV","og_type":"article","og_title":"Ozolkoka galda virsma FRAME 90x140 cm, dab\u012bg\u0101 e\u013c\u013ca - MetalTale.com","og_description":"FRM-OL modelis Materi\u0101ls Ozols, t\u0113rauds Materi\u0101la biezums (cm ) 3 Kr\u0101sa Koks &#8211; dab\u012bg\u0101 e\u013c\u013ca Apdare ar e\u013c\u013cas audumu Daudzums","og_url":"https:\/\/metaltale.com\/lv\/produkts\/ozolkoka-galda-virsma-frame-90x140-cm-dabiga-ella\/","og_site_name":"MetalTale.com","og_image":[{"width":800,"height":800,"url":"https:\/\/metaltale.com\/wp-content\/uploads\/2024\/01\/FRM-OL-90x140-1.jpg","type":"image\/jpeg"}],"twitter_card":"summary_large_image","twitter_misc":{"Est. reading time":"1 minute"},"schema":{"@context":"https:\/\/schema.org","@graph":[{"@type":"WebPage","@id":"https:\/\/metaltale.com\/lv\/produkts\/ozolkoka-galda-virsma-frame-90x140-cm-dabiga-ella\/","url":"https:\/\/metaltale.com\/lv\/produkts\/ozolkoka-galda-virsma-frame-90x140-cm-dabiga-ella\/","name":"Ozolkoka galda virsma FRAME 90x140 cm, dab\u012bg\u0101 e\u013c\u013ca - MetalTale.com","isPartOf":{"@id":"https:\/\/metaltale.com\/lv\/#website"},"primaryImageOfPage":{"@id":"https:\/\/metaltale.com\/lv\/produkts\/ozolkoka-galda-virsma-frame-90x140-cm-dabiga-ella\/#primaryimage"},"image":{"@id":"https:\/\/metaltale.com\/lv\/produkts\/ozolkoka-galda-virsma-frame-90x140-cm-dabiga-ella\/#primaryimage"},"thumbnailUrl":"https:\/\/metaltale.com\/wp-content\/uploads\/2024\/01\/FRM-OL-90x140-1.jpg","datePublished":"2024-01-19T19:16:53+00:00","breadcrumb":{"@id":"https:\/\/metaltale.com\/lv\/produkts\/ozolkoka-galda-virsma-frame-90x140-cm-dabiga-ella\/#breadcrumb"},"inLanguage":"lv-LV","potentialAction":[{"@type":"ReadAction","target":["https:\/\/metaltale.com\/lv\/produkts\/ozolkoka-galda-virsma-frame-90x140-cm-dabiga-ella\/"]}]},{"@type":"ImageObject","inLanguage":"lv-LV","@id":"https:\/\/metaltale.com\/lv\/produkts\/ozolkoka-galda-virsma-frame-90x140-cm-dabiga-ella\/#primaryimage","url":"https:\/\/metaltale.com\/wp-content\/uploads\/2024\/01\/FRM-OL-90x140-1.jpg","contentUrl":"https:\/\/metaltale.com\/wp-content\/uploads\/2024\/01\/FRM-OL-90x140-1.jpg","width":800,"height":800,"caption":"Ozolkoka galda virsma FRAME 90x140 cm, dab\u012bg\u0101 e\u013c\u013ca"},{"@type":"BreadcrumbList","@id":"https:\/\/metaltale.com\/lv\/produkts\/ozolkoka-galda-virsma-frame-90x140-cm-dabiga-ella\/#breadcrumb","itemListElement":[{"@type":"ListItem","position":1,"name":"Home","item":"https:\/\/metaltale.com\/lv\/majas\/"},{"@type":"ListItem","position":2,"name":"Veikals","item":"https:\/\/metaltale.com\/lv\/shop\/"},{"@type":"ListItem","position":3,"name":"Ozolkoka galda virsma FRAME 90&#215;140 cm, dab\u012bg\u0101 e\u013c\u013ca"}]},{"@type":"WebSite","@id":"https:\/\/metaltale.com\/lv\/#website","url":"https:\/\/metaltale.com\/lv\/","name":"Metaltale.com","description":"","potentialAction":[{"@type":"SearchAction","target":{"@type":"EntryPoint","urlTemplate":"https:\/\/metaltale.com\/lv\/?s={search_term_string}"},"query-input":{"@type":"PropertyValueSpecification","valueRequired":true,"valueName":"search_term_string"}}],"inLanguage":"lv-LV"}]}},"_links":{"self":[{"href":"https:\/\/metaltale.com\/lv\/wp-json\/wp\/v2\/product\/140563","targetHints":{"allow":["GET"]}}],"collection":[{"href":"https:\/\/metaltale.com\/lv\/wp-json\/wp\/v2\/product"}],"about":[{"href":"https:\/\/metaltale.com\/lv\/wp-json\/wp\/v2\/types\/product"}],"replies":[{"embeddable":true,"href":"https:\/\/metaltale.com\/lv\/wp-json\/wp\/v2\/comments?post=140563"}],"version-history":[{"count":0,"href":"https:\/\/metaltale.com\/lv\/wp-json\/wp\/v2\/product\/140563\/revisions"}],"wp:featuredmedia":[{"embeddable":true,"href":"https:\/\/metaltale.com\/lv\/wp-json\/wp\/v2\/media\/129655"}],"wp:attachment":[{"href":"https:\/\/metaltale.com\/lv\/wp-json\/wp\/v2\/media?parent=140563"}],"wp:term":[{"taxonomy":"product_brand","embeddable":true,"href":"https:\/\/metaltale.com\/lv\/wp-json\/wp\/v2\/product_brand?post=140563"},{"taxonomy":"product_cat","embeddable":true,"href":"https:\/\/metaltale.com\/lv\/wp-json\/wp\/v2\/product_cat?post=140563"},{"taxonomy":"product_tag","embeddable":true,"href":"https:\/\/metaltale.com\/lv\/wp-json\/wp\/v2\/product_tag?post=140563"}],"curies":[{"name":"wp","href":"https:\/\/api.w.org\/{rel}","templated":true}]}}