{"id":140562,"date":"2024-01-19T21:18:16","date_gmt":"2024-01-19T19:18:16","guid":{"rendered":"https:\/\/metaltale.com\/produktas\/drenazas-rezgis-dover-100x100-mm-antikais-misins\/"},"modified":"2024-01-19T21:18:16","modified_gmt":"2024-01-19T19:18:16","slug":"drenazas-rezgis-dover-100x100-mm-antikais-misins","status":"publish","type":"product","link":"https:\/\/metaltale.com\/lv\/produkts\/drenazas-rezgis-dover-100x100-mm-antikais-misins\/","title":{"rendered":"Dren\u0101\u017eas re\u017e\u0123is DOVER 100&#215;100 mm, ant\u012bkais misi\u0146\u0161"},"content":{"rendered":"<p><strong>Modelis<\/strong> WX.316-ANT<br \/>\n<strong>Materi\u0101ls<\/strong> Misi\u0146\u0161<br \/>\n<strong>Kop\u0113jais garums (cm<\/strong> ) 10<br \/>\n<strong>Kop\u0113jais augstums (cm<\/strong> ) 4<br \/>\n<strong>Kop\u0113jais platums (cm<\/strong> ) 10<br \/>\n<strong>Kr\u0101sa<\/strong> Ant\u012bkais misi\u0146\u0161<\/p>\n<p>Ant\u012bk\u0101 misi\u0146a kr\u0101sas kanaliz\u0101cijas re\u017e\u0123iem ir moderns dizains, kas lieliski iederas da\u017e\u0101dos interjeros. To iztur\u012bg\u0101 ner\u016bs\u0113jo\u0161\u0101 t\u0113rauda konstrukcija garant\u0113 iztur\u012bbu un notur\u012bbu pret mitrumu. Punktveida kanaliz\u0101ciju ir viegli uzst\u0101d\u012bt un uztur\u0113t t\u012bru. Tas ir ne tikai praktisks elements, bet ar\u012b elegants aksesu\u0101rs, kas izce\u013c katras vannas istabas unikalit\u0101ti. Atkar\u012bb\u0101 no partijas re\u017e\u0123i var apr\u012bkot ar p\u0101rpl\u016bdes sifonu vai sifonu ar v\u0101ku, kas atveras zem \u016bdens spiediena.<\/p>\n<p>&nbsp;<\/p>\n","protected":false},"excerpt":{"rendered":"<p>Modelis WX.316-ANT Materi\u0101ls Misi\u0146\u0161 Kop\u0113jais garums (cm ) 10 Kop\u0113jais augstums (cm ) 4 Kop\u0113jais platums (cm ) 10 Kr\u0101sa<\/p>\n","protected":false},"featured_media":131828,"comment_status":"open","ping_status":"closed","template":"","meta":{"_acf_changed":false,"pmpro_default_level":""},"product_brand":[],"product_cat":[24060,24135,24100],"product_tag":[],"class_list":{"0":"post-140562","1":"product","2":"type-product","3":"status-publish","4":"has-post-thumbnail","6":"product_cat-kranini","7":"product_cat-notekas","8":"product_cat-savienojamo-dalu-piederumi","9":"pmpro-has-access","11":"first","12":"instock","13":"shipping-taxable","14":"purchasable","15":"product-type-simple"},"acf":[],"yoast_head":"<!-- This site is optimized with the Yoast SEO plugin v24.9 - https:\/\/yoast.com\/wordpress\/plugins\/seo\/ -->\n<title>Dren\u0101\u017eas re\u017e\u0123is DOVER 100x100 mm, ant\u012bkais misi\u0146\u0161 - MetalTale.com<\/title>\n<meta name=\"robots\" content=\"index, follow, max-snippet:-1, max-image-preview:large, max-video-preview:-1\" \/>\n<link rel=\"canonical\" href=\"https:\/\/metaltale.com\/lv\/produkts\/drenazas-rezgis-dover-100x100-mm-antikais-misins\/\" \/>\n<meta property=\"og:locale\" content=\"lv_LV\" \/>\n<meta property=\"og:type\" content=\"article\" \/>\n<meta property=\"og:title\" content=\"Dren\u0101\u017eas re\u017e\u0123is DOVER 100x100 mm, ant\u012bkais misi\u0146\u0161 - MetalTale.com\" \/>\n<meta property=\"og:description\" content=\"Modelis WX.316-ANT Materi\u0101ls Misi\u0146\u0161 Kop\u0113jais garums (cm ) 10 Kop\u0113jais augstums (cm ) 4 Kop\u0113jais platums (cm ) 10 Kr\u0101sa\" \/>\n<meta property=\"og:url\" content=\"https:\/\/metaltale.com\/lv\/produkts\/drenazas-rezgis-dover-100x100-mm-antikais-misins\/\" \/>\n<meta property=\"og:site_name\" content=\"MetalTale.com\" \/>\n<meta property=\"og:image\" content=\"https:\/\/metaltale.com\/wp-content\/uploads\/2024\/01\/Drenazo-groteles-DOVER-100x100-mm-antikvarinis-zalvaris.jpg\" \/>\n\t<meta property=\"og:image:width\" content=\"800\" \/>\n\t<meta property=\"og:image:height\" content=\"800\" \/>\n\t<meta property=\"og:image:type\" content=\"image\/jpeg\" \/>\n<meta name=\"twitter:card\" content=\"summary_large_image\" \/>\n<meta name=\"twitter:label1\" content=\"Est. reading time\" \/>\n\t<meta name=\"twitter:data1\" content=\"1 minute\" \/>\n<script type=\"application\/ld+json\" class=\"yoast-schema-graph\">{\"@context\":\"https:\/\/schema.org\",\"@graph\":[{\"@type\":\"WebPage\",\"@id\":\"https:\/\/metaltale.com\/lv\/produkts\/drenazas-rezgis-dover-100x100-mm-antikais-misins\/\",\"url\":\"https:\/\/metaltale.com\/lv\/produkts\/drenazas-rezgis-dover-100x100-mm-antikais-misins\/\",\"name\":\"Dren\u0101\u017eas re\u017e\u0123is DOVER 100x100 mm, ant\u012bkais misi\u0146\u0161 - MetalTale.com\",\"isPartOf\":{\"@id\":\"https:\/\/metaltale.com\/lv\/#website\"},\"primaryImageOfPage\":{\"@id\":\"https:\/\/metaltale.com\/lv\/produkts\/drenazas-rezgis-dover-100x100-mm-antikais-misins\/#primaryimage\"},\"image\":{\"@id\":\"https:\/\/metaltale.com\/lv\/produkts\/drenazas-rezgis-dover-100x100-mm-antikais-misins\/#primaryimage\"},\"thumbnailUrl\":\"https:\/\/metaltale.com\/wp-content\/uploads\/2024\/01\/Drenazo-groteles-DOVER-100x100-mm-antikvarinis-zalvaris.jpg\",\"datePublished\":\"2024-01-19T19:18:16+00:00\",\"breadcrumb\":{\"@id\":\"https:\/\/metaltale.com\/lv\/produkts\/drenazas-rezgis-dover-100x100-mm-antikais-misins\/#breadcrumb\"},\"inLanguage\":\"lv-LV\",\"potentialAction\":[{\"@type\":\"ReadAction\",\"target\":[\"https:\/\/metaltale.com\/lv\/produkts\/drenazas-rezgis-dover-100x100-mm-antikais-misins\/\"]}]},{\"@type\":\"ImageObject\",\"inLanguage\":\"lv-LV\",\"@id\":\"https:\/\/metaltale.com\/lv\/produkts\/drenazas-rezgis-dover-100x100-mm-antikais-misins\/#primaryimage\",\"url\":\"https:\/\/metaltale.com\/wp-content\/uploads\/2024\/01\/Drenazo-groteles-DOVER-100x100-mm-antikvarinis-zalvaris.jpg\",\"contentUrl\":\"https:\/\/metaltale.com\/wp-content\/uploads\/2024\/01\/Drenazo-groteles-DOVER-100x100-mm-antikvarinis-zalvaris.jpg\",\"width\":800,\"height\":800,\"caption\":\"Dren\u0101\u017eas re\u017e\u0123is DOVER 100x100 mm ant\u012bkais misi\u0146\u0161\"},{\"@type\":\"BreadcrumbList\",\"@id\":\"https:\/\/metaltale.com\/lv\/produkts\/drenazas-rezgis-dover-100x100-mm-antikais-misins\/#breadcrumb\",\"itemListElement\":[{\"@type\":\"ListItem\",\"position\":1,\"name\":\"Home\",\"item\":\"https:\/\/metaltale.com\/lv\/majas\/\"},{\"@type\":\"ListItem\",\"position\":2,\"name\":\"Veikals\",\"item\":\"https:\/\/metaltale.com\/lv\/shop\/\"},{\"@type\":\"ListItem\",\"position\":3,\"name\":\"Dren\u0101\u017eas re\u017e\u0123is DOVER 100&#215;100 mm, ant\u012bkais misi\u0146\u0161\"}]},{\"@type\":\"WebSite\",\"@id\":\"https:\/\/metaltale.com\/lv\/#website\",\"url\":\"https:\/\/metaltale.com\/lv\/\",\"name\":\"Metaltale.com\",\"description\":\"\",\"potentialAction\":[{\"@type\":\"SearchAction\",\"target\":{\"@type\":\"EntryPoint\",\"urlTemplate\":\"https:\/\/metaltale.com\/lv\/?s={search_term_string}\"},\"query-input\":{\"@type\":\"PropertyValueSpecification\",\"valueRequired\":true,\"valueName\":\"search_term_string\"}}],\"inLanguage\":\"lv-LV\"}]}<\/script>\n<!-- \/ Yoast SEO plugin. -->","yoast_head_json":{"title":"Dren\u0101\u017eas re\u017e\u0123is DOVER 100x100 mm, ant\u012bkais misi\u0146\u0161 - MetalTale.com","robots":{"index":"index","follow":"follow","max-snippet":"max-snippet:-1","max-image-preview":"max-image-preview:large","max-video-preview":"max-video-preview:-1"},"canonical":"https:\/\/metaltale.com\/lv\/produkts\/drenazas-rezgis-dover-100x100-mm-antikais-misins\/","og_locale":"lv_LV","og_type":"article","og_title":"Dren\u0101\u017eas re\u017e\u0123is DOVER 100x100 mm, ant\u012bkais misi\u0146\u0161 - MetalTale.com","og_description":"Modelis WX.316-ANT Materi\u0101ls Misi\u0146\u0161 Kop\u0113jais garums (cm ) 10 Kop\u0113jais augstums (cm ) 4 Kop\u0113jais platums (cm ) 10 Kr\u0101sa","og_url":"https:\/\/metaltale.com\/lv\/produkts\/drenazas-rezgis-dover-100x100-mm-antikais-misins\/","og_site_name":"MetalTale.com","og_image":[{"width":800,"height":800,"url":"https:\/\/metaltale.com\/wp-content\/uploads\/2024\/01\/Drenazo-groteles-DOVER-100x100-mm-antikvarinis-zalvaris.jpg","type":"image\/jpeg"}],"twitter_card":"summary_large_image","twitter_misc":{"Est. reading time":"1 minute"},"schema":{"@context":"https:\/\/schema.org","@graph":[{"@type":"WebPage","@id":"https:\/\/metaltale.com\/lv\/produkts\/drenazas-rezgis-dover-100x100-mm-antikais-misins\/","url":"https:\/\/metaltale.com\/lv\/produkts\/drenazas-rezgis-dover-100x100-mm-antikais-misins\/","name":"Dren\u0101\u017eas re\u017e\u0123is DOVER 100x100 mm, ant\u012bkais misi\u0146\u0161 - MetalTale.com","isPartOf":{"@id":"https:\/\/metaltale.com\/lv\/#website"},"primaryImageOfPage":{"@id":"https:\/\/metaltale.com\/lv\/produkts\/drenazas-rezgis-dover-100x100-mm-antikais-misins\/#primaryimage"},"image":{"@id":"https:\/\/metaltale.com\/lv\/produkts\/drenazas-rezgis-dover-100x100-mm-antikais-misins\/#primaryimage"},"thumbnailUrl":"https:\/\/metaltale.com\/wp-content\/uploads\/2024\/01\/Drenazo-groteles-DOVER-100x100-mm-antikvarinis-zalvaris.jpg","datePublished":"2024-01-19T19:18:16+00:00","breadcrumb":{"@id":"https:\/\/metaltale.com\/lv\/produkts\/drenazas-rezgis-dover-100x100-mm-antikais-misins\/#breadcrumb"},"inLanguage":"lv-LV","potentialAction":[{"@type":"ReadAction","target":["https:\/\/metaltale.com\/lv\/produkts\/drenazas-rezgis-dover-100x100-mm-antikais-misins\/"]}]},{"@type":"ImageObject","inLanguage":"lv-LV","@id":"https:\/\/metaltale.com\/lv\/produkts\/drenazas-rezgis-dover-100x100-mm-antikais-misins\/#primaryimage","url":"https:\/\/metaltale.com\/wp-content\/uploads\/2024\/01\/Drenazo-groteles-DOVER-100x100-mm-antikvarinis-zalvaris.jpg","contentUrl":"https:\/\/metaltale.com\/wp-content\/uploads\/2024\/01\/Drenazo-groteles-DOVER-100x100-mm-antikvarinis-zalvaris.jpg","width":800,"height":800,"caption":"Dren\u0101\u017eas re\u017e\u0123is DOVER 100x100 mm ant\u012bkais misi\u0146\u0161"},{"@type":"BreadcrumbList","@id":"https:\/\/metaltale.com\/lv\/produkts\/drenazas-rezgis-dover-100x100-mm-antikais-misins\/#breadcrumb","itemListElement":[{"@type":"ListItem","position":1,"name":"Home","item":"https:\/\/metaltale.com\/lv\/majas\/"},{"@type":"ListItem","position":2,"name":"Veikals","item":"https:\/\/metaltale.com\/lv\/shop\/"},{"@type":"ListItem","position":3,"name":"Dren\u0101\u017eas re\u017e\u0123is DOVER 100&#215;100 mm, ant\u012bkais misi\u0146\u0161"}]},{"@type":"WebSite","@id":"https:\/\/metaltale.com\/lv\/#website","url":"https:\/\/metaltale.com\/lv\/","name":"Metaltale.com","description":"","potentialAction":[{"@type":"SearchAction","target":{"@type":"EntryPoint","urlTemplate":"https:\/\/metaltale.com\/lv\/?s={search_term_string}"},"query-input":{"@type":"PropertyValueSpecification","valueRequired":true,"valueName":"search_term_string"}}],"inLanguage":"lv-LV"}]}},"_links":{"self":[{"href":"https:\/\/metaltale.com\/lv\/wp-json\/wp\/v2\/product\/140562","targetHints":{"allow":["GET"]}}],"collection":[{"href":"https:\/\/metaltale.com\/lv\/wp-json\/wp\/v2\/product"}],"about":[{"href":"https:\/\/metaltale.com\/lv\/wp-json\/wp\/v2\/types\/product"}],"replies":[{"embeddable":true,"href":"https:\/\/metaltale.com\/lv\/wp-json\/wp\/v2\/comments?post=140562"}],"version-history":[{"count":0,"href":"https:\/\/metaltale.com\/lv\/wp-json\/wp\/v2\/product\/140562\/revisions"}],"wp:featuredmedia":[{"embeddable":true,"href":"https:\/\/metaltale.com\/lv\/wp-json\/wp\/v2\/media\/131828"}],"wp:attachment":[{"href":"https:\/\/metaltale.com\/lv\/wp-json\/wp\/v2\/media?parent=140562"}],"wp:term":[{"taxonomy":"product_brand","embeddable":true,"href":"https:\/\/metaltale.com\/lv\/wp-json\/wp\/v2\/product_brand?post=140562"},{"taxonomy":"product_cat","embeddable":true,"href":"https:\/\/metaltale.com\/lv\/wp-json\/wp\/v2\/product_cat?post=140562"},{"taxonomy":"product_tag","embeddable":true,"href":"https:\/\/metaltale.com\/lv\/wp-json\/wp\/v2\/product_tag?post=140562"}],"curies":[{"name":"wp","href":"https:\/\/api.w.org\/{rel}","templated":true}]}}