{"id":140556,"date":"2024-02-13T13:25:43","date_gmt":"2024-02-13T11:25:43","guid":{"rendered":"https:\/\/metaltale.com\/produktas\/lofto-industriala-kumode-steel-wood-1\/"},"modified":"2024-02-13T13:25:43","modified_gmt":"2024-02-13T11:25:43","slug":"lofto-industriala-kumode-steel-wood-1","status":"publish","type":"product","link":"https:\/\/metaltale.com\/lv\/produkts\/lofto-industriala-kumode-steel-wood-1\/","title":{"rendered":"Lofto industri\u0101l\u0101 kumode STEEL WOOD 1"},"content":{"rendered":"<div class=\"prod_data\">\n<p><strong>Modelis<\/strong> ZA.SW.E2<br \/>\nT\u0113rauda koka <strong>kolekcija<\/strong><br \/>\n<strong>EAN.<\/strong>  5905369914034<br \/>\n<strong>Materi\u0101ls<\/strong> Priede, t\u0113rauds<br \/>\n<strong>Kop\u0113jais augstums (cm<\/strong> ) 81<br \/>\n<strong>Kop\u0113jais platums (cm<\/strong> ) 150<br \/>\n<strong>Dzi\u013cums (cm<\/strong> ) 50<br \/>\n<strong>Trim<\/strong> Spotted<br \/>\n<strong>Pieg\u0101des veids<\/strong> Piln\u012bb\u0101 samont\u0113ts produkts<\/p>\n<p>&#8211; b\u0113ni\u0146u kumode, kas izgatavota no priedes koka un augstas kvalit\u0101tes t\u0113rauda kombin\u0101cijas<br \/>\n&#8211; konstrukcija bija veidota no diviem savstarp\u0113ji savienotiem sl\u0113gtiem profiliem ar \u0161\u0137\u0113rsgriezumu 2&#215;2 cm.<br \/>\n&#8211; ar caursp\u012bd\u012bgu sl\u0101ni pies\u016bcin\u0101ta met\u0101la strukt\u016bra<br \/>\n&#8211; dro\u0161\u012bba un lieto\u0161anas \u0113rtums garant\u0113 visu nel\u012bdzenumu un metin\u0101\u0161anas punktu sl\u012bp\u0113\u0161anu.<br \/>\n&#8211; ar rok\u0101m sl\u012bp\u0113ti priedes elementi saglab\u0101 koksnes dabisko strukt\u016bru.<br \/>\n&#8211; koksne ir apstr\u0101d\u0101ta ar \u016bdens traipiem, izmantojot iegremd\u0113\u0161anas metodi.<br \/>\n&#8211; lod\u012b\u0161u gult\u0146u atvilkt\u0146u vadotnes \u0113rt\u0101kai lieto\u0161anai<br \/>\n&#8211; stil\u012bgi met\u0101la rokturi priek\u0161pus\u0113<\/p>\n<hr>\n<p>Lofta, industri\u0101l\u0101s m\u0113beles no STEEL WOOD kolekcijas ir ori\u0123in\u0101la augstas kvalit\u0101tes t\u0113rauda un atlas\u012btas priedes koksnes kombin\u0101cija. Abu izejmateri\u0101lu kombin\u0101cija pie\u0161\u0137ir m\u0113bel\u0113m unik\u0101lu raksturu, kas at\u0161\u0137iras no ierast\u0101 m\u0113be\u013cu stila, kas izgatavotas tikai no koka. M\u0113r\u0137tiec\u012bga sl\u012bp\u0113\u0161ana metin\u0101\u0161anas viet\u0101s un ar rok\u0101m veikta koka apdare pie\u0161\u0137ir mas\u012bviem industri\u0101lu dizainu. PLINUM WOOD kumod\u0113 ir se\u0161as pla\u0161as atvilktnes. Neraugoties uz to veco stilu, katram no tiem ir modernas lod\u012b\u0161u gult\u0146u vadotnes, kas nodro\u0161ina klusu un vienm\u0113r\u012bgu brauk\u0161anu. M\u0113beles apvieno gan interesantu stilu, gan funkcionalit\u0101ti. \u0160\u012bs kolekcijas mas\u012bvkokus raksturo stabilit\u0101te un lieto\u0161anas \u0113rtums, pateicoties visaugst\u0101k\u0101s kvalit\u0101tes apstr\u0101dei un uzman\u012bbai, kas velt\u012bta deta\u013c\u0101m. STEEL WOOD ir ide\u0101ls pied\u0101v\u0101jums vis\u0101m b\u0113ni\u0146u tipa m\u0101j\u0101m, dz\u012bvok\u013ciem un birojiem.<\/p>\n<hr>\n<\/div>\n","protected":false},"excerpt":{"rendered":"<p>Modelis ZA.SW.E2 T\u0113rauda koka kolekcija EAN. 5905369914034 Materi\u0101ls Priede, t\u0113rauds Kop\u0113jais augstums (cm ) 81 Kop\u0113jais platums (cm ) 150<\/p>\n","protected":false},"featured_media":99217,"comment_status":"open","ping_status":"closed","template":"","meta":{"_acf_changed":false,"pmpro_default_level":""},"product_brand":[],"product_cat":[24120,24057],"product_tag":[],"class_list":{"0":"post-140556","1":"product","2":"type-product","3":"status-publish","4":"has-post-thumbnail","6":"product_cat-kumodes","7":"product_cat-rupnieciskas-mebeles","8":"pmpro-has-access","10":"first","11":"instock","12":"shipping-taxable","13":"purchasable","14":"product-type-simple"},"acf":[],"yoast_head":"<!-- This site is optimized with the Yoast SEO plugin v24.9 - https:\/\/yoast.com\/wordpress\/plugins\/seo\/ -->\n<title>Lofto industri\u0101l\u0101 kumode STEEL WOOD 1 - MetalTale.com<\/title>\n<meta name=\"robots\" content=\"index, follow, max-snippet:-1, max-image-preview:large, max-video-preview:-1\" \/>\n<link rel=\"canonical\" href=\"https:\/\/metaltale.com\/lv\/produkts\/lofto-industriala-kumode-steel-wood-1\/\" \/>\n<meta property=\"og:locale\" content=\"lv_LV\" \/>\n<meta property=\"og:type\" content=\"article\" \/>\n<meta property=\"og:title\" content=\"Lofto industri\u0101l\u0101 kumode STEEL WOOD 1 - MetalTale.com\" \/>\n<meta property=\"og:description\" content=\"Modelis ZA.SW.E2 T\u0113rauda koka kolekcija EAN. 5905369914034 Materi\u0101ls Priede, t\u0113rauds Kop\u0113jais augstums (cm ) 81 Kop\u0113jais platums (cm ) 150\" \/>\n<meta property=\"og:url\" content=\"https:\/\/metaltale.com\/lv\/produkts\/lofto-industriala-kumode-steel-wood-1\/\" \/>\n<meta property=\"og:site_name\" content=\"MetalTale.com\" \/>\n<meta name=\"twitter:card\" content=\"summary_large_image\" \/>\n<meta name=\"twitter:label1\" content=\"Est. reading time\" \/>\n\t<meta name=\"twitter:data1\" content=\"2 minutes\" \/>\n<script type=\"application\/ld+json\" class=\"yoast-schema-graph\">{\"@context\":\"https:\/\/schema.org\",\"@graph\":[{\"@type\":\"WebPage\",\"@id\":\"https:\/\/metaltale.com\/lv\/produkts\/lofto-industriala-kumode-steel-wood-1\/\",\"url\":\"https:\/\/metaltale.com\/lv\/produkts\/lofto-industriala-kumode-steel-wood-1\/\",\"name\":\"Lofto industri\u0101l\u0101 kumode STEEL WOOD 1 - MetalTale.com\",\"isPartOf\":{\"@id\":\"https:\/\/metaltale.com\/lv\/#website\"},\"primaryImageOfPage\":{\"@id\":\"https:\/\/metaltale.com\/lv\/produkts\/lofto-industriala-kumode-steel-wood-1\/#primaryimage\"},\"image\":{\"@id\":\"https:\/\/metaltale.com\/lv\/produkts\/lofto-industriala-kumode-steel-wood-1\/#primaryimage\"},\"thumbnailUrl\":\"https:\/\/metaltale.com\/wp-content\/uploads\/2023\/11\/Komoda-loftas-industrialna-PLIENINx116-MEDIENA-1.jpg\",\"datePublished\":\"2024-02-13T11:25:43+00:00\",\"breadcrumb\":{\"@id\":\"https:\/\/metaltale.com\/lv\/produkts\/lofto-industriala-kumode-steel-wood-1\/#breadcrumb\"},\"inLanguage\":\"lv-LV\",\"potentialAction\":[{\"@type\":\"ReadAction\",\"target\":[\"https:\/\/metaltale.com\/lv\/produkts\/lofto-industriala-kumode-steel-wood-1\/\"]}]},{\"@type\":\"ImageObject\",\"inLanguage\":\"lv-LV\",\"@id\":\"https:\/\/metaltale.com\/lv\/produkts\/lofto-industriala-kumode-steel-wood-1\/#primaryimage\",\"url\":\"https:\/\/metaltale.com\/wp-content\/uploads\/2023\/11\/Komoda-loftas-industrialna-PLIENINx116-MEDIENA-1.jpg\",\"contentUrl\":\"https:\/\/metaltale.com\/wp-content\/uploads\/2023\/11\/Komoda-loftas-industrialna-PLIENINx116-MEDIENA-1.jpg\",\"width\":800,\"height\":800,\"caption\":\"kumodes\"},{\"@type\":\"BreadcrumbList\",\"@id\":\"https:\/\/metaltale.com\/lv\/produkts\/lofto-industriala-kumode-steel-wood-1\/#breadcrumb\",\"itemListElement\":[{\"@type\":\"ListItem\",\"position\":1,\"name\":\"Home\",\"item\":\"https:\/\/metaltale.com\/lv\/majas\/\"},{\"@type\":\"ListItem\",\"position\":2,\"name\":\"Veikals\",\"item\":\"https:\/\/metaltale.com\/lv\/shop\/\"},{\"@type\":\"ListItem\",\"position\":3,\"name\":\"Lofto industri\u0101l\u0101 kumode STEEL WOOD 1\"}]},{\"@type\":\"WebSite\",\"@id\":\"https:\/\/metaltale.com\/lv\/#website\",\"url\":\"https:\/\/metaltale.com\/lv\/\",\"name\":\"Metaltale.com\",\"description\":\"\",\"potentialAction\":[{\"@type\":\"SearchAction\",\"target\":{\"@type\":\"EntryPoint\",\"urlTemplate\":\"https:\/\/metaltale.com\/lv\/?s={search_term_string}\"},\"query-input\":{\"@type\":\"PropertyValueSpecification\",\"valueRequired\":true,\"valueName\":\"search_term_string\"}}],\"inLanguage\":\"lv-LV\"}]}<\/script>\n<!-- \/ Yoast SEO plugin. -->","yoast_head_json":{"title":"Lofto industri\u0101l\u0101 kumode STEEL WOOD 1 - MetalTale.com","robots":{"index":"index","follow":"follow","max-snippet":"max-snippet:-1","max-image-preview":"max-image-preview:large","max-video-preview":"max-video-preview:-1"},"canonical":"https:\/\/metaltale.com\/lv\/produkts\/lofto-industriala-kumode-steel-wood-1\/","og_locale":"lv_LV","og_type":"article","og_title":"Lofto industri\u0101l\u0101 kumode STEEL WOOD 1 - MetalTale.com","og_description":"Modelis ZA.SW.E2 T\u0113rauda koka kolekcija EAN. 5905369914034 Materi\u0101ls Priede, t\u0113rauds Kop\u0113jais augstums (cm ) 81 Kop\u0113jais platums (cm ) 150","og_url":"https:\/\/metaltale.com\/lv\/produkts\/lofto-industriala-kumode-steel-wood-1\/","og_site_name":"MetalTale.com","twitter_card":"summary_large_image","twitter_misc":{"Est. reading time":"2 minutes"},"schema":{"@context":"https:\/\/schema.org","@graph":[{"@type":"WebPage","@id":"https:\/\/metaltale.com\/lv\/produkts\/lofto-industriala-kumode-steel-wood-1\/","url":"https:\/\/metaltale.com\/lv\/produkts\/lofto-industriala-kumode-steel-wood-1\/","name":"Lofto industri\u0101l\u0101 kumode STEEL WOOD 1 - MetalTale.com","isPartOf":{"@id":"https:\/\/metaltale.com\/lv\/#website"},"primaryImageOfPage":{"@id":"https:\/\/metaltale.com\/lv\/produkts\/lofto-industriala-kumode-steel-wood-1\/#primaryimage"},"image":{"@id":"https:\/\/metaltale.com\/lv\/produkts\/lofto-industriala-kumode-steel-wood-1\/#primaryimage"},"thumbnailUrl":"https:\/\/metaltale.com\/wp-content\/uploads\/2023\/11\/Komoda-loftas-industrialna-PLIENINx116-MEDIENA-1.jpg","datePublished":"2024-02-13T11:25:43+00:00","breadcrumb":{"@id":"https:\/\/metaltale.com\/lv\/produkts\/lofto-industriala-kumode-steel-wood-1\/#breadcrumb"},"inLanguage":"lv-LV","potentialAction":[{"@type":"ReadAction","target":["https:\/\/metaltale.com\/lv\/produkts\/lofto-industriala-kumode-steel-wood-1\/"]}]},{"@type":"ImageObject","inLanguage":"lv-LV","@id":"https:\/\/metaltale.com\/lv\/produkts\/lofto-industriala-kumode-steel-wood-1\/#primaryimage","url":"https:\/\/metaltale.com\/wp-content\/uploads\/2023\/11\/Komoda-loftas-industrialna-PLIENINx116-MEDIENA-1.jpg","contentUrl":"https:\/\/metaltale.com\/wp-content\/uploads\/2023\/11\/Komoda-loftas-industrialna-PLIENINx116-MEDIENA-1.jpg","width":800,"height":800,"caption":"kumodes"},{"@type":"BreadcrumbList","@id":"https:\/\/metaltale.com\/lv\/produkts\/lofto-industriala-kumode-steel-wood-1\/#breadcrumb","itemListElement":[{"@type":"ListItem","position":1,"name":"Home","item":"https:\/\/metaltale.com\/lv\/majas\/"},{"@type":"ListItem","position":2,"name":"Veikals","item":"https:\/\/metaltale.com\/lv\/shop\/"},{"@type":"ListItem","position":3,"name":"Lofto industri\u0101l\u0101 kumode STEEL WOOD 1"}]},{"@type":"WebSite","@id":"https:\/\/metaltale.com\/lv\/#website","url":"https:\/\/metaltale.com\/lv\/","name":"Metaltale.com","description":"","potentialAction":[{"@type":"SearchAction","target":{"@type":"EntryPoint","urlTemplate":"https:\/\/metaltale.com\/lv\/?s={search_term_string}"},"query-input":{"@type":"PropertyValueSpecification","valueRequired":true,"valueName":"search_term_string"}}],"inLanguage":"lv-LV"}]}},"_links":{"self":[{"href":"https:\/\/metaltale.com\/lv\/wp-json\/wp\/v2\/product\/140556","targetHints":{"allow":["GET"]}}],"collection":[{"href":"https:\/\/metaltale.com\/lv\/wp-json\/wp\/v2\/product"}],"about":[{"href":"https:\/\/metaltale.com\/lv\/wp-json\/wp\/v2\/types\/product"}],"replies":[{"embeddable":true,"href":"https:\/\/metaltale.com\/lv\/wp-json\/wp\/v2\/comments?post=140556"}],"version-history":[{"count":0,"href":"https:\/\/metaltale.com\/lv\/wp-json\/wp\/v2\/product\/140556\/revisions"}],"wp:featuredmedia":[{"embeddable":true,"href":"https:\/\/metaltale.com\/lv\/wp-json\/wp\/v2\/media\/99217"}],"wp:attachment":[{"href":"https:\/\/metaltale.com\/lv\/wp-json\/wp\/v2\/media?parent=140556"}],"wp:term":[{"taxonomy":"product_brand","embeddable":true,"href":"https:\/\/metaltale.com\/lv\/wp-json\/wp\/v2\/product_brand?post=140556"},{"taxonomy":"product_cat","embeddable":true,"href":"https:\/\/metaltale.com\/lv\/wp-json\/wp\/v2\/product_cat?post=140556"},{"taxonomy":"product_tag","embeddable":true,"href":"https:\/\/metaltale.com\/lv\/wp-json\/wp\/v2\/product_tag?post=140556"}],"curies":[{"name":"wp","href":"https:\/\/api.w.org\/{rel}","templated":true}]}}