{"id":140553,"date":"2024-02-13T13:25:43","date_gmt":"2024-02-13T11:25:43","guid":{"rendered":"https:\/\/metaltale.com\/produktas\/rupnieciskais-stienis-terauds\/"},"modified":"2024-02-13T13:25:43","modified_gmt":"2024-02-13T11:25:43","slug":"rupnieciskais-stienis-terauds","status":"publish","type":"product","link":"https:\/\/metaltale.com\/lv\/produkts\/rupnieciskais-stienis-terauds\/","title":{"rendered":"R\u016bpnieciskais stienis T\u0112RAUDS"},"content":{"rendered":"<div class=\"prod_data\">\n<p><strong>Modelis<\/strong> ZA.SW.BAR<br \/>\nT\u0113rauda koka <strong>kolekcija<\/strong><br \/>\n<strong>EAN.<\/strong>  5905369912887<br \/>\n<strong>Materi\u0101ls<\/strong> Priede, t\u0113rauds<br \/>\nKop\u0113jais augstums (cm ) 115<br \/>\nKop\u0113jais platums (cm ) 120<br \/>\n<strong>Dzi\u013cums (cm<\/strong> ) 38<br \/>\n<strong>Trim<\/strong> Spotted<br \/>\n<strong>Pieg\u0101des veids<\/strong> Piln\u012bb\u0101 samont\u0113ts produkts<\/p>\n<p>FACTORY m\u0113be\u013cu kolekcijas lielie pan\u0101kumi ir liku\u0161i mums izveidot jaunu produktu l\u012bniju &#8211; STEEL WOOD. Mums bija viens m\u0113r\u0137is &#8211; main\u012bt stereotipus. T\u0101 rad\u0101s ideja apvienot dabu ar m\u016bsdien\u012bgumu. M\u0113beles raksturo ori\u0123in\u0101la t\u0113rauda konstrukcija, kas veidota no diviem 20&#215;20 mm \u0161\u0137\u0113rsgriezuma profiliem, kuri savienoti v\u0113l nebiju\u0161\u0101 veid\u0101. \u0160\u012bs kolekcijas mode\u013ci lau\u017e ierasto m\u0113be\u013cu stilu, kas izgatavotas tikai no koka, izmantojot t\u0113raudu. Koka elementi ir izgatavoti no priedes koksnes, kas pies\u016bcin\u0101ta ar \u016bdens traipiem. Koka elementu kr\u0101so\u0161ana ar rok\u0101m un sl\u012bp\u0113\u0161ana padara izstr\u0101d\u0101jumu piln\u012bb\u0101 funkcion\u0101lu, bet vienlaikus bez dab\u012bg\u0101m izejviel\u0101m. &#8220;T\u0113rauda koka kolekcija, t\u0101pat k\u0101 visas p\u0101r\u0113j\u0101s m\u016bsu kolekcijas, nodro\u0161ina piln\u012bgu dro\u0161\u012bbu lieto\u0161anas laik\u0101. Visas malas, st\u016bri un metin\u0101\u0161anas vietas ir pul\u0113tas, atst\u0101jot paredz\u0113to &#8220;t\u012bro&#8221; efektu, ko rada nesagatavota t\u0113rauda kl\u012brenss. M\u016bsu b\u0101ra kr\u0113sli un kr\u0113sli ir lieliski piem\u0113roti bufetes galdam.<\/p>\n<\/div>\n","protected":false},"excerpt":{"rendered":"<p>Modelis ZA.SW.BAR T\u0113rauda koka kolekcija EAN. 5905369912887 Materi\u0101ls Priede, t\u0113rauds Kop\u0113jais augstums (cm ) 115 Kop\u0113jais platums (cm ) 120<\/p>\n","protected":false},"featured_media":66349,"comment_status":"open","ping_status":"closed","template":"","meta":{"_acf_changed":false,"pmpro_default_level":""},"product_brand":[],"product_cat":[24119,24057],"product_tag":[],"class_list":{"0":"post-140553","1":"product","2":"type-product","3":"status-publish","4":"has-post-thumbnail","6":"product_cat-konsoles-lv","7":"product_cat-rupnieciskas-mebeles","8":"pmpro-has-access","10":"first","11":"instock","12":"shipping-taxable","13":"purchasable","14":"product-type-simple"},"acf":[],"yoast_head":"<!-- This site is optimized with the Yoast SEO plugin v24.9 - https:\/\/yoast.com\/wordpress\/plugins\/seo\/ -->\n<title>R\u016bpnieciskais stienis T\u0112RAUDS - MetalTale.com<\/title>\n<meta name=\"robots\" content=\"index, follow, max-snippet:-1, max-image-preview:large, max-video-preview:-1\" \/>\n<link rel=\"canonical\" href=\"https:\/\/metaltale.com\/lv\/produkts\/rupnieciskais-stienis-terauds\/\" \/>\n<meta property=\"og:locale\" content=\"lv_LV\" \/>\n<meta property=\"og:type\" content=\"article\" \/>\n<meta property=\"og:title\" content=\"R\u016bpnieciskais stienis T\u0112RAUDS - MetalTale.com\" \/>\n<meta property=\"og:description\" content=\"Modelis ZA.SW.BAR T\u0113rauda koka kolekcija EAN. 5905369912887 Materi\u0101ls Priede, t\u0113rauds Kop\u0113jais augstums (cm ) 115 Kop\u0113jais platums (cm ) 120\" \/>\n<meta property=\"og:url\" content=\"https:\/\/metaltale.com\/lv\/produkts\/rupnieciskais-stienis-terauds\/\" \/>\n<meta property=\"og:site_name\" content=\"MetalTale.com\" \/>\n<meta name=\"twitter:card\" content=\"summary_large_image\" \/>\n<meta name=\"twitter:label1\" content=\"Est. reading time\" \/>\n\t<meta name=\"twitter:data1\" content=\"1 minute\" \/>\n<script type=\"application\/ld+json\" class=\"yoast-schema-graph\">{\"@context\":\"https:\/\/schema.org\",\"@graph\":[{\"@type\":\"WebPage\",\"@id\":\"https:\/\/metaltale.com\/lv\/produkts\/rupnieciskais-stienis-terauds\/\",\"url\":\"https:\/\/metaltale.com\/lv\/produkts\/rupnieciskais-stienis-terauds\/\",\"name\":\"R\u016bpnieciskais stienis T\u0112RAUDS - MetalTale.com\",\"isPartOf\":{\"@id\":\"https:\/\/metaltale.com\/lv\/#website\"},\"primaryImageOfPage\":{\"@id\":\"https:\/\/metaltale.com\/lv\/produkts\/rupnieciskais-stienis-terauds\/#primaryimage\"},\"image\":{\"@id\":\"https:\/\/metaltale.com\/lv\/produkts\/rupnieciskais-stienis-terauds\/#primaryimage\"},\"thumbnailUrl\":\"https:\/\/metaltale.com\/wp-content\/uploads\/2023\/09\/Barekas-PLIENINx116-MEDIENA.jpg\",\"datePublished\":\"2024-02-13T11:25:43+00:00\",\"breadcrumb\":{\"@id\":\"https:\/\/metaltale.com\/lv\/produkts\/rupnieciskais-stienis-terauds\/#breadcrumb\"},\"inLanguage\":\"lv-LV\",\"potentialAction\":[{\"@type\":\"ReadAction\",\"target\":[\"https:\/\/metaltale.com\/lv\/produkts\/rupnieciskais-stienis-terauds\/\"]}]},{\"@type\":\"ImageObject\",\"inLanguage\":\"lv-LV\",\"@id\":\"https:\/\/metaltale.com\/lv\/produkts\/rupnieciskais-stienis-terauds\/#primaryimage\",\"url\":\"https:\/\/metaltale.com\/wp-content\/uploads\/2023\/09\/Barekas-PLIENINx116-MEDIENA.jpg\",\"contentUrl\":\"https:\/\/metaltale.com\/wp-content\/uploads\/2023\/09\/Barekas-PLIENINx116-MEDIENA.jpg\",\"width\":800,\"height\":800},{\"@type\":\"BreadcrumbList\",\"@id\":\"https:\/\/metaltale.com\/lv\/produkts\/rupnieciskais-stienis-terauds\/#breadcrumb\",\"itemListElement\":[{\"@type\":\"ListItem\",\"position\":1,\"name\":\"Home\",\"item\":\"https:\/\/metaltale.com\/lv\/majas\/\"},{\"@type\":\"ListItem\",\"position\":2,\"name\":\"Veikals\",\"item\":\"https:\/\/metaltale.com\/lv\/shop\/\"},{\"@type\":\"ListItem\",\"position\":3,\"name\":\"R\u016bpnieciskais stienis T\u0112RAUDS\"}]},{\"@type\":\"WebSite\",\"@id\":\"https:\/\/metaltale.com\/lv\/#website\",\"url\":\"https:\/\/metaltale.com\/lv\/\",\"name\":\"Metaltale.com\",\"description\":\"\",\"potentialAction\":[{\"@type\":\"SearchAction\",\"target\":{\"@type\":\"EntryPoint\",\"urlTemplate\":\"https:\/\/metaltale.com\/lv\/?s={search_term_string}\"},\"query-input\":{\"@type\":\"PropertyValueSpecification\",\"valueRequired\":true,\"valueName\":\"search_term_string\"}}],\"inLanguage\":\"lv-LV\"}]}<\/script>\n<!-- \/ Yoast SEO plugin. -->","yoast_head_json":{"title":"R\u016bpnieciskais stienis T\u0112RAUDS - MetalTale.com","robots":{"index":"index","follow":"follow","max-snippet":"max-snippet:-1","max-image-preview":"max-image-preview:large","max-video-preview":"max-video-preview:-1"},"canonical":"https:\/\/metaltale.com\/lv\/produkts\/rupnieciskais-stienis-terauds\/","og_locale":"lv_LV","og_type":"article","og_title":"R\u016bpnieciskais stienis T\u0112RAUDS - MetalTale.com","og_description":"Modelis ZA.SW.BAR T\u0113rauda koka kolekcija EAN. 5905369912887 Materi\u0101ls Priede, t\u0113rauds Kop\u0113jais augstums (cm ) 115 Kop\u0113jais platums (cm ) 120","og_url":"https:\/\/metaltale.com\/lv\/produkts\/rupnieciskais-stienis-terauds\/","og_site_name":"MetalTale.com","twitter_card":"summary_large_image","twitter_misc":{"Est. reading time":"1 minute"},"schema":{"@context":"https:\/\/schema.org","@graph":[{"@type":"WebPage","@id":"https:\/\/metaltale.com\/lv\/produkts\/rupnieciskais-stienis-terauds\/","url":"https:\/\/metaltale.com\/lv\/produkts\/rupnieciskais-stienis-terauds\/","name":"R\u016bpnieciskais stienis T\u0112RAUDS - MetalTale.com","isPartOf":{"@id":"https:\/\/metaltale.com\/lv\/#website"},"primaryImageOfPage":{"@id":"https:\/\/metaltale.com\/lv\/produkts\/rupnieciskais-stienis-terauds\/#primaryimage"},"image":{"@id":"https:\/\/metaltale.com\/lv\/produkts\/rupnieciskais-stienis-terauds\/#primaryimage"},"thumbnailUrl":"https:\/\/metaltale.com\/wp-content\/uploads\/2023\/09\/Barekas-PLIENINx116-MEDIENA.jpg","datePublished":"2024-02-13T11:25:43+00:00","breadcrumb":{"@id":"https:\/\/metaltale.com\/lv\/produkts\/rupnieciskais-stienis-terauds\/#breadcrumb"},"inLanguage":"lv-LV","potentialAction":[{"@type":"ReadAction","target":["https:\/\/metaltale.com\/lv\/produkts\/rupnieciskais-stienis-terauds\/"]}]},{"@type":"ImageObject","inLanguage":"lv-LV","@id":"https:\/\/metaltale.com\/lv\/produkts\/rupnieciskais-stienis-terauds\/#primaryimage","url":"https:\/\/metaltale.com\/wp-content\/uploads\/2023\/09\/Barekas-PLIENINx116-MEDIENA.jpg","contentUrl":"https:\/\/metaltale.com\/wp-content\/uploads\/2023\/09\/Barekas-PLIENINx116-MEDIENA.jpg","width":800,"height":800},{"@type":"BreadcrumbList","@id":"https:\/\/metaltale.com\/lv\/produkts\/rupnieciskais-stienis-terauds\/#breadcrumb","itemListElement":[{"@type":"ListItem","position":1,"name":"Home","item":"https:\/\/metaltale.com\/lv\/majas\/"},{"@type":"ListItem","position":2,"name":"Veikals","item":"https:\/\/metaltale.com\/lv\/shop\/"},{"@type":"ListItem","position":3,"name":"R\u016bpnieciskais stienis T\u0112RAUDS"}]},{"@type":"WebSite","@id":"https:\/\/metaltale.com\/lv\/#website","url":"https:\/\/metaltale.com\/lv\/","name":"Metaltale.com","description":"","potentialAction":[{"@type":"SearchAction","target":{"@type":"EntryPoint","urlTemplate":"https:\/\/metaltale.com\/lv\/?s={search_term_string}"},"query-input":{"@type":"PropertyValueSpecification","valueRequired":true,"valueName":"search_term_string"}}],"inLanguage":"lv-LV"}]}},"_links":{"self":[{"href":"https:\/\/metaltale.com\/lv\/wp-json\/wp\/v2\/product\/140553","targetHints":{"allow":["GET"]}}],"collection":[{"href":"https:\/\/metaltale.com\/lv\/wp-json\/wp\/v2\/product"}],"about":[{"href":"https:\/\/metaltale.com\/lv\/wp-json\/wp\/v2\/types\/product"}],"replies":[{"embeddable":true,"href":"https:\/\/metaltale.com\/lv\/wp-json\/wp\/v2\/comments?post=140553"}],"version-history":[{"count":0,"href":"https:\/\/metaltale.com\/lv\/wp-json\/wp\/v2\/product\/140553\/revisions"}],"wp:featuredmedia":[{"embeddable":true,"href":"https:\/\/metaltale.com\/lv\/wp-json\/wp\/v2\/media\/66349"}],"wp:attachment":[{"href":"https:\/\/metaltale.com\/lv\/wp-json\/wp\/v2\/media?parent=140553"}],"wp:term":[{"taxonomy":"product_brand","embeddable":true,"href":"https:\/\/metaltale.com\/lv\/wp-json\/wp\/v2\/product_brand?post=140553"},{"taxonomy":"product_cat","embeddable":true,"href":"https:\/\/metaltale.com\/lv\/wp-json\/wp\/v2\/product_cat?post=140553"},{"taxonomy":"product_tag","embeddable":true,"href":"https:\/\/metaltale.com\/lv\/wp-json\/wp\/v2\/product_tag?post=140553"}],"curies":[{"name":"wp","href":"https:\/\/api.w.org\/{rel}","templated":true}]}}