{"id":140545,"date":"2024-02-13T13:25:05","date_gmt":"2024-02-13T11:25:05","guid":{"rendered":"https:\/\/metaltale.com\/produktas\/factory-oak-1-plaukts\/"},"modified":"2024-02-13T13:25:05","modified_gmt":"2024-02-13T11:25:05","slug":"factory-oak-1-plaukts","status":"publish","type":"product","link":"https:\/\/metaltale.com\/lv\/produkts\/factory-oak-1-plaukts\/","title":{"rendered":"FACTORY OAK 1 plaukts"},"content":{"rendered":"<div class=\"prod_data\">\n<p>ZA <strong>modelis<\/strong>. FAC1-DAB<br \/>\nFACTORY OAK <strong>kolekcija<\/strong><br \/>\n<strong>EAN.<\/strong>  5905369914850<br \/>\nCiti mot\u012bvi<br \/>\n<strong>Materi\u0101ls<\/strong> Ozola koks, t\u0113rauds<br \/>\n<strong>Kop\u0113jais augstums (cm<\/strong> ) 200<br \/>\n<strong>Kop\u0113jais platums (cm<\/strong> ) 80<br \/>\n<strong>Dzi\u013cums (cm<\/strong> ) 40<br \/>\n<strong>Pieg\u0101des veids<\/strong> Piln\u012bb\u0101 samont\u0113ts produkts<\/p>\n<p>&#8211; \u0160aurs, augsts industri\u0101ls stends no ozolkoka un t\u0113rauda koka<br \/>\n&#8211; lod\u012b\u0161u gult\u0146u vadotnes atvieglo atvilkt\u0146u izvilk\u0161anu.<br \/>\n&#8211; B\u012bd\u0101m\u0101 priek\u0161\u0113j\u0101 plaukta p\u0101rsegs ir praktisks un dizaina risin\u0101jums.<br \/>\n&#8211; sl\u0113gta 80&#215;20 mm profila konstrukcija garant\u0113 stabilit\u0101ti un iztur\u012bbu;<br \/>\n&#8211; t\u0113rauds, pies\u016bcin\u0101ts ar caursp\u012bd\u012bgu sl\u0101ni, kas aizsarg\u0101 pret boj\u0101jumiem un skr\u0101p\u0113jumiem.<br \/>\n&#8211; atvilktnes izgatavotas tikai no ne\u0113vel\u0113ta koka &#8211; mont\u0101\u017eai izmantotas redzamas naglas<br \/>\n&#8211; starp atl\u012bm\u0113tiem d\u0113\u013ciem var rasties spraugas, kas neietekm\u0113 lieto\u0161anas \u0113rtumu.<br \/>\n&#8211; Ar dab\u012bgo e\u013c\u013cu pies\u016bcin\u0101ta ozolkoka koksne<br \/>\n&#8211; sagaid\u0101m\u0101 noveco\u0161anas ietekme izpau\u017eas k\u0101 redzami skr\u0101p\u0113jumi uz t\u0113rauda virsmas un paman\u0101ma koka tekst\u016bra.<br \/>\n&#8211; izstr\u0101d\u0101jumu kr\u0101sa var at\u0161\u0137irties no fotogalerij\u0101 redzam\u0101s kr\u0101sas individu\u0101lu monitora iestat\u012bjumu un materi\u0101lu \u012bpa\u0161\u012bbu d\u0113\u013c &#8211; t\u0113rauds un ozolkoks ir neapstr\u0101d\u0101ti materi\u0101li, kuru kr\u0101sa, tonis un tekst\u016bra var at\u0161\u0137irties atkar\u012bb\u0101 no eksempl\u0101ra vai ra\u017eo\u0161anas partijas.<\/p>\n<hr>\n<p>&#8220;Factory Oak&#8221; kolekciju raksturo industri\u0101l\u0101 stila m\u0113beles, kas ir augst\u0101k\u0101s kvalit\u0101tes un kur\u0101s izmantoti otrreiz\u0113ji p\u0101rstr\u0101d\u0101ti materi\u0101li. Augstais stat\u012bvs, kura pamat\u0101 ir cieta t\u0113rauda konstrukcija no sl\u0113gtiem profiliem, garant\u0113 stabilit\u0101ti un iztur\u012bbu. Nelakoti ozolkoka d\u0113\u013ci pie\u0161\u0137ir m\u0113bel\u0113m p\u0101rlaic\u012bgu eleganci, un neliel\u0101s spraugas starp tiem \u013cauj ietaup\u012bt b\u0113ni\u0146us. Uz t\u0113rauda elementiem redzam\u0101 noveco\u0161an\u0101s ietekme atbilst r\u016bpnieciskajiem pie\u0146\u0113mumiem, un \u0161o ietekmi pastiprina redzam\u0101s \u0161uves un savienojumi. Stil\u012bg\u0101 ozola un met\u0101la kombin\u0101cija ir klasisks risin\u0101jums, ko var viegli iek\u013caut m\u016bsdien\u012bg\u0101 interjer\u0101, t\u0101d\u0113j\u0101di izjaucot interjera raksturu. Divas koka atvilktnes un plaukti, kas pasl\u0113pti aiz b\u012bd\u0101m\u0101s frontes, ir praktisks pied\u0101v\u0101jums birojiem, m\u0101jas bibliot\u0113k\u0101m un dz\u012bvojam\u0101m istab\u0101m. Ar\u012b r\u016bpn\u012bcas ozolkoka stat\u012bvs ir izteiksm\u012bgs dekorat\u012bvs elements, jo \u012bpa\u0161i t\u0101 atv\u0113rt\u0101s koka arhitekt\u016bras d\u0113\u013c.<\/p>\n<\/div>\n","protected":false},"excerpt":{"rendered":"<p>ZA modelis. FAC1-DAB FACTORY OAK kolekcija EAN. 5905369914850 Citi mot\u012bvi Materi\u0101ls Ozola koks, t\u0113rauds Kop\u0113jais augstums (cm ) 200 Kop\u0113jais<\/p>\n","protected":false},"featured_media":65935,"comment_status":"open","ping_status":"closed","template":"","meta":{"_acf_changed":false,"pmpro_default_level":""},"product_brand":[],"product_cat":[24092,24057],"product_tag":[],"class_list":{"0":"post-140545","1":"product","2":"type-product","3":"status-publish","4":"has-post-thumbnail","6":"product_cat-plaukti","7":"product_cat-rupnieciskas-mebeles","8":"pmpro-has-access","10":"first","11":"instock","12":"shipping-taxable","13":"purchasable","14":"product-type-simple"},"acf":[],"yoast_head":"<!-- This site is optimized with the Yoast SEO plugin v24.9 - https:\/\/yoast.com\/wordpress\/plugins\/seo\/ -->\n<title>FACTORY OAK 1 plaukts - MetalTale.com<\/title>\n<meta name=\"robots\" content=\"index, follow, max-snippet:-1, max-image-preview:large, max-video-preview:-1\" \/>\n<link rel=\"canonical\" href=\"https:\/\/metaltale.com\/lv\/produkts\/factory-oak-1-plaukts\/\" \/>\n<meta property=\"og:locale\" content=\"lv_LV\" \/>\n<meta property=\"og:type\" content=\"article\" \/>\n<meta property=\"og:title\" content=\"FACTORY OAK 1 plaukts - MetalTale.com\" \/>\n<meta property=\"og:description\" content=\"ZA modelis. FAC1-DAB FACTORY OAK kolekcija EAN. 5905369914850 Citi mot\u012bvi Materi\u0101ls Ozola koks, t\u0113rauds Kop\u0113jais augstums (cm ) 200 Kop\u0113jais\" \/>\n<meta property=\"og:url\" content=\"https:\/\/metaltale.com\/lv\/produkts\/factory-oak-1-plaukts\/\" \/>\n<meta property=\"og:site_name\" content=\"MetalTale.com\" \/>\n<meta name=\"twitter:card\" content=\"summary_large_image\" \/>\n<meta name=\"twitter:label1\" content=\"Est. reading time\" \/>\n\t<meta name=\"twitter:data1\" content=\"2 minutes\" \/>\n<script type=\"application\/ld+json\" class=\"yoast-schema-graph\">{\"@context\":\"https:\/\/schema.org\",\"@graph\":[{\"@type\":\"WebPage\",\"@id\":\"https:\/\/metaltale.com\/lv\/produkts\/factory-oak-1-plaukts\/\",\"url\":\"https:\/\/metaltale.com\/lv\/produkts\/factory-oak-1-plaukts\/\",\"name\":\"FACTORY OAK 1 plaukts - MetalTale.com\",\"isPartOf\":{\"@id\":\"https:\/\/metaltale.com\/lv\/#website\"},\"primaryImageOfPage\":{\"@id\":\"https:\/\/metaltale.com\/lv\/produkts\/factory-oak-1-plaukts\/#primaryimage\"},\"image\":{\"@id\":\"https:\/\/metaltale.com\/lv\/produkts\/factory-oak-1-plaukts\/#primaryimage\"},\"thumbnailUrl\":\"https:\/\/metaltale.com\/wp-content\/uploads\/2023\/09\/Lentynos-FACTORY-OAK-1.jpg\",\"datePublished\":\"2024-02-13T11:25:05+00:00\",\"breadcrumb\":{\"@id\":\"https:\/\/metaltale.com\/lv\/produkts\/factory-oak-1-plaukts\/#breadcrumb\"},\"inLanguage\":\"lv-LV\",\"potentialAction\":[{\"@type\":\"ReadAction\",\"target\":[\"https:\/\/metaltale.com\/lv\/produkts\/factory-oak-1-plaukts\/\"]}]},{\"@type\":\"ImageObject\",\"inLanguage\":\"lv-LV\",\"@id\":\"https:\/\/metaltale.com\/lv\/produkts\/factory-oak-1-plaukts\/#primaryimage\",\"url\":\"https:\/\/metaltale.com\/wp-content\/uploads\/2023\/09\/Lentynos-FACTORY-OAK-1.jpg\",\"contentUrl\":\"https:\/\/metaltale.com\/wp-content\/uploads\/2023\/09\/Lentynos-FACTORY-OAK-1.jpg\",\"width\":800,\"height\":800,\"caption\":\"FACTORY OAK 1 plaukts\"},{\"@type\":\"BreadcrumbList\",\"@id\":\"https:\/\/metaltale.com\/lv\/produkts\/factory-oak-1-plaukts\/#breadcrumb\",\"itemListElement\":[{\"@type\":\"ListItem\",\"position\":1,\"name\":\"Home\",\"item\":\"https:\/\/metaltale.com\/lv\/majas\/\"},{\"@type\":\"ListItem\",\"position\":2,\"name\":\"Veikals\",\"item\":\"https:\/\/metaltale.com\/lv\/shop\/\"},{\"@type\":\"ListItem\",\"position\":3,\"name\":\"FACTORY OAK 1 plaukts\"}]},{\"@type\":\"WebSite\",\"@id\":\"https:\/\/metaltale.com\/lv\/#website\",\"url\":\"https:\/\/metaltale.com\/lv\/\",\"name\":\"Metaltale.com\",\"description\":\"\",\"potentialAction\":[{\"@type\":\"SearchAction\",\"target\":{\"@type\":\"EntryPoint\",\"urlTemplate\":\"https:\/\/metaltale.com\/lv\/?s={search_term_string}\"},\"query-input\":{\"@type\":\"PropertyValueSpecification\",\"valueRequired\":true,\"valueName\":\"search_term_string\"}}],\"inLanguage\":\"lv-LV\"}]}<\/script>\n<!-- \/ Yoast SEO plugin. -->","yoast_head_json":{"title":"FACTORY OAK 1 plaukts - MetalTale.com","robots":{"index":"index","follow":"follow","max-snippet":"max-snippet:-1","max-image-preview":"max-image-preview:large","max-video-preview":"max-video-preview:-1"},"canonical":"https:\/\/metaltale.com\/lv\/produkts\/factory-oak-1-plaukts\/","og_locale":"lv_LV","og_type":"article","og_title":"FACTORY OAK 1 plaukts - MetalTale.com","og_description":"ZA modelis. FAC1-DAB FACTORY OAK kolekcija EAN. 5905369914850 Citi mot\u012bvi Materi\u0101ls Ozola koks, t\u0113rauds Kop\u0113jais augstums (cm ) 200 Kop\u0113jais","og_url":"https:\/\/metaltale.com\/lv\/produkts\/factory-oak-1-plaukts\/","og_site_name":"MetalTale.com","twitter_card":"summary_large_image","twitter_misc":{"Est. reading time":"2 minutes"},"schema":{"@context":"https:\/\/schema.org","@graph":[{"@type":"WebPage","@id":"https:\/\/metaltale.com\/lv\/produkts\/factory-oak-1-plaukts\/","url":"https:\/\/metaltale.com\/lv\/produkts\/factory-oak-1-plaukts\/","name":"FACTORY OAK 1 plaukts - MetalTale.com","isPartOf":{"@id":"https:\/\/metaltale.com\/lv\/#website"},"primaryImageOfPage":{"@id":"https:\/\/metaltale.com\/lv\/produkts\/factory-oak-1-plaukts\/#primaryimage"},"image":{"@id":"https:\/\/metaltale.com\/lv\/produkts\/factory-oak-1-plaukts\/#primaryimage"},"thumbnailUrl":"https:\/\/metaltale.com\/wp-content\/uploads\/2023\/09\/Lentynos-FACTORY-OAK-1.jpg","datePublished":"2024-02-13T11:25:05+00:00","breadcrumb":{"@id":"https:\/\/metaltale.com\/lv\/produkts\/factory-oak-1-plaukts\/#breadcrumb"},"inLanguage":"lv-LV","potentialAction":[{"@type":"ReadAction","target":["https:\/\/metaltale.com\/lv\/produkts\/factory-oak-1-plaukts\/"]}]},{"@type":"ImageObject","inLanguage":"lv-LV","@id":"https:\/\/metaltale.com\/lv\/produkts\/factory-oak-1-plaukts\/#primaryimage","url":"https:\/\/metaltale.com\/wp-content\/uploads\/2023\/09\/Lentynos-FACTORY-OAK-1.jpg","contentUrl":"https:\/\/metaltale.com\/wp-content\/uploads\/2023\/09\/Lentynos-FACTORY-OAK-1.jpg","width":800,"height":800,"caption":"FACTORY OAK 1 plaukts"},{"@type":"BreadcrumbList","@id":"https:\/\/metaltale.com\/lv\/produkts\/factory-oak-1-plaukts\/#breadcrumb","itemListElement":[{"@type":"ListItem","position":1,"name":"Home","item":"https:\/\/metaltale.com\/lv\/majas\/"},{"@type":"ListItem","position":2,"name":"Veikals","item":"https:\/\/metaltale.com\/lv\/shop\/"},{"@type":"ListItem","position":3,"name":"FACTORY OAK 1 plaukts"}]},{"@type":"WebSite","@id":"https:\/\/metaltale.com\/lv\/#website","url":"https:\/\/metaltale.com\/lv\/","name":"Metaltale.com","description":"","potentialAction":[{"@type":"SearchAction","target":{"@type":"EntryPoint","urlTemplate":"https:\/\/metaltale.com\/lv\/?s={search_term_string}"},"query-input":{"@type":"PropertyValueSpecification","valueRequired":true,"valueName":"search_term_string"}}],"inLanguage":"lv-LV"}]}},"_links":{"self":[{"href":"https:\/\/metaltale.com\/lv\/wp-json\/wp\/v2\/product\/140545","targetHints":{"allow":["GET"]}}],"collection":[{"href":"https:\/\/metaltale.com\/lv\/wp-json\/wp\/v2\/product"}],"about":[{"href":"https:\/\/metaltale.com\/lv\/wp-json\/wp\/v2\/types\/product"}],"replies":[{"embeddable":true,"href":"https:\/\/metaltale.com\/lv\/wp-json\/wp\/v2\/comments?post=140545"}],"version-history":[{"count":0,"href":"https:\/\/metaltale.com\/lv\/wp-json\/wp\/v2\/product\/140545\/revisions"}],"wp:featuredmedia":[{"embeddable":true,"href":"https:\/\/metaltale.com\/lv\/wp-json\/wp\/v2\/media\/65935"}],"wp:attachment":[{"href":"https:\/\/metaltale.com\/lv\/wp-json\/wp\/v2\/media?parent=140545"}],"wp:term":[{"taxonomy":"product_brand","embeddable":true,"href":"https:\/\/metaltale.com\/lv\/wp-json\/wp\/v2\/product_brand?post=140545"},{"taxonomy":"product_cat","embeddable":true,"href":"https:\/\/metaltale.com\/lv\/wp-json\/wp\/v2\/product_cat?post=140545"},{"taxonomy":"product_tag","embeddable":true,"href":"https:\/\/metaltale.com\/lv\/wp-json\/wp\/v2\/product_tag?post=140545"}],"curies":[{"name":"wp","href":"https:\/\/api.w.org\/{rel}","templated":true}]}}