{"id":140529,"date":"2024-02-13T13:21:46","date_gmt":"2024-02-13T11:21:46","guid":{"rendered":"https:\/\/metaltale.com\/produktas\/metala-mebelu-kaja-hairpin-triple-rod-20-cm-krasots-terauds\/"},"modified":"2024-02-13T13:21:46","modified_gmt":"2024-02-13T11:21:46","slug":"metala-mebelu-kaja-hairpin-triple-rod-20-cm-krasots-terauds","status":"publish","type":"product","link":"https:\/\/metaltale.com\/lv\/produkts\/metala-mebelu-kaja-hairpin-triple-rod-20-cm-krasots-terauds\/","title":{"rendered":"Met\u0101la m\u0113be\u013cu k\u0101ja HAIRPIN TRIPLE ROD 20 cm, kr\u0101sots t\u0113rauds"},"content":{"rendered":"<div class=\"prod_data\">\n<p><strong>Modelis<\/strong> ZA.PR3.NDM<br \/>\n<strong>Materi\u0101ls<\/strong> T\u0113rauds<br \/>\n<strong>Kop\u0113jais augstums (cm<\/strong> ) 20<br \/>\n<strong>Pamatnes izm\u0113ri (cm)<\/strong> 7,7 x 14,5<br \/>\n<strong>Stie\u0146a diametrs (cm<\/strong> ) 1<br \/>\nMont\u0101\u017eas skr\u016bves N\u0113<br \/>\nT\u0113rauda <strong>kr\u0101sa<\/strong><br \/>\nDaudzums komplekt\u0101 1 gab.<\/p>\n<p>&#8211; t\u0113rauda m\u0113be\u013cu k\u0101ja<br \/>\n&#8211; kr\u0101su opcijas \u013cauj produktu perfekti saska\u0146ot ar m\u0113bel\u0113m.<br \/>\n&#8211; viena m\u0113be\u013cu k\u0101ja \u013cauj izv\u0113l\u0113ties, kur tie\u0161i to piestiprin\u0101t pie m\u0113beles.<br \/>\n&#8211; t\u0113rauda versija, kas pies\u016bcin\u0101ta ar bezkr\u0101sainu laku, at\u0161\u0137iras ar apzin\u0101tu berzi un citiem noveco\u0161anas efektiem.<br \/>\n&#8211; izstr\u0101d\u0101jumu kr\u0101sa var at\u0161\u0137irties no galerij\u0101 redzamajiem att\u0113liem individu\u0101lu monitora iestat\u012bjumu un materi\u0101lu \u012bpa\u0161\u012bbu d\u0113\u013c &#8211; t\u0113rauds ir neapstr\u0101d\u0101ts materi\u0101ls, kura kr\u0101sa, tonis un tekst\u016bra var at\u0161\u0137irties no parauga uz paraugu vai no partijas uz partiju.<br \/>\n&#8211; pied\u0101v\u0101t\u0101s skr\u016bves ir paredz\u0113tas darba virsm\u0101m, kuru biezums ir 37 mm vai vair\u0101k.<\/p>\n<hr>\n<p>Smalkais, bet izteiksm\u012bgais Hairpin Triple Rod ir priek\u0161likums, kas paredz\u0113ts DIY entuziastiem. Visvienk\u0101r\u0161\u0101kais veids, k\u0101 main\u012bt m\u0113beli un l\u012bdz ar to ar\u012b visu interjeru, ir nomain\u012bt k\u0101jas. Zemo t\u0113rauda k\u0101ju raksturo vienk\u0101r\u0161\u012bba un elegance. Modelis ir pieejams div\u0101s kr\u0101su versij\u0101s, t\u0101p\u0113c k\u0101ju var ide\u0101li piel\u0101got iek\u0101rtojumam. No t\u0113rauda stie\u0146a izgatavotajai zemajai k\u0101jai ir elegants izskats, un t\u0101 labi iederas gan retro, gan modern\u0101 stil\u0101. Skr\u0101p\u0113jumi un citas noveco\u0161anas paz\u012bmes uz t\u0113rauda versijas pie\u0161\u0137ir tai pikantu izskatu un lieliski atbilst b\u0113ni\u0146u un industri\u0101l\u0101 stila krit\u0113rijiem. Hairpin t\u0113rauda k\u0101ju priek\u0161roc\u012bba ir citu izm\u0113ru pieejam\u012bba &#8211; galdam un kafijas galdam.<\/p>\n<hr>\n<\/div>\n","protected":false},"excerpt":{"rendered":"<p>Modelis ZA.PR3.NDM Materi\u0101ls T\u0113rauds Kop\u0113jais augstums (cm ) 20 Pamatnes izm\u0113ri (cm) 7,7 x 14,5 Stie\u0146a diametrs (cm ) 1<\/p>\n","protected":false},"featured_media":119175,"comment_status":"open","ping_status":"closed","template":"","meta":{"_acf_changed":false,"pmpro_default_level":""},"product_brand":[],"product_cat":[24056,24090],"product_tag":[],"class_list":{"0":"post-140529","1":"product","2":"type-product","3":"status-publish","4":"has-post-thumbnail","6":"product_cat-mebelu-kajas","7":"product_cat-mebelu-kajas-lv","8":"pmpro-has-access","10":"first","11":"instock","12":"shipping-taxable","13":"purchasable","14":"product-type-simple"},"acf":[],"yoast_head":"<!-- This site is optimized with the Yoast SEO plugin v24.9 - https:\/\/yoast.com\/wordpress\/plugins\/seo\/ -->\n<title>Met\u0101la m\u0113be\u013cu k\u0101ja HAIRPIN TRIPLE ROD 20 cm, kr\u0101sots t\u0113rauds - MetalTale.com<\/title>\n<meta name=\"robots\" content=\"index, follow, max-snippet:-1, max-image-preview:large, max-video-preview:-1\" \/>\n<link rel=\"canonical\" href=\"https:\/\/metaltale.com\/lv\/produkts\/metala-mebelu-kaja-hairpin-triple-rod-20-cm-krasots-terauds\/\" \/>\n<meta property=\"og:locale\" content=\"lv_LV\" \/>\n<meta property=\"og:type\" content=\"article\" \/>\n<meta property=\"og:title\" content=\"Met\u0101la m\u0113be\u013cu k\u0101ja HAIRPIN TRIPLE ROD 20 cm, kr\u0101sots t\u0113rauds - MetalTale.com\" \/>\n<meta property=\"og:description\" content=\"Modelis ZA.PR3.NDM Materi\u0101ls T\u0113rauds Kop\u0113jais augstums (cm ) 20 Pamatnes izm\u0113ri (cm) 7,7 x 14,5 Stie\u0146a diametrs (cm ) 1\" \/>\n<meta property=\"og:url\" content=\"https:\/\/metaltale.com\/lv\/produkts\/metala-mebelu-kaja-hairpin-triple-rod-20-cm-krasots-terauds\/\" \/>\n<meta property=\"og:site_name\" content=\"MetalTale.com\" \/>\n<meta name=\"twitter:card\" content=\"summary_large_image\" \/>\n<meta name=\"twitter:label1\" content=\"Est. reading time\" \/>\n\t<meta name=\"twitter:data1\" content=\"2 minutes\" \/>\n<script type=\"application\/ld+json\" class=\"yoast-schema-graph\">{\"@context\":\"https:\/\/schema.org\",\"@graph\":[{\"@type\":\"WebPage\",\"@id\":\"https:\/\/metaltale.com\/lv\/produkts\/metala-mebelu-kaja-hairpin-triple-rod-20-cm-krasots-terauds\/\",\"url\":\"https:\/\/metaltale.com\/lv\/produkts\/metala-mebelu-kaja-hairpin-triple-rod-20-cm-krasots-terauds\/\",\"name\":\"Met\u0101la m\u0113be\u013cu k\u0101ja HAIRPIN TRIPLE ROD 20 cm, kr\u0101sots t\u0113rauds - MetalTale.com\",\"isPartOf\":{\"@id\":\"https:\/\/metaltale.com\/lv\/#website\"},\"primaryImageOfPage\":{\"@id\":\"https:\/\/metaltale.com\/lv\/produkts\/metala-mebelu-kaja-hairpin-triple-rod-20-cm-krasots-terauds\/#primaryimage\"},\"image\":{\"@id\":\"https:\/\/metaltale.com\/lv\/produkts\/metala-mebelu-kaja-hairpin-triple-rod-20-cm-krasots-terauds\/#primaryimage\"},\"thumbnailUrl\":\"https:\/\/metaltale.com\/wp-content\/uploads\/2023\/12\/baldu-kojeles-8.jpg\",\"datePublished\":\"2024-02-13T11:21:46+00:00\",\"breadcrumb\":{\"@id\":\"https:\/\/metaltale.com\/lv\/produkts\/metala-mebelu-kaja-hairpin-triple-rod-20-cm-krasots-terauds\/#breadcrumb\"},\"inLanguage\":\"lv-LV\",\"potentialAction\":[{\"@type\":\"ReadAction\",\"target\":[\"https:\/\/metaltale.com\/lv\/produkts\/metala-mebelu-kaja-hairpin-triple-rod-20-cm-krasots-terauds\/\"]}]},{\"@type\":\"ImageObject\",\"inLanguage\":\"lv-LV\",\"@id\":\"https:\/\/metaltale.com\/lv\/produkts\/metala-mebelu-kaja-hairpin-triple-rod-20-cm-krasots-terauds\/#primaryimage\",\"url\":\"https:\/\/metaltale.com\/wp-content\/uploads\/2023\/12\/baldu-kojeles-8.jpg\",\"contentUrl\":\"https:\/\/metaltale.com\/wp-content\/uploads\/2023\/12\/baldu-kojeles-8.jpg\",\"width\":800,\"height\":800,\"caption\":\"M\u0113be\u013cu k\u0101jas\"},{\"@type\":\"BreadcrumbList\",\"@id\":\"https:\/\/metaltale.com\/lv\/produkts\/metala-mebelu-kaja-hairpin-triple-rod-20-cm-krasots-terauds\/#breadcrumb\",\"itemListElement\":[{\"@type\":\"ListItem\",\"position\":1,\"name\":\"Home\",\"item\":\"https:\/\/metaltale.com\/lv\/majas\/\"},{\"@type\":\"ListItem\",\"position\":2,\"name\":\"Veikals\",\"item\":\"https:\/\/metaltale.com\/lv\/shop\/\"},{\"@type\":\"ListItem\",\"position\":3,\"name\":\"Met\u0101la m\u0113be\u013cu k\u0101ja HAIRPIN TRIPLE ROD 20 cm, kr\u0101sots t\u0113rauds\"}]},{\"@type\":\"WebSite\",\"@id\":\"https:\/\/metaltale.com\/lv\/#website\",\"url\":\"https:\/\/metaltale.com\/lv\/\",\"name\":\"Metaltale.com\",\"description\":\"\",\"potentialAction\":[{\"@type\":\"SearchAction\",\"target\":{\"@type\":\"EntryPoint\",\"urlTemplate\":\"https:\/\/metaltale.com\/lv\/?s={search_term_string}\"},\"query-input\":{\"@type\":\"PropertyValueSpecification\",\"valueRequired\":true,\"valueName\":\"search_term_string\"}}],\"inLanguage\":\"lv-LV\"}]}<\/script>\n<!-- \/ Yoast SEO plugin. -->","yoast_head_json":{"title":"Met\u0101la m\u0113be\u013cu k\u0101ja HAIRPIN TRIPLE ROD 20 cm, kr\u0101sots t\u0113rauds - MetalTale.com","robots":{"index":"index","follow":"follow","max-snippet":"max-snippet:-1","max-image-preview":"max-image-preview:large","max-video-preview":"max-video-preview:-1"},"canonical":"https:\/\/metaltale.com\/lv\/produkts\/metala-mebelu-kaja-hairpin-triple-rod-20-cm-krasots-terauds\/","og_locale":"lv_LV","og_type":"article","og_title":"Met\u0101la m\u0113be\u013cu k\u0101ja HAIRPIN TRIPLE ROD 20 cm, kr\u0101sots t\u0113rauds - MetalTale.com","og_description":"Modelis ZA.PR3.NDM Materi\u0101ls T\u0113rauds Kop\u0113jais augstums (cm ) 20 Pamatnes izm\u0113ri (cm) 7,7 x 14,5 Stie\u0146a diametrs (cm ) 1","og_url":"https:\/\/metaltale.com\/lv\/produkts\/metala-mebelu-kaja-hairpin-triple-rod-20-cm-krasots-terauds\/","og_site_name":"MetalTale.com","twitter_card":"summary_large_image","twitter_misc":{"Est. reading time":"2 minutes"},"schema":{"@context":"https:\/\/schema.org","@graph":[{"@type":"WebPage","@id":"https:\/\/metaltale.com\/lv\/produkts\/metala-mebelu-kaja-hairpin-triple-rod-20-cm-krasots-terauds\/","url":"https:\/\/metaltale.com\/lv\/produkts\/metala-mebelu-kaja-hairpin-triple-rod-20-cm-krasots-terauds\/","name":"Met\u0101la m\u0113be\u013cu k\u0101ja HAIRPIN TRIPLE ROD 20 cm, kr\u0101sots t\u0113rauds - MetalTale.com","isPartOf":{"@id":"https:\/\/metaltale.com\/lv\/#website"},"primaryImageOfPage":{"@id":"https:\/\/metaltale.com\/lv\/produkts\/metala-mebelu-kaja-hairpin-triple-rod-20-cm-krasots-terauds\/#primaryimage"},"image":{"@id":"https:\/\/metaltale.com\/lv\/produkts\/metala-mebelu-kaja-hairpin-triple-rod-20-cm-krasots-terauds\/#primaryimage"},"thumbnailUrl":"https:\/\/metaltale.com\/wp-content\/uploads\/2023\/12\/baldu-kojeles-8.jpg","datePublished":"2024-02-13T11:21:46+00:00","breadcrumb":{"@id":"https:\/\/metaltale.com\/lv\/produkts\/metala-mebelu-kaja-hairpin-triple-rod-20-cm-krasots-terauds\/#breadcrumb"},"inLanguage":"lv-LV","potentialAction":[{"@type":"ReadAction","target":["https:\/\/metaltale.com\/lv\/produkts\/metala-mebelu-kaja-hairpin-triple-rod-20-cm-krasots-terauds\/"]}]},{"@type":"ImageObject","inLanguage":"lv-LV","@id":"https:\/\/metaltale.com\/lv\/produkts\/metala-mebelu-kaja-hairpin-triple-rod-20-cm-krasots-terauds\/#primaryimage","url":"https:\/\/metaltale.com\/wp-content\/uploads\/2023\/12\/baldu-kojeles-8.jpg","contentUrl":"https:\/\/metaltale.com\/wp-content\/uploads\/2023\/12\/baldu-kojeles-8.jpg","width":800,"height":800,"caption":"M\u0113be\u013cu k\u0101jas"},{"@type":"BreadcrumbList","@id":"https:\/\/metaltale.com\/lv\/produkts\/metala-mebelu-kaja-hairpin-triple-rod-20-cm-krasots-terauds\/#breadcrumb","itemListElement":[{"@type":"ListItem","position":1,"name":"Home","item":"https:\/\/metaltale.com\/lv\/majas\/"},{"@type":"ListItem","position":2,"name":"Veikals","item":"https:\/\/metaltale.com\/lv\/shop\/"},{"@type":"ListItem","position":3,"name":"Met\u0101la m\u0113be\u013cu k\u0101ja HAIRPIN TRIPLE ROD 20 cm, kr\u0101sots t\u0113rauds"}]},{"@type":"WebSite","@id":"https:\/\/metaltale.com\/lv\/#website","url":"https:\/\/metaltale.com\/lv\/","name":"Metaltale.com","description":"","potentialAction":[{"@type":"SearchAction","target":{"@type":"EntryPoint","urlTemplate":"https:\/\/metaltale.com\/lv\/?s={search_term_string}"},"query-input":{"@type":"PropertyValueSpecification","valueRequired":true,"valueName":"search_term_string"}}],"inLanguage":"lv-LV"}]}},"_links":{"self":[{"href":"https:\/\/metaltale.com\/lv\/wp-json\/wp\/v2\/product\/140529","targetHints":{"allow":["GET"]}}],"collection":[{"href":"https:\/\/metaltale.com\/lv\/wp-json\/wp\/v2\/product"}],"about":[{"href":"https:\/\/metaltale.com\/lv\/wp-json\/wp\/v2\/types\/product"}],"replies":[{"embeddable":true,"href":"https:\/\/metaltale.com\/lv\/wp-json\/wp\/v2\/comments?post=140529"}],"version-history":[{"count":0,"href":"https:\/\/metaltale.com\/lv\/wp-json\/wp\/v2\/product\/140529\/revisions"}],"wp:featuredmedia":[{"embeddable":true,"href":"https:\/\/metaltale.com\/lv\/wp-json\/wp\/v2\/media\/119175"}],"wp:attachment":[{"href":"https:\/\/metaltale.com\/lv\/wp-json\/wp\/v2\/media?parent=140529"}],"wp:term":[{"taxonomy":"product_brand","embeddable":true,"href":"https:\/\/metaltale.com\/lv\/wp-json\/wp\/v2\/product_brand?post=140529"},{"taxonomy":"product_cat","embeddable":true,"href":"https:\/\/metaltale.com\/lv\/wp-json\/wp\/v2\/product_cat?post=140529"},{"taxonomy":"product_tag","embeddable":true,"href":"https:\/\/metaltale.com\/lv\/wp-json\/wp\/v2\/product_tag?post=140529"}],"curies":[{"name":"wp","href":"https:\/\/api.w.org\/{rel}","templated":true}]}}