{"id":140522,"date":"2024-02-13T13:21:05","date_gmt":"2024-02-13T11:21:05","guid":{"rendered":"https:\/\/metaltale.com\/produktas\/arrow-metala-galda-kajas\/"},"modified":"2024-02-13T13:21:05","modified_gmt":"2024-02-13T11:21:05","slug":"arrow-metala-galda-kajas","status":"publish","type":"product","link":"https:\/\/metaltale.com\/lv\/produkts\/arrow-metala-galda-kajas\/","title":{"rendered":"ARROW met\u0101la galda k\u0101jas"},"content":{"rendered":"<div class=\"prod_data\"><strong>Modelis<\/strong> FOR. ..ARW. NDS  <br \/><strong>Materi\u0101ls<\/strong> T\u0113rauds  <br \/><strong>Kop\u0113jais augstums (cm<\/strong> ) 71  <br \/>Kop\u0113jais platums (cm ) 8 <br \/><strong>Mont\u0101\u017eas skr\u016bves<\/strong> N\u0113  <br \/><strong>Kr\u0101sa<\/strong> Melna, t\u0113rauda  <br \/>Pavir\u0161iaus tipas Lyg\u016bs <br \/><strong>Daudzums komplekt\u0101<\/strong> 1 gab.  <\/p>\n<p>&#8211; galda k\u0101ja ir ciets pamats galda virsmai.<br \/>&#8211; vienas k\u0101jas priek\u0161roc\u012bba &#8211; iesp\u0113ja br\u012bvi izv\u0113l\u0113ties stiprin\u0101juma vietu pie darba virsmas.<br \/>&#8211; divi kr\u0101su varianti, lai izveidotu interjeram atbilsto\u0161u galdu.<br \/>&#8211; melna met\u0101la k\u0101ja ar pulverkr\u0101sas p\u0101rkl\u0101jumu, \u013coti iztur\u012bga pret skr\u0101p\u0113jumiem.<br \/>&#8211; t\u0113rauda versija, kas pies\u016bcin\u0101ta ar bezkr\u0101sainu laku, at\u0161\u0137iras ar redzam\u0101m skr\u0101p\u0113jumiem un cit\u0101m noveco\u0161anas sek\u0101m.<br \/>&#8211; izstr\u0101d\u0101jumu kr\u0101sa var at\u0161\u0137irties no galerij\u0101 redzamajiem att\u0113liem individu\u0101lu monitora iestat\u012bjumu un materi\u0101lu \u012bpa\u0161\u012bbu d\u0113\u013c &#8211; t\u0113rauds ir neapstr\u0101d\u0101ts materi\u0101ls, kura kr\u0101sa, tonis un tekst\u016bra var at\u0161\u0137irties no parauga uz paraugu vai no partijas uz partiju.<br \/>&#8211; pied\u0101v\u0101t\u0101s skr\u016bves ir paredz\u0113tas darba virsm\u0101m, kuru biezums ir 37 mm vai vair\u0101k.<br \/>&#8211; skatiet m\u016bsu pilno stiprin\u0101juma skr\u016bvju kl\u0101stu<\/p>\n<hr>\n<p>Arrow met\u0101la k\u0101jas ir pied\u0101v\u0101jums ikvienam, kur\u0161 v\u0113las atteikties no klasisk\u0101 galda izskata un izv\u0113l\u0113ties ekstravagant\u0101ku <span class=\"hiddenSpellError\">DIY<\/span> risin\u0101jumu, kas drosm\u012bgi ieder\u0113sies telp\u0101s ar <span class=\"hiddenSpellError\">indrustisku<\/span> un <span class=\"hiddenSpellError\">b\u0113ni\u0146iem l\u012bdz\u012bgu<\/span> raksturu. Arrow k\u0101ja ar interesantu un neparastu dizainu izce\u013cas ar smalku un attur\u012bgu dizainu, vienlaikus nodro\u0161inot stabilu galda pamatni. \u0160is modelis apvienojum\u0101 ar dab\u012bg\u0101 koka darba virsmu rad\u012bs skaistu un uzman\u012bbu piesaisto\u0161u virtuves vai dz\u012bvojam\u0101s istabas iek\u0101rtojumu. Izstr\u0101d\u0101jums akcent\u0113s vai pie\u0161\u0137irs <span class=\"hiddenSpellError\">b\u0113ni\u0146u<\/span> raksturu jebkuram interjeram. \u0160is modelis ir lielisks pied\u0101v\u0101jums visiem koka un t\u0113rauda apvienojuma cien\u012bt\u0101jiem.<\/p>\n<\/div>\n","protected":false},"excerpt":{"rendered":"<p>Modelis FOR. ..ARW. NDS Materi\u0101ls T\u0113rauds Kop\u0113jais augstums (cm ) 71 Kop\u0113jais platums (cm ) 8 Mont\u0101\u017eas skr\u016bves N\u0113 Kr\u0101sa<\/p>\n","protected":false},"featured_media":76087,"comment_status":"open","ping_status":"closed","template":"","meta":{"_acf_changed":false,"pmpro_default_level":""},"product_brand":[],"product_cat":[23916],"product_tag":[],"class_list":{"0":"post-140522","1":"product","2":"type-product","3":"status-publish","4":"has-post-thumbnail","6":"product_cat-stalo-kojos-lv","7":"pmpro-has-access","9":"first","10":"instock","11":"shipping-taxable","12":"purchasable","13":"product-type-simple"},"acf":[],"yoast_head":"<!-- This site is optimized with the Yoast SEO plugin v24.9 - https:\/\/yoast.com\/wordpress\/plugins\/seo\/ -->\n<title>ARROW met\u0101la galda k\u0101jas - MetalTale.com<\/title>\n<meta name=\"robots\" content=\"index, follow, max-snippet:-1, max-image-preview:large, max-video-preview:-1\" \/>\n<link rel=\"canonical\" href=\"https:\/\/metaltale.com\/lv\/produkts\/arrow-metala-galda-kajas\/\" \/>\n<meta property=\"og:locale\" content=\"lv_LV\" \/>\n<meta property=\"og:type\" content=\"article\" \/>\n<meta property=\"og:title\" content=\"ARROW met\u0101la galda k\u0101jas - MetalTale.com\" \/>\n<meta property=\"og:description\" content=\"Modelis FOR. ..ARW. NDS Materi\u0101ls T\u0113rauds Kop\u0113jais augstums (cm ) 71 Kop\u0113jais platums (cm ) 8 Mont\u0101\u017eas skr\u016bves N\u0113 Kr\u0101sa\" \/>\n<meta property=\"og:url\" content=\"https:\/\/metaltale.com\/lv\/produkts\/arrow-metala-galda-kajas\/\" \/>\n<meta property=\"og:site_name\" content=\"MetalTale.com\" \/>\n<meta name=\"twitter:card\" content=\"summary_large_image\" \/>\n<meta name=\"twitter:label1\" content=\"Est. reading time\" \/>\n\t<meta name=\"twitter:data1\" content=\"2 minutes\" \/>\n<script type=\"application\/ld+json\" class=\"yoast-schema-graph\">{\"@context\":\"https:\/\/schema.org\",\"@graph\":[{\"@type\":\"WebPage\",\"@id\":\"https:\/\/metaltale.com\/lv\/produkts\/arrow-metala-galda-kajas\/\",\"url\":\"https:\/\/metaltale.com\/lv\/produkts\/arrow-metala-galda-kajas\/\",\"name\":\"ARROW met\u0101la galda k\u0101jas - MetalTale.com\",\"isPartOf\":{\"@id\":\"https:\/\/metaltale.com\/lv\/#website\"},\"primaryImageOfPage\":{\"@id\":\"https:\/\/metaltale.com\/lv\/produkts\/arrow-metala-galda-kajas\/#primaryimage\"},\"image\":{\"@id\":\"https:\/\/metaltale.com\/lv\/produkts\/arrow-metala-galda-kajas\/#primaryimage\"},\"thumbnailUrl\":\"https:\/\/metaltale.com\/wp-content\/uploads\/2023\/10\/Noga-RODYKLx116-71-CZARNA.jpg\",\"datePublished\":\"2024-02-13T11:21:05+00:00\",\"breadcrumb\":{\"@id\":\"https:\/\/metaltale.com\/lv\/produkts\/arrow-metala-galda-kajas\/#breadcrumb\"},\"inLanguage\":\"lv-LV\",\"potentialAction\":[{\"@type\":\"ReadAction\",\"target\":[\"https:\/\/metaltale.com\/lv\/produkts\/arrow-metala-galda-kajas\/\"]}]},{\"@type\":\"ImageObject\",\"inLanguage\":\"lv-LV\",\"@id\":\"https:\/\/metaltale.com\/lv\/produkts\/arrow-metala-galda-kajas\/#primaryimage\",\"url\":\"https:\/\/metaltale.com\/wp-content\/uploads\/2023\/10\/Noga-RODYKLx116-71-CZARNA.jpg\",\"contentUrl\":\"https:\/\/metaltale.com\/wp-content\/uploads\/2023\/10\/Noga-RODYKLx116-71-CZARNA.jpg\",\"width\":800,\"height\":800,\"caption\":\"Met\u0101la galda k\u0101jas\"},{\"@type\":\"BreadcrumbList\",\"@id\":\"https:\/\/metaltale.com\/lv\/produkts\/arrow-metala-galda-kajas\/#breadcrumb\",\"itemListElement\":[{\"@type\":\"ListItem\",\"position\":1,\"name\":\"Home\",\"item\":\"https:\/\/metaltale.com\/lv\/majas\/\"},{\"@type\":\"ListItem\",\"position\":2,\"name\":\"Veikals\",\"item\":\"https:\/\/metaltale.com\/lv\/shop\/\"},{\"@type\":\"ListItem\",\"position\":3,\"name\":\"ARROW met\u0101la galda k\u0101jas\"}]},{\"@type\":\"WebSite\",\"@id\":\"https:\/\/metaltale.com\/lv\/#website\",\"url\":\"https:\/\/metaltale.com\/lv\/\",\"name\":\"Metaltale.com\",\"description\":\"\",\"potentialAction\":[{\"@type\":\"SearchAction\",\"target\":{\"@type\":\"EntryPoint\",\"urlTemplate\":\"https:\/\/metaltale.com\/lv\/?s={search_term_string}\"},\"query-input\":{\"@type\":\"PropertyValueSpecification\",\"valueRequired\":true,\"valueName\":\"search_term_string\"}}],\"inLanguage\":\"lv-LV\"}]}<\/script>\n<!-- \/ Yoast SEO plugin. -->","yoast_head_json":{"title":"ARROW met\u0101la galda k\u0101jas - MetalTale.com","robots":{"index":"index","follow":"follow","max-snippet":"max-snippet:-1","max-image-preview":"max-image-preview:large","max-video-preview":"max-video-preview:-1"},"canonical":"https:\/\/metaltale.com\/lv\/produkts\/arrow-metala-galda-kajas\/","og_locale":"lv_LV","og_type":"article","og_title":"ARROW met\u0101la galda k\u0101jas - MetalTale.com","og_description":"Modelis FOR. ..ARW. NDS Materi\u0101ls T\u0113rauds Kop\u0113jais augstums (cm ) 71 Kop\u0113jais platums (cm ) 8 Mont\u0101\u017eas skr\u016bves N\u0113 Kr\u0101sa","og_url":"https:\/\/metaltale.com\/lv\/produkts\/arrow-metala-galda-kajas\/","og_site_name":"MetalTale.com","twitter_card":"summary_large_image","twitter_misc":{"Est. reading time":"2 minutes"},"schema":{"@context":"https:\/\/schema.org","@graph":[{"@type":"WebPage","@id":"https:\/\/metaltale.com\/lv\/produkts\/arrow-metala-galda-kajas\/","url":"https:\/\/metaltale.com\/lv\/produkts\/arrow-metala-galda-kajas\/","name":"ARROW met\u0101la galda k\u0101jas - MetalTale.com","isPartOf":{"@id":"https:\/\/metaltale.com\/lv\/#website"},"primaryImageOfPage":{"@id":"https:\/\/metaltale.com\/lv\/produkts\/arrow-metala-galda-kajas\/#primaryimage"},"image":{"@id":"https:\/\/metaltale.com\/lv\/produkts\/arrow-metala-galda-kajas\/#primaryimage"},"thumbnailUrl":"https:\/\/metaltale.com\/wp-content\/uploads\/2023\/10\/Noga-RODYKLx116-71-CZARNA.jpg","datePublished":"2024-02-13T11:21:05+00:00","breadcrumb":{"@id":"https:\/\/metaltale.com\/lv\/produkts\/arrow-metala-galda-kajas\/#breadcrumb"},"inLanguage":"lv-LV","potentialAction":[{"@type":"ReadAction","target":["https:\/\/metaltale.com\/lv\/produkts\/arrow-metala-galda-kajas\/"]}]},{"@type":"ImageObject","inLanguage":"lv-LV","@id":"https:\/\/metaltale.com\/lv\/produkts\/arrow-metala-galda-kajas\/#primaryimage","url":"https:\/\/metaltale.com\/wp-content\/uploads\/2023\/10\/Noga-RODYKLx116-71-CZARNA.jpg","contentUrl":"https:\/\/metaltale.com\/wp-content\/uploads\/2023\/10\/Noga-RODYKLx116-71-CZARNA.jpg","width":800,"height":800,"caption":"Met\u0101la galda k\u0101jas"},{"@type":"BreadcrumbList","@id":"https:\/\/metaltale.com\/lv\/produkts\/arrow-metala-galda-kajas\/#breadcrumb","itemListElement":[{"@type":"ListItem","position":1,"name":"Home","item":"https:\/\/metaltale.com\/lv\/majas\/"},{"@type":"ListItem","position":2,"name":"Veikals","item":"https:\/\/metaltale.com\/lv\/shop\/"},{"@type":"ListItem","position":3,"name":"ARROW met\u0101la galda k\u0101jas"}]},{"@type":"WebSite","@id":"https:\/\/metaltale.com\/lv\/#website","url":"https:\/\/metaltale.com\/lv\/","name":"Metaltale.com","description":"","potentialAction":[{"@type":"SearchAction","target":{"@type":"EntryPoint","urlTemplate":"https:\/\/metaltale.com\/lv\/?s={search_term_string}"},"query-input":{"@type":"PropertyValueSpecification","valueRequired":true,"valueName":"search_term_string"}}],"inLanguage":"lv-LV"}]}},"_links":{"self":[{"href":"https:\/\/metaltale.com\/lv\/wp-json\/wp\/v2\/product\/140522","targetHints":{"allow":["GET"]}}],"collection":[{"href":"https:\/\/metaltale.com\/lv\/wp-json\/wp\/v2\/product"}],"about":[{"href":"https:\/\/metaltale.com\/lv\/wp-json\/wp\/v2\/types\/product"}],"replies":[{"embeddable":true,"href":"https:\/\/metaltale.com\/lv\/wp-json\/wp\/v2\/comments?post=140522"}],"version-history":[{"count":0,"href":"https:\/\/metaltale.com\/lv\/wp-json\/wp\/v2\/product\/140522\/revisions"}],"wp:featuredmedia":[{"embeddable":true,"href":"https:\/\/metaltale.com\/lv\/wp-json\/wp\/v2\/media\/76087"}],"wp:attachment":[{"href":"https:\/\/metaltale.com\/lv\/wp-json\/wp\/v2\/media?parent=140522"}],"wp:term":[{"taxonomy":"product_brand","embeddable":true,"href":"https:\/\/metaltale.com\/lv\/wp-json\/wp\/v2\/product_brand?post=140522"},{"taxonomy":"product_cat","embeddable":true,"href":"https:\/\/metaltale.com\/lv\/wp-json\/wp\/v2\/product_cat?post=140522"},{"taxonomy":"product_tag","embeddable":true,"href":"https:\/\/metaltale.com\/lv\/wp-json\/wp\/v2\/product_tag?post=140522"}],"curies":[{"name":"wp","href":"https:\/\/api.w.org\/{rel}","templated":true}]}}