{"id":140519,"date":"2024-02-13T13:19:42","date_gmt":"2024-02-13T11:19:42","guid":{"rendered":"https:\/\/metaltale.com\/produktas\/koka-galda-kaja-casena-pine-lakots-terauds\/"},"modified":"2024-02-13T13:19:42","modified_gmt":"2024-02-13T11:19:42","slug":"koka-galda-kaja-casena-pine-lakots-terauds","status":"publish","type":"product","link":"https:\/\/metaltale.com\/lv\/produkts\/koka-galda-kaja-casena-pine-lakots-terauds\/","title":{"rendered":"Koka galda k\u0101ja CASENA PINE, lakots t\u0113rauds"},"content":{"rendered":"<div class=\"prod_data\">\n<p><strong>Modelis<\/strong> ZA.NO.M.NDS<br \/>\n<strong>Materi\u0101ls<\/strong> Priede, t\u0113rauds<br \/>\n<strong>Materi\u0101la biezums (cm<\/strong> ) Abraz\u012bvs 9,5 x 4<br \/>\nKop\u0113jais augstums (cm ) 71<br \/>\n<strong>Kop\u0113jais platums (cm<\/strong> ) 80<br \/>\nMont\u0101\u017eas skr\u016bves N\u0113<br \/>\n<strong>Kr\u0101sa<\/strong> Koks &#8211; dab\u012bg\u0101 e\u013c\u013ca, t\u0113rauds<br \/>\n<strong>Apdare<\/strong> Pulvera p\u0101rkl\u0101jums, e\u013c\u013cots<br \/>\nDaudzums komplekt\u0101 1 gab.<\/p>\n<p>&#8211; galda k\u0101ja no priedes mas\u012bvkoka ar met\u0101la akcentiem<br \/>\n&#8211; divi kr\u0101su varianti, lai izveidotu j\u016bsu interjeram piem\u0113rotu galdu.<br \/>\n&#8211; ar caursp\u012bd\u012bgu e\u013c\u013cu pies\u016bcin\u0101ta ozolkoka koksne<br \/>\n&#8211; k\u0101jai ir mezgli, nelielas plaisas un priedes koksnei rakstur\u012bgas kr\u0101sas izmai\u0146as.<br \/>\n&#8211; pulverkr\u0101soti t\u0113rauda elementi t\u0113rauda versij\u0101 &#8211; caursp\u012bd\u012bgs lakojums.<br \/>\n&#8211; izstr\u0101d\u0101jumu kr\u0101sa var at\u0161\u0137irties no galerij\u0101 redzamajiem att\u0113liem individu\u0101lu monitora iestat\u012bjumu un materi\u0101lu \u012bpa\u0161\u012bbu d\u0113\u013c &#8211; t\u0113rauds ir neapstr\u0101d\u0101ts materi\u0101ls, kura kr\u0101sa, tonis un tekst\u016bra var at\u0161\u0137irties no parauga uz paraugu vai no partijas uz partiju.<br \/>\n&#8211; pied\u0101v\u0101t\u0101s skr\u016bves ir paredz\u0113tas darba virsm\u0101m, kuru minim\u0101lais biezums ir 35 mm.<\/p>\n<hr>\n<p>Stabil\u0101 CASENA priedes galda k\u0101ja savieno industri\u0101lo un lauku stilu. Priedes koksnes smalko dabu (graudain\u012bba, nelielas plaisas, mezgli) lau\u017e t\u0113rauda konstrukcijas elementu stingr\u012bba, kas vienlaikus ir ar\u012b dekorat\u012bvs elements. Taj\u0101 pa\u0161\u0101 laik\u0101 mas\u012bvajai un neuzkr\u012bto\u0161ajai CASENA ir inovat\u012bvs dizains, kas viegli iek\u013caujas lofta un m\u016bsdienu tendenc\u0113s, bet klasisk\u0101 dab\u012bgo izejmateri\u0101lu kombin\u0101cija garant\u0113 t\u0101s daudzpus\u012bbu. CASENA k\u0101jas ir lieliski piem\u0113rotas virtuves, viesistabas un \u0113damistabas galdiem, k\u0101 ar\u012b lieve\u0146u un vasarn\u012bcu galdiem. Ierosin\u0101tais modelis var b\u016bt pieejams ar\u012b ozolkok\u0101.<\/p>\n<\/div>\n","protected":false},"excerpt":{"rendered":"<p>Modelis ZA.NO.M.NDS Materi\u0101ls Priede, t\u0113rauds Materi\u0101la biezums (cm ) Abraz\u012bvs 9,5 x 4 Kop\u0113jais augstums (cm ) 71 Kop\u0113jais platums<\/p>\n","protected":false},"featured_media":75976,"comment_status":"open","ping_status":"closed","template":"","meta":{"_acf_changed":false,"pmpro_default_level":""},"product_brand":[],"product_cat":[23916],"product_tag":[],"class_list":{"0":"post-140519","1":"product","2":"type-product","3":"status-publish","4":"has-post-thumbnail","6":"product_cat-stalo-kojos-lv","7":"pmpro-has-access","9":"first","10":"instock","11":"shipping-taxable","12":"purchasable","13":"product-type-simple"},"acf":[],"yoast_head":"<!-- This site is optimized with the Yoast SEO plugin v24.9 - https:\/\/yoast.com\/wordpress\/plugins\/seo\/ -->\n<title>Koka galda k\u0101ja CASENA PINE, lakots t\u0113rauds - MetalTale.com<\/title>\n<meta name=\"robots\" content=\"index, follow, max-snippet:-1, max-image-preview:large, max-video-preview:-1\" \/>\n<link rel=\"canonical\" href=\"https:\/\/metaltale.com\/lv\/produkts\/koka-galda-kaja-casena-pine-lakots-terauds\/\" \/>\n<meta property=\"og:locale\" content=\"lv_LV\" \/>\n<meta property=\"og:type\" content=\"article\" \/>\n<meta property=\"og:title\" content=\"Koka galda k\u0101ja CASENA PINE, lakots t\u0113rauds - MetalTale.com\" \/>\n<meta property=\"og:description\" content=\"Modelis ZA.NO.M.NDS Materi\u0101ls Priede, t\u0113rauds Materi\u0101la biezums (cm ) Abraz\u012bvs 9,5 x 4 Kop\u0113jais augstums (cm ) 71 Kop\u0113jais platums\" \/>\n<meta property=\"og:url\" content=\"https:\/\/metaltale.com\/lv\/produkts\/koka-galda-kaja-casena-pine-lakots-terauds\/\" \/>\n<meta property=\"og:site_name\" content=\"MetalTale.com\" \/>\n<meta name=\"twitter:card\" content=\"summary_large_image\" \/>\n<meta name=\"twitter:label1\" content=\"Est. reading time\" \/>\n\t<meta name=\"twitter:data1\" content=\"1 minute\" \/>\n<script type=\"application\/ld+json\" class=\"yoast-schema-graph\">{\"@context\":\"https:\/\/schema.org\",\"@graph\":[{\"@type\":\"WebPage\",\"@id\":\"https:\/\/metaltale.com\/lv\/produkts\/koka-galda-kaja-casena-pine-lakots-terauds\/\",\"url\":\"https:\/\/metaltale.com\/lv\/produkts\/koka-galda-kaja-casena-pine-lakots-terauds\/\",\"name\":\"Koka galda k\u0101ja CASENA PINE, lakots t\u0113rauds - MetalTale.com\",\"isPartOf\":{\"@id\":\"https:\/\/metaltale.com\/lv\/#website\"},\"primaryImageOfPage\":{\"@id\":\"https:\/\/metaltale.com\/lv\/produkts\/koka-galda-kaja-casena-pine-lakots-terauds\/#primaryimage\"},\"image\":{\"@id\":\"https:\/\/metaltale.com\/lv\/produkts\/koka-galda-kaja-casena-pine-lakots-terauds\/#primaryimage\"},\"thumbnailUrl\":\"https:\/\/metaltale.com\/wp-content\/uploads\/2023\/10\/Koja-CASENA-BLACK-PINE.jpg\",\"datePublished\":\"2024-02-13T11:19:42+00:00\",\"breadcrumb\":{\"@id\":\"https:\/\/metaltale.com\/lv\/produkts\/koka-galda-kaja-casena-pine-lakots-terauds\/#breadcrumb\"},\"inLanguage\":\"lv-LV\",\"potentialAction\":[{\"@type\":\"ReadAction\",\"target\":[\"https:\/\/metaltale.com\/lv\/produkts\/koka-galda-kaja-casena-pine-lakots-terauds\/\"]}]},{\"@type\":\"ImageObject\",\"inLanguage\":\"lv-LV\",\"@id\":\"https:\/\/metaltale.com\/lv\/produkts\/koka-galda-kaja-casena-pine-lakots-terauds\/#primaryimage\",\"url\":\"https:\/\/metaltale.com\/wp-content\/uploads\/2023\/10\/Koja-CASENA-BLACK-PINE.jpg\",\"contentUrl\":\"https:\/\/metaltale.com\/wp-content\/uploads\/2023\/10\/Koja-CASENA-BLACK-PINE.jpg\",\"width\":800,\"height\":800},{\"@type\":\"BreadcrumbList\",\"@id\":\"https:\/\/metaltale.com\/lv\/produkts\/koka-galda-kaja-casena-pine-lakots-terauds\/#breadcrumb\",\"itemListElement\":[{\"@type\":\"ListItem\",\"position\":1,\"name\":\"Home\",\"item\":\"https:\/\/metaltale.com\/lv\/majas\/\"},{\"@type\":\"ListItem\",\"position\":2,\"name\":\"Veikals\",\"item\":\"https:\/\/metaltale.com\/lv\/shop\/\"},{\"@type\":\"ListItem\",\"position\":3,\"name\":\"Koka galda k\u0101ja CASENA PINE, lakots t\u0113rauds\"}]},{\"@type\":\"WebSite\",\"@id\":\"https:\/\/metaltale.com\/lv\/#website\",\"url\":\"https:\/\/metaltale.com\/lv\/\",\"name\":\"Metaltale.com\",\"description\":\"\",\"potentialAction\":[{\"@type\":\"SearchAction\",\"target\":{\"@type\":\"EntryPoint\",\"urlTemplate\":\"https:\/\/metaltale.com\/lv\/?s={search_term_string}\"},\"query-input\":{\"@type\":\"PropertyValueSpecification\",\"valueRequired\":true,\"valueName\":\"search_term_string\"}}],\"inLanguage\":\"lv-LV\"}]}<\/script>\n<!-- \/ Yoast SEO plugin. -->","yoast_head_json":{"title":"Koka galda k\u0101ja CASENA PINE, lakots t\u0113rauds - MetalTale.com","robots":{"index":"index","follow":"follow","max-snippet":"max-snippet:-1","max-image-preview":"max-image-preview:large","max-video-preview":"max-video-preview:-1"},"canonical":"https:\/\/metaltale.com\/lv\/produkts\/koka-galda-kaja-casena-pine-lakots-terauds\/","og_locale":"lv_LV","og_type":"article","og_title":"Koka galda k\u0101ja CASENA PINE, lakots t\u0113rauds - MetalTale.com","og_description":"Modelis ZA.NO.M.NDS Materi\u0101ls Priede, t\u0113rauds Materi\u0101la biezums (cm ) Abraz\u012bvs 9,5 x 4 Kop\u0113jais augstums (cm ) 71 Kop\u0113jais platums","og_url":"https:\/\/metaltale.com\/lv\/produkts\/koka-galda-kaja-casena-pine-lakots-terauds\/","og_site_name":"MetalTale.com","twitter_card":"summary_large_image","twitter_misc":{"Est. reading time":"1 minute"},"schema":{"@context":"https:\/\/schema.org","@graph":[{"@type":"WebPage","@id":"https:\/\/metaltale.com\/lv\/produkts\/koka-galda-kaja-casena-pine-lakots-terauds\/","url":"https:\/\/metaltale.com\/lv\/produkts\/koka-galda-kaja-casena-pine-lakots-terauds\/","name":"Koka galda k\u0101ja CASENA PINE, lakots t\u0113rauds - MetalTale.com","isPartOf":{"@id":"https:\/\/metaltale.com\/lv\/#website"},"primaryImageOfPage":{"@id":"https:\/\/metaltale.com\/lv\/produkts\/koka-galda-kaja-casena-pine-lakots-terauds\/#primaryimage"},"image":{"@id":"https:\/\/metaltale.com\/lv\/produkts\/koka-galda-kaja-casena-pine-lakots-terauds\/#primaryimage"},"thumbnailUrl":"https:\/\/metaltale.com\/wp-content\/uploads\/2023\/10\/Koja-CASENA-BLACK-PINE.jpg","datePublished":"2024-02-13T11:19:42+00:00","breadcrumb":{"@id":"https:\/\/metaltale.com\/lv\/produkts\/koka-galda-kaja-casena-pine-lakots-terauds\/#breadcrumb"},"inLanguage":"lv-LV","potentialAction":[{"@type":"ReadAction","target":["https:\/\/metaltale.com\/lv\/produkts\/koka-galda-kaja-casena-pine-lakots-terauds\/"]}]},{"@type":"ImageObject","inLanguage":"lv-LV","@id":"https:\/\/metaltale.com\/lv\/produkts\/koka-galda-kaja-casena-pine-lakots-terauds\/#primaryimage","url":"https:\/\/metaltale.com\/wp-content\/uploads\/2023\/10\/Koja-CASENA-BLACK-PINE.jpg","contentUrl":"https:\/\/metaltale.com\/wp-content\/uploads\/2023\/10\/Koja-CASENA-BLACK-PINE.jpg","width":800,"height":800},{"@type":"BreadcrumbList","@id":"https:\/\/metaltale.com\/lv\/produkts\/koka-galda-kaja-casena-pine-lakots-terauds\/#breadcrumb","itemListElement":[{"@type":"ListItem","position":1,"name":"Home","item":"https:\/\/metaltale.com\/lv\/majas\/"},{"@type":"ListItem","position":2,"name":"Veikals","item":"https:\/\/metaltale.com\/lv\/shop\/"},{"@type":"ListItem","position":3,"name":"Koka galda k\u0101ja CASENA PINE, lakots t\u0113rauds"}]},{"@type":"WebSite","@id":"https:\/\/metaltale.com\/lv\/#website","url":"https:\/\/metaltale.com\/lv\/","name":"Metaltale.com","description":"","potentialAction":[{"@type":"SearchAction","target":{"@type":"EntryPoint","urlTemplate":"https:\/\/metaltale.com\/lv\/?s={search_term_string}"},"query-input":{"@type":"PropertyValueSpecification","valueRequired":true,"valueName":"search_term_string"}}],"inLanguage":"lv-LV"}]}},"_links":{"self":[{"href":"https:\/\/metaltale.com\/lv\/wp-json\/wp\/v2\/product\/140519","targetHints":{"allow":["GET"]}}],"collection":[{"href":"https:\/\/metaltale.com\/lv\/wp-json\/wp\/v2\/product"}],"about":[{"href":"https:\/\/metaltale.com\/lv\/wp-json\/wp\/v2\/types\/product"}],"replies":[{"embeddable":true,"href":"https:\/\/metaltale.com\/lv\/wp-json\/wp\/v2\/comments?post=140519"}],"version-history":[{"count":0,"href":"https:\/\/metaltale.com\/lv\/wp-json\/wp\/v2\/product\/140519\/revisions"}],"wp:featuredmedia":[{"embeddable":true,"href":"https:\/\/metaltale.com\/lv\/wp-json\/wp\/v2\/media\/75976"}],"wp:attachment":[{"href":"https:\/\/metaltale.com\/lv\/wp-json\/wp\/v2\/media?parent=140519"}],"wp:term":[{"taxonomy":"product_brand","embeddable":true,"href":"https:\/\/metaltale.com\/lv\/wp-json\/wp\/v2\/product_brand?post=140519"},{"taxonomy":"product_cat","embeddable":true,"href":"https:\/\/metaltale.com\/lv\/wp-json\/wp\/v2\/product_cat?post=140519"},{"taxonomy":"product_tag","embeddable":true,"href":"https:\/\/metaltale.com\/lv\/wp-json\/wp\/v2\/product_tag?post=140519"}],"curies":[{"name":"wp","href":"https:\/\/api.w.org\/{rel}","templated":true}]}}