{"id":140495,"date":"2024-02-13T13:19:04","date_gmt":"2024-02-13T11:19:04","guid":{"rendered":"https:\/\/metaltale.com\/produktas\/koka-durvju-rokturis-lee\/"},"modified":"2024-02-13T13:19:04","modified_gmt":"2024-02-13T11:19:04","slug":"koka-durvju-rokturis-lee","status":"publish","type":"product","link":"https:\/\/metaltale.com\/lv\/produkts\/koka-durvju-rokturis-lee\/","title":{"rendered":"Koka durvju rokturis LEE"},"content":{"rendered":"<div class=\"prod_data\">\n<p>SAVE <strong>modelis<\/strong>. DH032<br \/>\nMateri\u0101ls Koks, t\u0113rauds<br \/>\n<strong>Kop\u0113jais augstums (cm<\/strong> ) 21<br \/>\n<strong>Kop\u0113jais platums (cm<\/strong> ) 4,2<br \/>\n<strong>Kop\u0113j\u0101 projekcija (cm<\/strong> ) 5,5<br \/>\n<strong>Att\u0101lums starp<\/strong> caurumiem (<strong>cm<\/strong> ) 18<br \/>\nKr\u0101sa Melna<\/p>\n<p>&#8211; Rokturis izgatavots no augst\u0101k\u0101s kvalit\u0101tes t\u0113rauda, kas garant\u0113 lieto\u0161anas dro\u0161\u012bbu<br \/>\n&#8211; Pulvera p\u0101rkl\u0101jums nodro\u0161ina virs vid\u0113j\u0101 l\u012bme\u0146a iztur\u012bbu<br \/>\n&#8211; darba precizit\u0101te, piev\u0113r\u0161ot uzman\u012bbu katrai deta\u013cai, ir piln\u012bga komforta garantija.<br \/>\n&#8211; Roktura univers\u0101lais raksturs \u013cauj uzst\u0101d\u012bt b\u012bd\u0101m\u0101s durvis, m\u0113be\u013cu durvis un atvilkt\u0146u frontes.<br \/>\n&#8211; izstr\u0101d\u0101jumu var veiksm\u012bgi izmantot k\u0101 praktisku v\u0101rtu tur\u0113t\u0101ju.<br \/>\n&#8211; margu vienk\u0101r\u0161\u0101 arhitekt\u016bra padara t\u0101s ide\u0101li piem\u0113rotas jebkuram interjeram neatkar\u012bgi no stila.<\/p>\n<p>M\u016bsu pied\u0101v\u0101tie b\u012bd\u0101mo durvju rokturi ir izgatavoti, \u0146emot v\u0113r\u0101 katru deta\u013cu, nodro\u0161inot \u0113rtu un uzticamu lieto\u0161anu. \u0160\u012bs kategorijas izstr\u0101d\u0101jumi izce\u013c visas b\u012bd\u0101m\u0101s sist\u0113mas raksturu un skaistumu. Uzst\u0101dot divus at\u0161\u0137ir\u012bgus margu margas vienam durvju modelim, var radik\u0101li main\u012bt durvju stilu. Atkar\u012bb\u0101 no izv\u0113l\u0113t\u0101 mode\u013ca par\u0101d\u012btie rokturi pie\u0161\u0137ir sp\u0113c\u012bgu vai maigu akcentu m\u016bsdienu, retro un b\u0113ni\u0146u interjeriem.<\/p><\/div>\n","protected":false},"excerpt":{"rendered":"<p>SAVE modelis. DH032 Materi\u0101ls Koks, t\u0113rauds Kop\u0113jais augstums (cm ) 21 Kop\u0113jais platums (cm ) 4,2 Kop\u0113j\u0101 projekcija (cm )<\/p>\n","protected":false},"featured_media":75820,"comment_status":"open","ping_status":"closed","template":"","meta":{"_acf_changed":false,"pmpro_default_level":""},"product_brand":[],"product_cat":[24063,24134,24081,23837],"product_tag":[],"class_list":{"0":"post-140495","1":"product","2":"type-product","3":"status-publish","4":"has-post-thumbnail","6":"product_cat-bidamo-durvju-rokturi","7":"product_cat-durvju-rokturi","8":"product_cat-rokturi","9":"product_cat-mebeles-piederumi","10":"pmpro-has-access","12":"first","13":"instock","14":"shipping-taxable","15":"purchasable","16":"product-type-simple"},"acf":[],"yoast_head":"<!-- This site is optimized with the Yoast SEO plugin v24.9 - https:\/\/yoast.com\/wordpress\/plugins\/seo\/ -->\n<title>Koka durvju rokturis LEE - MetalTale.com<\/title>\n<meta name=\"robots\" content=\"index, follow, max-snippet:-1, max-image-preview:large, max-video-preview:-1\" \/>\n<link rel=\"canonical\" href=\"https:\/\/metaltale.com\/lv\/produkts\/koka-durvju-rokturis-lee\/\" \/>\n<meta property=\"og:locale\" content=\"lv_LV\" \/>\n<meta property=\"og:type\" content=\"article\" \/>\n<meta property=\"og:title\" content=\"Koka durvju rokturis LEE - MetalTale.com\" \/>\n<meta property=\"og:description\" content=\"SAVE modelis. DH032 Materi\u0101ls Koks, t\u0113rauds Kop\u0113jais augstums (cm ) 21 Kop\u0113jais platums (cm ) 4,2 Kop\u0113j\u0101 projekcija (cm )\" \/>\n<meta property=\"og:url\" content=\"https:\/\/metaltale.com\/lv\/produkts\/koka-durvju-rokturis-lee\/\" \/>\n<meta property=\"og:site_name\" content=\"MetalTale.com\" \/>\n<meta property=\"og:image\" content=\"https:\/\/metaltale.com\/wp-content\/uploads\/2023\/10\/Durx173-rankena-LEE.jpg\" \/>\n\t<meta property=\"og:image:width\" content=\"800\" \/>\n\t<meta property=\"og:image:height\" content=\"800\" \/>\n\t<meta property=\"og:image:type\" content=\"image\/jpeg\" \/>\n<meta name=\"twitter:card\" content=\"summary_large_image\" \/>\n<meta name=\"twitter:label1\" content=\"Est. reading time\" \/>\n\t<meta name=\"twitter:data1\" content=\"1 minute\" \/>\n<script type=\"application\/ld+json\" class=\"yoast-schema-graph\">{\"@context\":\"https:\/\/schema.org\",\"@graph\":[{\"@type\":\"WebPage\",\"@id\":\"https:\/\/metaltale.com\/lv\/produkts\/koka-durvju-rokturis-lee\/\",\"url\":\"https:\/\/metaltale.com\/lv\/produkts\/koka-durvju-rokturis-lee\/\",\"name\":\"Koka durvju rokturis LEE - MetalTale.com\",\"isPartOf\":{\"@id\":\"https:\/\/metaltale.com\/lv\/#website\"},\"primaryImageOfPage\":{\"@id\":\"https:\/\/metaltale.com\/lv\/produkts\/koka-durvju-rokturis-lee\/#primaryimage\"},\"image\":{\"@id\":\"https:\/\/metaltale.com\/lv\/produkts\/koka-durvju-rokturis-lee\/#primaryimage\"},\"thumbnailUrl\":\"https:\/\/metaltale.com\/wp-content\/uploads\/2023\/10\/Durx173-rankena-LEE.jpg\",\"datePublished\":\"2024-02-13T11:19:04+00:00\",\"breadcrumb\":{\"@id\":\"https:\/\/metaltale.com\/lv\/produkts\/koka-durvju-rokturis-lee\/#breadcrumb\"},\"inLanguage\":\"lv-LV\",\"potentialAction\":[{\"@type\":\"ReadAction\",\"target\":[\"https:\/\/metaltale.com\/lv\/produkts\/koka-durvju-rokturis-lee\/\"]}]},{\"@type\":\"ImageObject\",\"inLanguage\":\"lv-LV\",\"@id\":\"https:\/\/metaltale.com\/lv\/produkts\/koka-durvju-rokturis-lee\/#primaryimage\",\"url\":\"https:\/\/metaltale.com\/wp-content\/uploads\/2023\/10\/Durx173-rankena-LEE.jpg\",\"contentUrl\":\"https:\/\/metaltale.com\/wp-content\/uploads\/2023\/10\/Durx173-rankena-LEE.jpg\",\"width\":800,\"height\":800,\"caption\":\"Koka durvju rokturis LEE\"},{\"@type\":\"BreadcrumbList\",\"@id\":\"https:\/\/metaltale.com\/lv\/produkts\/koka-durvju-rokturis-lee\/#breadcrumb\",\"itemListElement\":[{\"@type\":\"ListItem\",\"position\":1,\"name\":\"Home\",\"item\":\"https:\/\/metaltale.com\/lv\/majas\/\"},{\"@type\":\"ListItem\",\"position\":2,\"name\":\"Veikals\",\"item\":\"https:\/\/metaltale.com\/lv\/shop\/\"},{\"@type\":\"ListItem\",\"position\":3,\"name\":\"Koka durvju rokturis LEE\"}]},{\"@type\":\"WebSite\",\"@id\":\"https:\/\/metaltale.com\/lv\/#website\",\"url\":\"https:\/\/metaltale.com\/lv\/\",\"name\":\"Metaltale.com\",\"description\":\"\",\"potentialAction\":[{\"@type\":\"SearchAction\",\"target\":{\"@type\":\"EntryPoint\",\"urlTemplate\":\"https:\/\/metaltale.com\/lv\/?s={search_term_string}\"},\"query-input\":{\"@type\":\"PropertyValueSpecification\",\"valueRequired\":true,\"valueName\":\"search_term_string\"}}],\"inLanguage\":\"lv-LV\"}]}<\/script>\n<!-- \/ Yoast SEO plugin. -->","yoast_head_json":{"title":"Koka durvju rokturis LEE - MetalTale.com","robots":{"index":"index","follow":"follow","max-snippet":"max-snippet:-1","max-image-preview":"max-image-preview:large","max-video-preview":"max-video-preview:-1"},"canonical":"https:\/\/metaltale.com\/lv\/produkts\/koka-durvju-rokturis-lee\/","og_locale":"lv_LV","og_type":"article","og_title":"Koka durvju rokturis LEE - MetalTale.com","og_description":"SAVE modelis. DH032 Materi\u0101ls Koks, t\u0113rauds Kop\u0113jais augstums (cm ) 21 Kop\u0113jais platums (cm ) 4,2 Kop\u0113j\u0101 projekcija (cm )","og_url":"https:\/\/metaltale.com\/lv\/produkts\/koka-durvju-rokturis-lee\/","og_site_name":"MetalTale.com","og_image":[{"width":800,"height":800,"url":"https:\/\/metaltale.com\/wp-content\/uploads\/2023\/10\/Durx173-rankena-LEE.jpg","type":"image\/jpeg"}],"twitter_card":"summary_large_image","twitter_misc":{"Est. reading time":"1 minute"},"schema":{"@context":"https:\/\/schema.org","@graph":[{"@type":"WebPage","@id":"https:\/\/metaltale.com\/lv\/produkts\/koka-durvju-rokturis-lee\/","url":"https:\/\/metaltale.com\/lv\/produkts\/koka-durvju-rokturis-lee\/","name":"Koka durvju rokturis LEE - MetalTale.com","isPartOf":{"@id":"https:\/\/metaltale.com\/lv\/#website"},"primaryImageOfPage":{"@id":"https:\/\/metaltale.com\/lv\/produkts\/koka-durvju-rokturis-lee\/#primaryimage"},"image":{"@id":"https:\/\/metaltale.com\/lv\/produkts\/koka-durvju-rokturis-lee\/#primaryimage"},"thumbnailUrl":"https:\/\/metaltale.com\/wp-content\/uploads\/2023\/10\/Durx173-rankena-LEE.jpg","datePublished":"2024-02-13T11:19:04+00:00","breadcrumb":{"@id":"https:\/\/metaltale.com\/lv\/produkts\/koka-durvju-rokturis-lee\/#breadcrumb"},"inLanguage":"lv-LV","potentialAction":[{"@type":"ReadAction","target":["https:\/\/metaltale.com\/lv\/produkts\/koka-durvju-rokturis-lee\/"]}]},{"@type":"ImageObject","inLanguage":"lv-LV","@id":"https:\/\/metaltale.com\/lv\/produkts\/koka-durvju-rokturis-lee\/#primaryimage","url":"https:\/\/metaltale.com\/wp-content\/uploads\/2023\/10\/Durx173-rankena-LEE.jpg","contentUrl":"https:\/\/metaltale.com\/wp-content\/uploads\/2023\/10\/Durx173-rankena-LEE.jpg","width":800,"height":800,"caption":"Koka durvju rokturis LEE"},{"@type":"BreadcrumbList","@id":"https:\/\/metaltale.com\/lv\/produkts\/koka-durvju-rokturis-lee\/#breadcrumb","itemListElement":[{"@type":"ListItem","position":1,"name":"Home","item":"https:\/\/metaltale.com\/lv\/majas\/"},{"@type":"ListItem","position":2,"name":"Veikals","item":"https:\/\/metaltale.com\/lv\/shop\/"},{"@type":"ListItem","position":3,"name":"Koka durvju rokturis LEE"}]},{"@type":"WebSite","@id":"https:\/\/metaltale.com\/lv\/#website","url":"https:\/\/metaltale.com\/lv\/","name":"Metaltale.com","description":"","potentialAction":[{"@type":"SearchAction","target":{"@type":"EntryPoint","urlTemplate":"https:\/\/metaltale.com\/lv\/?s={search_term_string}"},"query-input":{"@type":"PropertyValueSpecification","valueRequired":true,"valueName":"search_term_string"}}],"inLanguage":"lv-LV"}]}},"_links":{"self":[{"href":"https:\/\/metaltale.com\/lv\/wp-json\/wp\/v2\/product\/140495","targetHints":{"allow":["GET"]}}],"collection":[{"href":"https:\/\/metaltale.com\/lv\/wp-json\/wp\/v2\/product"}],"about":[{"href":"https:\/\/metaltale.com\/lv\/wp-json\/wp\/v2\/types\/product"}],"replies":[{"embeddable":true,"href":"https:\/\/metaltale.com\/lv\/wp-json\/wp\/v2\/comments?post=140495"}],"version-history":[{"count":0,"href":"https:\/\/metaltale.com\/lv\/wp-json\/wp\/v2\/product\/140495\/revisions"}],"wp:featuredmedia":[{"embeddable":true,"href":"https:\/\/metaltale.com\/lv\/wp-json\/wp\/v2\/media\/75820"}],"wp:attachment":[{"href":"https:\/\/metaltale.com\/lv\/wp-json\/wp\/v2\/media?parent=140495"}],"wp:term":[{"taxonomy":"product_brand","embeddable":true,"href":"https:\/\/metaltale.com\/lv\/wp-json\/wp\/v2\/product_brand?post=140495"},{"taxonomy":"product_cat","embeddable":true,"href":"https:\/\/metaltale.com\/lv\/wp-json\/wp\/v2\/product_cat?post=140495"},{"taxonomy":"product_tag","embeddable":true,"href":"https:\/\/metaltale.com\/lv\/wp-json\/wp\/v2\/product_tag?post=140495"}],"curies":[{"name":"wp","href":"https:\/\/api.w.org\/{rel}","templated":true}]}}