{"id":140490,"date":"2024-01-27T08:05:05","date_gmt":"2024-01-27T06:05:05","guid":{"rendered":"https:\/\/metaltale.com\/produktas\/koka-bidamas-durvis-ozolkoka-krasa-szpros\/"},"modified":"2024-01-27T08:05:05","modified_gmt":"2024-01-27T06:05:05","slug":"koka-bidamas-durvis-ozolkoka-krasa-szpros","status":"publish","type":"product","link":"https:\/\/metaltale.com\/lv\/produkts\/koka-bidamas-durvis-ozolkoka-krasa-szpros\/","title":{"rendered":"Koka b\u012bd\u0101m\u0101s durvis ozolkoka kr\u0101s\u0101 SZPROS"},"content":{"rendered":"<div class=\"prod_data\">Modelis SZS <br \/>Materi\u0101ls Ozols, t\u0113rauds, stikls <br \/>Biezums (cm ) 3,2 <br \/>Kop\u0113jais augstums (cm ) 210 <br \/>Kop\u0113jais platums (cm ) 100 <br \/><strong>Stikla tips<\/strong> R\u016bd\u012bts  <br \/><strong>Apdare<\/strong> E\u013c\u013cota, neapstr\u0101d\u0101ta  <br \/>PAPILDU INFORM\u0100CIJA Pied\u0101v\u0101jums attiecas tikai uz vienu durvju paneli un neietver b\u012bd\u0101mo sist\u0113mu un citus piederumus. <\/p>\n<hr>\n<p>&#8211; koka, t\u0113rauda un stikla b\u012bd\u0101m\u0101s durvis.<br \/>&#8211; L\u012bm\u0113tais ozolkoka r\u0101mis (parasti izgatavots no diviem d\u0113\u013ciem) nodro\u0161ina v\u0113rtnes stabilit\u0101ti.<br \/>&#8211; met\u0101la re\u017e\u0123is ir dekorat\u012bvs elements un ar\u012b atbalsta stikla pane\u013cus.<br \/>&#8211; divas r\u016bd\u012bta stikla pl\u0101ksnes, kuru savienojums ir mask\u0113ts ar horizont\u0101lu apmales joslu.<br \/>&#8211; nelielas plaisas un mezgli\u0146i ozolkoka karkas\u0101, kas radu\u0161ies izejmateri\u0101la \u012bpa\u0161\u012bbu d\u0113\u013c.<br \/>&#8211; durvju konstrukcija \u013cauj izmantot gandr\u012bz jebkuru b\u012bd\u0101mo durvju sist\u0113mu.<br \/>&#8211; modelis bez apak\u0161\u0113j\u0101 profila<br \/>&#8211; pied\u0101v\u0101jums attiecas tikai uz durvju v\u0113rtni, un tas neattiecas uz b\u012bd\u0101mo sist\u0113mu vai citiem piederumiem.<br \/>&#8211; Lai atrastu m\u016bsu pied\u0101v\u0101tajam modelim atbilsto\u0161as apak\u0161\u0113j\u0101s vadotnes, l\u016bdzu, skatiet t\u0101l\u0101k eso\u0161o sada\u013cu &#8220;Saist\u012bt\u0101s preces&#8221;.<\/p>\n<hr>\n<p>K\u0101 p\u0101rveidot klasisku interjeru, apvienojot m\u016bsdien\u012bgumu, b\u0113ni\u0146us un klasiku? Atbilde ir Szpros &#8211; ozolkoka b\u012bd\u0101m\u0101s durvis ar koka r\u0101mi, kas izgatavots no l\u012bm\u0113tiem d\u0113\u013ciem, apv\u012bts ar r\u016bd\u012btu stiklu un&#8230; Spros. Iztur\u012bg\u0101 un uzticam\u0101 konstrukcija garant\u0113 netrauc\u0113tu lieto\u0161anu gadu desmitiem, savuk\u0101rt r\u016bd\u012btais stikls ir dro\u0161\u012bbas sinon\u012bms. Stil\u012bgajai koka, stikla un met\u0101la kombin\u0101cijai piem\u012bt p\u0101rlaic\u012bgs raksturs. Lofta interjeram siltumu pie\u0161\u0137ir dabiskais izejmateri\u0101ls &#8211; ozolkoks. M\u016bsdien\u012bgiem risin\u0101jumiem pie\u0161\u0137irta klasiska elegance. Dro\u0161as un pieklusin\u0101tas telpas &#8211; m\u016bsdien\u012bgums un smalka industri\u0101l\u0101 noska\u0146a. Dab\u012bgajam kokam rakstur\u012bg\u0101s seklas plaisas un mezgli ir ozolkoka izstr\u0101d\u0101jumu priek\u0161roc\u012bba. B\u012bd\u0101m\u0101s stikla durvis varb\u016bt nav piem\u0113rotas vannas istabai, ta\u010du t\u0101s noteikti ir lielisks veids, k\u0101 no\u0161\u0137irt \u0113damistabu no virtuves vai dizaina garderobi no gu\u013camistabas. Modelis ir \u0101rk\u0101rt\u012bgi labi prezent\u0113ts<\/p>\n<hr>\n<p>**Pied\u0101v\u0101jums attiecas tikai uz durv\u012bm, un taj\u0101 nav iek\u013cauta b\u012bd\u0101m\u0101 sist\u0113ma un citi piederumi.<\/p>\n<\/div>\n","protected":false},"excerpt":{"rendered":"<p>Modelis SZS Materi\u0101ls Ozols, t\u0113rauds, stikls Biezums (cm ) 3,2 Kop\u0113jais augstums (cm ) 210 Kop\u0113jais platums (cm ) 100<\/p>\n","protected":false},"featured_media":142751,"comment_status":"open","ping_status":"closed","template":"","meta":{"_acf_changed":false,"pmpro_default_level":""},"product_brand":[],"product_cat":[24064,24059,24074,24065],"product_tag":[],"class_list":{"0":"post-140490","1":"product","2":"type-product","3":"status-publish","4":"has-post-thumbnail","6":"product_cat-bidamas-durvis-lv","7":"product_cat-bidamo-durvju-sistemas","8":"product_cat-ozolkoka-bidamas-durvis","9":"product_cat-stikla-bidamas-durvis","10":"pmpro-has-access","12":"first","13":"instock","14":"shipping-taxable","15":"purchasable","16":"product-type-variable"},"acf":[],"yoast_head":"<!-- This site is optimized with the Yoast SEO plugin v24.9 - https:\/\/yoast.com\/wordpress\/plugins\/seo\/ -->\n<title>Koka b\u012bd\u0101m\u0101s durvis ozolkoka kr\u0101s\u0101 SZPROS - MetalTale.com<\/title>\n<meta name=\"robots\" content=\"index, follow, max-snippet:-1, max-image-preview:large, max-video-preview:-1\" \/>\n<link rel=\"canonical\" href=\"https:\/\/metaltale.com\/lv\/produkts\/koka-bidamas-durvis-ozolkoka-krasa-szpros\/\" \/>\n<meta property=\"og:locale\" content=\"lv_LV\" \/>\n<meta property=\"og:type\" content=\"article\" \/>\n<meta property=\"og:title\" content=\"Koka b\u012bd\u0101m\u0101s durvis ozolkoka kr\u0101s\u0101 SZPROS - MetalTale.com\" \/>\n<meta property=\"og:description\" content=\"Modelis SZS Materi\u0101ls Ozols, t\u0113rauds, stikls Biezums (cm ) 3,2 Kop\u0113jais augstums (cm ) 210 Kop\u0113jais platums (cm ) 100\" \/>\n<meta property=\"og:url\" content=\"https:\/\/metaltale.com\/lv\/produkts\/koka-bidamas-durvis-ozolkoka-krasa-szpros\/\" \/>\n<meta property=\"og:site_name\" content=\"MetalTale.com\" \/>\n<meta property=\"og:image\" content=\"http:\/\/metaltale.com\/wp-content\/uploads\/2024\/01\/drzwi-przesuwne-drewniane-do-salonu-8436.jpg\" \/>\n\t<meta property=\"og:image:width\" content=\"800\" \/>\n\t<meta property=\"og:image:height\" content=\"800\" \/>\n\t<meta property=\"og:image:type\" content=\"image\/jpeg\" \/>\n<meta name=\"twitter:card\" content=\"summary_large_image\" \/>\n<meta name=\"twitter:label1\" content=\"Est. reading time\" \/>\n\t<meta name=\"twitter:data1\" content=\"2 minutes\" \/>\n<script type=\"application\/ld+json\" class=\"yoast-schema-graph\">{\"@context\":\"https:\/\/schema.org\",\"@graph\":[{\"@type\":\"WebPage\",\"@id\":\"https:\/\/metaltale.com\/lv\/produkts\/koka-bidamas-durvis-ozolkoka-krasa-szpros\/\",\"url\":\"https:\/\/metaltale.com\/lv\/produkts\/koka-bidamas-durvis-ozolkoka-krasa-szpros\/\",\"name\":\"Koka b\u012bd\u0101m\u0101s durvis ozolkoka kr\u0101s\u0101 SZPROS - MetalTale.com\",\"isPartOf\":{\"@id\":\"https:\/\/metaltale.com\/lv\/#website\"},\"primaryImageOfPage\":{\"@id\":\"https:\/\/metaltale.com\/lv\/produkts\/koka-bidamas-durvis-ozolkoka-krasa-szpros\/#primaryimage\"},\"image\":{\"@id\":\"https:\/\/metaltale.com\/lv\/produkts\/koka-bidamas-durvis-ozolkoka-krasa-szpros\/#primaryimage\"},\"thumbnailUrl\":\"https:\/\/metaltale.com\/wp-content\/uploads\/2024\/01\/drzwi-przesuwne-drewniane-do-salonu-8436.jpg\",\"datePublished\":\"2024-01-27T06:05:05+00:00\",\"breadcrumb\":{\"@id\":\"https:\/\/metaltale.com\/lv\/produkts\/koka-bidamas-durvis-ozolkoka-krasa-szpros\/#breadcrumb\"},\"inLanguage\":\"lv-LV\",\"potentialAction\":[{\"@type\":\"ReadAction\",\"target\":[\"https:\/\/metaltale.com\/lv\/produkts\/koka-bidamas-durvis-ozolkoka-krasa-szpros\/\"]}]},{\"@type\":\"ImageObject\",\"inLanguage\":\"lv-LV\",\"@id\":\"https:\/\/metaltale.com\/lv\/produkts\/koka-bidamas-durvis-ozolkoka-krasa-szpros\/#primaryimage\",\"url\":\"https:\/\/metaltale.com\/wp-content\/uploads\/2024\/01\/drzwi-przesuwne-drewniane-do-salonu-8436.jpg\",\"contentUrl\":\"https:\/\/metaltale.com\/wp-content\/uploads\/2024\/01\/drzwi-przesuwne-drewniane-do-salonu-8436.jpg\",\"width\":800,\"height\":800,\"caption\":\"\u0104\u017euolin\u0119s stiklin\u0117s stumdomos durys SZPROS ruda alyva\"},{\"@type\":\"BreadcrumbList\",\"@id\":\"https:\/\/metaltale.com\/lv\/produkts\/koka-bidamas-durvis-ozolkoka-krasa-szpros\/#breadcrumb\",\"itemListElement\":[{\"@type\":\"ListItem\",\"position\":1,\"name\":\"Home\",\"item\":\"https:\/\/metaltale.com\/lv\/majas\/\"},{\"@type\":\"ListItem\",\"position\":2,\"name\":\"Veikals\",\"item\":\"https:\/\/metaltale.com\/lv\/shop\/\"},{\"@type\":\"ListItem\",\"position\":3,\"name\":\"Koka b\u012bd\u0101m\u0101s durvis ozolkoka kr\u0101s\u0101 SZPROS\"}]},{\"@type\":\"WebSite\",\"@id\":\"https:\/\/metaltale.com\/lv\/#website\",\"url\":\"https:\/\/metaltale.com\/lv\/\",\"name\":\"Metaltale.com\",\"description\":\"\",\"potentialAction\":[{\"@type\":\"SearchAction\",\"target\":{\"@type\":\"EntryPoint\",\"urlTemplate\":\"https:\/\/metaltale.com\/lv\/?s={search_term_string}\"},\"query-input\":{\"@type\":\"PropertyValueSpecification\",\"valueRequired\":true,\"valueName\":\"search_term_string\"}}],\"inLanguage\":\"lv-LV\"}]}<\/script>\n<!-- \/ Yoast SEO plugin. -->","yoast_head_json":{"title":"Koka b\u012bd\u0101m\u0101s durvis ozolkoka kr\u0101s\u0101 SZPROS - MetalTale.com","robots":{"index":"index","follow":"follow","max-snippet":"max-snippet:-1","max-image-preview":"max-image-preview:large","max-video-preview":"max-video-preview:-1"},"canonical":"https:\/\/metaltale.com\/lv\/produkts\/koka-bidamas-durvis-ozolkoka-krasa-szpros\/","og_locale":"lv_LV","og_type":"article","og_title":"Koka b\u012bd\u0101m\u0101s durvis ozolkoka kr\u0101s\u0101 SZPROS - MetalTale.com","og_description":"Modelis SZS Materi\u0101ls Ozols, t\u0113rauds, stikls Biezums (cm ) 3,2 Kop\u0113jais augstums (cm ) 210 Kop\u0113jais platums (cm ) 100","og_url":"https:\/\/metaltale.com\/lv\/produkts\/koka-bidamas-durvis-ozolkoka-krasa-szpros\/","og_site_name":"MetalTale.com","og_image":[{"width":800,"height":800,"url":"http:\/\/metaltale.com\/wp-content\/uploads\/2024\/01\/drzwi-przesuwne-drewniane-do-salonu-8436.jpg","type":"image\/jpeg"}],"twitter_card":"summary_large_image","twitter_misc":{"Est. reading time":"2 minutes"},"schema":{"@context":"https:\/\/schema.org","@graph":[{"@type":"WebPage","@id":"https:\/\/metaltale.com\/lv\/produkts\/koka-bidamas-durvis-ozolkoka-krasa-szpros\/","url":"https:\/\/metaltale.com\/lv\/produkts\/koka-bidamas-durvis-ozolkoka-krasa-szpros\/","name":"Koka b\u012bd\u0101m\u0101s durvis ozolkoka kr\u0101s\u0101 SZPROS - MetalTale.com","isPartOf":{"@id":"https:\/\/metaltale.com\/lv\/#website"},"primaryImageOfPage":{"@id":"https:\/\/metaltale.com\/lv\/produkts\/koka-bidamas-durvis-ozolkoka-krasa-szpros\/#primaryimage"},"image":{"@id":"https:\/\/metaltale.com\/lv\/produkts\/koka-bidamas-durvis-ozolkoka-krasa-szpros\/#primaryimage"},"thumbnailUrl":"https:\/\/metaltale.com\/wp-content\/uploads\/2024\/01\/drzwi-przesuwne-drewniane-do-salonu-8436.jpg","datePublished":"2024-01-27T06:05:05+00:00","breadcrumb":{"@id":"https:\/\/metaltale.com\/lv\/produkts\/koka-bidamas-durvis-ozolkoka-krasa-szpros\/#breadcrumb"},"inLanguage":"lv-LV","potentialAction":[{"@type":"ReadAction","target":["https:\/\/metaltale.com\/lv\/produkts\/koka-bidamas-durvis-ozolkoka-krasa-szpros\/"]}]},{"@type":"ImageObject","inLanguage":"lv-LV","@id":"https:\/\/metaltale.com\/lv\/produkts\/koka-bidamas-durvis-ozolkoka-krasa-szpros\/#primaryimage","url":"https:\/\/metaltale.com\/wp-content\/uploads\/2024\/01\/drzwi-przesuwne-drewniane-do-salonu-8436.jpg","contentUrl":"https:\/\/metaltale.com\/wp-content\/uploads\/2024\/01\/drzwi-przesuwne-drewniane-do-salonu-8436.jpg","width":800,"height":800,"caption":"\u0104\u017euolin\u0119s stiklin\u0117s stumdomos durys SZPROS ruda alyva"},{"@type":"BreadcrumbList","@id":"https:\/\/metaltale.com\/lv\/produkts\/koka-bidamas-durvis-ozolkoka-krasa-szpros\/#breadcrumb","itemListElement":[{"@type":"ListItem","position":1,"name":"Home","item":"https:\/\/metaltale.com\/lv\/majas\/"},{"@type":"ListItem","position":2,"name":"Veikals","item":"https:\/\/metaltale.com\/lv\/shop\/"},{"@type":"ListItem","position":3,"name":"Koka b\u012bd\u0101m\u0101s durvis ozolkoka kr\u0101s\u0101 SZPROS"}]},{"@type":"WebSite","@id":"https:\/\/metaltale.com\/lv\/#website","url":"https:\/\/metaltale.com\/lv\/","name":"Metaltale.com","description":"","potentialAction":[{"@type":"SearchAction","target":{"@type":"EntryPoint","urlTemplate":"https:\/\/metaltale.com\/lv\/?s={search_term_string}"},"query-input":{"@type":"PropertyValueSpecification","valueRequired":true,"valueName":"search_term_string"}}],"inLanguage":"lv-LV"}]}},"_links":{"self":[{"href":"https:\/\/metaltale.com\/lv\/wp-json\/wp\/v2\/product\/140490","targetHints":{"allow":["GET"]}}],"collection":[{"href":"https:\/\/metaltale.com\/lv\/wp-json\/wp\/v2\/product"}],"about":[{"href":"https:\/\/metaltale.com\/lv\/wp-json\/wp\/v2\/types\/product"}],"replies":[{"embeddable":true,"href":"https:\/\/metaltale.com\/lv\/wp-json\/wp\/v2\/comments?post=140490"}],"version-history":[{"count":0,"href":"https:\/\/metaltale.com\/lv\/wp-json\/wp\/v2\/product\/140490\/revisions"}],"wp:featuredmedia":[{"embeddable":true,"href":"https:\/\/metaltale.com\/lv\/wp-json\/wp\/v2\/media\/142751"}],"wp:attachment":[{"href":"https:\/\/metaltale.com\/lv\/wp-json\/wp\/v2\/media?parent=140490"}],"wp:term":[{"taxonomy":"product_brand","embeddable":true,"href":"https:\/\/metaltale.com\/lv\/wp-json\/wp\/v2\/product_brand?post=140490"},{"taxonomy":"product_cat","embeddable":true,"href":"https:\/\/metaltale.com\/lv\/wp-json\/wp\/v2\/product_cat?post=140490"},{"taxonomy":"product_tag","embeddable":true,"href":"https:\/\/metaltale.com\/lv\/wp-json\/wp\/v2\/product_tag?post=140490"}],"curies":[{"name":"wp","href":"https:\/\/api.w.org\/{rel}","templated":true}]}}