{"id":140480,"date":"2024-01-24T12:02:59","date_gmt":"2024-01-24T10:02:59","guid":{"rendered":"https:\/\/metaltale.com\/produktas\/apgerbu-mebele-small\/"},"modified":"2024-01-24T12:02:59","modified_gmt":"2024-01-24T10:02:59","slug":"apgerbu-mebele-small","status":"publish","type":"product","link":"https:\/\/metaltale.com\/lv\/produkts\/apgerbu-mebele-small\/","title":{"rendered":"Ap\u0123\u0113rbu m\u0113bele SMALL"},"content":{"rendered":"<div class=\"prod_data\">\n<p><strong>Modelis<\/strong> 70.336DXX<br \/>\nMateri\u0101ls Ketus<br \/>\n<strong>Kop\u0113jais augstums (cm<\/strong> ) 5,5<br \/>\nKop\u0113jais platums (cm ) 7<br \/>\n<strong>Kop\u0113j\u0101 projekcija (cm<\/strong> ) 3,5<br \/>\n<strong>Pamatnes izm\u0113ri (cm)<\/strong> 2,3 (platums)<br \/>\n<strong>Sugas<\/strong> Dubult\u0101<br \/>\nMont\u0101\u017eas skr\u016bves J\u0101<br \/>\n<strong>Kr\u0101sa<\/strong> Melna<br \/>\nDaudzums komplekt\u0101 1 gab.<\/p>\n<p><strong>Piekares \u0101\u0137i, kas ir izgatavoti no augstas kvalit\u0101tes \u010duguna sakaus\u0113juma<\/strong>, garant\u0113 nepiecie\u0161amo iztur\u012bbu un veidu, k\u0101 izcelt interjera lauku atmosf\u0113ru.<\/p>\n<p>Ierosin\u0101t\u0101 <strong>piekares \u0101\u0137a<\/strong> pamat\u0101 ir \u013coti popul\u0101rs un labpr\u0101t dubl\u0113ts modelis. T\u0101 plakan\u0101 pamatne un nogludin\u0101t\u0101 virsma atkl\u0101j t\u0113rauda dabisko kr\u0101su. No pamatnes izejo\u0161aj\u0101m rok\u0101m ir viegla un nedaudz smalka l\u012bnija, kas visam elementam ir pie\u0161\u0137\u012brusi atbilsto\u0161u slaidumu. Pateicoties kompaktajiem izm\u0113riem, komplekt\u0101 iek\u013cauto piekaramo \u0101\u0137i var izmantot ar\u012b dr\u0113bju skapjos vai maz\u0101k\u0101s telp\u0101s.<\/p>\n<p>Tam ir divi uz aug\u0161u sasv\u0113rti piekari\u0146i, kas veidoti lauku stil\u0101.<\/p>\n<p>Divi stiprin\u0101juma caurumi, ieskaitot stiprin\u0101juma skr\u016bves.<\/p>\n<\/div>\n","protected":false},"excerpt":{"rendered":"<p>Modelis 70.336DXX Materi\u0101ls Ketus Kop\u0113jais augstums (cm ) 5,5 Kop\u0113jais platums (cm ) 7 Kop\u0113j\u0101 projekcija (cm ) 3,5 Pamatnes<\/p>\n","protected":false},"featured_media":129898,"comment_status":"open","ping_status":"closed","template":"","meta":{"_acf_changed":false,"pmpro_default_level":""},"product_brand":[],"product_cat":[23837,23862],"product_tag":[],"class_list":{"0":"post-140480","1":"product","2":"type-product","3":"status-publish","4":"has-post-thumbnail","6":"product_cat-mebeles-piederumi","7":"product_cat-pakabos-ir-kabliukai-lv","8":"pmpro-has-access","10":"first","11":"instock","12":"shipping-taxable","13":"purchasable","14":"product-type-simple"},"acf":[],"yoast_head":"<!-- This site is optimized with the Yoast SEO plugin v24.9 - https:\/\/yoast.com\/wordpress\/plugins\/seo\/ -->\n<title>Ap\u0123\u0113rbu m\u0113bele SMALL - MetalTale.com<\/title>\n<meta name=\"robots\" content=\"index, follow, max-snippet:-1, max-image-preview:large, max-video-preview:-1\" \/>\n<link rel=\"canonical\" href=\"https:\/\/metaltale.com\/lv\/produkts\/apgerbu-mebele-small\/\" \/>\n<meta property=\"og:locale\" content=\"lv_LV\" \/>\n<meta property=\"og:type\" content=\"article\" \/>\n<meta property=\"og:title\" content=\"Ap\u0123\u0113rbu m\u0113bele SMALL - MetalTale.com\" \/>\n<meta property=\"og:description\" content=\"Modelis 70.336DXX Materi\u0101ls Ketus Kop\u0113jais augstums (cm ) 5,5 Kop\u0113jais platums (cm ) 7 Kop\u0113j\u0101 projekcija (cm ) 3,5 Pamatnes\" \/>\n<meta property=\"og:url\" content=\"https:\/\/metaltale.com\/lv\/produkts\/apgerbu-mebele-small\/\" \/>\n<meta property=\"og:site_name\" content=\"MetalTale.com\" \/>\n<meta name=\"twitter:card\" content=\"summary_large_image\" \/>\n<meta name=\"twitter:label1\" content=\"Est. reading time\" \/>\n\t<meta name=\"twitter:data1\" content=\"1 minute\" \/>\n<script type=\"application\/ld+json\" class=\"yoast-schema-graph\">{\"@context\":\"https:\/\/schema.org\",\"@graph\":[{\"@type\":\"WebPage\",\"@id\":\"https:\/\/metaltale.com\/lv\/produkts\/apgerbu-mebele-small\/\",\"url\":\"https:\/\/metaltale.com\/lv\/produkts\/apgerbu-mebele-small\/\",\"name\":\"Ap\u0123\u0113rbu m\u0113bele SMALL - MetalTale.com\",\"isPartOf\":{\"@id\":\"https:\/\/metaltale.com\/lv\/#website\"},\"primaryImageOfPage\":{\"@id\":\"https:\/\/metaltale.com\/lv\/produkts\/apgerbu-mebele-small\/#primaryimage\"},\"image\":{\"@id\":\"https:\/\/metaltale.com\/lv\/produkts\/apgerbu-mebele-small\/#primaryimage\"},\"thumbnailUrl\":\"https:\/\/metaltale.com\/wp-content\/uploads\/2024\/01\/kalbiukas-rubams-2.jpg\",\"datePublished\":\"2024-01-24T10:02:59+00:00\",\"breadcrumb\":{\"@id\":\"https:\/\/metaltale.com\/lv\/produkts\/apgerbu-mebele-small\/#breadcrumb\"},\"inLanguage\":\"lv-LV\",\"potentialAction\":[{\"@type\":\"ReadAction\",\"target\":[\"https:\/\/metaltale.com\/lv\/produkts\/apgerbu-mebele-small\/\"]}]},{\"@type\":\"ImageObject\",\"inLanguage\":\"lv-LV\",\"@id\":\"https:\/\/metaltale.com\/lv\/produkts\/apgerbu-mebele-small\/#primaryimage\",\"url\":\"https:\/\/metaltale.com\/wp-content\/uploads\/2024\/01\/kalbiukas-rubams-2.jpg\",\"contentUrl\":\"https:\/\/metaltale.com\/wp-content\/uploads\/2024\/01\/kalbiukas-rubams-2.jpg\",\"width\":800,\"height\":800,\"caption\":\"mazliet valodas rubes\"},{\"@type\":\"BreadcrumbList\",\"@id\":\"https:\/\/metaltale.com\/lv\/produkts\/apgerbu-mebele-small\/#breadcrumb\",\"itemListElement\":[{\"@type\":\"ListItem\",\"position\":1,\"name\":\"Home\",\"item\":\"https:\/\/metaltale.com\/lv\/majas\/\"},{\"@type\":\"ListItem\",\"position\":2,\"name\":\"Veikals\",\"item\":\"https:\/\/metaltale.com\/lv\/shop\/\"},{\"@type\":\"ListItem\",\"position\":3,\"name\":\"Ap\u0123\u0113rbu m\u0113bele SMALL\"}]},{\"@type\":\"WebSite\",\"@id\":\"https:\/\/metaltale.com\/lv\/#website\",\"url\":\"https:\/\/metaltale.com\/lv\/\",\"name\":\"Metaltale.com\",\"description\":\"\",\"potentialAction\":[{\"@type\":\"SearchAction\",\"target\":{\"@type\":\"EntryPoint\",\"urlTemplate\":\"https:\/\/metaltale.com\/lv\/?s={search_term_string}\"},\"query-input\":{\"@type\":\"PropertyValueSpecification\",\"valueRequired\":true,\"valueName\":\"search_term_string\"}}],\"inLanguage\":\"lv-LV\"}]}<\/script>\n<!-- \/ Yoast SEO plugin. -->","yoast_head_json":{"title":"Ap\u0123\u0113rbu m\u0113bele SMALL - MetalTale.com","robots":{"index":"index","follow":"follow","max-snippet":"max-snippet:-1","max-image-preview":"max-image-preview:large","max-video-preview":"max-video-preview:-1"},"canonical":"https:\/\/metaltale.com\/lv\/produkts\/apgerbu-mebele-small\/","og_locale":"lv_LV","og_type":"article","og_title":"Ap\u0123\u0113rbu m\u0113bele SMALL - MetalTale.com","og_description":"Modelis 70.336DXX Materi\u0101ls Ketus Kop\u0113jais augstums (cm ) 5,5 Kop\u0113jais platums (cm ) 7 Kop\u0113j\u0101 projekcija (cm ) 3,5 Pamatnes","og_url":"https:\/\/metaltale.com\/lv\/produkts\/apgerbu-mebele-small\/","og_site_name":"MetalTale.com","twitter_card":"summary_large_image","twitter_misc":{"Est. reading time":"1 minute"},"schema":{"@context":"https:\/\/schema.org","@graph":[{"@type":"WebPage","@id":"https:\/\/metaltale.com\/lv\/produkts\/apgerbu-mebele-small\/","url":"https:\/\/metaltale.com\/lv\/produkts\/apgerbu-mebele-small\/","name":"Ap\u0123\u0113rbu m\u0113bele SMALL - MetalTale.com","isPartOf":{"@id":"https:\/\/metaltale.com\/lv\/#website"},"primaryImageOfPage":{"@id":"https:\/\/metaltale.com\/lv\/produkts\/apgerbu-mebele-small\/#primaryimage"},"image":{"@id":"https:\/\/metaltale.com\/lv\/produkts\/apgerbu-mebele-small\/#primaryimage"},"thumbnailUrl":"https:\/\/metaltale.com\/wp-content\/uploads\/2024\/01\/kalbiukas-rubams-2.jpg","datePublished":"2024-01-24T10:02:59+00:00","breadcrumb":{"@id":"https:\/\/metaltale.com\/lv\/produkts\/apgerbu-mebele-small\/#breadcrumb"},"inLanguage":"lv-LV","potentialAction":[{"@type":"ReadAction","target":["https:\/\/metaltale.com\/lv\/produkts\/apgerbu-mebele-small\/"]}]},{"@type":"ImageObject","inLanguage":"lv-LV","@id":"https:\/\/metaltale.com\/lv\/produkts\/apgerbu-mebele-small\/#primaryimage","url":"https:\/\/metaltale.com\/wp-content\/uploads\/2024\/01\/kalbiukas-rubams-2.jpg","contentUrl":"https:\/\/metaltale.com\/wp-content\/uploads\/2024\/01\/kalbiukas-rubams-2.jpg","width":800,"height":800,"caption":"mazliet valodas rubes"},{"@type":"BreadcrumbList","@id":"https:\/\/metaltale.com\/lv\/produkts\/apgerbu-mebele-small\/#breadcrumb","itemListElement":[{"@type":"ListItem","position":1,"name":"Home","item":"https:\/\/metaltale.com\/lv\/majas\/"},{"@type":"ListItem","position":2,"name":"Veikals","item":"https:\/\/metaltale.com\/lv\/shop\/"},{"@type":"ListItem","position":3,"name":"Ap\u0123\u0113rbu m\u0113bele SMALL"}]},{"@type":"WebSite","@id":"https:\/\/metaltale.com\/lv\/#website","url":"https:\/\/metaltale.com\/lv\/","name":"Metaltale.com","description":"","potentialAction":[{"@type":"SearchAction","target":{"@type":"EntryPoint","urlTemplate":"https:\/\/metaltale.com\/lv\/?s={search_term_string}"},"query-input":{"@type":"PropertyValueSpecification","valueRequired":true,"valueName":"search_term_string"}}],"inLanguage":"lv-LV"}]}},"_links":{"self":[{"href":"https:\/\/metaltale.com\/lv\/wp-json\/wp\/v2\/product\/140480","targetHints":{"allow":["GET"]}}],"collection":[{"href":"https:\/\/metaltale.com\/lv\/wp-json\/wp\/v2\/product"}],"about":[{"href":"https:\/\/metaltale.com\/lv\/wp-json\/wp\/v2\/types\/product"}],"replies":[{"embeddable":true,"href":"https:\/\/metaltale.com\/lv\/wp-json\/wp\/v2\/comments?post=140480"}],"version-history":[{"count":0,"href":"https:\/\/metaltale.com\/lv\/wp-json\/wp\/v2\/product\/140480\/revisions"}],"wp:featuredmedia":[{"embeddable":true,"href":"https:\/\/metaltale.com\/lv\/wp-json\/wp\/v2\/media\/129898"}],"wp:attachment":[{"href":"https:\/\/metaltale.com\/lv\/wp-json\/wp\/v2\/media?parent=140480"}],"wp:term":[{"taxonomy":"product_brand","embeddable":true,"href":"https:\/\/metaltale.com\/lv\/wp-json\/wp\/v2\/product_brand?post=140480"},{"taxonomy":"product_cat","embeddable":true,"href":"https:\/\/metaltale.com\/lv\/wp-json\/wp\/v2\/product_cat?post=140480"},{"taxonomy":"product_tag","embeddable":true,"href":"https:\/\/metaltale.com\/lv\/wp-json\/wp\/v2\/product_tag?post=140480"}],"curies":[{"name":"wp","href":"https:\/\/api.w.org\/{rel}","templated":true}]}}