{"id":140474,"date":"2024-02-13T13:23:41","date_gmt":"2024-02-13T11:23:41","guid":{"rendered":"https:\/\/metaltale.com\/produktas\/lofts-bidamas-stikla-durvis-modena-100x210-cm-matets-stikls\/"},"modified":"2024-02-13T13:23:41","modified_gmt":"2024-02-13T11:23:41","slug":"lofts-bidamas-stikla-durvis-modena-100x210-cm-matets-stikls","status":"publish","type":"product","link":"https:\/\/metaltale.com\/lv\/produkts\/lofts-bidamas-stikla-durvis-modena-100x210-cm-matets-stikls\/","title":{"rendered":"Lofts b\u012bd\u0101m\u0101s stikla durvis MODENA 100&#215;210 cm, mat\u0113ts stikls"},"content":{"rendered":"<div class=\"prod_data\">\n<p>Modelis SE.103.PRGR<br \/>\nMateri\u0101ls Met\u0101ls, stikls<br \/>\n<strong>Kop\u0113jais augstums (cm<\/strong> ) 210<br \/>\nKop\u0113jais platums (cm ) 3,2<br \/>\nStikla tips R\u016bd\u012bts<br \/>\nR\u0101mja kr\u0101sa Melna<br \/>\n<strong>Stikla kr\u0101sa<\/strong> Mat\u0113ts<br \/>\n<strong>Apdare<\/strong> Pulvera p\u0101rkl\u0101jums<br \/>\n<strong>Pavir\u0161iaus tipas<\/strong> Lyg\u016bs<br \/>\n<strong>Pieg\u0101des veids<\/strong> Piln\u012bb\u0101 samont\u0113ts produkts<br \/>\n<strong>PAPILDU INFORM\u0100CIJA<\/strong> Pied\u0101v\u0101jums attiecas tikai uz vienu durvju paneli un neietver b\u012bd\u0101mo sist\u0113mu un citus piederumus.<\/p>\n<hr>\n<p>&#8211; durvis ir izgatavotas no augstas kvalit\u0101tes t\u0113rauda un stikla.<br \/>\n&#8211; 4 milimetru stikls iztur\u012bg\u0101 r\u0101m\u012b, kas nodro\u0161ina iztur\u012bbu un lieto\u0161anas dro\u0161\u012bbu.<br \/>\n&#8211; divi stikla kr\u0101su varianti piln\u012bgi caursp\u012bd\u012bg\u0101m un necaursp\u012bd\u012bg\u0101m durv\u012bm.<br \/>\n&#8211; pulverkr\u0101sas p\u0101rkl\u0101jums \u013cauj izmantot durvis mitruma iedarb\u012bbai pak\u013caut\u0101s telp\u0101s.<br \/>\n&#8211; m\u016bsdien\u012bga kr\u0101so\u0161anas tehnolo\u0123ija apvienojum\u0101 ar augstas kvalit\u0101tes lak\u0101m nodro\u0161ina ilgnotur\u012bgu kr\u0101su un iztur\u012bbu pret skr\u0101p\u0113jumiem.<br \/>\n&#8211; R\u0101mja konstrukcija \u013cauj uzst\u0101d\u012bt virspus\u0113 vai caurbrauco\u0161as b\u012bd\u0101m\u0101s sist\u0113mas (skatiet foto galeriju).<br \/>\n&#8211; \u0160im modelim rakstur\u012bgs stiklojums kombin\u0101cij\u0101 ar vertik\u0101l\u0101m \u0161\u0137\u0113rssl\u012bp\u0113m un piln\u012bgs durvju apak\u0161\u0113j\u0101s da\u013cas aizpild\u012bjums.<br \/>\n&#8211; daudzpus\u012bgs dizains garant\u0113 ide\u0101lu sader\u012bbu ar jebkura stila b\u0113ni\u0146u vai modernu interjeru.<\/p>\n<hr>\n<p>Modena b\u012bd\u0101m\u0101s durvis ir ide\u0101ls risin\u0101jums tiem, kas mekl\u0113 rustik\u0101la un eleganta stila kombin\u0101ciju. Durv\u012bm ir industri\u0101l\u0101 un modern\u0101 stila kombin\u0101cija. Izstr\u0101d\u0101juma pamat\u0101 ir vecaj\u0101s r\u016bpn\u012bc\u0101s izmantoto durvju modelis. Modena ir drosm\u012bgs priek\u0161likums jebkura veida interjeram. Tas lieliski iederas b\u0113ni\u0146u, industri\u0101lajos un pla\u0161ajos interjeros. M\u016bsdienu interjeros tas pie\u0161\u0137ir ekstravagances elementu. Neraugoties uz uzman\u012bbu deta\u013c\u0101m, durv\u012bm netr\u016bkst vecuma. Pulverkr\u0101sas p\u0101rkl\u0101jums \u013cauj durvis izmantot ne tikai dz\u012bvojam\u0101 istab\u0101, gu\u013camistab\u0101 un gaiten\u012b, bet ar\u012b vannas istab\u0101 vai virtuv\u0113. R\u016bpn\u012bcas izstr\u0101d\u0101tas durvis &#8211; unik\u0101ls pied\u0101v\u0101jums b\u012bd\u0101maj\u0101m sist\u0113m\u0101m.<\/p>\n<hr>\n<p>*\u0160r\u0113\u017eu uzst\u0101d\u012b\u0161anas instrukcijas var izmantot da\u017e\u0101diem durvju tipiem. Att\u0101lums starp malas sliedes malu un atv\u0113r\u0161anas gaismas malu ir j\u0101piel\u0101go, lai nodro\u0161in\u0101tu, ka durvju atv\u0113r\u0161anas gaisma nosedz durvju v\u0113rtni v\u0113lamaj\u0101 veid\u0101.<\/p>\n<p>* Dubult\u0101s b\u012bd\u0101mo durvju sist\u0113m\u0101s izmantojiet tikai FREIM e\u0146\u0123u vadotnes.<\/p>\n<hr>\n<\/div>\n","protected":false},"excerpt":{"rendered":"<p>Modelis SE.103.PRGR Materi\u0101ls Met\u0101ls, stikls Kop\u0113jais augstums (cm ) 210 Kop\u0113jais platums (cm ) 3,2 Stikla tips R\u016bd\u012bts R\u0101mja kr\u0101sa<\/p>\n","protected":false},"featured_media":142102,"comment_status":"open","ping_status":"closed","template":"","meta":{"_acf_changed":false,"pmpro_default_level":""},"product_brand":[],"product_cat":[24064,24059,24065],"product_tag":[],"class_list":{"0":"post-140474","1":"product","2":"type-product","3":"status-publish","4":"has-post-thumbnail","6":"product_cat-bidamas-durvis-lv","7":"product_cat-bidamo-durvju-sistemas","8":"product_cat-stikla-bidamas-durvis","9":"pmpro-has-access","11":"first","12":"instock","13":"shipping-taxable","14":"purchasable","15":"product-type-simple"},"acf":[],"yoast_head":"<!-- This site is optimized with the Yoast SEO plugin v24.9 - https:\/\/yoast.com\/wordpress\/plugins\/seo\/ -->\n<title>Lofts b\u012bd\u0101m\u0101s stikla durvis MODENA 100x210 cm, mat\u0113ts stikls - MetalTale.com<\/title>\n<meta name=\"robots\" content=\"index, follow, max-snippet:-1, max-image-preview:large, max-video-preview:-1\" \/>\n<link rel=\"canonical\" href=\"https:\/\/metaltale.com\/lv\/produkts\/lofts-bidamas-stikla-durvis-modena-100x210-cm-matets-stikls\/\" \/>\n<meta property=\"og:locale\" content=\"lv_LV\" \/>\n<meta property=\"og:type\" content=\"article\" \/>\n<meta property=\"og:title\" content=\"Lofts b\u012bd\u0101m\u0101s stikla durvis MODENA 100x210 cm, mat\u0113ts stikls - MetalTale.com\" \/>\n<meta property=\"og:description\" content=\"Modelis SE.103.PRGR Materi\u0101ls Met\u0101ls, stikls Kop\u0113jais augstums (cm ) 210 Kop\u0113jais platums (cm ) 3,2 Stikla tips R\u016bd\u012bts R\u0101mja kr\u0101sa\" \/>\n<meta property=\"og:url\" content=\"https:\/\/metaltale.com\/lv\/produkts\/lofts-bidamas-stikla-durvis-modena-100x210-cm-matets-stikls\/\" \/>\n<meta property=\"og:site_name\" content=\"MetalTale.com\" \/>\n<meta property=\"og:image\" content=\"https:\/\/metaltale.com\/wp-content\/uploads\/2024\/02\/SE.103.100X210.MI_.jpg\" \/>\n\t<meta property=\"og:image:width\" content=\"1200\" \/>\n\t<meta property=\"og:image:height\" content=\"1200\" \/>\n\t<meta property=\"og:image:type\" content=\"image\/jpeg\" \/>\n<meta name=\"twitter:card\" content=\"summary_large_image\" \/>\n<meta name=\"twitter:label1\" content=\"Est. reading time\" \/>\n\t<meta name=\"twitter:data1\" content=\"2 minutes\" \/>\n<script type=\"application\/ld+json\" class=\"yoast-schema-graph\">{\"@context\":\"https:\/\/schema.org\",\"@graph\":[{\"@type\":\"WebPage\",\"@id\":\"https:\/\/metaltale.com\/lv\/produkts\/lofts-bidamas-stikla-durvis-modena-100x210-cm-matets-stikls\/\",\"url\":\"https:\/\/metaltale.com\/lv\/produkts\/lofts-bidamas-stikla-durvis-modena-100x210-cm-matets-stikls\/\",\"name\":\"Lofts b\u012bd\u0101m\u0101s stikla durvis MODENA 100x210 cm, mat\u0113ts stikls - MetalTale.com\",\"isPartOf\":{\"@id\":\"https:\/\/metaltale.com\/lv\/#website\"},\"primaryImageOfPage\":{\"@id\":\"https:\/\/metaltale.com\/lv\/produkts\/lofts-bidamas-stikla-durvis-modena-100x210-cm-matets-stikls\/#primaryimage\"},\"image\":{\"@id\":\"https:\/\/metaltale.com\/lv\/produkts\/lofts-bidamas-stikla-durvis-modena-100x210-cm-matets-stikls\/#primaryimage\"},\"thumbnailUrl\":\"https:\/\/metaltale.com\/wp-content\/uploads\/2024\/02\/MODENA-durys-90x210-skaidrios-20.webp\",\"datePublished\":\"2024-02-13T11:23:41+00:00\",\"breadcrumb\":{\"@id\":\"https:\/\/metaltale.com\/lv\/produkts\/lofts-bidamas-stikla-durvis-modena-100x210-cm-matets-stikls\/#breadcrumb\"},\"inLanguage\":\"lv-LV\",\"potentialAction\":[{\"@type\":\"ReadAction\",\"target\":[\"https:\/\/metaltale.com\/lv\/produkts\/lofts-bidamas-stikla-durvis-modena-100x210-cm-matets-stikls\/\"]}]},{\"@type\":\"ImageObject\",\"inLanguage\":\"lv-LV\",\"@id\":\"https:\/\/metaltale.com\/lv\/produkts\/lofts-bidamas-stikla-durvis-modena-100x210-cm-matets-stikls\/#primaryimage\",\"url\":\"https:\/\/metaltale.com\/wp-content\/uploads\/2024\/02\/MODENA-durys-90x210-skaidrios-20.webp\",\"contentUrl\":\"https:\/\/metaltale.com\/wp-content\/uploads\/2024\/02\/MODENA-durys-90x210-skaidrios-20.webp\",\"width\":1600,\"height\":1600,\"caption\":\"Stiklin\u0117s stumdomos durys MODENA 90x210 matinis\"},{\"@type\":\"BreadcrumbList\",\"@id\":\"https:\/\/metaltale.com\/lv\/produkts\/lofts-bidamas-stikla-durvis-modena-100x210-cm-matets-stikls\/#breadcrumb\",\"itemListElement\":[{\"@type\":\"ListItem\",\"position\":1,\"name\":\"Home\",\"item\":\"https:\/\/metaltale.com\/lv\/majas\/\"},{\"@type\":\"ListItem\",\"position\":2,\"name\":\"Veikals\",\"item\":\"https:\/\/metaltale.com\/lv\/shop\/\"},{\"@type\":\"ListItem\",\"position\":3,\"name\":\"Lofts b\u012bd\u0101m\u0101s stikla durvis MODENA 100&#215;210 cm, mat\u0113ts stikls\"}]},{\"@type\":\"WebSite\",\"@id\":\"https:\/\/metaltale.com\/lv\/#website\",\"url\":\"https:\/\/metaltale.com\/lv\/\",\"name\":\"Metaltale.com\",\"description\":\"\",\"potentialAction\":[{\"@type\":\"SearchAction\",\"target\":{\"@type\":\"EntryPoint\",\"urlTemplate\":\"https:\/\/metaltale.com\/lv\/?s={search_term_string}\"},\"query-input\":{\"@type\":\"PropertyValueSpecification\",\"valueRequired\":true,\"valueName\":\"search_term_string\"}}],\"inLanguage\":\"lv-LV\"}]}<\/script>\n<!-- \/ Yoast SEO plugin. -->","yoast_head_json":{"title":"Lofts b\u012bd\u0101m\u0101s stikla durvis MODENA 100x210 cm, mat\u0113ts stikls - MetalTale.com","robots":{"index":"index","follow":"follow","max-snippet":"max-snippet:-1","max-image-preview":"max-image-preview:large","max-video-preview":"max-video-preview:-1"},"canonical":"https:\/\/metaltale.com\/lv\/produkts\/lofts-bidamas-stikla-durvis-modena-100x210-cm-matets-stikls\/","og_locale":"lv_LV","og_type":"article","og_title":"Lofts b\u012bd\u0101m\u0101s stikla durvis MODENA 100x210 cm, mat\u0113ts stikls - MetalTale.com","og_description":"Modelis SE.103.PRGR Materi\u0101ls Met\u0101ls, stikls Kop\u0113jais augstums (cm ) 210 Kop\u0113jais platums (cm ) 3,2 Stikla tips R\u016bd\u012bts R\u0101mja kr\u0101sa","og_url":"https:\/\/metaltale.com\/lv\/produkts\/lofts-bidamas-stikla-durvis-modena-100x210-cm-matets-stikls\/","og_site_name":"MetalTale.com","og_image":[{"width":1200,"height":1200,"url":"https:\/\/metaltale.com\/wp-content\/uploads\/2024\/02\/SE.103.100X210.MI_.jpg","type":"image\/jpeg"}],"twitter_card":"summary_large_image","twitter_misc":{"Est. reading time":"2 minutes"},"schema":{"@context":"https:\/\/schema.org","@graph":[{"@type":"WebPage","@id":"https:\/\/metaltale.com\/lv\/produkts\/lofts-bidamas-stikla-durvis-modena-100x210-cm-matets-stikls\/","url":"https:\/\/metaltale.com\/lv\/produkts\/lofts-bidamas-stikla-durvis-modena-100x210-cm-matets-stikls\/","name":"Lofts b\u012bd\u0101m\u0101s stikla durvis MODENA 100x210 cm, mat\u0113ts stikls - MetalTale.com","isPartOf":{"@id":"https:\/\/metaltale.com\/lv\/#website"},"primaryImageOfPage":{"@id":"https:\/\/metaltale.com\/lv\/produkts\/lofts-bidamas-stikla-durvis-modena-100x210-cm-matets-stikls\/#primaryimage"},"image":{"@id":"https:\/\/metaltale.com\/lv\/produkts\/lofts-bidamas-stikla-durvis-modena-100x210-cm-matets-stikls\/#primaryimage"},"thumbnailUrl":"https:\/\/metaltale.com\/wp-content\/uploads\/2024\/02\/MODENA-durys-90x210-skaidrios-20.webp","datePublished":"2024-02-13T11:23:41+00:00","breadcrumb":{"@id":"https:\/\/metaltale.com\/lv\/produkts\/lofts-bidamas-stikla-durvis-modena-100x210-cm-matets-stikls\/#breadcrumb"},"inLanguage":"lv-LV","potentialAction":[{"@type":"ReadAction","target":["https:\/\/metaltale.com\/lv\/produkts\/lofts-bidamas-stikla-durvis-modena-100x210-cm-matets-stikls\/"]}]},{"@type":"ImageObject","inLanguage":"lv-LV","@id":"https:\/\/metaltale.com\/lv\/produkts\/lofts-bidamas-stikla-durvis-modena-100x210-cm-matets-stikls\/#primaryimage","url":"https:\/\/metaltale.com\/wp-content\/uploads\/2024\/02\/MODENA-durys-90x210-skaidrios-20.webp","contentUrl":"https:\/\/metaltale.com\/wp-content\/uploads\/2024\/02\/MODENA-durys-90x210-skaidrios-20.webp","width":1600,"height":1600,"caption":"Stiklin\u0117s stumdomos durys MODENA 90x210 matinis"},{"@type":"BreadcrumbList","@id":"https:\/\/metaltale.com\/lv\/produkts\/lofts-bidamas-stikla-durvis-modena-100x210-cm-matets-stikls\/#breadcrumb","itemListElement":[{"@type":"ListItem","position":1,"name":"Home","item":"https:\/\/metaltale.com\/lv\/majas\/"},{"@type":"ListItem","position":2,"name":"Veikals","item":"https:\/\/metaltale.com\/lv\/shop\/"},{"@type":"ListItem","position":3,"name":"Lofts b\u012bd\u0101m\u0101s stikla durvis MODENA 100&#215;210 cm, mat\u0113ts stikls"}]},{"@type":"WebSite","@id":"https:\/\/metaltale.com\/lv\/#website","url":"https:\/\/metaltale.com\/lv\/","name":"Metaltale.com","description":"","potentialAction":[{"@type":"SearchAction","target":{"@type":"EntryPoint","urlTemplate":"https:\/\/metaltale.com\/lv\/?s={search_term_string}"},"query-input":{"@type":"PropertyValueSpecification","valueRequired":true,"valueName":"search_term_string"}}],"inLanguage":"lv-LV"}]}},"_links":{"self":[{"href":"https:\/\/metaltale.com\/lv\/wp-json\/wp\/v2\/product\/140474","targetHints":{"allow":["GET"]}}],"collection":[{"href":"https:\/\/metaltale.com\/lv\/wp-json\/wp\/v2\/product"}],"about":[{"href":"https:\/\/metaltale.com\/lv\/wp-json\/wp\/v2\/types\/product"}],"replies":[{"embeddable":true,"href":"https:\/\/metaltale.com\/lv\/wp-json\/wp\/v2\/comments?post=140474"}],"version-history":[{"count":0,"href":"https:\/\/metaltale.com\/lv\/wp-json\/wp\/v2\/product\/140474\/revisions"}],"wp:featuredmedia":[{"embeddable":true,"href":"https:\/\/metaltale.com\/lv\/wp-json\/wp\/v2\/media\/142102"}],"wp:attachment":[{"href":"https:\/\/metaltale.com\/lv\/wp-json\/wp\/v2\/media?parent=140474"}],"wp:term":[{"taxonomy":"product_brand","embeddable":true,"href":"https:\/\/metaltale.com\/lv\/wp-json\/wp\/v2\/product_brand?post=140474"},{"taxonomy":"product_cat","embeddable":true,"href":"https:\/\/metaltale.com\/lv\/wp-json\/wp\/v2\/product_cat?post=140474"},{"taxonomy":"product_tag","embeddable":true,"href":"https:\/\/metaltale.com\/lv\/wp-json\/wp\/v2\/product_tag?post=140474"}],"curies":[{"name":"wp","href":"https:\/\/api.w.org\/{rel}","templated":true}]}}