{"id":140472,"date":"2024-02-13T13:25:05","date_gmt":"2024-02-13T11:25:05","guid":{"rendered":"https:\/\/metaltale.com\/produktas\/kumode-virtuves-sala-factory-pine\/"},"modified":"2024-02-13T13:25:05","modified_gmt":"2024-02-13T11:25:05","slug":"kumode-virtuves-sala-factory-pine","status":"publish","type":"product","link":"https:\/\/metaltale.com\/lv\/produkts\/kumode-virtuves-sala-factory-pine\/","title":{"rendered":"Kumode\/virtuves sala FACTORY PINE"},"content":{"rendered":"<div class=\"prod_data\">\n<p>ZA <strong>modelis<\/strong>. FAC30<br \/>\nFACTORY PINE kolekcija<strong><br \/>\n<\/strong><strong>EAN.<\/strong>  5905369914058<br \/>\n<strong>Materi\u0101ls<\/strong> Priede, t\u0113rauds<br \/>\n<strong>Kop\u0113jais augstums (cm<\/strong> ) 90<br \/>\n<strong>Kop\u0113jais platums (cm<\/strong> ) 200<br \/>\n<strong>Dzi\u013cums (cm<\/strong> ) 80<br \/>\n<strong>Pieg\u0101des veids<\/strong> Piln\u012bb\u0101 samont\u0113ts produkts<\/p>\n<p>&#8211; kumode, industri\u0101l\u0101 sala no priedes un t\u0113rauda<br \/>\n&#8211; lod\u012b\u0161u gult\u0146u vadotnes atvieglo atvilkt\u0146u izvilk\u0161anu.<br \/>\n&#8211; B\u012bd\u0101m\u0101 priek\u0161\u0113j\u0101 plaukta p\u0101rsegs ir praktisks un dizaina risin\u0101jums.<br \/>\n&#8211; sl\u0113gta 80&#215;20 mm profila konstrukcija garant\u0113 stabilit\u0101ti un iztur\u012bbu;<br \/>\n&#8211; t\u0113rauds, pies\u016bcin\u0101ts ar caursp\u012bd\u012bgu sl\u0101ni, kas aizsarg\u0101 pret boj\u0101jumiem un skr\u0101p\u0113jumiem.<br \/>\n&#8211; starp atl\u012bm\u0113tiem d\u0113\u013ciem var rasties spraugas, kas neietekm\u0113 lieto\u0161anas \u0113rtumu.<br \/>\n&#8211; p\u0101rstr\u0101d\u0101ta priedes koksne, impregn\u0113ta ar \u016bdens traipu, iegremd\u0113\u0161anas metode<br \/>\n&#8211; sagaid\u0101m\u0101 noveco\u0161anas ietekme izpau\u017eas k\u0101 redzami skr\u0101p\u0113jumi uz t\u0113rauda virsmas un paman\u0101ma koka tekst\u016bra.<br \/>\n&#8211; izstr\u0101d\u0101jumu kr\u0101sa var at\u0161\u0137irties no fotogalerij\u0101 redzam\u0101s kr\u0101sas individu\u0101lu monitora iestat\u012bjumu un materi\u0101lu \u012bpa\u0161\u012bbu d\u0113\u013c &#8211; t\u0113rauds un priedes koksne ir neapstr\u0101d\u0101ti materi\u0101li, kuru kr\u0101sa, tonis un tekst\u016bra var at\u0161\u0137irties atkar\u012bb\u0101 no eksempl\u0101ra vai partijas.<\/p>\n<hr>\n<p>Factory Pine plat\u0101 kumode ir izstr\u0101d\u0101jums, kas paredz\u0113ts&#8230; industri\u0101lai virtuvei. Ar se\u0161\u0101m met\u0101la atvilktn\u0113m un plauktiem, kas pasl\u0113pti aiz b\u012bd\u0101m\u0101s t\u0113rauda frontes, \u0161\u012b pla\u0161\u0101 m\u0113bele var viegli k\u013c\u016bt par salu, kas savieno vai atdala virtuvi no dz\u012bvojam\u0101s istabas. Vienk\u0101r\u0161\u0101 m\u0113be\u013cu aizmugure, kas izgatavota no nesl\u012bp\u0113tiem priedes d\u0113\u013ciem, izskat\u0101s pievilc\u012bgi un ir piem\u0113rota b\u0113ni\u0146u pl\u0101nojumam. Lielo skapi raksturo t\u0101 stabilit\u0101te un r\u016bpnieciskais dizains. T\u0113rauda konstrukcijai ir apzin\u0101ti skr\u0101p\u0113jumi, redzami savienojumi un \u0161uves, k\u0101 ar\u012b r\u016bpn\u012bcas kolekcijai rakstur\u012bg\u0101s kniedes. Lielo galda virsmu var izmantot k\u0101 izst\u0101\u017eu vai praktisku, piel\u0101gojot kumodi lietot\u0101ju individu\u0101laj\u0101m vajadz\u012bb\u0101m. Dzi\u013c\u0101s atvilktnes, kas izgatavotas no met\u0101la, gludi p\u0101rvietojas uz lod\u012b\u0161u gult\u0146u vadotn\u0113m, savuk\u0101rt kolekcijas vajadz\u012bb\u0101m izstr\u0101d\u0101t\u0101 m\u0113be\u013cu b\u012bd\u0101m\u0101 sist\u0113ma \u013cauj viegli atv\u0113rt plauktus. Pied\u0101v\u0101tais izstr\u0101d\u0101jums ir kas vair\u0101k nek\u0101 tikai kumode &#8211; tas ir svar\u012bgs iek\u0101rtojuma elements, kas veido visa interjera raksturu.<\/p>\n<\/div>\n","protected":false},"excerpt":{"rendered":"<p>ZA modelis. FAC30 FACTORY PINE kolekcija EAN. 5905369914058 Materi\u0101ls Priede, t\u0113rauds Kop\u0113jais augstums (cm ) 90 Kop\u0113jais platums (cm )<\/p>\n","protected":false},"featured_media":65755,"comment_status":"open","ping_status":"closed","template":"","meta":{"_acf_changed":false,"pmpro_default_level":""},"product_brand":[],"product_cat":[24120,24057],"product_tag":[],"class_list":{"0":"post-140472","1":"product","2":"type-product","3":"status-publish","4":"has-post-thumbnail","6":"product_cat-kumodes","7":"product_cat-rupnieciskas-mebeles","8":"pmpro-has-access","10":"first","11":"outofstock","12":"shipping-taxable","13":"purchasable","14":"product-type-simple"},"acf":[],"yoast_head":"<!-- This site is optimized with the Yoast SEO plugin v24.9 - https:\/\/yoast.com\/wordpress\/plugins\/seo\/ -->\n<title>Kumode\/virtuves sala FACTORY PINE - MetalTale.com<\/title>\n<meta name=\"robots\" content=\"index, follow, max-snippet:-1, max-image-preview:large, max-video-preview:-1\" \/>\n<link rel=\"canonical\" href=\"https:\/\/metaltale.com\/lv\/produkts\/kumode-virtuves-sala-factory-pine\/\" \/>\n<meta property=\"og:locale\" content=\"lv_LV\" \/>\n<meta property=\"og:type\" content=\"article\" \/>\n<meta property=\"og:title\" content=\"Kumode\/virtuves sala FACTORY PINE - MetalTale.com\" \/>\n<meta property=\"og:description\" content=\"ZA modelis. FAC30 FACTORY PINE kolekcija EAN. 5905369914058 Materi\u0101ls Priede, t\u0113rauds Kop\u0113jais augstums (cm ) 90 Kop\u0113jais platums (cm )\" \/>\n<meta property=\"og:url\" content=\"https:\/\/metaltale.com\/lv\/produkts\/kumode-virtuves-sala-factory-pine\/\" \/>\n<meta property=\"og:site_name\" content=\"MetalTale.com\" \/>\n<meta name=\"twitter:card\" content=\"summary_large_image\" \/>\n<meta name=\"twitter:label1\" content=\"Est. reading time\" \/>\n\t<meta name=\"twitter:data1\" content=\"2 minutes\" \/>\n<script type=\"application\/ld+json\" class=\"yoast-schema-graph\">{\"@context\":\"https:\/\/schema.org\",\"@graph\":[{\"@type\":\"WebPage\",\"@id\":\"https:\/\/metaltale.com\/lv\/produkts\/kumode-virtuves-sala-factory-pine\/\",\"url\":\"https:\/\/metaltale.com\/lv\/produkts\/kumode-virtuves-sala-factory-pine\/\",\"name\":\"Kumode\/virtuves sala FACTORY PINE - MetalTale.com\",\"isPartOf\":{\"@id\":\"https:\/\/metaltale.com\/lv\/#website\"},\"primaryImageOfPage\":{\"@id\":\"https:\/\/metaltale.com\/lv\/produkts\/kumode-virtuves-sala-factory-pine\/#primaryimage\"},\"image\":{\"@id\":\"https:\/\/metaltale.com\/lv\/produkts\/kumode-virtuves-sala-factory-pine\/#primaryimage\"},\"thumbnailUrl\":\"https:\/\/metaltale.com\/wp-content\/uploads\/2023\/09\/Komodos-sala-FACTORY-SOSNA.jpg\",\"datePublished\":\"2024-02-13T11:25:05+00:00\",\"breadcrumb\":{\"@id\":\"https:\/\/metaltale.com\/lv\/produkts\/kumode-virtuves-sala-factory-pine\/#breadcrumb\"},\"inLanguage\":\"lv-LV\",\"potentialAction\":[{\"@type\":\"ReadAction\",\"target\":[\"https:\/\/metaltale.com\/lv\/produkts\/kumode-virtuves-sala-factory-pine\/\"]}]},{\"@type\":\"ImageObject\",\"inLanguage\":\"lv-LV\",\"@id\":\"https:\/\/metaltale.com\/lv\/produkts\/kumode-virtuves-sala-factory-pine\/#primaryimage\",\"url\":\"https:\/\/metaltale.com\/wp-content\/uploads\/2023\/09\/Komodos-sala-FACTORY-SOSNA.jpg\",\"contentUrl\":\"https:\/\/metaltale.com\/wp-content\/uploads\/2023\/09\/Komodos-sala-FACTORY-SOSNA.jpg\",\"width\":800,\"height\":800,\"caption\":\"Kumode\"},{\"@type\":\"BreadcrumbList\",\"@id\":\"https:\/\/metaltale.com\/lv\/produkts\/kumode-virtuves-sala-factory-pine\/#breadcrumb\",\"itemListElement\":[{\"@type\":\"ListItem\",\"position\":1,\"name\":\"Home\",\"item\":\"https:\/\/metaltale.com\/lv\/majas\/\"},{\"@type\":\"ListItem\",\"position\":2,\"name\":\"Veikals\",\"item\":\"https:\/\/metaltale.com\/lv\/shop\/\"},{\"@type\":\"ListItem\",\"position\":3,\"name\":\"Kumode\/virtuves sala FACTORY PINE\"}]},{\"@type\":\"WebSite\",\"@id\":\"https:\/\/metaltale.com\/lv\/#website\",\"url\":\"https:\/\/metaltale.com\/lv\/\",\"name\":\"Metaltale.com\",\"description\":\"\",\"potentialAction\":[{\"@type\":\"SearchAction\",\"target\":{\"@type\":\"EntryPoint\",\"urlTemplate\":\"https:\/\/metaltale.com\/lv\/?s={search_term_string}\"},\"query-input\":{\"@type\":\"PropertyValueSpecification\",\"valueRequired\":true,\"valueName\":\"search_term_string\"}}],\"inLanguage\":\"lv-LV\"}]}<\/script>\n<!-- \/ Yoast SEO plugin. -->","yoast_head_json":{"title":"Kumode\/virtuves sala FACTORY PINE - MetalTale.com","robots":{"index":"index","follow":"follow","max-snippet":"max-snippet:-1","max-image-preview":"max-image-preview:large","max-video-preview":"max-video-preview:-1"},"canonical":"https:\/\/metaltale.com\/lv\/produkts\/kumode-virtuves-sala-factory-pine\/","og_locale":"lv_LV","og_type":"article","og_title":"Kumode\/virtuves sala FACTORY PINE - MetalTale.com","og_description":"ZA modelis. FAC30 FACTORY PINE kolekcija EAN. 5905369914058 Materi\u0101ls Priede, t\u0113rauds Kop\u0113jais augstums (cm ) 90 Kop\u0113jais platums (cm )","og_url":"https:\/\/metaltale.com\/lv\/produkts\/kumode-virtuves-sala-factory-pine\/","og_site_name":"MetalTale.com","twitter_card":"summary_large_image","twitter_misc":{"Est. reading time":"2 minutes"},"schema":{"@context":"https:\/\/schema.org","@graph":[{"@type":"WebPage","@id":"https:\/\/metaltale.com\/lv\/produkts\/kumode-virtuves-sala-factory-pine\/","url":"https:\/\/metaltale.com\/lv\/produkts\/kumode-virtuves-sala-factory-pine\/","name":"Kumode\/virtuves sala FACTORY PINE - MetalTale.com","isPartOf":{"@id":"https:\/\/metaltale.com\/lv\/#website"},"primaryImageOfPage":{"@id":"https:\/\/metaltale.com\/lv\/produkts\/kumode-virtuves-sala-factory-pine\/#primaryimage"},"image":{"@id":"https:\/\/metaltale.com\/lv\/produkts\/kumode-virtuves-sala-factory-pine\/#primaryimage"},"thumbnailUrl":"https:\/\/metaltale.com\/wp-content\/uploads\/2023\/09\/Komodos-sala-FACTORY-SOSNA.jpg","datePublished":"2024-02-13T11:25:05+00:00","breadcrumb":{"@id":"https:\/\/metaltale.com\/lv\/produkts\/kumode-virtuves-sala-factory-pine\/#breadcrumb"},"inLanguage":"lv-LV","potentialAction":[{"@type":"ReadAction","target":["https:\/\/metaltale.com\/lv\/produkts\/kumode-virtuves-sala-factory-pine\/"]}]},{"@type":"ImageObject","inLanguage":"lv-LV","@id":"https:\/\/metaltale.com\/lv\/produkts\/kumode-virtuves-sala-factory-pine\/#primaryimage","url":"https:\/\/metaltale.com\/wp-content\/uploads\/2023\/09\/Komodos-sala-FACTORY-SOSNA.jpg","contentUrl":"https:\/\/metaltale.com\/wp-content\/uploads\/2023\/09\/Komodos-sala-FACTORY-SOSNA.jpg","width":800,"height":800,"caption":"Kumode"},{"@type":"BreadcrumbList","@id":"https:\/\/metaltale.com\/lv\/produkts\/kumode-virtuves-sala-factory-pine\/#breadcrumb","itemListElement":[{"@type":"ListItem","position":1,"name":"Home","item":"https:\/\/metaltale.com\/lv\/majas\/"},{"@type":"ListItem","position":2,"name":"Veikals","item":"https:\/\/metaltale.com\/lv\/shop\/"},{"@type":"ListItem","position":3,"name":"Kumode\/virtuves sala FACTORY PINE"}]},{"@type":"WebSite","@id":"https:\/\/metaltale.com\/lv\/#website","url":"https:\/\/metaltale.com\/lv\/","name":"Metaltale.com","description":"","potentialAction":[{"@type":"SearchAction","target":{"@type":"EntryPoint","urlTemplate":"https:\/\/metaltale.com\/lv\/?s={search_term_string}"},"query-input":{"@type":"PropertyValueSpecification","valueRequired":true,"valueName":"search_term_string"}}],"inLanguage":"lv-LV"}]}},"_links":{"self":[{"href":"https:\/\/metaltale.com\/lv\/wp-json\/wp\/v2\/product\/140472","targetHints":{"allow":["GET"]}}],"collection":[{"href":"https:\/\/metaltale.com\/lv\/wp-json\/wp\/v2\/product"}],"about":[{"href":"https:\/\/metaltale.com\/lv\/wp-json\/wp\/v2\/types\/product"}],"replies":[{"embeddable":true,"href":"https:\/\/metaltale.com\/lv\/wp-json\/wp\/v2\/comments?post=140472"}],"version-history":[{"count":0,"href":"https:\/\/metaltale.com\/lv\/wp-json\/wp\/v2\/product\/140472\/revisions"}],"wp:featuredmedia":[{"embeddable":true,"href":"https:\/\/metaltale.com\/lv\/wp-json\/wp\/v2\/media\/65755"}],"wp:attachment":[{"href":"https:\/\/metaltale.com\/lv\/wp-json\/wp\/v2\/media?parent=140472"}],"wp:term":[{"taxonomy":"product_brand","embeddable":true,"href":"https:\/\/metaltale.com\/lv\/wp-json\/wp\/v2\/product_brand?post=140472"},{"taxonomy":"product_cat","embeddable":true,"href":"https:\/\/metaltale.com\/lv\/wp-json\/wp\/v2\/product_cat?post=140472"},{"taxonomy":"product_tag","embeddable":true,"href":"https:\/\/metaltale.com\/lv\/wp-json\/wp\/v2\/product_tag?post=140472"}],"curies":[{"name":"wp","href":"https:\/\/api.w.org\/{rel}","templated":true}]}}