{"id":140467,"date":"2024-02-13T13:25:05","date_gmt":"2024-02-13T11:25:05","guid":{"rendered":"https:\/\/metaltale.com\/produktas\/industriala-konsole-beniniem-factory-oak-1\/"},"modified":"2024-02-13T13:25:05","modified_gmt":"2024-02-13T11:25:05","slug":"industriala-konsole-beniniem-factory-oak-1","status":"publish","type":"product","link":"https:\/\/metaltale.com\/lv\/produkts\/industriala-konsole-beniniem-factory-oak-1\/","title":{"rendered":"Industri\u0101la konsole b\u0113ni\u0146iem FACTORY OAK 1"},"content":{"rendered":"<div class=\"prod_data\">\n<p>ZA <strong>modelis<\/strong>. FAC10-DAB<br \/>\nFACTORY OAK <strong>kolekcija<\/strong><br \/>\n<strong>EAN.<\/strong>  5905369914102<br \/>\n<strong>Materi\u0101ls<\/strong> Ozola koks, t\u0113rauds<br \/>\n<strong>Kop\u0113jais augstums (cm<\/strong> ) 80<br \/>\nKop\u0113jais platums (cm ) 120<br \/>\n<strong>Dzi\u013cums (cm<\/strong> ) 40<br \/>\n<strong>Pieg\u0101des veids<\/strong> Piln\u012bb\u0101 samont\u0113ts produkts<\/p>\n<p>&#8211; industri\u0101la konsole no ozolkoka un t\u0113rauda<br \/>\n&#8211; sl\u0113gta 80&#215;20 mm profila konstrukcija garant\u0113 stabilit\u0101ti un iztur\u012bbu;<br \/>\n&#8211; t\u0113rauds, pies\u016bcin\u0101ts ar caursp\u012bd\u012bgu sl\u0101ni, kas aizsarg\u0101 pret boj\u0101jumiem un skr\u0101p\u0113jumiem.<br \/>\n&#8211; starp atl\u012bm\u0113tiem d\u0113\u013ciem var rasties spraugas, kas neietekm\u0113 lieto\u0161anas \u0113rtumu.<br \/>\n&#8211; Ar dab\u012bgo e\u013c\u013cu pies\u016bcin\u0101ta ozolkoka koksne<br \/>\n&#8211; sagaid\u0101m\u0101 noveco\u0161anas ietekme izpau\u017eas k\u0101 redzami skr\u0101p\u0113jumi uz t\u0113rauda virsmas un paman\u0101ma koka tekst\u016bra.<br \/>\n&#8211; izstr\u0101d\u0101jumu kr\u0101sa var at\u0161\u0137irties no fotogalerij\u0101 redzam\u0101s kr\u0101sas individu\u0101lu monitora iestat\u012bjumu un materi\u0101lu \u012bpa\u0161\u012bbu d\u0113\u013c &#8211; t\u0113rauds un ozolkoks ir neapstr\u0101d\u0101ti materi\u0101li, kuru kr\u0101sa, tonis un tekst\u016bra var at\u0161\u0137irties atkar\u012bb\u0101 no eksempl\u0101ra vai ra\u017eo\u0161anas partijas.<\/p>\n<hr>\n<p>Vienk\u0101r\u0161\u0101 konsole, kas izgatavota no ozolkoka un apzin\u0101ti iztur\u0113ta t\u0113rauda, ir tik daudzpus\u012bga, ka to var izmantot k\u0101 s\u0101nu galdi\u0146u, rakst\u0101mgaldu un tualetes galdi\u0146u. Katrs FACTORY kolekcijas izstr\u0101d\u0101jums ir r\u016bpnieciski ra\u017eots, t\u0101p\u0113c nav divu identisku eksempl\u0101ru. Mas\u012bvo t\u0113rauda k\u0101ju svars ar redzam\u0101m knied\u0113m m\u012bkstina un sasilda ozolkoka virsmu. \u0160\u012b stil\u012bg\u0101 kombin\u0101cija ir piem\u0113rota gan industri\u0101lam, gan pla\u0161am interjeram &#8211; sabiedrisk\u0101s telp\u0101s, piem\u0113ram, kafejn\u012bc\u0101s, restor\u0101nos un ziedu veikalos, k\u0101 ar\u012b maz\u0101kos un m\u0101j\u012bg\u0101kos dz\u012bvok\u013cos. Nesl\u012bp\u0113tajiem d\u0113\u013ciem ir \u013coti dabisks izskats un saj\u016bta, kas atg\u0101dina vecas r\u016bpn\u012bcas iek\u0101rtas. M\u016bsdienu telp\u0101s var viegli ieviest smalkas stingr\u012bbas un pieklusin\u0101ta industri\u0101lisma elementus. Smalk\u0101 un praktisk\u0101 koka konsole uz t\u0113rauda k\u0101j\u0101m nedomin\u0113s izk\u0101rtojum\u0101, ta\u010du tas b\u016bs dizainera l\u0113mums. &#8220;Factory l\u012bnija ir \u012bsts m\u0113be\u013cu meistardarbs un b\u0113ni\u0146u stila kvintesence.<\/p>\n<\/div>\n","protected":false},"excerpt":{"rendered":"<p>ZA modelis. FAC10-DAB FACTORY OAK kolekcija EAN. 5905369914102 Materi\u0101ls Ozola koks, t\u0113rauds Kop\u0113jais augstums (cm ) 80 Kop\u0113jais platums (cm<\/p>\n","protected":false},"featured_media":119777,"comment_status":"open","ping_status":"closed","template":"","meta":{"_acf_changed":false,"pmpro_default_level":""},"product_brand":[],"product_cat":[24119,24057],"product_tag":[],"class_list":{"0":"post-140467","1":"product","2":"type-product","3":"status-publish","4":"has-post-thumbnail","6":"product_cat-konsoles-lv","7":"product_cat-rupnieciskas-mebeles","8":"pmpro-has-access","10":"first","11":"instock","12":"shipping-taxable","13":"purchasable","14":"product-type-simple"},"acf":[],"yoast_head":"<!-- This site is optimized with the Yoast SEO plugin v24.9 - https:\/\/yoast.com\/wordpress\/plugins\/seo\/ -->\n<title>Industri\u0101la konsole b\u0113ni\u0146iem FACTORY OAK 1 - MetalTale.com<\/title>\n<meta name=\"robots\" content=\"index, follow, max-snippet:-1, max-image-preview:large, max-video-preview:-1\" \/>\n<link rel=\"canonical\" href=\"https:\/\/metaltale.com\/lv\/produkts\/industriala-konsole-beniniem-factory-oak-1\/\" \/>\n<meta property=\"og:locale\" content=\"lv_LV\" \/>\n<meta property=\"og:type\" content=\"article\" \/>\n<meta property=\"og:title\" content=\"Industri\u0101la konsole b\u0113ni\u0146iem FACTORY OAK 1 - MetalTale.com\" \/>\n<meta property=\"og:description\" content=\"ZA modelis. FAC10-DAB FACTORY OAK kolekcija EAN. 5905369914102 Materi\u0101ls Ozola koks, t\u0113rauds Kop\u0113jais augstums (cm ) 80 Kop\u0113jais platums (cm\" \/>\n<meta property=\"og:url\" content=\"https:\/\/metaltale.com\/lv\/produkts\/industriala-konsole-beniniem-factory-oak-1\/\" \/>\n<meta property=\"og:site_name\" content=\"MetalTale.com\" \/>\n<meta name=\"twitter:card\" content=\"summary_large_image\" \/>\n<meta name=\"twitter:label1\" content=\"Est. reading time\" \/>\n\t<meta name=\"twitter:data1\" content=\"2 minutes\" \/>\n<script type=\"application\/ld+json\" class=\"yoast-schema-graph\">{\"@context\":\"https:\/\/schema.org\",\"@graph\":[{\"@type\":\"WebPage\",\"@id\":\"https:\/\/metaltale.com\/lv\/produkts\/industriala-konsole-beniniem-factory-oak-1\/\",\"url\":\"https:\/\/metaltale.com\/lv\/produkts\/industriala-konsole-beniniem-factory-oak-1\/\",\"name\":\"Industri\u0101la konsole b\u0113ni\u0146iem FACTORY OAK 1 - MetalTale.com\",\"isPartOf\":{\"@id\":\"https:\/\/metaltale.com\/lv\/#website\"},\"primaryImageOfPage\":{\"@id\":\"https:\/\/metaltale.com\/lv\/produkts\/industriala-konsole-beniniem-factory-oak-1\/#primaryimage\"},\"image\":{\"@id\":\"https:\/\/metaltale.com\/lv\/produkts\/industriala-konsole-beniniem-factory-oak-1\/#primaryimage\"},\"thumbnailUrl\":\"https:\/\/metaltale.com\/wp-content\/uploads\/2023\/12\/konsole-3.jpg\",\"datePublished\":\"2024-02-13T11:25:05+00:00\",\"breadcrumb\":{\"@id\":\"https:\/\/metaltale.com\/lv\/produkts\/industriala-konsole-beniniem-factory-oak-1\/#breadcrumb\"},\"inLanguage\":\"lv-LV\",\"potentialAction\":[{\"@type\":\"ReadAction\",\"target\":[\"https:\/\/metaltale.com\/lv\/produkts\/industriala-konsole-beniniem-factory-oak-1\/\"]}]},{\"@type\":\"ImageObject\",\"inLanguage\":\"lv-LV\",\"@id\":\"https:\/\/metaltale.com\/lv\/produkts\/industriala-konsole-beniniem-factory-oak-1\/#primaryimage\",\"url\":\"https:\/\/metaltale.com\/wp-content\/uploads\/2023\/12\/konsole-3.jpg\",\"contentUrl\":\"https:\/\/metaltale.com\/wp-content\/uploads\/2023\/12\/konsole-3.jpg\",\"width\":800,\"height\":800,\"caption\":\"konsoles\"},{\"@type\":\"BreadcrumbList\",\"@id\":\"https:\/\/metaltale.com\/lv\/produkts\/industriala-konsole-beniniem-factory-oak-1\/#breadcrumb\",\"itemListElement\":[{\"@type\":\"ListItem\",\"position\":1,\"name\":\"Home\",\"item\":\"https:\/\/metaltale.com\/lv\/majas\/\"},{\"@type\":\"ListItem\",\"position\":2,\"name\":\"Veikals\",\"item\":\"https:\/\/metaltale.com\/lv\/shop\/\"},{\"@type\":\"ListItem\",\"position\":3,\"name\":\"Industri\u0101la konsole b\u0113ni\u0146iem FACTORY OAK 1\"}]},{\"@type\":\"WebSite\",\"@id\":\"https:\/\/metaltale.com\/lv\/#website\",\"url\":\"https:\/\/metaltale.com\/lv\/\",\"name\":\"Metaltale.com\",\"description\":\"\",\"potentialAction\":[{\"@type\":\"SearchAction\",\"target\":{\"@type\":\"EntryPoint\",\"urlTemplate\":\"https:\/\/metaltale.com\/lv\/?s={search_term_string}\"},\"query-input\":{\"@type\":\"PropertyValueSpecification\",\"valueRequired\":true,\"valueName\":\"search_term_string\"}}],\"inLanguage\":\"lv-LV\"}]}<\/script>\n<!-- \/ Yoast SEO plugin. -->","yoast_head_json":{"title":"Industri\u0101la konsole b\u0113ni\u0146iem FACTORY OAK 1 - MetalTale.com","robots":{"index":"index","follow":"follow","max-snippet":"max-snippet:-1","max-image-preview":"max-image-preview:large","max-video-preview":"max-video-preview:-1"},"canonical":"https:\/\/metaltale.com\/lv\/produkts\/industriala-konsole-beniniem-factory-oak-1\/","og_locale":"lv_LV","og_type":"article","og_title":"Industri\u0101la konsole b\u0113ni\u0146iem FACTORY OAK 1 - MetalTale.com","og_description":"ZA modelis. FAC10-DAB FACTORY OAK kolekcija EAN. 5905369914102 Materi\u0101ls Ozola koks, t\u0113rauds Kop\u0113jais augstums (cm ) 80 Kop\u0113jais platums (cm","og_url":"https:\/\/metaltale.com\/lv\/produkts\/industriala-konsole-beniniem-factory-oak-1\/","og_site_name":"MetalTale.com","twitter_card":"summary_large_image","twitter_misc":{"Est. reading time":"2 minutes"},"schema":{"@context":"https:\/\/schema.org","@graph":[{"@type":"WebPage","@id":"https:\/\/metaltale.com\/lv\/produkts\/industriala-konsole-beniniem-factory-oak-1\/","url":"https:\/\/metaltale.com\/lv\/produkts\/industriala-konsole-beniniem-factory-oak-1\/","name":"Industri\u0101la konsole b\u0113ni\u0146iem FACTORY OAK 1 - MetalTale.com","isPartOf":{"@id":"https:\/\/metaltale.com\/lv\/#website"},"primaryImageOfPage":{"@id":"https:\/\/metaltale.com\/lv\/produkts\/industriala-konsole-beniniem-factory-oak-1\/#primaryimage"},"image":{"@id":"https:\/\/metaltale.com\/lv\/produkts\/industriala-konsole-beniniem-factory-oak-1\/#primaryimage"},"thumbnailUrl":"https:\/\/metaltale.com\/wp-content\/uploads\/2023\/12\/konsole-3.jpg","datePublished":"2024-02-13T11:25:05+00:00","breadcrumb":{"@id":"https:\/\/metaltale.com\/lv\/produkts\/industriala-konsole-beniniem-factory-oak-1\/#breadcrumb"},"inLanguage":"lv-LV","potentialAction":[{"@type":"ReadAction","target":["https:\/\/metaltale.com\/lv\/produkts\/industriala-konsole-beniniem-factory-oak-1\/"]}]},{"@type":"ImageObject","inLanguage":"lv-LV","@id":"https:\/\/metaltale.com\/lv\/produkts\/industriala-konsole-beniniem-factory-oak-1\/#primaryimage","url":"https:\/\/metaltale.com\/wp-content\/uploads\/2023\/12\/konsole-3.jpg","contentUrl":"https:\/\/metaltale.com\/wp-content\/uploads\/2023\/12\/konsole-3.jpg","width":800,"height":800,"caption":"konsoles"},{"@type":"BreadcrumbList","@id":"https:\/\/metaltale.com\/lv\/produkts\/industriala-konsole-beniniem-factory-oak-1\/#breadcrumb","itemListElement":[{"@type":"ListItem","position":1,"name":"Home","item":"https:\/\/metaltale.com\/lv\/majas\/"},{"@type":"ListItem","position":2,"name":"Veikals","item":"https:\/\/metaltale.com\/lv\/shop\/"},{"@type":"ListItem","position":3,"name":"Industri\u0101la konsole b\u0113ni\u0146iem FACTORY OAK 1"}]},{"@type":"WebSite","@id":"https:\/\/metaltale.com\/lv\/#website","url":"https:\/\/metaltale.com\/lv\/","name":"Metaltale.com","description":"","potentialAction":[{"@type":"SearchAction","target":{"@type":"EntryPoint","urlTemplate":"https:\/\/metaltale.com\/lv\/?s={search_term_string}"},"query-input":{"@type":"PropertyValueSpecification","valueRequired":true,"valueName":"search_term_string"}}],"inLanguage":"lv-LV"}]}},"_links":{"self":[{"href":"https:\/\/metaltale.com\/lv\/wp-json\/wp\/v2\/product\/140467","targetHints":{"allow":["GET"]}}],"collection":[{"href":"https:\/\/metaltale.com\/lv\/wp-json\/wp\/v2\/product"}],"about":[{"href":"https:\/\/metaltale.com\/lv\/wp-json\/wp\/v2\/types\/product"}],"replies":[{"embeddable":true,"href":"https:\/\/metaltale.com\/lv\/wp-json\/wp\/v2\/comments?post=140467"}],"version-history":[{"count":0,"href":"https:\/\/metaltale.com\/lv\/wp-json\/wp\/v2\/product\/140467\/revisions"}],"wp:featuredmedia":[{"embeddable":true,"href":"https:\/\/metaltale.com\/lv\/wp-json\/wp\/v2\/media\/119777"}],"wp:attachment":[{"href":"https:\/\/metaltale.com\/lv\/wp-json\/wp\/v2\/media?parent=140467"}],"wp:term":[{"taxonomy":"product_brand","embeddable":true,"href":"https:\/\/metaltale.com\/lv\/wp-json\/wp\/v2\/product_brand?post=140467"},{"taxonomy":"product_cat","embeddable":true,"href":"https:\/\/metaltale.com\/lv\/wp-json\/wp\/v2\/product_cat?post=140467"},{"taxonomy":"product_tag","embeddable":true,"href":"https:\/\/metaltale.com\/lv\/wp-json\/wp\/v2\/product_tag?post=140467"}],"curies":[{"name":"wp","href":"https:\/\/api.w.org\/{rel}","templated":true}]}}