{"id":140452,"date":"2024-02-13T13:23:04","date_gmt":"2024-02-13T11:23:04","guid":{"rendered":"https:\/\/metaltale.com\/produktas\/metala-mebelu-kaja-hairpin-double-flat-bar-20-cm-melna\/"},"modified":"2024-02-13T13:23:04","modified_gmt":"2024-02-13T11:23:04","slug":"metala-mebelu-kaja-hairpin-double-flat-bar-20-cm-melna","status":"publish","type":"product","link":"https:\/\/metaltale.com\/lv\/produkts\/metala-mebelu-kaja-hairpin-double-flat-bar-20-cm-melna\/","title":{"rendered":"Met\u0101la m\u0113be\u013cu k\u0101ja HAIRPIN DOUBLE FLAT BAR 20 cm, melna"},"content":{"rendered":"<div class=\"prod_data\">\n<p><strong>Modelis<\/strong> ZA.P2.PRGR<br \/>\n<strong>Materi\u0101ls<\/strong> T\u0113rauds<br \/>\n<strong>Kop\u0113jais augstums (cm<\/strong> ) 20<br \/>\n<strong>Pamatnes izm\u0113ri (cm)<\/strong> 7,7 x 14,5<br \/>\n<strong>Plakan\u0101s sloksnes izm\u0113ri (cm)<\/strong> 0,4 x 2<br \/>\nMont\u0101\u017eas skr\u016bves N\u0113<br \/>\n<strong>Kr\u0101sa<\/strong> Melna<br \/>\nDaudzums komplekt\u0101 1 gab.<\/p>\n<p>&#8211; t\u0113rauda m\u0113be\u013cu k\u0101ja<br \/>\n&#8211; kr\u0101su opcijas \u013cauj produktu perfekti saska\u0146ot ar m\u0113bel\u0113m.<br \/>\n&#8211; viena m\u0113be\u013cu k\u0101ja \u013cauj izv\u0113l\u0113ties, kur tie\u0161i to piestiprin\u0101t pie m\u0113beles.<br \/>\n&#8211; meln\u0101 pulverkr\u0101sot\u0101 k\u0101ja ir \u013coti iztur\u012bga pret skr\u0101p\u0113jumiem.<br \/>\n&#8211; izstr\u0101d\u0101jumu kr\u0101sa var at\u0161\u0137irties no galerij\u0101 redzamajiem att\u0113liem individu\u0101lu monitora iestat\u012bjumu un materi\u0101lu \u012bpa\u0161\u012bbu d\u0113\u013c &#8211; t\u0113rauds ir neapstr\u0101d\u0101ts materi\u0101ls, kura kr\u0101sa, tonis un tekst\u016bra var at\u0161\u0137irties no parauga uz paraugu vai no partijas uz partiju.<br \/>\n&#8211; pied\u0101v\u0101t\u0101s skr\u016bves ir paredz\u0113tas darba virsm\u0101m, kuru biezums ir 37 mm vai vair\u0101k.<\/p>\n<hr>\n<p>T\u0113rauda mas\u012bvkoka k\u0101jas \u013cauj izveidot m\u0113beles, kas ir ne tikai praktiskas, bet ar\u012b \u013coti individu\u0101las. Lauku atmosf\u0113ru rada perfekti izstr\u0101d\u0101ti elementi, kas, balstoties uz p\u0101rbaud\u012btiem risin\u0101jumiem, interjeriem, kurus tie rot\u0101, pie\u0161\u0137ir idillisku noska\u0146u. Tiem, kas v\u0113las akcent\u0113t vai da\u017e\u0101dot vizu\u0101lo pieredzi sav\u0101s telp\u0101s, esam sagatavoju\u0161i mas\u012bvas m\u0113be\u013cu k\u0101jas, kas izgatavotas no augst\u0101k\u0101s kvalit\u0101tes t\u0113rauda. Pateicoties to iztur\u012bgajai konstrukcijai, t\u0101s var veiksm\u012bgi kalpot par pamatu unik\u0101lu galdu, kr\u0113slu, rakst\u0101mgaldu un pat tabure\u0161u izveidei. Pieejami tr\u012bs izm\u0113ros un div\u0101s kr\u0101s\u0101s, un tie pied\u0101v\u0101 neierobe\u017eotas iesp\u0113jas izdomas bag\u0101tam interjera dizainam. Tam ir se\u0161i vienm\u0113r\u012bgi izvietoti mont\u0101\u017eas caurumi.<\/p>\n<hr>\n<\/div>\n","protected":false},"excerpt":{"rendered":"<p>Modelis ZA.P2.PRGR Materi\u0101ls T\u0113rauds Kop\u0113jais augstums (cm ) 20 Pamatnes izm\u0113ri (cm) 7,7 x 14,5 Plakan\u0101s sloksnes izm\u0113ri (cm) 0,4<\/p>\n","protected":false},"featured_media":119156,"comment_status":"open","ping_status":"closed","template":"","meta":{"_acf_changed":false,"pmpro_default_level":""},"product_brand":[],"product_cat":[24056,24090],"product_tag":[],"class_list":{"0":"post-140452","1":"product","2":"type-product","3":"status-publish","4":"has-post-thumbnail","6":"product_cat-mebelu-kajas","7":"product_cat-mebelu-kajas-lv","8":"pmpro-has-access","10":"first","11":"instock","12":"shipping-taxable","13":"purchasable","14":"product-type-simple"},"acf":[],"yoast_head":"<!-- This site is optimized with the Yoast SEO plugin v24.9 - https:\/\/yoast.com\/wordpress\/plugins\/seo\/ -->\n<title>Met\u0101la m\u0113be\u013cu k\u0101ja HAIRPIN DOUBLE FLAT BAR 20 cm, melna - MetalTale.com<\/title>\n<meta name=\"robots\" content=\"index, follow, max-snippet:-1, max-image-preview:large, max-video-preview:-1\" \/>\n<link rel=\"canonical\" href=\"https:\/\/metaltale.com\/lv\/produkts\/metala-mebelu-kaja-hairpin-double-flat-bar-20-cm-melna\/\" \/>\n<meta property=\"og:locale\" content=\"lv_LV\" \/>\n<meta property=\"og:type\" content=\"article\" \/>\n<meta property=\"og:title\" content=\"Met\u0101la m\u0113be\u013cu k\u0101ja HAIRPIN DOUBLE FLAT BAR 20 cm, melna - MetalTale.com\" \/>\n<meta property=\"og:description\" content=\"Modelis ZA.P2.PRGR Materi\u0101ls T\u0113rauds Kop\u0113jais augstums (cm ) 20 Pamatnes izm\u0113ri (cm) 7,7 x 14,5 Plakan\u0101s sloksnes izm\u0113ri (cm) 0,4\" \/>\n<meta property=\"og:url\" content=\"https:\/\/metaltale.com\/lv\/produkts\/metala-mebelu-kaja-hairpin-double-flat-bar-20-cm-melna\/\" \/>\n<meta property=\"og:site_name\" content=\"MetalTale.com\" \/>\n<meta name=\"twitter:card\" content=\"summary_large_image\" \/>\n<meta name=\"twitter:label1\" content=\"Est. reading time\" \/>\n\t<meta name=\"twitter:data1\" content=\"2 minutes\" \/>\n<script type=\"application\/ld+json\" class=\"yoast-schema-graph\">{\"@context\":\"https:\/\/schema.org\",\"@graph\":[{\"@type\":\"WebPage\",\"@id\":\"https:\/\/metaltale.com\/lv\/produkts\/metala-mebelu-kaja-hairpin-double-flat-bar-20-cm-melna\/\",\"url\":\"https:\/\/metaltale.com\/lv\/produkts\/metala-mebelu-kaja-hairpin-double-flat-bar-20-cm-melna\/\",\"name\":\"Met\u0101la m\u0113be\u013cu k\u0101ja HAIRPIN DOUBLE FLAT BAR 20 cm, melna - MetalTale.com\",\"isPartOf\":{\"@id\":\"https:\/\/metaltale.com\/lv\/#website\"},\"primaryImageOfPage\":{\"@id\":\"https:\/\/metaltale.com\/lv\/produkts\/metala-mebelu-kaja-hairpin-double-flat-bar-20-cm-melna\/#primaryimage\"},\"image\":{\"@id\":\"https:\/\/metaltale.com\/lv\/produkts\/metala-mebelu-kaja-hairpin-double-flat-bar-20-cm-melna\/#primaryimage\"},\"thumbnailUrl\":\"https:\/\/metaltale.com\/wp-content\/uploads\/2023\/12\/baldu-kojeles-5.jpg\",\"datePublished\":\"2024-02-13T11:23:04+00:00\",\"breadcrumb\":{\"@id\":\"https:\/\/metaltale.com\/lv\/produkts\/metala-mebelu-kaja-hairpin-double-flat-bar-20-cm-melna\/#breadcrumb\"},\"inLanguage\":\"lv-LV\",\"potentialAction\":[{\"@type\":\"ReadAction\",\"target\":[\"https:\/\/metaltale.com\/lv\/produkts\/metala-mebelu-kaja-hairpin-double-flat-bar-20-cm-melna\/\"]}]},{\"@type\":\"ImageObject\",\"inLanguage\":\"lv-LV\",\"@id\":\"https:\/\/metaltale.com\/lv\/produkts\/metala-mebelu-kaja-hairpin-double-flat-bar-20-cm-melna\/#primaryimage\",\"url\":\"https:\/\/metaltale.com\/wp-content\/uploads\/2023\/12\/baldu-kojeles-5.jpg\",\"contentUrl\":\"https:\/\/metaltale.com\/wp-content\/uploads\/2023\/12\/baldu-kojeles-5.jpg\",\"width\":800,\"height\":800,\"caption\":\"M\u0113be\u013cu k\u0101jas\"},{\"@type\":\"BreadcrumbList\",\"@id\":\"https:\/\/metaltale.com\/lv\/produkts\/metala-mebelu-kaja-hairpin-double-flat-bar-20-cm-melna\/#breadcrumb\",\"itemListElement\":[{\"@type\":\"ListItem\",\"position\":1,\"name\":\"Home\",\"item\":\"https:\/\/metaltale.com\/lv\/majas\/\"},{\"@type\":\"ListItem\",\"position\":2,\"name\":\"Veikals\",\"item\":\"https:\/\/metaltale.com\/lv\/shop\/\"},{\"@type\":\"ListItem\",\"position\":3,\"name\":\"Met\u0101la m\u0113be\u013cu k\u0101ja HAIRPIN DOUBLE FLAT BAR 20 cm, melna\"}]},{\"@type\":\"WebSite\",\"@id\":\"https:\/\/metaltale.com\/lv\/#website\",\"url\":\"https:\/\/metaltale.com\/lv\/\",\"name\":\"Metaltale.com\",\"description\":\"\",\"potentialAction\":[{\"@type\":\"SearchAction\",\"target\":{\"@type\":\"EntryPoint\",\"urlTemplate\":\"https:\/\/metaltale.com\/lv\/?s={search_term_string}\"},\"query-input\":{\"@type\":\"PropertyValueSpecification\",\"valueRequired\":true,\"valueName\":\"search_term_string\"}}],\"inLanguage\":\"lv-LV\"}]}<\/script>\n<!-- \/ Yoast SEO plugin. -->","yoast_head_json":{"title":"Met\u0101la m\u0113be\u013cu k\u0101ja HAIRPIN DOUBLE FLAT BAR 20 cm, melna - MetalTale.com","robots":{"index":"index","follow":"follow","max-snippet":"max-snippet:-1","max-image-preview":"max-image-preview:large","max-video-preview":"max-video-preview:-1"},"canonical":"https:\/\/metaltale.com\/lv\/produkts\/metala-mebelu-kaja-hairpin-double-flat-bar-20-cm-melna\/","og_locale":"lv_LV","og_type":"article","og_title":"Met\u0101la m\u0113be\u013cu k\u0101ja HAIRPIN DOUBLE FLAT BAR 20 cm, melna - MetalTale.com","og_description":"Modelis ZA.P2.PRGR Materi\u0101ls T\u0113rauds Kop\u0113jais augstums (cm ) 20 Pamatnes izm\u0113ri (cm) 7,7 x 14,5 Plakan\u0101s sloksnes izm\u0113ri (cm) 0,4","og_url":"https:\/\/metaltale.com\/lv\/produkts\/metala-mebelu-kaja-hairpin-double-flat-bar-20-cm-melna\/","og_site_name":"MetalTale.com","twitter_card":"summary_large_image","twitter_misc":{"Est. reading time":"2 minutes"},"schema":{"@context":"https:\/\/schema.org","@graph":[{"@type":"WebPage","@id":"https:\/\/metaltale.com\/lv\/produkts\/metala-mebelu-kaja-hairpin-double-flat-bar-20-cm-melna\/","url":"https:\/\/metaltale.com\/lv\/produkts\/metala-mebelu-kaja-hairpin-double-flat-bar-20-cm-melna\/","name":"Met\u0101la m\u0113be\u013cu k\u0101ja HAIRPIN DOUBLE FLAT BAR 20 cm, melna - MetalTale.com","isPartOf":{"@id":"https:\/\/metaltale.com\/lv\/#website"},"primaryImageOfPage":{"@id":"https:\/\/metaltale.com\/lv\/produkts\/metala-mebelu-kaja-hairpin-double-flat-bar-20-cm-melna\/#primaryimage"},"image":{"@id":"https:\/\/metaltale.com\/lv\/produkts\/metala-mebelu-kaja-hairpin-double-flat-bar-20-cm-melna\/#primaryimage"},"thumbnailUrl":"https:\/\/metaltale.com\/wp-content\/uploads\/2023\/12\/baldu-kojeles-5.jpg","datePublished":"2024-02-13T11:23:04+00:00","breadcrumb":{"@id":"https:\/\/metaltale.com\/lv\/produkts\/metala-mebelu-kaja-hairpin-double-flat-bar-20-cm-melna\/#breadcrumb"},"inLanguage":"lv-LV","potentialAction":[{"@type":"ReadAction","target":["https:\/\/metaltale.com\/lv\/produkts\/metala-mebelu-kaja-hairpin-double-flat-bar-20-cm-melna\/"]}]},{"@type":"ImageObject","inLanguage":"lv-LV","@id":"https:\/\/metaltale.com\/lv\/produkts\/metala-mebelu-kaja-hairpin-double-flat-bar-20-cm-melna\/#primaryimage","url":"https:\/\/metaltale.com\/wp-content\/uploads\/2023\/12\/baldu-kojeles-5.jpg","contentUrl":"https:\/\/metaltale.com\/wp-content\/uploads\/2023\/12\/baldu-kojeles-5.jpg","width":800,"height":800,"caption":"M\u0113be\u013cu k\u0101jas"},{"@type":"BreadcrumbList","@id":"https:\/\/metaltale.com\/lv\/produkts\/metala-mebelu-kaja-hairpin-double-flat-bar-20-cm-melna\/#breadcrumb","itemListElement":[{"@type":"ListItem","position":1,"name":"Home","item":"https:\/\/metaltale.com\/lv\/majas\/"},{"@type":"ListItem","position":2,"name":"Veikals","item":"https:\/\/metaltale.com\/lv\/shop\/"},{"@type":"ListItem","position":3,"name":"Met\u0101la m\u0113be\u013cu k\u0101ja HAIRPIN DOUBLE FLAT BAR 20 cm, melna"}]},{"@type":"WebSite","@id":"https:\/\/metaltale.com\/lv\/#website","url":"https:\/\/metaltale.com\/lv\/","name":"Metaltale.com","description":"","potentialAction":[{"@type":"SearchAction","target":{"@type":"EntryPoint","urlTemplate":"https:\/\/metaltale.com\/lv\/?s={search_term_string}"},"query-input":{"@type":"PropertyValueSpecification","valueRequired":true,"valueName":"search_term_string"}}],"inLanguage":"lv-LV"}]}},"_links":{"self":[{"href":"https:\/\/metaltale.com\/lv\/wp-json\/wp\/v2\/product\/140452","targetHints":{"allow":["GET"]}}],"collection":[{"href":"https:\/\/metaltale.com\/lv\/wp-json\/wp\/v2\/product"}],"about":[{"href":"https:\/\/metaltale.com\/lv\/wp-json\/wp\/v2\/types\/product"}],"replies":[{"embeddable":true,"href":"https:\/\/metaltale.com\/lv\/wp-json\/wp\/v2\/comments?post=140452"}],"version-history":[{"count":0,"href":"https:\/\/metaltale.com\/lv\/wp-json\/wp\/v2\/product\/140452\/revisions"}],"wp:featuredmedia":[{"embeddable":true,"href":"https:\/\/metaltale.com\/lv\/wp-json\/wp\/v2\/media\/119156"}],"wp:attachment":[{"href":"https:\/\/metaltale.com\/lv\/wp-json\/wp\/v2\/media?parent=140452"}],"wp:term":[{"taxonomy":"product_brand","embeddable":true,"href":"https:\/\/metaltale.com\/lv\/wp-json\/wp\/v2\/product_brand?post=140452"},{"taxonomy":"product_cat","embeddable":true,"href":"https:\/\/metaltale.com\/lv\/wp-json\/wp\/v2\/product_cat?post=140452"},{"taxonomy":"product_tag","embeddable":true,"href":"https:\/\/metaltale.com\/lv\/wp-json\/wp\/v2\/product_tag?post=140452"}],"curies":[{"name":"wp","href":"https:\/\/api.w.org\/{rel}","templated":true}]}}