{"id":140442,"date":"2024-02-13T13:23:04","date_gmt":"2024-02-13T11:23:04","guid":{"rendered":"https:\/\/metaltale.com\/produktas\/metala-mebelu-kaja-hairpin-double-rod-20-cm-melna\/"},"modified":"2024-02-13T13:23:04","modified_gmt":"2024-02-13T11:23:04","slug":"metala-mebelu-kaja-hairpin-double-rod-20-cm-melna","status":"publish","type":"product","link":"https:\/\/metaltale.com\/lv\/produkts\/metala-mebelu-kaja-hairpin-double-rod-20-cm-melna\/","title":{"rendered":"Met\u0101la m\u0113be\u013cu k\u0101ja HAIRPIN DOUBLE ROD 20 cm, melna"},"content":{"rendered":"<div class=\"prod_data\">\n<p><strong>Modelis<\/strong> ZA.PR2.NDM<br \/>\n<strong>Materi\u0101ls<\/strong> T\u0113rauds<br \/>\n<strong>Kop\u0113jais augstums (cm<\/strong> ) 20<br \/>\n<strong>Pamatnes izm\u0113ri (cm)<\/strong> 7,7 x 14,5<br \/>\n<strong>Stie\u0146a diametrs (cm<\/strong> ) 1<br \/>\nMont\u0101\u017eas skr\u016bves N\u0113<br \/>\n<strong>Kr\u0101sa<\/strong> Melna<br \/>\nDaudzums komplekt\u0101 1 gab.<\/p>\n<p>&#8211; t\u0113rauda m\u0113be\u013cu k\u0101ja<br \/>\n&#8211; interjera dizainam piem\u0113rotas kr\u0101su iesp\u0113jas.<br \/>\n&#8211; atsevi\u0161\u0137a m\u0113be\u013cu k\u0101ja \u013cauj izv\u0113l\u0113ties, kur tie\u0161i to piestiprin\u0101t pie m\u0113beles.<br \/>\n&#8211; melna pulverkr\u0101sota k\u0101ja, kas ir \u013coti iztur\u012bga pret skr\u0101p\u0113jumiem<br \/>\n&#8211; izstr\u0101d\u0101jumu kr\u0101sa var at\u0161\u0137irties no galerij\u0101 redzamajiem att\u0113liem individu\u0101lu monitora iestat\u012bjumu un materi\u0101lu \u012bpa\u0161\u012bbu d\u0113\u013c &#8211; t\u0113rauds ir neapstr\u0101d\u0101ts materi\u0101ls, kura kr\u0101sa, tonis un tekst\u016bra var at\u0161\u0137irties no parauga uz paraugu vai no partijas uz partiju.<br \/>\n&#8211; pied\u0101v\u0101t\u0101s skr\u016bves ir paredz\u0113tas darba virsm\u0101m, kuru biezums ir 37 mm vai vair\u0101k.<\/p>\n<hr>\n<p>Neapstr\u0101d\u0101ts t\u0113rauds ir materi\u0101ls, kas ir k\u013cuvis par lielisku lauku m\u0113be\u013cu aksesu\u0101ru atmosf\u0113ras sast\u0101vda\u013cu. Formu, formu un izm\u0113ru p\u0101rpiln\u012bba \u012bpa\u0161i rosina m\u016bsu izt\u0113li, lai rad\u012btu unik\u0101lus m\u0113be\u013cu risin\u0101jumus. Visiem tiem, kas sap\u0146o par unik\u0101lu kompoz\u012bciju, kas rad\u012bs siltu un idillisku atmosf\u0113ru, esam sagatavoju\u0161i tipiski lauku k\u0101jas pied\u0101v\u0101jumu. \u0160\u0137ietami smalk\u0101, noapa\u013cot\u0101 stie\u0146a forma ir apvienota ar plakanu rokturi \u0101trai un dro\u0161ai piestiprin\u0101\u0161anai pie j\u016bsu izv\u0113l\u0113t\u0101s virsmas. T\u0113rauda m\u0113be\u013cu k\u0101ja, kas ir pieejama tr\u012bs da\u017e\u0101dos izm\u0113ros, ir izgatavota no viena plakana stie\u0146a. Matu skavas k\u0101jai ir k\u0101ji\u0146a, k\u0101 pirmaj\u0101 fotoatt\u0113l\u0101, lai nepie\u013cautu, ka k\u0101ja iespr\u016bst m\u012bkstaj\u0101 gr\u012bd\u0101. Tam ir se\u0161i vienm\u0113r\u012bgi izvietoti stiprin\u0101juma caurumi, k\u0101j\u0101m nav pievienotas stiprin\u0101juma skr\u016bves.<\/p>\n<hr>\n<\/div>\n","protected":false},"excerpt":{"rendered":"<p>Modelis ZA.PR2.NDM Materi\u0101ls T\u0113rauds Kop\u0113jais augstums (cm ) 20 Pamatnes izm\u0113ri (cm) 7,7 x 14,5 Stie\u0146a diametrs (cm ) 1<\/p>\n","protected":false},"featured_media":119168,"comment_status":"open","ping_status":"closed","template":"","meta":{"_acf_changed":false,"pmpro_default_level":""},"product_brand":[],"product_cat":[24056,24090],"product_tag":[],"class_list":{"0":"post-140442","1":"product","2":"type-product","3":"status-publish","4":"has-post-thumbnail","6":"product_cat-mebelu-kajas","7":"product_cat-mebelu-kajas-lv","8":"pmpro-has-access","10":"first","11":"instock","12":"shipping-taxable","13":"purchasable","14":"product-type-simple"},"acf":[],"yoast_head":"<!-- This site is optimized with the Yoast SEO plugin v24.9 - https:\/\/yoast.com\/wordpress\/plugins\/seo\/ -->\n<title>Met\u0101la m\u0113be\u013cu k\u0101ja HAIRPIN DOUBLE ROD 20 cm, melna - MetalTale.com<\/title>\n<meta name=\"robots\" content=\"index, follow, max-snippet:-1, max-image-preview:large, max-video-preview:-1\" \/>\n<link rel=\"canonical\" href=\"https:\/\/metaltale.com\/lv\/produkts\/metala-mebelu-kaja-hairpin-double-rod-20-cm-melna\/\" \/>\n<meta property=\"og:locale\" content=\"lv_LV\" \/>\n<meta property=\"og:type\" content=\"article\" \/>\n<meta property=\"og:title\" content=\"Met\u0101la m\u0113be\u013cu k\u0101ja HAIRPIN DOUBLE ROD 20 cm, melna - MetalTale.com\" \/>\n<meta property=\"og:description\" content=\"Modelis ZA.PR2.NDM Materi\u0101ls T\u0113rauds Kop\u0113jais augstums (cm ) 20 Pamatnes izm\u0113ri (cm) 7,7 x 14,5 Stie\u0146a diametrs (cm ) 1\" \/>\n<meta property=\"og:url\" content=\"https:\/\/metaltale.com\/lv\/produkts\/metala-mebelu-kaja-hairpin-double-rod-20-cm-melna\/\" \/>\n<meta property=\"og:site_name\" content=\"MetalTale.com\" \/>\n<meta name=\"twitter:card\" content=\"summary_large_image\" \/>\n<meta name=\"twitter:label1\" content=\"Est. reading time\" \/>\n\t<meta name=\"twitter:data1\" content=\"2 minutes\" \/>\n<script type=\"application\/ld+json\" class=\"yoast-schema-graph\">{\"@context\":\"https:\/\/schema.org\",\"@graph\":[{\"@type\":\"WebPage\",\"@id\":\"https:\/\/metaltale.com\/lv\/produkts\/metala-mebelu-kaja-hairpin-double-rod-20-cm-melna\/\",\"url\":\"https:\/\/metaltale.com\/lv\/produkts\/metala-mebelu-kaja-hairpin-double-rod-20-cm-melna\/\",\"name\":\"Met\u0101la m\u0113be\u013cu k\u0101ja HAIRPIN DOUBLE ROD 20 cm, melna - MetalTale.com\",\"isPartOf\":{\"@id\":\"https:\/\/metaltale.com\/lv\/#website\"},\"primaryImageOfPage\":{\"@id\":\"https:\/\/metaltale.com\/lv\/produkts\/metala-mebelu-kaja-hairpin-double-rod-20-cm-melna\/#primaryimage\"},\"image\":{\"@id\":\"https:\/\/metaltale.com\/lv\/produkts\/metala-mebelu-kaja-hairpin-double-rod-20-cm-melna\/#primaryimage\"},\"thumbnailUrl\":\"https:\/\/metaltale.com\/wp-content\/uploads\/2023\/12\/baldu-kojeles-7.jpg\",\"datePublished\":\"2024-02-13T11:23:04+00:00\",\"breadcrumb\":{\"@id\":\"https:\/\/metaltale.com\/lv\/produkts\/metala-mebelu-kaja-hairpin-double-rod-20-cm-melna\/#breadcrumb\"},\"inLanguage\":\"lv-LV\",\"potentialAction\":[{\"@type\":\"ReadAction\",\"target\":[\"https:\/\/metaltale.com\/lv\/produkts\/metala-mebelu-kaja-hairpin-double-rod-20-cm-melna\/\"]}]},{\"@type\":\"ImageObject\",\"inLanguage\":\"lv-LV\",\"@id\":\"https:\/\/metaltale.com\/lv\/produkts\/metala-mebelu-kaja-hairpin-double-rod-20-cm-melna\/#primaryimage\",\"url\":\"https:\/\/metaltale.com\/wp-content\/uploads\/2023\/12\/baldu-kojeles-7.jpg\",\"contentUrl\":\"https:\/\/metaltale.com\/wp-content\/uploads\/2023\/12\/baldu-kojeles-7.jpg\",\"width\":800,\"height\":800,\"caption\":\"M\u0113be\u013cu k\u0101jas\"},{\"@type\":\"BreadcrumbList\",\"@id\":\"https:\/\/metaltale.com\/lv\/produkts\/metala-mebelu-kaja-hairpin-double-rod-20-cm-melna\/#breadcrumb\",\"itemListElement\":[{\"@type\":\"ListItem\",\"position\":1,\"name\":\"Home\",\"item\":\"https:\/\/metaltale.com\/lv\/majas\/\"},{\"@type\":\"ListItem\",\"position\":2,\"name\":\"Veikals\",\"item\":\"https:\/\/metaltale.com\/lv\/shop\/\"},{\"@type\":\"ListItem\",\"position\":3,\"name\":\"Met\u0101la m\u0113be\u013cu k\u0101ja HAIRPIN DOUBLE ROD 20 cm, melna\"}]},{\"@type\":\"WebSite\",\"@id\":\"https:\/\/metaltale.com\/lv\/#website\",\"url\":\"https:\/\/metaltale.com\/lv\/\",\"name\":\"Metaltale.com\",\"description\":\"\",\"potentialAction\":[{\"@type\":\"SearchAction\",\"target\":{\"@type\":\"EntryPoint\",\"urlTemplate\":\"https:\/\/metaltale.com\/lv\/?s={search_term_string}\"},\"query-input\":{\"@type\":\"PropertyValueSpecification\",\"valueRequired\":true,\"valueName\":\"search_term_string\"}}],\"inLanguage\":\"lv-LV\"}]}<\/script>\n<!-- \/ Yoast SEO plugin. -->","yoast_head_json":{"title":"Met\u0101la m\u0113be\u013cu k\u0101ja HAIRPIN DOUBLE ROD 20 cm, melna - MetalTale.com","robots":{"index":"index","follow":"follow","max-snippet":"max-snippet:-1","max-image-preview":"max-image-preview:large","max-video-preview":"max-video-preview:-1"},"canonical":"https:\/\/metaltale.com\/lv\/produkts\/metala-mebelu-kaja-hairpin-double-rod-20-cm-melna\/","og_locale":"lv_LV","og_type":"article","og_title":"Met\u0101la m\u0113be\u013cu k\u0101ja HAIRPIN DOUBLE ROD 20 cm, melna - MetalTale.com","og_description":"Modelis ZA.PR2.NDM Materi\u0101ls T\u0113rauds Kop\u0113jais augstums (cm ) 20 Pamatnes izm\u0113ri (cm) 7,7 x 14,5 Stie\u0146a diametrs (cm ) 1","og_url":"https:\/\/metaltale.com\/lv\/produkts\/metala-mebelu-kaja-hairpin-double-rod-20-cm-melna\/","og_site_name":"MetalTale.com","twitter_card":"summary_large_image","twitter_misc":{"Est. reading time":"2 minutes"},"schema":{"@context":"https:\/\/schema.org","@graph":[{"@type":"WebPage","@id":"https:\/\/metaltale.com\/lv\/produkts\/metala-mebelu-kaja-hairpin-double-rod-20-cm-melna\/","url":"https:\/\/metaltale.com\/lv\/produkts\/metala-mebelu-kaja-hairpin-double-rod-20-cm-melna\/","name":"Met\u0101la m\u0113be\u013cu k\u0101ja HAIRPIN DOUBLE ROD 20 cm, melna - MetalTale.com","isPartOf":{"@id":"https:\/\/metaltale.com\/lv\/#website"},"primaryImageOfPage":{"@id":"https:\/\/metaltale.com\/lv\/produkts\/metala-mebelu-kaja-hairpin-double-rod-20-cm-melna\/#primaryimage"},"image":{"@id":"https:\/\/metaltale.com\/lv\/produkts\/metala-mebelu-kaja-hairpin-double-rod-20-cm-melna\/#primaryimage"},"thumbnailUrl":"https:\/\/metaltale.com\/wp-content\/uploads\/2023\/12\/baldu-kojeles-7.jpg","datePublished":"2024-02-13T11:23:04+00:00","breadcrumb":{"@id":"https:\/\/metaltale.com\/lv\/produkts\/metala-mebelu-kaja-hairpin-double-rod-20-cm-melna\/#breadcrumb"},"inLanguage":"lv-LV","potentialAction":[{"@type":"ReadAction","target":["https:\/\/metaltale.com\/lv\/produkts\/metala-mebelu-kaja-hairpin-double-rod-20-cm-melna\/"]}]},{"@type":"ImageObject","inLanguage":"lv-LV","@id":"https:\/\/metaltale.com\/lv\/produkts\/metala-mebelu-kaja-hairpin-double-rod-20-cm-melna\/#primaryimage","url":"https:\/\/metaltale.com\/wp-content\/uploads\/2023\/12\/baldu-kojeles-7.jpg","contentUrl":"https:\/\/metaltale.com\/wp-content\/uploads\/2023\/12\/baldu-kojeles-7.jpg","width":800,"height":800,"caption":"M\u0113be\u013cu k\u0101jas"},{"@type":"BreadcrumbList","@id":"https:\/\/metaltale.com\/lv\/produkts\/metala-mebelu-kaja-hairpin-double-rod-20-cm-melna\/#breadcrumb","itemListElement":[{"@type":"ListItem","position":1,"name":"Home","item":"https:\/\/metaltale.com\/lv\/majas\/"},{"@type":"ListItem","position":2,"name":"Veikals","item":"https:\/\/metaltale.com\/lv\/shop\/"},{"@type":"ListItem","position":3,"name":"Met\u0101la m\u0113be\u013cu k\u0101ja HAIRPIN DOUBLE ROD 20 cm, melna"}]},{"@type":"WebSite","@id":"https:\/\/metaltale.com\/lv\/#website","url":"https:\/\/metaltale.com\/lv\/","name":"Metaltale.com","description":"","potentialAction":[{"@type":"SearchAction","target":{"@type":"EntryPoint","urlTemplate":"https:\/\/metaltale.com\/lv\/?s={search_term_string}"},"query-input":{"@type":"PropertyValueSpecification","valueRequired":true,"valueName":"search_term_string"}}],"inLanguage":"lv-LV"}]}},"_links":{"self":[{"href":"https:\/\/metaltale.com\/lv\/wp-json\/wp\/v2\/product\/140442","targetHints":{"allow":["GET"]}}],"collection":[{"href":"https:\/\/metaltale.com\/lv\/wp-json\/wp\/v2\/product"}],"about":[{"href":"https:\/\/metaltale.com\/lv\/wp-json\/wp\/v2\/types\/product"}],"replies":[{"embeddable":true,"href":"https:\/\/metaltale.com\/lv\/wp-json\/wp\/v2\/comments?post=140442"}],"version-history":[{"count":0,"href":"https:\/\/metaltale.com\/lv\/wp-json\/wp\/v2\/product\/140442\/revisions"}],"wp:featuredmedia":[{"embeddable":true,"href":"https:\/\/metaltale.com\/lv\/wp-json\/wp\/v2\/media\/119168"}],"wp:attachment":[{"href":"https:\/\/metaltale.com\/lv\/wp-json\/wp\/v2\/media?parent=140442"}],"wp:term":[{"taxonomy":"product_brand","embeddable":true,"href":"https:\/\/metaltale.com\/lv\/wp-json\/wp\/v2\/product_brand?post=140442"},{"taxonomy":"product_cat","embeddable":true,"href":"https:\/\/metaltale.com\/lv\/wp-json\/wp\/v2\/product_cat?post=140442"},{"taxonomy":"product_tag","embeddable":true,"href":"https:\/\/metaltale.com\/lv\/wp-json\/wp\/v2\/product_tag?post=140442"}],"curies":[{"name":"wp","href":"https:\/\/api.w.org\/{rel}","templated":true}]}}