{"id":140329,"date":"2024-02-13T13:27:05","date_gmt":"2024-02-13T11:27:05","guid":{"rendered":"https:\/\/metaltale.com\/produktas\/bara-kresls-industrial-2-terauda-peleks\/"},"modified":"2024-02-13T13:27:05","modified_gmt":"2024-02-13T11:27:05","slug":"bara-kresls-industrial-2-terauda-peleks","status":"publish","type":"product","link":"https:\/\/metaltale.com\/lv\/produkts\/bara-kresls-industrial-2-terauda-peleks\/","title":{"rendered":"B\u0101ra kr\u0113sls INDUSTRIAL 2, t\u0113rauda pel\u0113ks"},"content":{"rendered":"<div class=\"prod_data\">\n<p>ZA <strong>modelis<\/strong>. T2-PRGR<br \/>\n<strong>Materi\u0101ls<\/strong> T\u0113rauds<br \/>\n<strong>Kop\u0113jais augstums (cm<\/strong> ) 117 &#8211; 144<br \/>\n<strong>Kop\u0113jais platums (cm<\/strong> ) 46<br \/>\n<strong>Svars (kg<\/strong> ) 20<br \/>\nT\u0113rauda <strong>kr\u0101sa<\/strong> <\/p>\n<hr>\n<p>&#8211; regul\u0113jams s\u0113dek\u013ca augstums<br \/>\n&#8211; koka s\u0113deklis, bez polster\u0113juma<br \/>\n&#8211; kr\u0101su opcijas<\/p>\n<hr>\n<p>Prezent\u0113t\u0101 b\u0101ra kr\u0113sla pamat\u0101 ir klasisks kr\u0113sla modelis, kas bie\u017ei sastopams darbn\u012bc\u0101s vai r\u016bpniec\u012bbas r\u016bpn\u012bc\u0101s. M\u0113be\u013cu nepabeigt\u0101 apdare ir ide\u0101li piem\u0113rota pla\u0161\u0101m industri\u0101l\u0101m telp\u0101m un b\u0113ni\u0146iem. Tas ir ar\u012b praktisks un stil\u012bgs papildin\u0101jums retro kompoz\u012bcij\u0101m. Atzveltne un pla\u0161ais s\u0113dek\u013ca augstuma regul\u0113\u0161anas diapazons ir liela \u0161\u012b mode\u013ca priek\u0161roc\u012bba.<\/p>\n<hr>\n<\/div>\n","protected":false},"excerpt":{"rendered":"<p>ZA modelis. T2-PRGR Materi\u0101ls T\u0113rauds Kop\u0113jais augstums (cm ) 117 &#8211; 144 Kop\u0113jais platums (cm ) 46 Svars (kg )<\/p>\n","protected":false},"featured_media":66565,"comment_status":"open","ping_status":"closed","template":"","meta":{"_acf_changed":false,"pmpro_default_level":""},"product_brand":[],"product_cat":[24114,24057],"product_tag":[],"class_list":{"0":"post-140329","1":"product","2":"type-product","3":"status-publish","4":"has-post-thumbnail","6":"product_cat-bara-kresli","7":"product_cat-rupnieciskas-mebeles","8":"pmpro-has-access","10":"first","11":"instock","12":"shipping-taxable","13":"purchasable","14":"product-type-simple"},"acf":[],"yoast_head":"<!-- This site is optimized with the Yoast SEO plugin v24.9 - https:\/\/yoast.com\/wordpress\/plugins\/seo\/ -->\n<title>B\u0101ra kr\u0113sls INDUSTRIAL 2, t\u0113rauda pel\u0113ks - MetalTale.com<\/title>\n<meta name=\"robots\" content=\"index, follow, max-snippet:-1, max-image-preview:large, max-video-preview:-1\" \/>\n<link rel=\"canonical\" href=\"https:\/\/metaltale.com\/lv\/produkts\/bara-kresls-industrial-2-terauda-peleks\/\" \/>\n<meta property=\"og:locale\" content=\"lv_LV\" \/>\n<meta property=\"og:type\" content=\"article\" \/>\n<meta property=\"og:title\" content=\"B\u0101ra kr\u0113sls INDUSTRIAL 2, t\u0113rauda pel\u0113ks - MetalTale.com\" \/>\n<meta property=\"og:description\" content=\"ZA modelis. T2-PRGR Materi\u0101ls T\u0113rauds Kop\u0113jais augstums (cm ) 117 &#8211; 144 Kop\u0113jais platums (cm ) 46 Svars (kg )\" \/>\n<meta property=\"og:url\" content=\"https:\/\/metaltale.com\/lv\/produkts\/bara-kresls-industrial-2-terauda-peleks\/\" \/>\n<meta property=\"og:site_name\" content=\"MetalTale.com\" \/>\n<meta name=\"twitter:card\" content=\"summary_large_image\" \/>\n<meta name=\"twitter:label1\" content=\"Est. reading time\" \/>\n\t<meta name=\"twitter:data1\" content=\"1 minute\" \/>\n<script type=\"application\/ld+json\" class=\"yoast-schema-graph\">{\"@context\":\"https:\/\/schema.org\",\"@graph\":[{\"@type\":\"WebPage\",\"@id\":\"https:\/\/metaltale.com\/lv\/produkts\/bara-kresls-industrial-2-terauda-peleks\/\",\"url\":\"https:\/\/metaltale.com\/lv\/produkts\/bara-kresls-industrial-2-terauda-peleks\/\",\"name\":\"B\u0101ra kr\u0113sls INDUSTRIAL 2, t\u0113rauda pel\u0113ks - MetalTale.com\",\"isPartOf\":{\"@id\":\"https:\/\/metaltale.com\/lv\/#website\"},\"primaryImageOfPage\":{\"@id\":\"https:\/\/metaltale.com\/lv\/produkts\/bara-kresls-industrial-2-terauda-peleks\/#primaryimage\"},\"image\":{\"@id\":\"https:\/\/metaltale.com\/lv\/produkts\/bara-kresls-industrial-2-terauda-peleks\/#primaryimage\"},\"thumbnailUrl\":\"https:\/\/metaltale.com\/wp-content\/uploads\/2023\/09\/Hoker-INDUSTRIAL-2-CZARNY.jpg\",\"datePublished\":\"2024-02-13T11:27:05+00:00\",\"breadcrumb\":{\"@id\":\"https:\/\/metaltale.com\/lv\/produkts\/bara-kresls-industrial-2-terauda-peleks\/#breadcrumb\"},\"inLanguage\":\"lv-LV\",\"potentialAction\":[{\"@type\":\"ReadAction\",\"target\":[\"https:\/\/metaltale.com\/lv\/produkts\/bara-kresls-industrial-2-terauda-peleks\/\"]}]},{\"@type\":\"ImageObject\",\"inLanguage\":\"lv-LV\",\"@id\":\"https:\/\/metaltale.com\/lv\/produkts\/bara-kresls-industrial-2-terauda-peleks\/#primaryimage\",\"url\":\"https:\/\/metaltale.com\/wp-content\/uploads\/2023\/09\/Hoker-INDUSTRIAL-2-CZARNY.jpg\",\"contentUrl\":\"https:\/\/metaltale.com\/wp-content\/uploads\/2023\/09\/Hoker-INDUSTRIAL-2-CZARNY.jpg\",\"width\":800,\"height\":800,\"caption\":\"B\u0101ra taburete\"},{\"@type\":\"BreadcrumbList\",\"@id\":\"https:\/\/metaltale.com\/lv\/produkts\/bara-kresls-industrial-2-terauda-peleks\/#breadcrumb\",\"itemListElement\":[{\"@type\":\"ListItem\",\"position\":1,\"name\":\"Home\",\"item\":\"https:\/\/metaltale.com\/lv\/majas\/\"},{\"@type\":\"ListItem\",\"position\":2,\"name\":\"Veikals\",\"item\":\"https:\/\/metaltale.com\/lv\/shop\/\"},{\"@type\":\"ListItem\",\"position\":3,\"name\":\"B\u0101ra kr\u0113sls INDUSTRIAL 2, t\u0113rauda pel\u0113ks\"}]},{\"@type\":\"WebSite\",\"@id\":\"https:\/\/metaltale.com\/lv\/#website\",\"url\":\"https:\/\/metaltale.com\/lv\/\",\"name\":\"Metaltale.com\",\"description\":\"\",\"potentialAction\":[{\"@type\":\"SearchAction\",\"target\":{\"@type\":\"EntryPoint\",\"urlTemplate\":\"https:\/\/metaltale.com\/lv\/?s={search_term_string}\"},\"query-input\":{\"@type\":\"PropertyValueSpecification\",\"valueRequired\":true,\"valueName\":\"search_term_string\"}}],\"inLanguage\":\"lv-LV\"}]}<\/script>\n<!-- \/ Yoast SEO plugin. -->","yoast_head_json":{"title":"B\u0101ra kr\u0113sls INDUSTRIAL 2, t\u0113rauda pel\u0113ks - MetalTale.com","robots":{"index":"index","follow":"follow","max-snippet":"max-snippet:-1","max-image-preview":"max-image-preview:large","max-video-preview":"max-video-preview:-1"},"canonical":"https:\/\/metaltale.com\/lv\/produkts\/bara-kresls-industrial-2-terauda-peleks\/","og_locale":"lv_LV","og_type":"article","og_title":"B\u0101ra kr\u0113sls INDUSTRIAL 2, t\u0113rauda pel\u0113ks - MetalTale.com","og_description":"ZA modelis. T2-PRGR Materi\u0101ls T\u0113rauds Kop\u0113jais augstums (cm ) 117 &#8211; 144 Kop\u0113jais platums (cm ) 46 Svars (kg )","og_url":"https:\/\/metaltale.com\/lv\/produkts\/bara-kresls-industrial-2-terauda-peleks\/","og_site_name":"MetalTale.com","twitter_card":"summary_large_image","twitter_misc":{"Est. reading time":"1 minute"},"schema":{"@context":"https:\/\/schema.org","@graph":[{"@type":"WebPage","@id":"https:\/\/metaltale.com\/lv\/produkts\/bara-kresls-industrial-2-terauda-peleks\/","url":"https:\/\/metaltale.com\/lv\/produkts\/bara-kresls-industrial-2-terauda-peleks\/","name":"B\u0101ra kr\u0113sls INDUSTRIAL 2, t\u0113rauda pel\u0113ks - MetalTale.com","isPartOf":{"@id":"https:\/\/metaltale.com\/lv\/#website"},"primaryImageOfPage":{"@id":"https:\/\/metaltale.com\/lv\/produkts\/bara-kresls-industrial-2-terauda-peleks\/#primaryimage"},"image":{"@id":"https:\/\/metaltale.com\/lv\/produkts\/bara-kresls-industrial-2-terauda-peleks\/#primaryimage"},"thumbnailUrl":"https:\/\/metaltale.com\/wp-content\/uploads\/2023\/09\/Hoker-INDUSTRIAL-2-CZARNY.jpg","datePublished":"2024-02-13T11:27:05+00:00","breadcrumb":{"@id":"https:\/\/metaltale.com\/lv\/produkts\/bara-kresls-industrial-2-terauda-peleks\/#breadcrumb"},"inLanguage":"lv-LV","potentialAction":[{"@type":"ReadAction","target":["https:\/\/metaltale.com\/lv\/produkts\/bara-kresls-industrial-2-terauda-peleks\/"]}]},{"@type":"ImageObject","inLanguage":"lv-LV","@id":"https:\/\/metaltale.com\/lv\/produkts\/bara-kresls-industrial-2-terauda-peleks\/#primaryimage","url":"https:\/\/metaltale.com\/wp-content\/uploads\/2023\/09\/Hoker-INDUSTRIAL-2-CZARNY.jpg","contentUrl":"https:\/\/metaltale.com\/wp-content\/uploads\/2023\/09\/Hoker-INDUSTRIAL-2-CZARNY.jpg","width":800,"height":800,"caption":"B\u0101ra taburete"},{"@type":"BreadcrumbList","@id":"https:\/\/metaltale.com\/lv\/produkts\/bara-kresls-industrial-2-terauda-peleks\/#breadcrumb","itemListElement":[{"@type":"ListItem","position":1,"name":"Home","item":"https:\/\/metaltale.com\/lv\/majas\/"},{"@type":"ListItem","position":2,"name":"Veikals","item":"https:\/\/metaltale.com\/lv\/shop\/"},{"@type":"ListItem","position":3,"name":"B\u0101ra kr\u0113sls INDUSTRIAL 2, t\u0113rauda pel\u0113ks"}]},{"@type":"WebSite","@id":"https:\/\/metaltale.com\/lv\/#website","url":"https:\/\/metaltale.com\/lv\/","name":"Metaltale.com","description":"","potentialAction":[{"@type":"SearchAction","target":{"@type":"EntryPoint","urlTemplate":"https:\/\/metaltale.com\/lv\/?s={search_term_string}"},"query-input":{"@type":"PropertyValueSpecification","valueRequired":true,"valueName":"search_term_string"}}],"inLanguage":"lv-LV"}]}},"_links":{"self":[{"href":"https:\/\/metaltale.com\/lv\/wp-json\/wp\/v2\/product\/140329","targetHints":{"allow":["GET"]}}],"collection":[{"href":"https:\/\/metaltale.com\/lv\/wp-json\/wp\/v2\/product"}],"about":[{"href":"https:\/\/metaltale.com\/lv\/wp-json\/wp\/v2\/types\/product"}],"replies":[{"embeddable":true,"href":"https:\/\/metaltale.com\/lv\/wp-json\/wp\/v2\/comments?post=140329"}],"version-history":[{"count":0,"href":"https:\/\/metaltale.com\/lv\/wp-json\/wp\/v2\/product\/140329\/revisions"}],"wp:featuredmedia":[{"embeddable":true,"href":"https:\/\/metaltale.com\/lv\/wp-json\/wp\/v2\/media\/66565"}],"wp:attachment":[{"href":"https:\/\/metaltale.com\/lv\/wp-json\/wp\/v2\/media?parent=140329"}],"wp:term":[{"taxonomy":"product_brand","embeddable":true,"href":"https:\/\/metaltale.com\/lv\/wp-json\/wp\/v2\/product_brand?post=140329"},{"taxonomy":"product_cat","embeddable":true,"href":"https:\/\/metaltale.com\/lv\/wp-json\/wp\/v2\/product_cat?post=140329"},{"taxonomy":"product_tag","embeddable":true,"href":"https:\/\/metaltale.com\/lv\/wp-json\/wp\/v2\/product_tag?post=140329"}],"curies":[{"name":"wp","href":"https:\/\/api.w.org\/{rel}","templated":true}]}}