{"id":139769,"date":"2024-02-13T13:43:05","date_gmt":"2024-02-13T11:43:05","guid":{"rendered":"https:\/\/metaltale.com\/produktas\/dekorativa-metala-plaksnite-coffee-1\/"},"modified":"2024-02-13T13:43:05","modified_gmt":"2024-02-13T11:43:05","slug":"dekorativa-metala-plaksnite-coffee-1","status":"publish","type":"product","link":"https:\/\/metaltale.com\/lv\/produkts\/dekorativa-metala-plaksnite-coffee-1\/","title":{"rendered":"Dekorat\u012bva met\u0101la pl\u0101ksn\u012bte COFFEE 1"},"content":{"rendered":"<div class=\"prod_data\"><strong>Modelis<\/strong> uz. Y71  <br \/><strong>EAN.<\/strong>  5907772077252  <br \/><strong>Kop\u0113jais diametrs (cm<\/strong> ) 30  <br \/><strong>Materi\u0101ls<\/strong> T\u0113rauds  <br \/><strong>Forma<\/strong> Apa\u013ca  <br \/><strong>Orient\u0113\u0161an\u0101s<\/strong> Univers\u0101l\u0101  <br \/><strong>Istabas<\/strong> restor\u0101ns  <br \/>Motivs Citi, dz\u0113rieni <\/p>\n<p>Met\u0101la, apa\u013ca pl\u0101ksne, kr\u0101sota ar nodilumiztur\u012bgu kr\u0101su, ar papildu lakas k\u0101rtu, kas aizsarg\u0101 pret skr\u0101p\u0113jumiem. Plak\u0101ta elementi ir reljefi, kas palielina produkta pievilc\u012bbu. Pl\u0101ksnes malas ir noapa\u013cotas, lai nodro\u0161in\u0101tu dro\u0161\u012bbu. Apa\u013cais panelis ir iesp\u0113jams, pateicoties aizmugur\u0113 eso\u0161ajai auklai.  <br \/>Katrs eksempl\u0101rs ir iet\u012bts aizsargpl\u0113v\u0113.<\/p>\n<p>Ieg\u016bstiet vair\u0101k no dz\u012bves ar Amerikas iecien\u012bt\u0101ko dz\u0113rienu &#8211; kafiju!<\/p>\n<p>Retro z\u012bme noder\u0113s ne tikai b\u0101ros un kafejn\u012bc\u0101s, bet ar\u012b k\u0101 stil\u012bgs papildin\u0101jums vintage interjera dizainam.  <br \/>Met\u0101la plak\u0101ts ir ori\u0123in\u0101la d\u0101vin\u0101juma ideja.<\/p>\n<\/div>\n","protected":false},"excerpt":{"rendered":"<p>Modelis uz. Y71 EAN. 5907772077252 Kop\u0113jais diametrs (cm ) 30 Materi\u0101ls T\u0113rauds Forma Apa\u013ca Orient\u0113\u0161an\u0101s Univers\u0101l\u0101 Istabas restor\u0101ns Motivs Citi,<\/p>\n","protected":false},"featured_media":67867,"comment_status":"open","ping_status":"closed","template":"","meta":{"_acf_changed":false,"pmpro_default_level":""},"product_brand":[],"product_cat":[24055],"product_tag":[],"class_list":{"0":"post-139769","1":"product","2":"type-product","3":"status-publish","4":"has-post-thumbnail","6":"product_cat-rotajumi","7":"pmpro-has-access","9":"first","10":"instock","11":"shipping-taxable","12":"purchasable","13":"product-type-simple"},"acf":[],"yoast_head":"<!-- This site is optimized with the Yoast SEO plugin v24.9 - https:\/\/yoast.com\/wordpress\/plugins\/seo\/ -->\n<title>Dekorat\u012bva met\u0101la pl\u0101ksn\u012bte COFFEE 1 - MetalTale.com<\/title>\n<meta name=\"robots\" content=\"index, follow, max-snippet:-1, max-image-preview:large, max-video-preview:-1\" \/>\n<link rel=\"canonical\" href=\"https:\/\/metaltale.com\/lv\/produkts\/dekorativa-metala-plaksnite-coffee-1\/\" \/>\n<meta property=\"og:locale\" content=\"lv_LV\" \/>\n<meta property=\"og:type\" content=\"article\" \/>\n<meta property=\"og:title\" content=\"Dekorat\u012bva met\u0101la pl\u0101ksn\u012bte COFFEE 1 - MetalTale.com\" \/>\n<meta property=\"og:description\" content=\"Modelis uz. Y71 EAN. 5907772077252 Kop\u0113jais diametrs (cm ) 30 Materi\u0101ls T\u0113rauds Forma Apa\u013ca Orient\u0113\u0161an\u0101s Univers\u0101l\u0101 Istabas restor\u0101ns Motivs Citi,\" \/>\n<meta property=\"og:url\" content=\"https:\/\/metaltale.com\/lv\/produkts\/dekorativa-metala-plaksnite-coffee-1\/\" \/>\n<meta property=\"og:site_name\" content=\"MetalTale.com\" \/>\n<meta name=\"twitter:card\" content=\"summary_large_image\" \/>\n<meta name=\"twitter:label1\" content=\"Est. reading time\" \/>\n\t<meta name=\"twitter:data1\" content=\"1 minute\" \/>\n<script type=\"application\/ld+json\" class=\"yoast-schema-graph\">{\"@context\":\"https:\/\/schema.org\",\"@graph\":[{\"@type\":\"WebPage\",\"@id\":\"https:\/\/metaltale.com\/lv\/produkts\/dekorativa-metala-plaksnite-coffee-1\/\",\"url\":\"https:\/\/metaltale.com\/lv\/produkts\/dekorativa-metala-plaksnite-coffee-1\/\",\"name\":\"Dekorat\u012bva met\u0101la pl\u0101ksn\u012bte COFFEE 1 - MetalTale.com\",\"isPartOf\":{\"@id\":\"https:\/\/metaltale.com\/lv\/#website\"},\"primaryImageOfPage\":{\"@id\":\"https:\/\/metaltale.com\/lv\/produkts\/dekorativa-metala-plaksnite-coffee-1\/#primaryimage\"},\"image\":{\"@id\":\"https:\/\/metaltale.com\/lv\/produkts\/dekorativa-metala-plaksnite-coffee-1\/#primaryimage\"},\"thumbnailUrl\":\"https:\/\/metaltale.com\/wp-content\/uploads\/2023\/09\/Metalinx117-plokx161tx117-Coffe1.jpg\",\"datePublished\":\"2024-02-13T11:43:05+00:00\",\"breadcrumb\":{\"@id\":\"https:\/\/metaltale.com\/lv\/produkts\/dekorativa-metala-plaksnite-coffee-1\/#breadcrumb\"},\"inLanguage\":\"lv-LV\",\"potentialAction\":[{\"@type\":\"ReadAction\",\"target\":[\"https:\/\/metaltale.com\/lv\/produkts\/dekorativa-metala-plaksnite-coffee-1\/\"]}]},{\"@type\":\"ImageObject\",\"inLanguage\":\"lv-LV\",\"@id\":\"https:\/\/metaltale.com\/lv\/produkts\/dekorativa-metala-plaksnite-coffee-1\/#primaryimage\",\"url\":\"https:\/\/metaltale.com\/wp-content\/uploads\/2023\/09\/Metalinx117-plokx161tx117-Coffe1.jpg\",\"contentUrl\":\"https:\/\/metaltale.com\/wp-content\/uploads\/2023\/09\/Metalinx117-plokx161tx117-Coffe1.jpg\",\"width\":800,\"height\":800},{\"@type\":\"BreadcrumbList\",\"@id\":\"https:\/\/metaltale.com\/lv\/produkts\/dekorativa-metala-plaksnite-coffee-1\/#breadcrumb\",\"itemListElement\":[{\"@type\":\"ListItem\",\"position\":1,\"name\":\"Home\",\"item\":\"https:\/\/metaltale.com\/lv\/majas\/\"},{\"@type\":\"ListItem\",\"position\":2,\"name\":\"Veikals\",\"item\":\"https:\/\/metaltale.com\/lv\/shop\/\"},{\"@type\":\"ListItem\",\"position\":3,\"name\":\"Dekorat\u012bva met\u0101la pl\u0101ksn\u012bte COFFEE 1\"}]},{\"@type\":\"WebSite\",\"@id\":\"https:\/\/metaltale.com\/lv\/#website\",\"url\":\"https:\/\/metaltale.com\/lv\/\",\"name\":\"Metaltale.com\",\"description\":\"\",\"potentialAction\":[{\"@type\":\"SearchAction\",\"target\":{\"@type\":\"EntryPoint\",\"urlTemplate\":\"https:\/\/metaltale.com\/lv\/?s={search_term_string}\"},\"query-input\":{\"@type\":\"PropertyValueSpecification\",\"valueRequired\":true,\"valueName\":\"search_term_string\"}}],\"inLanguage\":\"lv-LV\"}]}<\/script>\n<!-- \/ Yoast SEO plugin. -->","yoast_head_json":{"title":"Dekorat\u012bva met\u0101la pl\u0101ksn\u012bte COFFEE 1 - MetalTale.com","robots":{"index":"index","follow":"follow","max-snippet":"max-snippet:-1","max-image-preview":"max-image-preview:large","max-video-preview":"max-video-preview:-1"},"canonical":"https:\/\/metaltale.com\/lv\/produkts\/dekorativa-metala-plaksnite-coffee-1\/","og_locale":"lv_LV","og_type":"article","og_title":"Dekorat\u012bva met\u0101la pl\u0101ksn\u012bte COFFEE 1 - MetalTale.com","og_description":"Modelis uz. Y71 EAN. 5907772077252 Kop\u0113jais diametrs (cm ) 30 Materi\u0101ls T\u0113rauds Forma Apa\u013ca Orient\u0113\u0161an\u0101s Univers\u0101l\u0101 Istabas restor\u0101ns Motivs Citi,","og_url":"https:\/\/metaltale.com\/lv\/produkts\/dekorativa-metala-plaksnite-coffee-1\/","og_site_name":"MetalTale.com","twitter_card":"summary_large_image","twitter_misc":{"Est. reading time":"1 minute"},"schema":{"@context":"https:\/\/schema.org","@graph":[{"@type":"WebPage","@id":"https:\/\/metaltale.com\/lv\/produkts\/dekorativa-metala-plaksnite-coffee-1\/","url":"https:\/\/metaltale.com\/lv\/produkts\/dekorativa-metala-plaksnite-coffee-1\/","name":"Dekorat\u012bva met\u0101la pl\u0101ksn\u012bte COFFEE 1 - MetalTale.com","isPartOf":{"@id":"https:\/\/metaltale.com\/lv\/#website"},"primaryImageOfPage":{"@id":"https:\/\/metaltale.com\/lv\/produkts\/dekorativa-metala-plaksnite-coffee-1\/#primaryimage"},"image":{"@id":"https:\/\/metaltale.com\/lv\/produkts\/dekorativa-metala-plaksnite-coffee-1\/#primaryimage"},"thumbnailUrl":"https:\/\/metaltale.com\/wp-content\/uploads\/2023\/09\/Metalinx117-plokx161tx117-Coffe1.jpg","datePublished":"2024-02-13T11:43:05+00:00","breadcrumb":{"@id":"https:\/\/metaltale.com\/lv\/produkts\/dekorativa-metala-plaksnite-coffee-1\/#breadcrumb"},"inLanguage":"lv-LV","potentialAction":[{"@type":"ReadAction","target":["https:\/\/metaltale.com\/lv\/produkts\/dekorativa-metala-plaksnite-coffee-1\/"]}]},{"@type":"ImageObject","inLanguage":"lv-LV","@id":"https:\/\/metaltale.com\/lv\/produkts\/dekorativa-metala-plaksnite-coffee-1\/#primaryimage","url":"https:\/\/metaltale.com\/wp-content\/uploads\/2023\/09\/Metalinx117-plokx161tx117-Coffe1.jpg","contentUrl":"https:\/\/metaltale.com\/wp-content\/uploads\/2023\/09\/Metalinx117-plokx161tx117-Coffe1.jpg","width":800,"height":800},{"@type":"BreadcrumbList","@id":"https:\/\/metaltale.com\/lv\/produkts\/dekorativa-metala-plaksnite-coffee-1\/#breadcrumb","itemListElement":[{"@type":"ListItem","position":1,"name":"Home","item":"https:\/\/metaltale.com\/lv\/majas\/"},{"@type":"ListItem","position":2,"name":"Veikals","item":"https:\/\/metaltale.com\/lv\/shop\/"},{"@type":"ListItem","position":3,"name":"Dekorat\u012bva met\u0101la pl\u0101ksn\u012bte COFFEE 1"}]},{"@type":"WebSite","@id":"https:\/\/metaltale.com\/lv\/#website","url":"https:\/\/metaltale.com\/lv\/","name":"Metaltale.com","description":"","potentialAction":[{"@type":"SearchAction","target":{"@type":"EntryPoint","urlTemplate":"https:\/\/metaltale.com\/lv\/?s={search_term_string}"},"query-input":{"@type":"PropertyValueSpecification","valueRequired":true,"valueName":"search_term_string"}}],"inLanguage":"lv-LV"}]}},"_links":{"self":[{"href":"https:\/\/metaltale.com\/lv\/wp-json\/wp\/v2\/product\/139769","targetHints":{"allow":["GET"]}}],"collection":[{"href":"https:\/\/metaltale.com\/lv\/wp-json\/wp\/v2\/product"}],"about":[{"href":"https:\/\/metaltale.com\/lv\/wp-json\/wp\/v2\/types\/product"}],"replies":[{"embeddable":true,"href":"https:\/\/metaltale.com\/lv\/wp-json\/wp\/v2\/comments?post=139769"}],"version-history":[{"count":0,"href":"https:\/\/metaltale.com\/lv\/wp-json\/wp\/v2\/product\/139769\/revisions"}],"wp:featuredmedia":[{"embeddable":true,"href":"https:\/\/metaltale.com\/lv\/wp-json\/wp\/v2\/media\/67867"}],"wp:attachment":[{"href":"https:\/\/metaltale.com\/lv\/wp-json\/wp\/v2\/media?parent=139769"}],"wp:term":[{"taxonomy":"product_brand","embeddable":true,"href":"https:\/\/metaltale.com\/lv\/wp-json\/wp\/v2\/product_brand?post=139769"},{"taxonomy":"product_cat","embeddable":true,"href":"https:\/\/metaltale.com\/lv\/wp-json\/wp\/v2\/product_cat?post=139769"},{"taxonomy":"product_tag","embeddable":true,"href":"https:\/\/metaltale.com\/lv\/wp-json\/wp\/v2\/product_tag?post=139769"}],"curies":[{"name":"wp","href":"https:\/\/api.w.org\/{rel}","templated":true}]}}